{"id":11306,"date":"2023-04-13T23:05:27","date_gmt":"2023-04-14T03:05:27","guid":{"rendered":"https:\/\/naillycosmetics.com\/product\/victoria-vynn-gel-polish-just-base-frozen\/"},"modified":"2026-02-23T12:04:15","modified_gmt":"2026-02-23T17:04:15","slug":"best-selling-lipgloss-nails-gel-just-base","status":"publish","type":"product","link":"https:\/\/naillycosmetics.com\/fr\/produit\/best-selling-lipgloss-nails-gel-just-base\/","title":{"rendered":"Victoria VYNN Gel Polish Just Base"},"content":{"rendered":"<p>Une manucure r\u00e9alis\u00e9e \u00e0 l'aide d'une simple base et d'un top hybride est une tendance unique cette ann\u00e9e, sous le nom intrigant de \"Lipgloss Nails Gel\". Inspir\u00e9e du gloss, cette manucure est \u00e0 la fois subtile, naturelle et fabuleusement belle. Elle est parfaite pour tout type de manucure et convient aussi bien aux ongles longs qu'aux ongles courts. Cet effet exceptionnellement d\u00e9licat sera du plus bel effet sur les ongles de la mari\u00e9e.<\/p>\n<p>Les bases \"Lipgloss Nails Gel\" peuvent \u00eatre utilis\u00e9es pour renforcer et construire en douceur la plaque de l'ongle naturel. Les bases donnent un effet semi-transparent, cr\u00e9ant une manucure tr\u00e8s naturelle et brillante.<\/p>\n<p>Just Base partage les m\u00eames caract\u00e9ristiques que le <a href=\"https:\/\/naillycosmetics.com\/fr\/produit\/mega-base-rubber-base-coat\/\">Couche de base Mega Rubber<\/a> Just Base est une couche de base en caoutchouc multifonctionnelle, flexible et durable. La formule et les propri\u00e9t\u00e9s exceptionnelles de Just Base permettent d'\u00e9tendre la plaque de l'ongle jusqu'\u00e0 7 mm et de renforcer la plaque de l'ongle naturel. Gr\u00e2ce \u00e0 sa consistance \u00e9paisse et autonivelante, elle permet de fa\u00e7onner correctement la plaque de l'ongle et de construire l'apex.<\/p>\n<p>Ce produit est parfait pour les d\u00e9butantes et les proth\u00e9sistes ongulaires exp\u00e9riment\u00e9es. Utilis\u00e9 uniquement avec un Hybrid Top, Just Base donne \u00e0 la manucure un aspect sain et naturel. Durci dans une lampe LED \/ UV.<\/p>\n<ul>\n<li class=\"p1\">Plaque de clou durcie et renforc\u00e9e<\/li>\n<li>Extension des plaques d'ongles naturels, m\u00eame jusqu'\u00e0 7 mm<\/li>\n<li class=\"p1\">Contr\u00f4le total lors de l'application : ne goutte pas et ne coule pas dans les cuticules<\/li>\n<li class=\"p1\">Cr\u00e9ation d'une courbe C parfaite gr\u00e2ce \u00e0 sa consistance \u00e9paisse<\/li>\n<li class=\"p1\">Manucure ultra-\u00e9lastique, r\u00e9sistante aux agressions physiques<\/li>\n<li class=\"p1\">Ne jaunit pas<\/li>\n<li class=\"p1\">Temps de s\u00e9chage : Lampe LED 48W - 30 secondes Lampe LED 24W - 60 secondes, Lampe UV 36W - 120 secondes<\/li>\n<li class=\"p1\">3 couleurs - Rosen, Snowden &amp; Frozen<\/li>\n<\/ul>","protected":false},"excerpt":{"rendered":"<p>Une manucure r\u00e9alis\u00e9e \u00e0 l'aide d'une simple base et d'un top hybride est une tendance unique cette ann\u00e9e, sous le nom intrigant de \"Lipgloss Nails Gel\". Inspir\u00e9e du gloss, cette manucure est \u00e0 la fois subtile, naturelle et fabuleusement belle. Elle est parfaite pour tout type de manucure et convient aussi bien aux ongles longs qu'aux ongles courts. Cet effet exceptionnellement d\u00e9licat sera du plus bel effet sur les ongles de la mari\u00e9e.<\/p>\n<p>Les bases \"Lipgloss Nails Gel\" peuvent \u00eatre utilis\u00e9es pour renforcer et construire en douceur la plaque de l'ongle naturel. Les bases donnent un effet semi-transparent, cr\u00e9ant une manucure tr\u00e8s naturelle et brillante.<\/p>\n<p>Just Base partage les m\u00eames caract\u00e9ristiques que le <a href=\"https:\/\/naillycosmetics.com\/fr\/produit\/mega-base-rubber-base-coat\/\">Couche de base Mega Rubber<\/a> Just Base est une couche de base en caoutchouc multifonctionnelle, flexible et durable. La formule et les propri\u00e9t\u00e9s exceptionnelles de Just Base permettent d'\u00e9tendre la plaque de l'ongle jusqu'\u00e0 7 mm et de renforcer la plaque de l'ongle naturel. Gr\u00e2ce \u00e0 sa consistance \u00e9paisse et autonivelante, elle permet de fa\u00e7onner correctement la plaque de l'ongle et de construire l'apex.<\/p>\n<p>Sp\u00e9cifications du produit :<\/p>\n<p><img loading=\"lazy\" decoding=\"async\" class=\"size-full wp-image-8463 alignleft\" src=\"http:\/\/naillycosmetics.com\/wp-content\/uploads\/2022\/12\/FOR-UV-AND-LED-LAMPS.png\" alt=\"\" width=\"125\" height=\"125\" srcset=\"https:\/\/i0.wp.com\/naillycosmetics.com\/wp-content\/uploads\/2022\/12\/FOR-UV-AND-LED-LAMPS.png?w=125&amp;ssl=1 125w, https:\/\/i0.wp.com\/naillycosmetics.com\/wp-content\/uploads\/2022\/12\/FOR-UV-AND-LED-LAMPS.png?resize=100%2C100&amp;ssl=1 100w, https:\/\/i0.wp.com\/naillycosmetics.com\/wp-content\/uploads\/2022\/12\/FOR-UV-AND-LED-LAMPS.png?resize=32%2C32&amp;ssl=1 32w, https:\/\/i0.wp.com\/naillycosmetics.com\/wp-content\/uploads\/2022\/12\/FOR-UV-AND-LED-LAMPS.png?resize=50%2C50&amp;ssl=1 50w\" sizes=\"auto, (max-width: 125px) 100vw, 125px\" \/><img loading=\"lazy\" decoding=\"async\" class=\"size-full wp-image-8759 alignleft\" src=\"http:\/\/naillycosmetics.com\/wp-content\/uploads\/2020\/03\/INCREASED-DURABILITY.webp\" alt=\"rubber base coat\" width=\"125\" height=\"150\" \/><\/p>\n<p><img loading=\"lazy\" decoding=\"async\" class=\"size-full wp-image-11729 alignleft\" src=\"http:\/\/naillycosmetics.com\/wp-content\/uploads\/2023\/04\/PROPERTIES-OF-MEGA-RUBBER-BASE-COAT-1.webp\" alt=\"PROPERTIES OF MEGA RUBBER BASE COAT\" width=\"125\" height=\"150\" srcset=\"https:\/\/i0.wp.com\/naillycosmetics.com\/wp-content\/uploads\/2023\/04\/PROPERTIES-OF-MEGA-RUBBER-BASE-COAT-1.webp?w=125&amp;ssl=1 125w, https:\/\/i0.wp.com\/naillycosmetics.com\/wp-content\/uploads\/2023\/04\/PROPERTIES-OF-MEGA-RUBBER-BASE-COAT-1.webp?resize=10%2C12&amp;ssl=1 10w\" sizes=\"auto, (max-width: 125px) 100vw, 125px\" \/><\/p>\n<p><img loading=\"lazy\" decoding=\"async\" class=\"size-full wp-image-11730 alignleft\" src=\"http:\/\/naillycosmetics.com\/wp-content\/uploads\/2023\/04\/VICTORIA-VYNN-LIPGLOSS-NAILS-EFFECT-1.webp\" alt=\"PROPERTIES OF MEGA RUBBER BASE COAT\" width=\"125\" height=\"150\" srcset=\"https:\/\/i0.wp.com\/naillycosmetics.com\/wp-content\/uploads\/2023\/04\/VICTORIA-VYNN-LIPGLOSS-NAILS-EFFECT-1.webp?w=125&amp;ssl=1 125w, https:\/\/i0.wp.com\/naillycosmetics.com\/wp-content\/uploads\/2023\/04\/VICTORIA-VYNN-LIPGLOSS-NAILS-EFFECT-1.webp?resize=10%2C12&amp;ssl=1 10w\" sizes=\"auto, (max-width: 125px) 100vw, 125px\" \/><\/p>\n<p>&nbsp;<\/p>","protected":false},"featured_media":11733,"comment_status":"open","ping_status":"closed","template":"","meta":{"jetpack_post_was_ever_published":false,"jetpack_publicize_message":"","jetpack_publicize_feature_enabled":true,"jetpack_social_post_already_shared":false,"jetpack_social_options":{"image_generator_settings":{"template":"highway","default_image_id":0,"font":"","enabled":false},"version":2}},"product_brand":[932],"product_cat":[559,30,54],"product_tag":[576,607],"class_list":{"0":"post-11306","1":"product","2":"type-product","3":"status-publish","4":"has-post-thumbnail","6":"product_brand-victoria-vynn","7":"product_cat-just-base","8":"product_cat-rubber-base-gel","9":"product_cat-best-professional-gel-base-coats","10":"product_tag-just-base-colors","11":"product_tag-rubber-base","12":"product_shipping_class-cardboard-box","13":"pa_size-8ml","15":"first","16":"instock","17":"taxable","18":"shipping-taxable","19":"purchasable","20":"product-type-variable","21":"wvs-archive-product-wrapper"},"jetpack_publicize_connections":[],"jetpack-related-posts":[{"id":27719,"url":"https:\/\/naillycosmetics.com\/fr\/produit\/mega-rubber-base-coat-gel-victoria-vynn\/","url_meta":{"origin":11306,"position":0},"title":"Victoria VYNN Mega Rubber Base Coat","author":"Serge Sahakian","date":"mars 17, 2020","format":false,"excerpt":"La Mega Rubber Base Coat est une couche de base en caoutchouc multifonctionnelle, flexible et durable. La formule et les propri\u00e9t\u00e9s exceptionnelles de la Mega Base Coat permettent d'\u00e9tendre la plaque de l'ongle jusqu'\u00e0 7 mm et de renforcer la plaque de l'ongle naturel. Gr\u00e2ce \u00e0 sa consistance \u00e9paisse et autonivelante, elle...","rel":"","context":"Article similaire","block_context":{"text":"Article similaire","link":""},"img":{"alt_text":"mega rubber base coat gel clear","src":"https:\/\/i0.wp.com\/naillycosmetics.com\/wp-content\/uploads\/2026\/02\/mega-rubber-base-gel-clear.webp?fit=750%2C1000&ssl=1&resize=350%2C200","width":350,"height":200,"srcset":"https:\/\/i0.wp.com\/naillycosmetics.com\/wp-content\/uploads\/2026\/02\/mega-rubber-base-gel-clear.webp?fit=750%2C1000&ssl=1&resize=350%2C200 1x, https:\/\/i0.wp.com\/naillycosmetics.com\/wp-content\/uploads\/2026\/02\/mega-rubber-base-gel-clear.webp?fit=750%2C1000&ssl=1&resize=525%2C300 1.5x, https:\/\/i0.wp.com\/naillycosmetics.com\/wp-content\/uploads\/2026\/02\/mega-rubber-base-gel-clear.webp?fit=750%2C1000&ssl=1&resize=700%2C400 2x"},"classes":[]},{"id":3607,"url":"https:\/\/naillycosmetics.com\/fr\/?attachment_id=3607","url_meta":{"origin":11306,"position":1},"title":"94","author":"Serge Sahakian","date":"ao\u00fbt 24, 2022","format":false,"excerpt":"","rel":"","context":"Article similaire","block_context":{"text":"Article similaire","link":""},"img":{"alt_text":"","src":"https:\/\/i0.wp.com\/naillycosmetics.com\/wp-content\/uploads\/2020\/02\/94-1.png?fit=400%2C400&ssl=1&resize=350%2C200","width":350,"height":200},"classes":[]},{"id":1690,"url":"https:\/\/naillycosmetics.com\/fr\/produit\/base-coat-soak-off\/","url_meta":{"origin":11306,"position":2},"title":"Victoria VYNN Salon Gel Polish Soak Off Base Coat","author":"Serge Sahakian","date":"mars 17, 2020","format":false,"excerpt":"Victoria VYNN Professional Base Coat Soak Off is a self-leveling gel base with low viscosity. It is purely used to maximize the adhesion of the Gel Polish to the Natural Nail Plate while protecting it against discoloration. It levels and masks any unevenness of the nail plate and creates a\u2026","rel":"","context":"Article similaire","block_context":{"text":"Article similaire","link":""},"img":{"alt_text":"base coat soak off","src":"https:\/\/i0.wp.com\/naillycosmetics.com\/wp-content\/uploads\/2026\/02\/base-coat-soak-off.png?fit=1000%2C1000&ssl=1&resize=350%2C200","width":350,"height":200,"srcset":"https:\/\/i0.wp.com\/naillycosmetics.com\/wp-content\/uploads\/2026\/02\/base-coat-soak-off.png?fit=1000%2C1000&ssl=1&resize=350%2C200 1x, https:\/\/i0.wp.com\/naillycosmetics.com\/wp-content\/uploads\/2026\/02\/base-coat-soak-off.png?fit=1000%2C1000&ssl=1&resize=525%2C300 1.5x, https:\/\/i0.wp.com\/naillycosmetics.com\/wp-content\/uploads\/2026\/02\/base-coat-soak-off.png?fit=1000%2C1000&ssl=1&resize=700%2C400 2x"},"classes":[]},{"id":11612,"url":"https:\/\/naillycosmetics.com\/fr\/produit\/victoria-vynn-best-gel-polish-starter-kit\/","url_meta":{"origin":11306,"position":3},"title":"Victoria VYNN Salon Gel Polish Starter Kit (Pack de 5)","author":"Serge Sahakian","date":"avril 27, 2023","format":false,"excerpt":"The Best Gel Polish Starter Kit with Premium Salon Quality! The Kit is composed of 5 Best Selling Products in the Salon Gel Polish System: Salon Nail Prep Salon Tape Bond Mega Rubber Base Coat Salon Gel Polish Top Coat No Wipe Gloss Product Specifications: \u00a0 \u00a0 \u00a0 \u00a0 \u00a0\u2026","rel":"","context":"Avec 2 commentaires","block_context":{"text":"Avec 2 commentaires","link":"https:\/\/naillycosmetics.com\/fr\/produit\/victoria-vynn-best-gel-polish-starter-kit\/#comments"},"img":{"alt_text":"Victoria VYNN Best Gel Polish Starter Kit","src":"https:\/\/i0.wp.com\/naillycosmetics.com\/wp-content\/uploads\/2026\/02\/gel-polish-starter-pack.webp?fit=750%2C1000&ssl=1&resize=350%2C200","width":350,"height":200,"srcset":"https:\/\/i0.wp.com\/naillycosmetics.com\/wp-content\/uploads\/2026\/02\/gel-polish-starter-pack.webp?fit=750%2C1000&ssl=1&resize=350%2C200 1x, https:\/\/i0.wp.com\/naillycosmetics.com\/wp-content\/uploads\/2026\/02\/gel-polish-starter-pack.webp?fit=750%2C1000&ssl=1&resize=525%2C300 1.5x, https:\/\/i0.wp.com\/naillycosmetics.com\/wp-content\/uploads\/2026\/02\/gel-polish-starter-pack.webp?fit=750%2C1000&ssl=1&resize=700%2C400 2x"},"classes":[]},{"id":1684,"url":"https:\/\/naillycosmetics.com\/fr\/produit\/boost-nail-repair-base-coat-2in1\/","url_meta":{"origin":11306,"position":4},"title":"Victoria VYNN Vitamin Boost Base Nail Repair","author":"Serge Sahakian","date":"mars 17, 2020","format":false,"excerpt":"Boost Base (Nail Repair Base Coat) is a 2in1 hybrid base and vitamin for natural nails. The BOOST BASE formula contains high-strength polyamide fibers (Fiber Glass) that strengthen the natural nail plate, and calcium, vitamins E and B5 that regenerate the deep layers of nails during application. Thanks to the\u2026","rel":"","context":"Article similaire","block_context":{"text":"Article similaire","link":""},"img":{"alt_text":"","src":"https:\/\/i0.wp.com\/naillycosmetics.com\/wp-content\/uploads\/2026\/03\/vitamin-boost-base-8ml.webp?fit=750%2C1000&ssl=1&resize=350%2C200","width":350,"height":200,"srcset":"https:\/\/i0.wp.com\/naillycosmetics.com\/wp-content\/uploads\/2026\/03\/vitamin-boost-base-8ml.webp?fit=750%2C1000&ssl=1&resize=350%2C200 1x, https:\/\/i0.wp.com\/naillycosmetics.com\/wp-content\/uploads\/2026\/03\/vitamin-boost-base-8ml.webp?fit=750%2C1000&ssl=1&resize=525%2C300 1.5x, https:\/\/i0.wp.com\/naillycosmetics.com\/wp-content\/uploads\/2026\/03\/vitamin-boost-base-8ml.webp?fit=750%2C1000&ssl=1&resize=700%2C400 2x"},"classes":[]},{"id":15164,"url":"https:\/\/naillycosmetics.com\/fr\/produit\/victoria-vynn-best-rubber-top-coat-no-wipe\/","url_meta":{"origin":11306,"position":5},"title":"Victoria VYNN Gel Polish Top Secret Top Coat No Wipe 8ml","author":"Serge Sahakian","date":"septembre 9, 2023","format":false,"excerpt":"Victoria VYNN's Best Rubber Top Coat No Wipe ! Semi-transparents et autonivelants, gr\u00e2ce \u00e0 leur d\u00e9licate opacit\u00e9, ils \u00e9galisent magnifiquement les nuances des couleurs utilis\u00e9es, \u00e9liminent toutes les imperfections et s\u00e9curisent parfaitement l'ensemble de la manucure. Sp\u00e9cifications du produit : \u00a0 \u00a0 \u00a0 \u00a0","rel":"","context":"Article similaire","block_context":{"text":"Article similaire","link":""},"img":{"alt_text":"Victoria VYNN Top Secret Best Rubber Top Coat No Wipe Pink","src":"https:\/\/i0.wp.com\/naillycosmetics.com\/wp-content\/uploads\/2023\/09\/victoria-vynn-top-secret-rubber-top-coat-no-wipe-pink-.webp?fit=750%2C1000&ssl=1&resize=350%2C200","width":350,"height":200,"srcset":"https:\/\/i0.wp.com\/naillycosmetics.com\/wp-content\/uploads\/2023\/09\/victoria-vynn-top-secret-rubber-top-coat-no-wipe-pink-.webp?fit=750%2C1000&ssl=1&resize=350%2C200 1x, https:\/\/i0.wp.com\/naillycosmetics.com\/wp-content\/uploads\/2023\/09\/victoria-vynn-top-secret-rubber-top-coat-no-wipe-pink-.webp?fit=750%2C1000&ssl=1&resize=525%2C300 1.5x, https:\/\/i0.wp.com\/naillycosmetics.com\/wp-content\/uploads\/2023\/09\/victoria-vynn-top-secret-rubber-top-coat-no-wipe-pink-.webp?fit=750%2C1000&ssl=1&resize=700%2C400 2x"},"classes":[]}],"jetpack_sharing_enabled":true,"_links":{"self":[{"href":"https:\/\/naillycosmetics.com\/fr\/wp-json\/wp\/v2\/product\/11306","targetHints":{"allow":["GET"]}}],"collection":[{"href":"https:\/\/naillycosmetics.com\/fr\/wp-json\/wp\/v2\/product"}],"about":[{"href":"https:\/\/naillycosmetics.com\/fr\/wp-json\/wp\/v2\/types\/product"}],"replies":[{"embeddable":true,"href":"https:\/\/naillycosmetics.com\/fr\/wp-json\/wp\/v2\/comments?post=11306"}],"wp:featuredmedia":[{"embeddable":true,"href":"https:\/\/naillycosmetics.com\/fr\/wp-json\/wp\/v2\/media\/11733"}],"wp:attachment":[{"href":"https:\/\/naillycosmetics.com\/fr\/wp-json\/wp\/v2\/media?parent=11306"}],"wp:term":[{"taxonomy":"product_brand","embeddable":true,"href":"https:\/\/naillycosmetics.com\/fr\/wp-json\/wp\/v2\/product_brand?post=11306"},{"taxonomy":"product_cat","embeddable":true,"href":"https:\/\/naillycosmetics.com\/fr\/wp-json\/wp\/v2\/product_cat?post=11306"},{"taxonomy":"product_tag","embeddable":true,"href":"https:\/\/naillycosmetics.com\/fr\/wp-json\/wp\/v2\/product_tag?post=11306"}],"curies":[{"name":"wp","href":"https:\/\/api.w.org\/{rel}","templated":true}]}}