{"id":11284,"date":"2023-04-13T23:04:58","date_gmt":"2023-04-14T03:04:58","guid":{"rendered":"https:\/\/naillycosmetics.com\/product\/victoria-vynn-professional-drill-bit-diamond-small-ball-3-3mm\/"},"modified":"2026-04-06T13:27:46","modified_gmt":"2026-04-06T17:27:46","slug":"best-professional-small-ball-drill-bit","status":"publish","type":"product","link":"https:\/\/naillycosmetics.com\/fr\/produit\/best-professional-small-ball-drill-bit\/","title":{"rendered":"Victoria VYNN Professional Drill Bit Diamond Small Ball 3.3mm"},"content":{"rendered":"<p>Le meilleur foret professionnel \u00e0 petite bille. Longue dur\u00e9e de vie et super efficace.<\/p>\n<p>Le petit foret diamant\u00e9 en forme de boule est utilis\u00e9 pour enlever, nettoyer et lisser les plis p\u00e9riungu\u00e9aux.<\/p>\n<p>La pr\u00e9paration de la plaque de l'ongle est une \u00e9tape obligatoire qui ne doit pas \u00eatre n\u00e9glig\u00e9e ! Si l'on veut obtenir un dessin beau et durable, il faut travailler soigneusement les ongles et les cuticules qui les entourent. Des outils de manucure et de p\u00e9dicure de qualit\u00e9 et bien adapt\u00e9s vous permettront d'obtenir rapidement l'effet d\u00e9sir\u00e9. Familiarisez-vous avec notre offre et concentrez-vous sur le confort du travail !<\/p>","protected":false},"excerpt":{"rendered":"<p>Le meilleur foret professionnel \u00e0 petite bille. Longue dur\u00e9e de vie et super efficace. Le petit foret diamant\u00e9 en forme de boule est utilis\u00e9 pour enlever, nettoyer et lisser les plis p\u00e9riungu\u00e9aux. Victoria VYNN est la marque de fournitures de salon la plus vendue au Canada.<\/p>\n<p>Sp\u00e9cifications du produit :<\/p>\n<p><img loading=\"lazy\" decoding=\"async\" class=\"size-full wp-image-8772 alignleft\" src=\"https:\/\/victoriavynn.ca\/wp-content\/uploads\/2019\/11\/SALON-QUALITY.webp\" alt=\"GEL NAIL BUILDER\" width=\"125\" height=\"150\" \/><\/p>\n<p><img loading=\"lazy\" decoding=\"async\" class=\"size-full wp-image-11515 alignleft\" src=\"https:\/\/victoriavynn.ca\/wp-content\/uploads\/2023\/04\/STRONG-DURABLE.webp\" alt=\"STRONG &amp; DURABLE\" width=\"125\" height=\"150\" srcset=\"https:\/\/i0.wp.com\/naillycosmetics.com\/wp-content\/uploads\/2023\/04\/STRONG-DURABLE.webp?w=125&amp;ssl=1 125w, https:\/\/i0.wp.com\/naillycosmetics.com\/wp-content\/uploads\/2023\/04\/STRONG-DURABLE.webp?resize=10%2C12&amp;ssl=1 10w\" sizes=\"auto, (max-width: 125px) 100vw, 125px\" \/><\/p>\n<p><img loading=\"lazy\" decoding=\"async\" class=\"size-full wp-image-11627 alignleft\" src=\"https:\/\/victoriavynn.ca\/wp-content\/uploads\/2023\/04\/DIAMOND-MATERIAL.webp\" alt=\"DIAMOND MATERIAL\" width=\"125\" height=\"150\" srcset=\"https:\/\/i0.wp.com\/naillycosmetics.com\/wp-content\/uploads\/2023\/04\/DIAMOND-MATERIAL.webp?w=125&amp;ssl=1 125w, https:\/\/i0.wp.com\/naillycosmetics.com\/wp-content\/uploads\/2023\/04\/DIAMOND-MATERIAL.webp?resize=10%2C12&amp;ssl=1 10w\" sizes=\"auto, (max-width: 125px) 100vw, 125px\" \/><\/p>\n<p>&nbsp;<\/p>\n<p>&nbsp;<\/p>\n<p>&nbsp;<\/p>\n<p>&nbsp;<\/p>\n<p>&nbsp;<\/p>\n<p>&nbsp;<\/p>\n<p>&nbsp;<\/p>\n<p>&nbsp;<\/p>","protected":false},"featured_media":25667,"comment_status":"open","ping_status":"closed","template":"","meta":{"jetpack_post_was_ever_published":false,"jetpack_publicize_message":"","jetpack_publicize_feature_enabled":true,"jetpack_social_post_already_shared":false,"jetpack_social_options":{"image_generator_settings":{"template":"highway","default_image_id":0,"font":"","enabled":false},"version":2}},"product_brand":[932],"product_cat":[571],"product_tag":[602,326,600],"class_list":{"0":"post-11284","1":"product","2":"type-product","3":"status-publish","4":"has-post-thumbnail","6":"product_brand-victoria-vynn","7":"product_cat-victoria-vynn-professional-nail-drill-bits","8":"product_tag-diamond-drill-bit","9":"product_tag-diamond-nail-drill-bit-ball","10":"product_tag-drill-bits","11":"product_shipping_class-cardboard-box","12":"pa_size-head-diameter-3-3-mm","14":"first","15":"instock","16":"taxable","17":"shipping-taxable","18":"purchasable","19":"product-type-simple"},"jetpack_publicize_connections":[],"jetpack-related-posts":[{"id":11374,"url":"https:\/\/naillycosmetics.com\/fr\/produit\/best-professional-ball-nail-drill-bit-5mm\/","url_meta":{"origin":11284,"position":0},"title":"Victoria VYNN Professional Drill Bit Diamond Groove Ball 5mm","author":"Serge Sahakian","date":"avril 13, 2023","format":false,"excerpt":"Le meilleur foret professionnel pour clous \u00e0 bille. Longue dur\u00e9e de vie et super efficace. Victoria VYNN est la marque de fournitures pour ongles de salon la plus vendue au Canada. Sp\u00e9cifications du produit : \u00a0 \u00a0 \u00a0 \u00a0 \u00a0 \u00a0 \u00a0 \u00a0","rel":"","context":"Article similaire","block_context":{"text":"Article similaire","link":""},"img":{"alt_text":"best professional ball nail drill bit 5mm","src":"https:\/\/i0.wp.com\/naillycosmetics.com\/wp-content\/uploads\/2026\/02\/best-professional-ball-nail-drill-bit-5mm.webp?fit=750%2C1000&ssl=1&resize=350%2C200","width":350,"height":200,"srcset":"https:\/\/i0.wp.com\/naillycosmetics.com\/wp-content\/uploads\/2026\/02\/best-professional-ball-nail-drill-bit-5mm.webp?fit=750%2C1000&ssl=1&resize=350%2C200 1x, https:\/\/i0.wp.com\/naillycosmetics.com\/wp-content\/uploads\/2026\/02\/best-professional-ball-nail-drill-bit-5mm.webp?fit=750%2C1000&ssl=1&resize=525%2C300 1.5x, https:\/\/i0.wp.com\/naillycosmetics.com\/wp-content\/uploads\/2026\/02\/best-professional-ball-nail-drill-bit-5mm.webp?fit=750%2C1000&ssl=1&resize=700%2C400 2x"},"classes":[]},{"id":11286,"url":"https:\/\/naillycosmetics.com\/fr\/produit\/professional-small-flame-drill-bit-1-6mm\/","url_meta":{"origin":11284,"position":1},"title":"Victoria VYNN Professional Drill Bit Diamond Small Flame 1.6mm","author":"Serge Sahakian","date":"avril 13, 2023","format":false,"excerpt":"Le meilleur foret professionnel \u00e0 petite flamme. Longue dur\u00e9e de vie et super efficace. Il est parfait pour les manucures combin\u00e9es. Enl\u00e8ve avec pr\u00e9cision les cuticules et nettoie les plis p\u00e9riungu\u00e9aux des mains et des pieds. La forme de la flamme permet de repousser et de soulever d\u00e9licatement les cuticules. Il permet de retirer les cuticules dans les endroits difficiles d'acc\u00e8s....","rel":"","context":"Article similaire","block_context":{"text":"Article similaire","link":""},"img":{"alt_text":"VICTORIA VYNN best professional small flame drill bits 1.6mm","src":"https:\/\/i0.wp.com\/naillycosmetics.com\/wp-content\/uploads\/2026\/02\/best-professional-small-flame-nail-drill-bits-1.6mm.webp?fit=750%2C1000&ssl=1&resize=350%2C200","width":350,"height":200,"srcset":"https:\/\/i0.wp.com\/naillycosmetics.com\/wp-content\/uploads\/2026\/02\/best-professional-small-flame-nail-drill-bits-1.6mm.webp?fit=750%2C1000&ssl=1&resize=350%2C200 1x, https:\/\/i0.wp.com\/naillycosmetics.com\/wp-content\/uploads\/2026\/02\/best-professional-small-flame-nail-drill-bits-1.6mm.webp?fit=750%2C1000&ssl=1&resize=525%2C300 1.5x, https:\/\/i0.wp.com\/naillycosmetics.com\/wp-content\/uploads\/2026\/02\/best-professional-small-flame-nail-drill-bits-1.6mm.webp?fit=750%2C1000&ssl=1&resize=700%2C400 2x"},"classes":[]},{"id":11376,"url":"https:\/\/naillycosmetics.com\/fr\/produit\/best-professional-flame-nail-drill-bit-2-1\/","url_meta":{"origin":11284,"position":2},"title":"Victoria VYNN Professional Drill Bit Diamond Groove Flame 2.1mm","author":"Serge Sahakian","date":"avril 13, 2023","format":false,"excerpt":"Le meilleur foret professionnel pour ongles. Longue dur\u00e9e et super efficace. Victoria VYNN est la marque de fournitures pour ongles de salon la plus vendue au Canada. Sp\u00e9cifications du produit : \u00a0 \u00a0 \u00a0 \u00a0 \u00a0 \u00a0 \u00a0 \u00a0","rel":"","context":"Article similaire","block_context":{"text":"Article similaire","link":""},"img":{"alt_text":"Best Professional Flame Nail Drill Bit Victoria VYNN Groove 2.1","src":"https:\/\/i0.wp.com\/naillycosmetics.com\/wp-content\/uploads\/2026\/02\/best-professional-flame-nail-drill-bit-victoria-vynn-grrove-2.1.webp?fit=750%2C1000&ssl=1&resize=350%2C200","width":350,"height":200,"srcset":"https:\/\/i0.wp.com\/naillycosmetics.com\/wp-content\/uploads\/2026\/02\/best-professional-flame-nail-drill-bit-victoria-vynn-grrove-2.1.webp?fit=750%2C1000&ssl=1&resize=350%2C200 1x, https:\/\/i0.wp.com\/naillycosmetics.com\/wp-content\/uploads\/2026\/02\/best-professional-flame-nail-drill-bit-victoria-vynn-grrove-2.1.webp?fit=750%2C1000&ssl=1&resize=525%2C300 1.5x, https:\/\/i0.wp.com\/naillycosmetics.com\/wp-content\/uploads\/2026\/02\/best-professional-flame-nail-drill-bit-victoria-vynn-grrove-2.1.webp?fit=750%2C1000&ssl=1&resize=700%2C400 2x"},"classes":[]},{"id":11372,"url":"https:\/\/naillycosmetics.com\/fr\/produit\/best-professional-mini-flame-drill-bit\/","url_meta":{"origin":11284,"position":3},"title":"Victoria VYNN Professional Drill Bit Diamond Flame 1.8mm","author":"Serge Sahakian","date":"avril 13, 2023","format":false,"excerpt":"Le meilleur mini-m\u00e8che \u00e0 flamme professionnelle. Longue dur\u00e9e et super efficace. Victoria VYNN est la marque de fournitures pour ongles de salon la plus vendue au Canada. Sp\u00e9cifications du produit : \u00a0 \u00a0 \u00a0 \u00a0 \u00a0 \u00a0 \u00a0 \u00a0","rel":"","context":"Article similaire","block_context":{"text":"Article similaire","link":""},"img":{"alt_text":"Victoria VYNN best professional mini flame drill bit 1.8mm","src":"https:\/\/i0.wp.com\/naillycosmetics.com\/wp-content\/uploads\/2026\/02\/victoria-vynn-best-professional-mini-flame-drill-bit-1.8mm.webp?fit=750%2C1000&ssl=1&resize=350%2C200","width":350,"height":200,"srcset":"https:\/\/i0.wp.com\/naillycosmetics.com\/wp-content\/uploads\/2026\/02\/victoria-vynn-best-professional-mini-flame-drill-bit-1.8mm.webp?fit=750%2C1000&ssl=1&resize=350%2C200 1x, https:\/\/i0.wp.com\/naillycosmetics.com\/wp-content\/uploads\/2026\/02\/victoria-vynn-best-professional-mini-flame-drill-bit-1.8mm.webp?fit=750%2C1000&ssl=1&resize=525%2C300 1.5x, https:\/\/i0.wp.com\/naillycosmetics.com\/wp-content\/uploads\/2026\/02\/victoria-vynn-best-professional-mini-flame-drill-bit-1.8mm.webp?fit=750%2C1000&ssl=1&resize=700%2C400 2x"},"classes":[]},{"id":23649,"url":"https:\/\/naillycosmetics.com\/fr\/produit\/ulka-diamond-ball-bit-blue-4mm-b040-m\/","url_meta":{"origin":11284,"position":4},"title":"\u00dcLKA M\u00e8che \u00e0 clous diamant\u00e9e t\u00eate bleue diam\u00e8tre 4 mm (B040-M)","author":"Serge Sahakian","date":"d\u00e9cembre 10, 2025","format":false,"excerpt":"The \u00dcLKA Diamond ball bit in blue marking is ideal for processing the cuticle area and side walls. Its medium grit balances precision with efficiency, ensuring controlled and reliable performance. Product Specifications: Shape: Ball Grit: Medium Head Diameter: 4.0 mm Material: High-quality diamond coating Grit Color: Blue Product code: B040-M","rel":"","context":"Article similaire","block_context":{"text":"Article similaire","link":""},"img":{"alt_text":"U\u0308LKA Diamond Nail Drill Bit Ball Blue Head 4 mm \u2013 B040-M","src":"https:\/\/i0.wp.com\/naillycosmetics.com\/wp-content\/uploads\/2026\/02\/ulka-diamond-nail-drill-bit-ball-blue-head-4-mm-%E2%80%93-b040-m-1.webp?fit=750%2C1000&ssl=1&resize=350%2C200","width":350,"height":200,"srcset":"https:\/\/i0.wp.com\/naillycosmetics.com\/wp-content\/uploads\/2026\/02\/ulka-diamond-nail-drill-bit-ball-blue-head-4-mm-%E2%80%93-b040-m-1.webp?fit=750%2C1000&ssl=1&resize=350%2C200 1x, https:\/\/i0.wp.com\/naillycosmetics.com\/wp-content\/uploads\/2026\/02\/ulka-diamond-nail-drill-bit-ball-blue-head-4-mm-%E2%80%93-b040-m-1.webp?fit=750%2C1000&ssl=1&resize=525%2C300 1.5x, https:\/\/i0.wp.com\/naillycosmetics.com\/wp-content\/uploads\/2026\/02\/ulka-diamond-nail-drill-bit-ball-blue-head-4-mm-%E2%80%93-b040-m-1.webp?fit=750%2C1000&ssl=1&resize=700%2C400 2x"},"classes":[]},{"id":11368,"url":"https:\/\/naillycosmetics.com\/fr\/produit\/best-professional-ceramic-cone-drill-bit\/","url_meta":{"origin":11284,"position":5},"title":"Victoria VYNN Professional Drill Bit Ceramic Cone 4mm","author":"Serge Sahakian","date":"avril 13, 2023","format":false,"excerpt":"Le meilleur foret professionnel \u00e0 c\u00f4ne en c\u00e9ramique. Principalement utilis\u00e9 pour l'\u00e9limination du gel de polissage, du gel et de l'acrylique. Longue dur\u00e9e de vie et super efficace. Le foret en c\u00e9ramique en forme de c\u00f4ne arrondi et \u00e9troit est con\u00e7u pour travailler sur les pointes d'ongles, les masses hybrides, de gel et d'acrylique-gel. Il est recommand\u00e9 pour nettoyer...","rel":"","context":"Article similaire","block_context":{"text":"Article similaire","link":""},"img":{"alt_text":"Victoria VYNN best professional ceramic cone drill bit 4mm","src":"https:\/\/i0.wp.com\/naillycosmetics.com\/wp-content\/uploads\/2026\/02\/ceramic-and-carbide-nail-drill-bits-.webp?fit=750%2C1000&ssl=1&resize=350%2C200","width":350,"height":200,"srcset":"https:\/\/i0.wp.com\/naillycosmetics.com\/wp-content\/uploads\/2026\/02\/ceramic-and-carbide-nail-drill-bits-.webp?fit=750%2C1000&ssl=1&resize=350%2C200 1x, https:\/\/i0.wp.com\/naillycosmetics.com\/wp-content\/uploads\/2026\/02\/ceramic-and-carbide-nail-drill-bits-.webp?fit=750%2C1000&ssl=1&resize=525%2C300 1.5x, https:\/\/i0.wp.com\/naillycosmetics.com\/wp-content\/uploads\/2026\/02\/ceramic-and-carbide-nail-drill-bits-.webp?fit=750%2C1000&ssl=1&resize=700%2C400 2x"},"classes":[]}],"jetpack_sharing_enabled":true,"_links":{"self":[{"href":"https:\/\/naillycosmetics.com\/fr\/wp-json\/wp\/v2\/product\/11284","targetHints":{"allow":["GET"]}}],"collection":[{"href":"https:\/\/naillycosmetics.com\/fr\/wp-json\/wp\/v2\/product"}],"about":[{"href":"https:\/\/naillycosmetics.com\/fr\/wp-json\/wp\/v2\/types\/product"}],"replies":[{"embeddable":true,"href":"https:\/\/naillycosmetics.com\/fr\/wp-json\/wp\/v2\/comments?post=11284"}],"wp:featuredmedia":[{"embeddable":true,"href":"https:\/\/naillycosmetics.com\/fr\/wp-json\/wp\/v2\/media\/25667"}],"wp:attachment":[{"href":"https:\/\/naillycosmetics.com\/fr\/wp-json\/wp\/v2\/media?parent=11284"}],"wp:term":[{"taxonomy":"product_brand","embeddable":true,"href":"https:\/\/naillycosmetics.com\/fr\/wp-json\/wp\/v2\/product_brand?post=11284"},{"taxonomy":"product_cat","embeddable":true,"href":"https:\/\/naillycosmetics.com\/fr\/wp-json\/wp\/v2\/product_cat?post=11284"},{"taxonomy":"product_tag","embeddable":true,"href":"https:\/\/naillycosmetics.com\/fr\/wp-json\/wp\/v2\/product_tag?post=11284"}],"curies":[{"name":"wp","href":"https:\/\/api.w.org\/{rel}","templated":true}]}}