{"id":11003,"date":"2023-03-09T19:11:51","date_gmt":"2023-03-10T00:11:51","guid":{"rendered":"https:\/\/naillycosmetics.com\/product\/pharm-foot-fresh-crystals-1250g-all-in-line\/"},"modified":"2026-04-06T13:22:48","modified_gmt":"2026-04-06T17:22:48","slug":"pharm-foot-best-foot-bath-salts-1250g","status":"publish","type":"product","link":"https:\/\/naillycosmetics.com\/fr\/produit\/pharm-foot-best-foot-bath-salts-1250g\/","title":{"rendered":"Pharm Foot FRESH CRYSTALS 1250g (All in Line)"},"content":{"rendered":"<div class=\"title\">\n<p>Pharm Foot FRESH CRYSTALS - REFRESHING FOOT BATH SALT est nomm\u00e9 parmi les meilleurs sels de bain pour les pieds. Gr\u00e2ce \u00e0 ses propri\u00e9t\u00e9s rafra\u00eechissantes et relaxantes, FRESH CRYSTALS donne la sensation de jambes l\u00e9g\u00e8res et bien repos\u00e9es. Il am\u00e9liore \u00e9galement l'\u00e9tat de la peau et la renforce.<\/p>\n<p>Pour les salons - Capacit\u00e9 <strong>1250g<\/strong><br \/>\n(environ 30 traitements)<\/p>\n<p>&nbsp;<\/p>\n<p>RECOMMANDATIONS<br \/>\n<strong>CRISTAUX FRAIS<\/strong><\/p>\n<\/div>\n<div class=\"text text-2\">\n<ul>\n<li>sel de bain pour les pieds<\/li>\n<li>rafra\u00eechit et adoucit la peau<\/li>\n<li>recommand\u00e9 pour les pieds atteints d'hyperhidrose<\/li>\n<\/ul>\n<div class=\"title\">\n<p>&nbsp;<\/p>\n<p>EFFET<br \/>\n<strong>CRISTAUX FRAIS<\/strong><\/p>\n<\/div>\n<div class=\"text text-2\">\n<ul>\n<li>a un effet rafra\u00eechissant et relaxant<\/li>\n<li>am\u00e9liore la douceur et l'\u00e9tat de la peau<\/li>\n<\/ul>\n<div class=\"title\">\n<p>&nbsp;<\/p>\n<p>MODE D'EMPLOI<br \/>\n<strong>CRISTAUX FRAIS<\/strong><\/p>\n<\/div>\n<div class=\"text text-2\">\n<ul>\n<li>dissoudre 2 mesures de sel dans 3 litres d'eau chaude<\/li>\n<li>tremper les pieds pendant 3 \u00e0 15 minutes<\/li>\n<li>s\u00e9cher et passer aux \u00e9tapes suivantes du traitement<\/li>\n<\/ul>\n<p>&nbsp;<\/p>\n<p>INGREDIENTS<br \/>\n<strong>CRISTAUX FRAIS<\/strong><\/p>\n<p>Chlorure de sodium, Collag\u00e8ne, Parfum, Aqua, Phenoxyethanol, Limonene, Linalool, CI 19140.<\/p>\n<\/div>\n<\/div>\n<\/div>","protected":false},"excerpt":{"rendered":"<p>Pharm Foot FRESH CRYSTALS - REFRESHING FOOT BATH SALT est nomm\u00e9 parmi les meilleurs sels de bain pour les pieds. Gr\u00e2ce \u00e0 ses propri\u00e9t\u00e9s rafra\u00eechissantes et relaxantes, FRESH CRYSTALS donne la sensation de jambes l\u00e9g\u00e8res et bien repos\u00e9es. Il am\u00e9liore \u00e9galement l'\u00e9tat de la peau et la renforce.<\/p>\n<p>Pour les salons - Capacit\u00e9 <strong>1250g<\/strong><br \/>\n(environ 30 traitements)<\/p>\n<p>Sp\u00e9cifications des produits :<\/p>\n<p><img loading=\"lazy\" decoding=\"async\" class=\"size-full wp-image-11786 alignleft\" src=\"https:\/\/victoriavynn.ca\/wp-content\/uploads\/2023\/04\/IMPROVEMENT-OF-SKIN-CONDITION-2.webp\" alt=\"IMPROVEMENT OF SKIN CONDITION\" width=\"125\" height=\"150\" srcset=\"https:\/\/i0.wp.com\/naillycosmetics.com\/wp-content\/uploads\/2023\/04\/IMPROVEMENT-OF-SKIN-CONDITION-2.webp?w=125&amp;ssl=1 125w, https:\/\/i0.wp.com\/naillycosmetics.com\/wp-content\/uploads\/2023\/04\/IMPROVEMENT-OF-SKIN-CONDITION-2.webp?resize=10%2C12&amp;ssl=1 10w\" sizes=\"auto, (max-width: 125px) 100vw, 125px\" \/><\/p>\n<p><img loading=\"lazy\" decoding=\"async\" class=\"size-full wp-image-11837 alignleft\" src=\"https:\/\/victoriavynn.ca\/wp-content\/uploads\/2023\/04\/RELAXING-EFFECT.webp\" alt=\"RELAXING EFFECT\" width=\"125\" height=\"150\" srcset=\"https:\/\/i0.wp.com\/naillycosmetics.com\/wp-content\/uploads\/2023\/04\/RELAXING-EFFECT.webp?w=125&amp;ssl=1 125w, https:\/\/i0.wp.com\/naillycosmetics.com\/wp-content\/uploads\/2023\/04\/RELAXING-EFFECT.webp?resize=10%2C12&amp;ssl=1 10w\" sizes=\"auto, (max-width: 125px) 100vw, 125px\" \/><\/p>\n<p><img loading=\"lazy\" decoding=\"async\" class=\"size-full wp-image-11838 alignleft\" src=\"https:\/\/victoriavynn.ca\/wp-content\/uploads\/2023\/04\/REFRESHING-EFFECT.webp\" alt=\"REFRESHING EFFECT\" width=\"125\" height=\"150\" srcset=\"https:\/\/i0.wp.com\/naillycosmetics.com\/wp-content\/uploads\/2023\/04\/REFRESHING-EFFECT.webp?w=125&amp;ssl=1 125w, https:\/\/i0.wp.com\/naillycosmetics.com\/wp-content\/uploads\/2023\/04\/REFRESHING-EFFECT.webp?resize=10%2C12&amp;ssl=1 10w\" sizes=\"auto, (max-width: 125px) 100vw, 125px\" \/><\/p>\n<p>&nbsp;<\/p>\n<p>&nbsp;<\/p>\n<p>&nbsp;<\/p>\n<p>&nbsp;<\/p>\n<p>&nbsp;<\/p>\n<p>&nbsp;<\/p>\n<p>&nbsp;<\/p>","protected":false},"featured_media":25739,"comment_status":"open","ping_status":"closed","template":"","meta":{"jetpack_post_was_ever_published":false,"jetpack_publicize_message":"","jetpack_publicize_feature_enabled":true,"jetpack_social_post_already_shared":false,"jetpack_social_options":{"image_generator_settings":{"template":"highway","default_image_id":0,"font":"","enabled":false},"version":2}},"product_brand":[955],"product_cat":[550],"product_tag":[582],"class_list":{"0":"post-11003","1":"product","2":"type-product","3":"status-publish","4":"has-post-thumbnail","6":"product_brand-pharm-foot","7":"product_cat-all-in-line","8":"product_tag-salt","9":"product_shipping_class-cardboard-box","10":"pa_size-1250-g","12":"first","13":"instock","14":"taxable","15":"shipping-taxable","16":"purchasable","17":"product-type-simple"},"jetpack_publicize_connections":[],"jetpack-related-posts":[{"id":10961,"url":"https:\/\/naillycosmetics.com\/fr\/produit\/pharm-foot-fresh-crystals-5000g-all-in-line\/","url_meta":{"origin":11003,"position":0},"title":"Pharm Foot FRESH CRYSTALS 5000g (All in Line)","author":"Serge Sahakian","date":"mars 9, 2023","format":false,"excerpt":"Bain de pieds rafra\u00eechissant au collag\u00e8ne 5000 g","rel":"","context":"Article similaire","block_context":{"text":"Article similaire","link":""},"img":{"alt_text":"","src":"https:\/\/i0.wp.com\/naillycosmetics.com\/wp-content\/uploads\/2026\/02\/fresh-crystals-5000-g.jpeg?fit=1200%2C1200&ssl=1&resize=350%2C200","width":350,"height":200,"srcset":"https:\/\/i0.wp.com\/naillycosmetics.com\/wp-content\/uploads\/2026\/02\/fresh-crystals-5000-g.jpeg?fit=1200%2C1200&ssl=1&resize=350%2C200 1x, https:\/\/i0.wp.com\/naillycosmetics.com\/wp-content\/uploads\/2026\/02\/fresh-crystals-5000-g.jpeg?fit=1200%2C1200&ssl=1&resize=525%2C300 1.5x, https:\/\/i0.wp.com\/naillycosmetics.com\/wp-content\/uploads\/2026\/02\/fresh-crystals-5000-g.jpeg?fit=1200%2C1200&ssl=1&resize=700%2C400 2x, https:\/\/i0.wp.com\/naillycosmetics.com\/wp-content\/uploads\/2026\/02\/fresh-crystals-5000-g.jpeg?fit=1200%2C1200&ssl=1&resize=1050%2C600 3x"},"classes":[]},{"id":11340,"url":"https:\/\/naillycosmetics.com\/fr\/produit\/salon-herbal-pedicure-salt-1250g\/","url_meta":{"origin":11003,"position":1},"title":"Pharm Foot Herbal reMEDY 1250g (Ligne Ozone Oil &amp; Herbs)","author":"Serge Sahakian","date":"avril 13, 2023","format":false,"excerpt":"Meilleur sel de p\u00e9dicure \u00e0 base de plantes de salon. Pharm Foot Herbal reMEDY est un produit tr\u00e8s bien class\u00e9 en mati\u00e8re de soulagement.  Herbal reMEDY soulage les pieds fatigu\u00e9s et lourds et r\u00e9duit leur gonflement. Pour le salon et la maison - Capacit\u00e9 1250g (environ 30 traitements) Sp\u00e9cifications des produits :          ...","rel":"","context":"Article similaire","block_context":{"text":"Article similaire","link":""},"img":{"alt_text":"Pharm Foot best salon herbal pedicure salt Pharm Foot 1250g","src":"https:\/\/i0.wp.com\/naillycosmetics.com\/wp-content\/uploads\/2026\/02\/pharm-foot-best-salon-herbal-pedicure-salt-pharm-foot-1250g.webp?fit=750%2C1000&ssl=1&resize=350%2C200","width":350,"height":200,"srcset":"https:\/\/i0.wp.com\/naillycosmetics.com\/wp-content\/uploads\/2026\/02\/pharm-foot-best-salon-herbal-pedicure-salt-pharm-foot-1250g.webp?fit=750%2C1000&ssl=1&resize=350%2C200 1x, https:\/\/i0.wp.com\/naillycosmetics.com\/wp-content\/uploads\/2026\/02\/pharm-foot-best-salon-herbal-pedicure-salt-pharm-foot-1250g.webp?fit=750%2C1000&ssl=1&resize=525%2C300 1.5x, https:\/\/i0.wp.com\/naillycosmetics.com\/wp-content\/uploads\/2026\/02\/pharm-foot-best-salon-herbal-pedicure-salt-pharm-foot-1250g.webp?fit=750%2C1000&ssl=1&resize=700%2C400 2x"},"classes":[]},{"id":11342,"url":"https:\/\/naillycosmetics.com\/fr\/produit\/best-pedicure-relaxing-salt-herbal-remedy\/","url_meta":{"origin":11003,"position":2},"title":"Pharm Foot Herbal reMEDY 500g (Ligne Ozone Oil &amp; Herbs)","author":"Serge Sahakian","date":"avril 13, 2023","format":false,"excerpt":"Le meilleur sel relaxant pour p\u00e9dicure. Pharm Foot Herbal reMEDY est un produit tr\u00e8s bien class\u00e9 en mati\u00e8re de soulagement.  Herbal reMEDY soulage les pieds fatigu\u00e9s et lourds et r\u00e9duit leur gonflement. Pour usage domestique - Capacit\u00e9 500g (environ 12 traitements) Sp\u00e9cifications des produits : \u00a0 \u00a0 \u00a0 \u00a0 \u00a0 \u00a0","rel":"","context":"Article similaire","block_context":{"text":"Article similaire","link":""},"img":{"alt_text":"Pharm Foot best pedicure relaxing salt Pharm Foot 500g","src":"https:\/\/i0.wp.com\/naillycosmetics.com\/wp-content\/uploads\/2026\/02\/pharm-foot-best-pedicure-relaxing-salt-pharm-foot-500g.webp?fit=750%2C1000&ssl=1&resize=350%2C200","width":350,"height":200,"srcset":"https:\/\/i0.wp.com\/naillycosmetics.com\/wp-content\/uploads\/2026\/02\/pharm-foot-best-pedicure-relaxing-salt-pharm-foot-500g.webp?fit=750%2C1000&ssl=1&resize=350%2C200 1x, https:\/\/i0.wp.com\/naillycosmetics.com\/wp-content\/uploads\/2026\/02\/pharm-foot-best-pedicure-relaxing-salt-pharm-foot-500g.webp?fit=750%2C1000&ssl=1&resize=525%2C300 1.5x, https:\/\/i0.wp.com\/naillycosmetics.com\/wp-content\/uploads\/2026\/02\/pharm-foot-best-pedicure-relaxing-salt-pharm-foot-500g.webp?fit=750%2C1000&ssl=1&resize=700%2C400 2x"},"classes":[]},{"id":10999,"url":"https:\/\/naillycosmetics.com\/fr\/produit\/pharm-foot-best-foot-antibacterial-spray\/","url_meta":{"origin":11003,"position":3},"title":"Pharm Foot SEPTI STARTER 300ml (All in Line)","author":"Serge Sahakian","date":"mars 9, 2023","format":false,"excerpt":"Pharm Foot SEPTI STARTER - REFRESHING SPRAY est class\u00e9 parmi les meilleures ventes de sprays antibact\u00e9riens pour les pieds. Gr\u00e2ce \u00e0 ses propri\u00e9t\u00e9s rafra\u00eechissantes et relaxantes, SEPTI STARTER procure une agr\u00e9able sensation de fra\u00eecheur.  En outre, il \u00e9limine les odeurs d\u00e9sagr\u00e9ables des pieds et tue les bact\u00e9ries. Pour utilisation en salon - Capacit\u00e9 300ml (environ 100...","rel":"","context":"Article similaire","block_context":{"text":"Article similaire","link":""},"img":{"alt_text":"Pharm Foot best foot antibacterial spray Septi Starter 300ml","src":"https:\/\/i0.wp.com\/naillycosmetics.com\/wp-content\/uploads\/2026\/02\/pharm-foot-best-foot-antibacterial-spray-septi-starter-300ml.webp?fit=750%2C1000&ssl=1&resize=350%2C200","width":350,"height":200,"srcset":"https:\/\/i0.wp.com\/naillycosmetics.com\/wp-content\/uploads\/2026\/02\/pharm-foot-best-foot-antibacterial-spray-septi-starter-300ml.webp?fit=750%2C1000&ssl=1&resize=350%2C200 1x, https:\/\/i0.wp.com\/naillycosmetics.com\/wp-content\/uploads\/2026\/02\/pharm-foot-best-foot-antibacterial-spray-septi-starter-300ml.webp?fit=750%2C1000&ssl=1&resize=525%2C300 1.5x, https:\/\/i0.wp.com\/naillycosmetics.com\/wp-content\/uploads\/2026\/02\/pharm-foot-best-foot-antibacterial-spray-septi-starter-300ml.webp?fit=750%2C1000&ssl=1&resize=700%2C400 2x"},"classes":[]},{"id":11352,"url":"https:\/\/naillycosmetics.com\/fr\/produit\/pharm-foot-best-hand-and-body-scrub\/","url_meta":{"origin":11003,"position":4},"title":"Pharm Foot Paradise Scrub 120ml (SPA Ritual Paradise Touch)","author":"Serge Sahakian","date":"avril 13, 2023","format":false,"excerpt":"SPA Ritual Paradise Touch Scrub is the Best Hand and Body Scrub which is especially used for gentle body skin peeling and manual foot massage. Enriched with 100% natural ingredients such as apricot, avocado, sweet almond oils, shea butter and beeswax, the SPA Ritual Scrub leaves the skin wonderfully moisturized,\u2026","rel":"","context":"Article similaire","block_context":{"text":"Article similaire","link":""},"img":{"alt_text":"Victoria VYNN Pharm Foot SPA Ritual Paradise Touch Best Hand and Body Scrub bergamot & grapefruit","src":"https:\/\/i0.wp.com\/naillycosmetics.com\/wp-content\/uploads\/2026\/02\/victoria-vynn-pharm-foot-spa-ritual-paradise-touch-best-hand-and-body-scrub-bergamot-grapefruit-.webp?fit=750%2C1000&ssl=1&resize=350%2C200","width":350,"height":200,"srcset":"https:\/\/i0.wp.com\/naillycosmetics.com\/wp-content\/uploads\/2026\/02\/victoria-vynn-pharm-foot-spa-ritual-paradise-touch-best-hand-and-body-scrub-bergamot-grapefruit-.webp?fit=750%2C1000&ssl=1&resize=350%2C200 1x, https:\/\/i0.wp.com\/naillycosmetics.com\/wp-content\/uploads\/2026\/02\/victoria-vynn-pharm-foot-spa-ritual-paradise-touch-best-hand-and-body-scrub-bergamot-grapefruit-.webp?fit=750%2C1000&ssl=1&resize=525%2C300 1.5x, https:\/\/i0.wp.com\/naillycosmetics.com\/wp-content\/uploads\/2026\/02\/victoria-vynn-pharm-foot-spa-ritual-paradise-touch-best-hand-and-body-scrub-bergamot-grapefruit-.webp?fit=750%2C1000&ssl=1&resize=700%2C400 2x"},"classes":[]},{"id":17502,"url":"https:\/\/naillycosmetics.com\/fr\/produit\/pharm-foot-derma-scraper-200g-urea-line\/","url_meta":{"origin":11003,"position":5},"title":"Pharm Foot Derma Scraper 200g (Urea Line)","author":"Serge Sahakian","date":"avril 7, 2024","format":false,"excerpt":"SALT & SUGAR SOFTENING SCRUB with UREA & GOJI \u00a0 Capacity\u00a0200g (about 20 treatments) \u00a0 Active Ingredients: \u00a0 \u00a0 \u00a0 \u00a0 \u00a0 \u00a0 \u00a0 \u00a0 \u00a0 \u00a0","rel":"","context":"Article similaire","block_context":{"text":"Article similaire","link":""},"img":{"alt_text":"pharm foot derma scraper salt & sugar Softening Scrub","src":"https:\/\/i0.wp.com\/naillycosmetics.com\/wp-content\/uploads\/2026\/02\/pharm-foot-derma-scraper-salt-sugar-softening-scrub.webp?fit=750%2C1000&ssl=1&resize=350%2C200","width":350,"height":200,"srcset":"https:\/\/i0.wp.com\/naillycosmetics.com\/wp-content\/uploads\/2026\/02\/pharm-foot-derma-scraper-salt-sugar-softening-scrub.webp?fit=750%2C1000&ssl=1&resize=350%2C200 1x, https:\/\/i0.wp.com\/naillycosmetics.com\/wp-content\/uploads\/2026\/02\/pharm-foot-derma-scraper-salt-sugar-softening-scrub.webp?fit=750%2C1000&ssl=1&resize=525%2C300 1.5x, https:\/\/i0.wp.com\/naillycosmetics.com\/wp-content\/uploads\/2026\/02\/pharm-foot-derma-scraper-salt-sugar-softening-scrub.webp?fit=750%2C1000&ssl=1&resize=700%2C400 2x"},"classes":[]}],"jetpack_sharing_enabled":true,"_links":{"self":[{"href":"https:\/\/naillycosmetics.com\/fr\/wp-json\/wp\/v2\/product\/11003","targetHints":{"allow":["GET"]}}],"collection":[{"href":"https:\/\/naillycosmetics.com\/fr\/wp-json\/wp\/v2\/product"}],"about":[{"href":"https:\/\/naillycosmetics.com\/fr\/wp-json\/wp\/v2\/types\/product"}],"replies":[{"embeddable":true,"href":"https:\/\/naillycosmetics.com\/fr\/wp-json\/wp\/v2\/comments?post=11003"}],"wp:featuredmedia":[{"embeddable":true,"href":"https:\/\/naillycosmetics.com\/fr\/wp-json\/wp\/v2\/media\/25739"}],"wp:attachment":[{"href":"https:\/\/naillycosmetics.com\/fr\/wp-json\/wp\/v2\/media?parent=11003"}],"wp:term":[{"taxonomy":"product_brand","embeddable":true,"href":"https:\/\/naillycosmetics.com\/fr\/wp-json\/wp\/v2\/product_brand?post=11003"},{"taxonomy":"product_cat","embeddable":true,"href":"https:\/\/naillycosmetics.com\/fr\/wp-json\/wp\/v2\/product_cat?post=11003"},{"taxonomy":"product_tag","embeddable":true,"href":"https:\/\/naillycosmetics.com\/fr\/wp-json\/wp\/v2\/product_tag?post=11003"}],"curies":[{"name":"wp","href":"https:\/\/api.w.org\/{rel}","templated":true}]}}