{"id":10995,"date":"2023-03-09T19:11:12","date_gmt":"2023-03-10T00:11:12","guid":{"rendered":"https:\/\/naillycosmetics.com\/product\/pharm-foot-cracked-heel-protector-75ml-ozone-oil-line\/"},"modified":"2026-04-06T13:22:48","modified_gmt":"2026-04-06T17:22:48","slug":"pharm-foot-cracked-heel-balm-75ml","status":"publish","type":"product","link":"https:\/\/naillycosmetics.com\/fr\/produit\/pharm-foot-cracked-heel-balm-75ml\/","title":{"rendered":"Pharm Foot CRACKED HEEL PROTECTOR 75ml (Ozone Oil Line)"},"content":{"rendered":"<div class=\"title\">\n<p>Pharm Foot <strong>PROT\u00c8GE-TALON FISSUR\u00c9<\/strong> est v\u00e9ritablement le meilleur baume pour talons crevass\u00e9s. Gr\u00e2ce \u00e0 son puissant effet r\u00e9g\u00e9n\u00e9rant, CRACKED HEEL PROTECTOR soutient les processus de r\u00e9paration de la peau et cr\u00e9e une couche occlusive, emp\u00eachant la perte excessive d'eau. Il apaise, donne \u00e0 la peau \u00e9lasticit\u00e9, douceur et souplesse et assure une protection antimicrobienne.<\/p>\n<p>Pour le salon et la maison - Capacit\u00e9 <strong>75ml<\/strong><br \/>(environ 40 traitements)<\/p>\n<p>\u00c9galement disponible ,<\/p>\n<p>Pour les salons et la maison - <a href=\"https:\/\/victoriavynn.ca\/product\/pharm-foot-cracked-heel-repair-protector\/\" target=\"_blank\" rel=\"noopener\">Capacit\u00e9\u00a0<strong>200ml<\/strong><\/a><br \/>(environ 125 traitements)<\/p>\n<p>Pour les salons et la maison - <a href=\"https:\/\/victoriavynn.ca\/product\/pharm-foot-cracked-heel-protector-20ml-ozone-oil-line\/\" target=\"_blank\" rel=\"noopener\">Capacit\u00e9 <strong>20ml<\/strong><\/a><br \/>(environ 12 traitements)<\/p>\n<\/div>\n<p>\u00a0<\/p>\n<div class=\"title\">\n<div class=\"title\">\n<h2>RECOMMANDATIONS<br \/><strong>Protecteur de talon fissur\u00e9 75ml<\/strong><\/h2>\n<\/div>\n<div class=\"text text-2\">\n<ul>\n<li>pommade nourrissante pour la r\u00e9g\u00e9n\u00e9ration intensive de la peau s\u00e8che, rugueuse et crevass\u00e9e du talon<\/li>\n<li>\u00e9galement recommand\u00e9 pour les diab\u00e9tiques<\/li>\n<\/ul>\n<\/div>\n<\/div>\n<div class=\"text text-2\">\n<div class=\"title\">\n<div class=\"title\">\n<h2>EFFET<br \/><strong>Protecteur de talon fissur\u00e9 75ml<\/strong><\/h2>\n<\/div>\n<div class=\"text text-2\">\n<ul>\n<li>a un fort effet r\u00e9g\u00e9n\u00e9rant<\/li>\n<li>favorise les processus de r\u00e9paration de la peau<\/li>\n<li>cr\u00e9e une couche occlusive, emp\u00eache la perte excessive d'eau<\/li>\n<li>apaise, donne de l'\u00e9lasticit\u00e9, de la douceur et de la souplesse \u00e0 la peau<\/li>\n<li>offre une protection antimicrobienne<\/li>\n<\/ul>\n<\/div>\n<\/div>\n<div class=\"text text-2\">\n<div class=\"title\">\n<div class=\"title\">\n<h2>MODE D'EMPLOI<br \/><strong>Protecteur de talon fissur\u00e9 75ml<\/strong><\/h2>\n<\/div>\n<div class=\"text text-2\">\n<ul>\n<li>appliquer la pommade sur une zone nettoy\u00e9e<\/li>\n<li>utilisation sous occlusion d'un film pendant ou \u00e0 la fin du traitement<\/li>\n<li>utiliser le soir en raison de la richesse de la composition des ingr\u00e9dients<\/li>\n<\/ul>\n<\/div>\n<\/div>\n<div class=\"text text-2\">\n<div class=\"title\">\n<h2>INGREDIENTS<br \/><strong>Protecteur de talon fissur\u00e9 75ml<\/strong><\/h2>\n<\/div>\n<div class=\"text text-center\">\n<div class=\"wrapper-3\">\n<p style=\"text-align: left\">Aqua, Lanolin, Urea, Petrolatum, Glycerin, Cocoglycerides, Cetearyl Alcohol, Glyceryl Stearates, Butyrospermum parksi Butter, Cetyl Alcohol, Ozonized Olive Oil, Sodium Caproyl \/ Lauroyl Lactylate, Triethyl Citrate, Prunus Amygdalus Dulcis Oil, Olus, Olus , Lactic Acid, Triethanolamine, Climbazole, Disodium EDTA, Sodium Polyacrylate, Allantoin, Citronellyl Methylcrotonate, Ceteareth-20, Panthenol, Citric Acid, Parfum, Phenoxyethanol, Methylparaben, Propylparaben, Polyacrylate, Polyacrylate-20, Polyacrylate-paraben, Polyacrylate 20, Isost\u00e9arate de polyacrylate-paraben, gomme xanthane, l\u00e9cithine, palmitate d'ascorbyle, ol\u00e9ate de glyc\u00e9ryle, citronellol, eug\u00e9nol, hexyl cinnamal, limon\u00e8ne, linalol, alpha-isom\u00e9thyl ionone.<\/p>\n<\/div>\n<\/div>\n<\/div>\n<\/div>\n<\/div><p>Le produit a pass\u00e9 avec succ\u00e8s les tests in vivo d'activit\u00e9 antibact\u00e9rienne et antifongique.<strong>.<\/strong><\/p>","protected":false},"excerpt":{"rendered":"<p>Pharm Foot <strong>PROT\u00c8GE-TALON FISSUR\u00c9<\/strong> est v\u00e9ritablement la meilleure pommade r\u00e9paratrice pour talons crevass\u00e9s. Gr\u00e2ce \u00e0 son puissant effet r\u00e9g\u00e9n\u00e9rant, CRACKED HEEL PROTECTOR soutient les processus de r\u00e9paration de la peau et cr\u00e9e une couche occlusive, emp\u00eachant la perte excessive d'eau. Il apaise, donne \u00e0 la peau \u00e9lasticit\u00e9, douceur et souplesse et assure une protection antimicrobienne.<\/p>\n<p>Pour le salon et la maison - Capacit\u00e9\u00a0<strong>75ml<\/strong> (environ 40 traitements)<\/p>\n<p>\u00c9galement disponible ,<\/p>\n<p>Pour les salons et la maison - <a href=\"https:\/\/victoriavynn.ca\/product\/pharm-foot-cracked-heel-balm-75ml\/\">Capacit\u00e9 <strong>200ml<\/strong><\/a> (environ 125 traitements)<\/p>\n<p>Pour les salons et la maison - <a href=\"https:\/\/victoriavynn.ca\/product\/pharm-foot-cracked-heel-protector-20ml-ozone-oil-line\/\">Capacit\u00e9 <strong>20ml<\/strong><\/a> (environ 12 traitements)<\/p>\n<p>&nbsp;<\/p>\n<p>Ingr\u00e9dients actifs :<\/p>\n<p><img loading=\"lazy\" decoding=\"async\" class=\"size-full wp-image-20457 alignleft\" src=\"http:\/\/victoriavynn.ca\/wp-content\/uploads\/2023\/03\/lanolin-final.webp\" alt=\"LANOLIN Final\" width=\"150\" height=\"150\" \/> <img loading=\"lazy\" decoding=\"async\" class=\"size-full wp-image-20458 alignleft\" src=\"http:\/\/victoriavynn.ca\/wp-content\/uploads\/2023\/03\/almond-oil-final.webp\" alt=\"Almond oil final\" width=\"150\" height=\"150\" \/><img loading=\"lazy\" decoding=\"async\" class=\"size-full wp-image-20431 alignleft\" src=\"http:\/\/victoriavynn.ca\/wp-content\/uploads\/2023\/03\/oilve-oil-final.webp\" alt=\"oilve oil FINAL\" width=\"150\" height=\"150\" \/> <img loading=\"lazy\" decoding=\"async\" class=\"size-full wp-image-20425 alignleft\" src=\"http:\/\/victoriavynn.ca\/wp-content\/uploads\/2023\/03\/allantoin-final.webp\" alt=\"ALLANTOIN FINAL\" width=\"150\" height=\"150\" \/> <img loading=\"lazy\" decoding=\"async\" class=\"size-full wp-image-20442 alignleft\" src=\"http:\/\/victoriavynn.ca\/wp-content\/uploads\/2024\/04\/urea-final.webp\" alt=\"UREA FINAL\" width=\"150\" height=\"150\" \/> <img loading=\"lazy\" decoding=\"async\" class=\"size-full wp-image-20427 alignleft\" src=\"http:\/\/victoriavynn.ca\/wp-content\/uploads\/2023\/03\/panthenol-final.webp\" alt=\"PANTHENOL FINAL\" width=\"150\" height=\"150\" \/><img loading=\"lazy\" decoding=\"async\" class=\"size-full wp-image-20447 alignleft\" src=\"http:\/\/victoriavynn.ca\/wp-content\/uploads\/2024\/04\/shea-butter-final.webp\" alt=\"Shea butter\" width=\"150\" height=\"150\" \/><\/p>\n<p>&nbsp;<\/p>\n<p>&nbsp;<\/p>\n<p>&nbsp;<\/p>\n<p>&nbsp;<\/p>\n<p>&nbsp;<\/p>\n<p>&nbsp;<\/p>","protected":false},"featured_media":25810,"comment_status":"open","ping_status":"closed","template":"","meta":{"jetpack_post_was_ever_published":false,"jetpack_publicize_message":"","jetpack_publicize_feature_enabled":true,"jetpack_social_post_already_shared":false,"jetpack_social_options":{"image_generator_settings":{"template":"highway","default_image_id":0,"font":"","enabled":false},"version":2}},"product_brand":[955],"product_cat":[551],"product_tag":[579],"class_list":{"0":"post-10995","1":"product","2":"type-product","3":"status-publish","4":"has-post-thumbnail","6":"product_brand-pharm-foot","7":"product_cat-ozone-oil-line","8":"product_tag-ointments","9":"product_shipping_class-cardboard-box","10":"pa_size-75-ml","12":"first","13":"instock","14":"taxable","15":"shipping-taxable","16":"purchasable","17":"product-type-simple"},"jetpack_publicize_connections":[],"jetpack-related-posts":[{"id":18556,"url":"https:\/\/naillycosmetics.com\/fr\/produit\/pharm-foot-cracked-heel-protector-20ml-ozone-oil-line\/","url_meta":{"origin":10995,"position":0},"title":"Pharm Foot CRACKED HEEL PROTECTOR 20ml (Ozone Oil Line)","author":"Serge Sahakian","date":"ao\u00fbt 19, 2024","format":false,"excerpt":"Pharm Foot CRACKED HEEL PROTECTOR est vraiment la meilleure pommade pour r\u00e9parer les talons crevass\u00e9s. Gr\u00e2ce \u00e0 son puissant effet r\u00e9g\u00e9n\u00e9rant, CRACKED HEEL PROTECTOR soutient les processus de r\u00e9paration de la peau et cr\u00e9e une couche occlusive, emp\u00eachant la perte excessive d'eau. Il apaise, donne \u00e0 la peau \u00e9lasticit\u00e9, douceur et souplesse et assure une protection antimicrobienne....","rel":"","context":"Article similaire","block_context":{"text":"Article similaire","link":""},"img":{"alt_text":"pharm foot cracked skin protector 20ml","src":"https:\/\/i0.wp.com\/naillycosmetics.com\/wp-content\/uploads\/2026\/02\/pharm-foot-cracked-skin-protector-20ml-1-1.webp?fit=750%2C1000&ssl=1&resize=350%2C200","width":350,"height":200,"srcset":"https:\/\/i0.wp.com\/naillycosmetics.com\/wp-content\/uploads\/2026\/02\/pharm-foot-cracked-skin-protector-20ml-1-1.webp?fit=750%2C1000&ssl=1&resize=350%2C200 1x, https:\/\/i0.wp.com\/naillycosmetics.com\/wp-content\/uploads\/2026\/02\/pharm-foot-cracked-skin-protector-20ml-1-1.webp?fit=750%2C1000&ssl=1&resize=525%2C300 1.5x, https:\/\/i0.wp.com\/naillycosmetics.com\/wp-content\/uploads\/2026\/02\/pharm-foot-cracked-skin-protector-20ml-1-1.webp?fit=750%2C1000&ssl=1&resize=700%2C400 2x"},"classes":[]},{"id":10997,"url":"https:\/\/naillycosmetics.com\/fr\/produit\/pharm-foot-cracked-heel-repair-protector\/","url_meta":{"origin":10995,"position":1},"title":"Pharm Foot CRACKED HEEL PROTECTOR 200 ml (Ozone Oil Line)","author":"Serge Sahakian","date":"mars 9, 2023","format":false,"excerpt":"Pharm Foot CRACKED HEEL PROTECTOR est vraiment la meilleure pommade pour r\u00e9parer les talons crevass\u00e9s. Gr\u00e2ce \u00e0 son puissant effet r\u00e9g\u00e9n\u00e9rant, CRACKED HEEL PROTECTOR soutient les processus de r\u00e9paration de la peau et cr\u00e9e une couche occlusive, emp\u00eachant la perte excessive d'eau. Il apaise, donne \u00e0 la peau \u00e9lasticit\u00e9, douceur et souplesse et assure une protection antimicrobienne....","rel":"","context":"Article similaire","block_context":{"text":"Article similaire","link":""},"img":{"alt_text":"Pharm Foot Best Cracked Heel Repair Ointment Cracked Heel Protector 200ml","src":"https:\/\/i0.wp.com\/naillycosmetics.com\/wp-content\/uploads\/2026\/02\/pharm-foot-best-cracked-heel-repair-ointment-cracked-heel-protector-200ml.webp?fit=750%2C1000&ssl=1&resize=350%2C200","width":350,"height":200,"srcset":"https:\/\/i0.wp.com\/naillycosmetics.com\/wp-content\/uploads\/2026\/02\/pharm-foot-best-cracked-heel-repair-ointment-cracked-heel-protector-200ml.webp?fit=750%2C1000&ssl=1&resize=350%2C200 1x, https:\/\/i0.wp.com\/naillycosmetics.com\/wp-content\/uploads\/2026\/02\/pharm-foot-best-cracked-heel-repair-ointment-cracked-heel-protector-200ml.webp?fit=750%2C1000&ssl=1&resize=525%2C300 1.5x, https:\/\/i0.wp.com\/naillycosmetics.com\/wp-content\/uploads\/2026\/02\/pharm-foot-best-cracked-heel-repair-ointment-cracked-heel-protector-200ml.webp?fit=750%2C1000&ssl=1&resize=700%2C400 2x"},"classes":[]},{"id":11344,"url":"https:\/\/naillycosmetics.com\/fr\/produit\/best-protective-pedicure-barrier-ointment\/","url_meta":{"origin":10995,"position":2},"title":"Pharm Foot PREVENTIC SALVE 75ml (Ozone Oil &amp; Herbs Line)","author":"Serge Sahakian","date":"avril 13, 2023","format":false,"excerpt":"Pharm Foot PREVENTIC SALVE figure parmi les meilleures pommades protectrices pour les pieds, la peau, les mains et le corps. Elle forme une couche occlusive qui prot\u00e8ge la peau de la perte d'humidit\u00e9 et des facteurs externes. En outre, il renforce et am\u00e9liore l'\u00e9tat de la peau. Pour les salons et l'usage domestique...","rel":"","context":"Article similaire","block_context":{"text":"Article similaire","link":""},"img":{"alt_text":"pharm foot best protective pedicure barrier ointment pharm foot","src":"https:\/\/i0.wp.com\/naillycosmetics.com\/wp-content\/uploads\/2026\/02\/pharm-foot-best-protective-pedicure-barrier-ointment-pharm-foot.webp?fit=750%2C1000&ssl=1&resize=350%2C200","width":350,"height":200,"srcset":"https:\/\/i0.wp.com\/naillycosmetics.com\/wp-content\/uploads\/2026\/02\/pharm-foot-best-protective-pedicure-barrier-ointment-pharm-foot.webp?fit=750%2C1000&ssl=1&resize=350%2C200 1x, https:\/\/i0.wp.com\/naillycosmetics.com\/wp-content\/uploads\/2026\/02\/pharm-foot-best-protective-pedicure-barrier-ointment-pharm-foot.webp?fit=750%2C1000&ssl=1&resize=525%2C300 1.5x, https:\/\/i0.wp.com\/naillycosmetics.com\/wp-content\/uploads\/2026\/02\/pharm-foot-best-protective-pedicure-barrier-ointment-pharm-foot.webp?fit=750%2C1000&ssl=1&resize=700%2C400 2x"},"classes":[]},{"id":17504,"url":"https:\/\/naillycosmetics.com\/fr\/produit\/pharm-foot-urea-forte-75ml-urea-line\/","url_meta":{"origin":10995,"position":3},"title":"Pharm Foot Urea Forte 75ml (Ligne Urea)","author":"Serge Sahakian","date":"avril 7, 2024","format":false,"excerpt":"Ointment Against Skin Keratication with UREA & Emollients Capacity\u00a075ml (about 40 treatments) Active Ingredients:","rel":"","context":"Article similaire","block_context":{"text":"Article similaire","link":""},"img":{"alt_text":"","src":"https:\/\/i0.wp.com\/naillycosmetics.com\/wp-content\/uploads\/2026\/02\/pharm-foot-urea-forte-1-5.webp?fit=750%2C1000&ssl=1&resize=350%2C200","width":350,"height":200,"srcset":"https:\/\/i0.wp.com\/naillycosmetics.com\/wp-content\/uploads\/2026\/02\/pharm-foot-urea-forte-1-5.webp?fit=750%2C1000&ssl=1&resize=350%2C200 1x, https:\/\/i0.wp.com\/naillycosmetics.com\/wp-content\/uploads\/2026\/02\/pharm-foot-urea-forte-1-5.webp?fit=750%2C1000&ssl=1&resize=525%2C300 1.5x, https:\/\/i0.wp.com\/naillycosmetics.com\/wp-content\/uploads\/2026\/02\/pharm-foot-urea-forte-1-5.webp?fit=750%2C1000&ssl=1&resize=700%2C400 2x"},"classes":[]},{"id":10967,"url":"https:\/\/naillycosmetics.com\/fr\/produit\/pharm-foot-dermo-resoftener-75ml-urea-line\/","url_meta":{"origin":10995,"position":4},"title":"Pharm Foot DERMO reSOFTENER 75ml (Ligne Ur\u00e9e)","author":"Serge Sahakian","date":"mars 9, 2023","format":false,"excerpt":"Softening & Moisturizing Cream with 10% UREA Capacity\u00a075ml (about 35 treatments) Active Ingredients:","rel":"","context":"Article similaire","block_context":{"text":"Article similaire","link":""},"img":{"alt_text":"pharm foot dermo resoftener 75ml","src":"https:\/\/i0.wp.com\/naillycosmetics.com\/wp-content\/uploads\/2026\/02\/pharm-foot-dermo-resoftener-75ml.webp?fit=750%2C1000&ssl=1&resize=350%2C200","width":350,"height":200,"srcset":"https:\/\/i0.wp.com\/naillycosmetics.com\/wp-content\/uploads\/2026\/02\/pharm-foot-dermo-resoftener-75ml.webp?fit=750%2C1000&ssl=1&resize=350%2C200 1x, https:\/\/i0.wp.com\/naillycosmetics.com\/wp-content\/uploads\/2026\/02\/pharm-foot-dermo-resoftener-75ml.webp?fit=750%2C1000&ssl=1&resize=525%2C300 1.5x, https:\/\/i0.wp.com\/naillycosmetics.com\/wp-content\/uploads\/2026\/02\/pharm-foot-dermo-resoftener-75ml.webp?fit=750%2C1000&ssl=1&resize=700%2C400 2x"},"classes":[]}],"jetpack_sharing_enabled":true,"_links":{"self":[{"href":"https:\/\/naillycosmetics.com\/fr\/wp-json\/wp\/v2\/product\/10995","targetHints":{"allow":["GET"]}}],"collection":[{"href":"https:\/\/naillycosmetics.com\/fr\/wp-json\/wp\/v2\/product"}],"about":[{"href":"https:\/\/naillycosmetics.com\/fr\/wp-json\/wp\/v2\/types\/product"}],"replies":[{"embeddable":true,"href":"https:\/\/naillycosmetics.com\/fr\/wp-json\/wp\/v2\/comments?post=10995"}],"wp:featuredmedia":[{"embeddable":true,"href":"https:\/\/naillycosmetics.com\/fr\/wp-json\/wp\/v2\/media\/25810"}],"wp:attachment":[{"href":"https:\/\/naillycosmetics.com\/fr\/wp-json\/wp\/v2\/media?parent=10995"}],"wp:term":[{"taxonomy":"product_brand","embeddable":true,"href":"https:\/\/naillycosmetics.com\/fr\/wp-json\/wp\/v2\/product_brand?post=10995"},{"taxonomy":"product_cat","embeddable":true,"href":"https:\/\/naillycosmetics.com\/fr\/wp-json\/wp\/v2\/product_cat?post=10995"},{"taxonomy":"product_tag","embeddable":true,"href":"https:\/\/naillycosmetics.com\/fr\/wp-json\/wp\/v2\/product_tag?post=10995"}],"curies":[{"name":"wp","href":"https:\/\/api.w.org\/{rel}","templated":true}]}}