{"id":10993,"date":"2023-03-09T19:11:11","date_gmt":"2023-03-10T00:11:11","guid":{"rendered":"https:\/\/naillycosmetics.com\/product\/pharm-foot-o3-concentrate-400ml-ozone-oil-line\/"},"modified":"2026-02-18T14:09:52","modified_gmt":"2026-02-18T19:09:52","slug":"best-hand-and-body-moisturizer-for-dry-skin","status":"publish","type":"product","link":"https:\/\/naillycosmetics.com\/fr\/produit\/best-hand-and-body-moisturizer-for-dry-skin\/","title":{"rendered":"Pharm Foot O3 CONCENTRATE 400ml (Ozone Oil Line)"},"content":{"rendered":"<div class=\"title\">\n<p>Pharm Foot <strong>CONCENTR\u00c9 O3<\/strong> - Le beurre protecteur pour le corps et les mains, \u00e0 base d'huile d'ozone et de beurre de karit\u00e9, est class\u00e9 parmi les meilleurs hydratants pour les mains et le corps destin\u00e9s aux peaux s\u00e8ches. O3 CONCENTRE reconstruit l'\u00e9piderme et apaise les irritations. Il prot\u00e8ge \u00e9galement contre le dess\u00e8chement et les effets n\u00e9fastes des facteurs externes.<\/p>\n<p>Pour le salon et la maison - Capacit\u00e9\u00a0<strong>400ml<\/strong><br \/>\n(environ 50 traitements corps \/ 250 mains)<\/p>\n<p>\u00c9galement disponible sous forme de cr\u00e8mes pour le corps et les mains,<\/p>\n<ul>\n<li><a href=\"https:\/\/victoriavynn.ca\/product\/hand-and-body-serum-for-dry-skin\/\" target=\"_blank\" rel=\"noopener\">Pharm Foot bioACTIVATOR 400ml (Ligne Colostrum)<\/a><\/li>\n<li><a href=\"https:\/\/victoriavynn.ca\/product\/hand-and-body-balm-for-dry-skin-400ml\/\" target=\"_blank\" rel=\"noopener\">Pharm Foot AgSPECIALIST 400ml (Ligne Microsilver)<\/a><\/li>\n<\/ul>\n<p>&nbsp;<\/p>\n<p>RECOMMANDATIONS<br \/>\n<strong>CONCENTR\u00c9 O3<\/strong><\/p>\n<\/div>\n<div class=\"text text-2\">\n<ul>\n<li>beurre concentr\u00e9 pour le corps et les mains<\/li>\n<li>pour les peaux tr\u00e8s s\u00e8ches qui ont besoin d'\u00eatre nourries et prot\u00e9g\u00e9es<\/li>\n<\/ul>\n<div class=\"title\">\n<p>&nbsp;<\/p>\n<p>EFFET<br \/>\n<strong>CONCENTR\u00c9 O3<\/strong><\/p>\n<\/div>\n<div class=\"text text-2\">\n<ul>\n<li>a un fort effet nourrissant<\/li>\n<li>donne un effet lissant et hydratant \u00e0 la peau<\/li>\n<li>reconstruit l'\u00e9piderme et apaise les irritations<\/li>\n<li>prot\u00e8ge contre le dess\u00e8chement et les effets n\u00e9fastes des facteurs externes<\/li>\n<\/ul>\n<div class=\"title\">\n<p>&nbsp;<\/p>\n<p>MODE D'EMPLOI<br \/>\n<strong>CONCENTR\u00c9 O3<\/strong><\/p>\n<\/div>\n<div class=\"text text-2\">\n<ul>\n<li>masser d\u00e9licatement la peau et attendre l'absorption<\/li>\n<li>\u00e0 utiliser apr\u00e8s les soins du corps et des mains dans le salon<\/li>\n<li>pour la poursuite des soins \u00e0 domicile<\/li>\n<li>appliquer 1 \u00e0 2 fois par jour<\/li>\n<li>parfait apr\u00e8s un bain de soleil et une \u00e9pilation<\/li>\n<\/ul>\n<p>Le beurre laisse une couche protectrice sur la peau.<\/p>\n<p>&nbsp;<\/p>\n<p>INGREDIENTS<br \/>\n<strong>CONCENTR\u00c9 O3<\/strong><\/p>\n<p>Aqua, Olus Oil, Glycerin, Caprylic\/Capric Triglyceride, Cetearyl Alcohol, Isopropyl Myristate, Butyrospermum Parkii Butter, Cyclopentasiloxane, Isopropyl Isostearate, Dimethicone, Glyceryl Stearate Citrate, Parfum, Isoamyl Laurate, huile d'olive ozonis\u00e9e, beurre de graines de Mangifera Indica, Sodium Caproyl\/Lauroyl Lactylate, Triethyl Citrate, huile de Persea Gratisima, Allanto\u00efne, Panth\u00e9nol, Sodium Hyaluronate, Ur\u00e9e, extrait de Jania Rubens, huile v\u00e9g\u00e9tale hydrog\u00e9n\u00e9e, Candellila Cera, Pentaerythrityl Distearate, alcool ph\u00e9nylique, carragh\u00e9nane sodique, polyacrylate sodique, tocoph\u00e9rol, l\u00e9cithine, Ascorbyl Palmitate, Glyceryl Stearate, Glyceryl Oleate, Disodium EDTA, Citric Acid, Phenoxyethanol, Ethylhexylglycerin, Alpha-Isomethyl Ionone, Citronellol, Eugenol, Hexyl Cinnamal, Limonene Linalool.<\/p>\n<\/div>\n<\/div>\n<\/div>","protected":false},"excerpt":{"rendered":"<p>Pharm Foot <strong>CONCENTR\u00c9 O3<\/strong> - Le beurre protecteur pour le corps et les mains, \u00e0 base d'huile d'ozone et de beurre de karit\u00e9, est class\u00e9 parmi les meilleurs hydratants pour les mains et le corps destin\u00e9s aux peaux s\u00e8ches. O3 CONCENTRE reconstruit l'\u00e9piderme et apaise les irritations. Il prot\u00e8ge \u00e9galement contre le dess\u00e8chement et les effets n\u00e9fastes des facteurs externes.<\/p>\n<p>Pour le salon et la maison - Capacit\u00e9\u00a0<strong>400ml<\/strong><br \/>\n(environ 50 traitements corps \/ 250 mains)<\/p>\n<p>\u00c9galement disponible sous forme de cr\u00e8mes pour le corps et les mains,<\/p>\n<ul>\n<li><a href=\"https:\/\/victoriavynn.ca\/product\/hand-and-body-serum-for-dry-skin\/\">Pharm Foot bioACTIVATOR 400ml (Ligne Colostrum)<\/a><\/li>\n<li><a href=\"https:\/\/victoriavynn.ca\/product\/hand-and-body-balm-for-dry-skin-400ml\/\">Pharm Foot AgSPECIALIST 400ml (Ligne Microsilver)<\/a><\/li>\n<\/ul>\n<p>Sp\u00e9cifications des produits :<\/p>\n<p><img loading=\"lazy\" decoding=\"async\" class=\"size-full wp-image-8446 alignleft\" src=\"https:\/\/victoriavynn.ca\/wp-content\/uploads\/2022\/12\/SUPER-MOISTURISER.png\" alt=\"\" width=\"125\" height=\"125\" srcset=\"https:\/\/i0.wp.com\/naillycosmetics.com\/wp-content\/uploads\/2022\/12\/SUPER-MOISTURISER.png?w=125&amp;ssl=1 125w, https:\/\/i0.wp.com\/naillycosmetics.com\/wp-content\/uploads\/2022\/12\/SUPER-MOISTURISER.png?resize=100%2C100&amp;ssl=1 100w, https:\/\/i0.wp.com\/naillycosmetics.com\/wp-content\/uploads\/2022\/12\/SUPER-MOISTURISER.png?resize=32%2C32&amp;ssl=1 32w, https:\/\/i0.wp.com\/naillycosmetics.com\/wp-content\/uploads\/2022\/12\/SUPER-MOISTURISER.png?resize=50%2C50&amp;ssl=1 50w\" sizes=\"auto, (max-width: 125px) 100vw, 125px\" \/><\/p>\n<p><img loading=\"lazy\" decoding=\"async\" class=\"size-full wp-image-11890 alignleft\" src=\"https:\/\/victoriavynn.ca\/wp-content\/uploads\/2023\/03\/SOOTHES-IRRITATION.webp\" alt=\"SOOTHES IRRITATION\" width=\"125\" height=\"150\" srcset=\"https:\/\/i0.wp.com\/naillycosmetics.com\/wp-content\/uploads\/2023\/03\/SOOTHES-IRRITATION.webp?w=125&amp;ssl=1 125w, https:\/\/i0.wp.com\/naillycosmetics.com\/wp-content\/uploads\/2023\/03\/SOOTHES-IRRITATION.webp?resize=10%2C12&amp;ssl=1 10w\" sizes=\"auto, (max-width: 125px) 100vw, 125px\" \/><\/p>\n<p><img loading=\"lazy\" decoding=\"async\" class=\"size-full wp-image-11891 alignleft\" src=\"https:\/\/victoriavynn.ca\/wp-content\/uploads\/2023\/03\/NOURISHING-EFFECT.webp\" alt=\"NOURISHING EFFECT\" width=\"125\" height=\"150\" srcset=\"https:\/\/i0.wp.com\/naillycosmetics.com\/wp-content\/uploads\/2023\/03\/NOURISHING-EFFECT.webp?w=125&amp;ssl=1 125w, https:\/\/i0.wp.com\/naillycosmetics.com\/wp-content\/uploads\/2023\/03\/NOURISHING-EFFECT.webp?resize=10%2C12&amp;ssl=1 10w\" sizes=\"auto, (max-width: 125px) 100vw, 125px\" \/><\/p>\n<p><img loading=\"lazy\" decoding=\"async\" class=\"size-full wp-image-11892 alignleft\" src=\"https:\/\/victoriavynn.ca\/wp-content\/uploads\/2023\/03\/FOR-DRY-SKIN.webp\" alt=\"FOR DRY SKIN\" width=\"125\" height=\"150\" srcset=\"https:\/\/i0.wp.com\/naillycosmetics.com\/wp-content\/uploads\/2023\/03\/FOR-DRY-SKIN.webp?w=125&amp;ssl=1 125w, https:\/\/i0.wp.com\/naillycosmetics.com\/wp-content\/uploads\/2023\/03\/FOR-DRY-SKIN.webp?resize=10%2C12&amp;ssl=1 10w\" sizes=\"auto, (max-width: 125px) 100vw, 125px\" \/><\/p>\n<p>&nbsp;<\/p>\n<p>&nbsp;<\/p>\n<p>&nbsp;<\/p>\n<p>&nbsp;<\/p>","protected":false},"featured_media":25819,"comment_status":"open","ping_status":"closed","template":"","meta":{"jetpack_post_was_ever_published":false,"jetpack_publicize_message":"","jetpack_publicize_feature_enabled":true,"jetpack_social_post_already_shared":false,"jetpack_social_options":{"image_generator_settings":{"template":"highway","default_image_id":0,"font":"","enabled":false},"version":2}},"product_brand":[955],"product_cat":[551],"product_tag":[589],"class_list":{"0":"post-10993","1":"product","2":"type-product","3":"status-publish","4":"has-post-thumbnail","6":"product_brand-pharm-foot","7":"product_cat-ozone-oil-line","8":"product_tag-hand-body-cream","9":"product_shipping_class-cardboard-box","10":"pa_size-400-ml","12":"first","13":"outofstock","14":"taxable","15":"shipping-taxable","16":"purchasable","17":"product-type-simple"},"jetpack_publicize_connections":[],"jetpack-related-posts":[{"id":10987,"url":"https:\/\/naillycosmetics.com\/fr\/produit\/hand-and-body-balm-for-dry-skin-400ml\/","url_meta":{"origin":10993,"position":0},"title":"Pharm Foot AgSPECIALIST 400ml (Ligne Microsilver)","author":"Serge Sahakian","date":"mars 9, 2023","format":false,"excerpt":"Pharm Foot AgSPECIALIST - SOOTHING BALM FOR BODY AND HAND with microsilver and shea butter is nominated among the best Hand and Body Balm for Dry Skin. AgSPECIALIST soothes irritations and protects against drying and the harmful effects of external factors.For Salon & Home Use - Capacity\u00a0400ml (about 50 treatments\u2026","rel":"","context":"Article similaire","block_context":{"text":"Article similaire","link":""},"img":{"alt_text":"Pharm Foot Best Hand and Body Balm for dry Skin Microsilver Agspecialist","src":"https:\/\/i0.wp.com\/naillycosmetics.com\/wp-content\/uploads\/2026\/02\/pharm-foot-best-hand-and-body-balm-for-dry-skin-microsilver-agspecialist.webp?fit=750%2C1000&ssl=1&resize=350%2C200","width":350,"height":200,"srcset":"https:\/\/i0.wp.com\/naillycosmetics.com\/wp-content\/uploads\/2026\/02\/pharm-foot-best-hand-and-body-balm-for-dry-skin-microsilver-agspecialist.webp?fit=750%2C1000&ssl=1&resize=350%2C200 1x, https:\/\/i0.wp.com\/naillycosmetics.com\/wp-content\/uploads\/2026\/02\/pharm-foot-best-hand-and-body-balm-for-dry-skin-microsilver-agspecialist.webp?fit=750%2C1000&ssl=1&resize=525%2C300 1.5x, https:\/\/i0.wp.com\/naillycosmetics.com\/wp-content\/uploads\/2026\/02\/pharm-foot-best-hand-and-body-balm-for-dry-skin-microsilver-agspecialist.webp?fit=750%2C1000&ssl=1&resize=700%2C400 2x"},"classes":[]},{"id":10981,"url":"https:\/\/naillycosmetics.com\/fr\/produit\/hand-and-body-serum-for-dry-skin\/","url_meta":{"origin":10993,"position":1},"title":"Pharm Foot bioACTIVATOR 400ml (Ligne Colostrum)","author":"Serge Sahakian","date":"mars 9, 2023","format":false,"excerpt":"Pharm Foot bioACTIVATOR - REGENERATING SERUM FOR BODY AND HAND with colostrum and shea butter is nominated as the best Hand and Body Serum for Dry Skin. bioACTIVATOR soothes irritations and softens and brightens the epidermis. It also strengthens and visibly improves the condition of the skin. For Salon &\u2026","rel":"","context":"Article similaire","block_context":{"text":"Article similaire","link":""},"img":{"alt_text":"Pharm Foot Best Hand and Body Serum for dry Skin Colostrum BioActivator","src":"https:\/\/i0.wp.com\/naillycosmetics.com\/wp-content\/uploads\/2026\/02\/pharm-foot-best-hand-and-body-serum-for-dry-skin-colostrum-bioactivator-.webp?fit=750%2C1000&ssl=1&resize=350%2C200","width":350,"height":200,"srcset":"https:\/\/i0.wp.com\/naillycosmetics.com\/wp-content\/uploads\/2026\/02\/pharm-foot-best-hand-and-body-serum-for-dry-skin-colostrum-bioactivator-.webp?fit=750%2C1000&ssl=1&resize=350%2C200 1x, https:\/\/i0.wp.com\/naillycosmetics.com\/wp-content\/uploads\/2026\/02\/pharm-foot-best-hand-and-body-serum-for-dry-skin-colostrum-bioactivator-.webp?fit=750%2C1000&ssl=1&resize=525%2C300 1.5x, https:\/\/i0.wp.com\/naillycosmetics.com\/wp-content\/uploads\/2026\/02\/pharm-foot-best-hand-and-body-serum-for-dry-skin-colostrum-bioactivator-.webp?fit=750%2C1000&ssl=1&resize=700%2C400 2x"},"classes":[]},{"id":10823,"url":"https:\/\/naillycosmetics.com\/fr\/produit\/pharm-foot-ozone-rebuilder-400ml-ozone-oil-line\/","url_meta":{"origin":10993,"position":2},"title":"Pharm Foot OZONE reBUILDER 400ml (Ozone Oil Line)","author":"Serge Sahakian","date":"mars 1, 2023","format":false,"excerpt":"REBUILDING & PROTECTIVE CREAM with ozone oil 400ml","rel":"","context":"Article similaire","block_context":{"text":"Article similaire","link":""},"img":{"alt_text":"vynn_pf_ozone_rebuilder_400ml","src":"https:\/\/i0.wp.com\/naillycosmetics.com\/wp-content\/uploads\/2026\/02\/vynn_pf_ozone_rebuilder_400ml.webp?fit=750%2C1000&ssl=1&resize=350%2C200","width":350,"height":200,"srcset":"https:\/\/i0.wp.com\/naillycosmetics.com\/wp-content\/uploads\/2026\/02\/vynn_pf_ozone_rebuilder_400ml.webp?fit=750%2C1000&ssl=1&resize=350%2C200 1x, https:\/\/i0.wp.com\/naillycosmetics.com\/wp-content\/uploads\/2026\/02\/vynn_pf_ozone_rebuilder_400ml.webp?fit=750%2C1000&ssl=1&resize=525%2C300 1.5x, https:\/\/i0.wp.com\/naillycosmetics.com\/wp-content\/uploads\/2026\/02\/vynn_pf_ozone_rebuilder_400ml.webp?fit=750%2C1000&ssl=1&resize=700%2C400 2x"},"classes":[]},{"id":11344,"url":"https:\/\/naillycosmetics.com\/fr\/produit\/best-protective-pedicure-barrier-ointment\/","url_meta":{"origin":10993,"position":3},"title":"Pharm Foot PREVENTIC SALVE 75ml (Ozone Oil &amp; Herbs Line)","author":"Serge Sahakian","date":"avril 13, 2023","format":false,"excerpt":"Pharm Foot PREVENTIC SALVE figure parmi les meilleures pommades protectrices pour les pieds, la peau, les mains et le corps. Elle forme une couche occlusive qui prot\u00e8ge la peau de la perte d'humidit\u00e9 et des facteurs externes. En outre, il renforce et am\u00e9liore l'\u00e9tat de la peau. Pour les salons et l'usage domestique...","rel":"","context":"Article similaire","block_context":{"text":"Article similaire","link":""},"img":{"alt_text":"pharm foot best protective pedicure barrier ointment pharm foot","src":"https:\/\/i0.wp.com\/naillycosmetics.com\/wp-content\/uploads\/2026\/02\/pharm-foot-best-protective-pedicure-barrier-ointment-pharm-foot.webp?fit=750%2C1000&ssl=1&resize=350%2C200","width":350,"height":200,"srcset":"https:\/\/i0.wp.com\/naillycosmetics.com\/wp-content\/uploads\/2026\/02\/pharm-foot-best-protective-pedicure-barrier-ointment-pharm-foot.webp?fit=750%2C1000&ssl=1&resize=350%2C200 1x, https:\/\/i0.wp.com\/naillycosmetics.com\/wp-content\/uploads\/2026\/02\/pharm-foot-best-protective-pedicure-barrier-ointment-pharm-foot.webp?fit=750%2C1000&ssl=1&resize=525%2C300 1.5x, https:\/\/i0.wp.com\/naillycosmetics.com\/wp-content\/uploads\/2026\/02\/pharm-foot-best-protective-pedicure-barrier-ointment-pharm-foot.webp?fit=750%2C1000&ssl=1&resize=700%2C400 2x"},"classes":[]},{"id":20119,"url":"https:\/\/naillycosmetics.com\/fr\/produit\/pharm-foot-ozon-guard-400ml-ozone-oil-line\/","url_meta":{"origin":10993,"position":4},"title":"Pharm Foot OZON GUARD 400ml (Ozone Oil Line)","author":"Serge Sahakian","date":"d\u00e9cembre 4, 2024","format":false,"excerpt":"","rel":"","context":"Article similaire","block_context":{"text":"Article similaire","link":""},"img":{"alt_text":"","src":"https:\/\/i0.wp.com\/naillycosmetics.com\/wp-content\/uploads\/2026\/02\/ozone-guard-2f-400ml.jpg?fit=1200%2C1200&ssl=1&resize=350%2C200","width":350,"height":200,"srcset":"https:\/\/i0.wp.com\/naillycosmetics.com\/wp-content\/uploads\/2026\/02\/ozone-guard-2f-400ml.jpg?fit=1200%2C1200&ssl=1&resize=350%2C200 1x, https:\/\/i0.wp.com\/naillycosmetics.com\/wp-content\/uploads\/2026\/02\/ozone-guard-2f-400ml.jpg?fit=1200%2C1200&ssl=1&resize=525%2C300 1.5x, https:\/\/i0.wp.com\/naillycosmetics.com\/wp-content\/uploads\/2026\/02\/ozone-guard-2f-400ml.jpg?fit=1200%2C1200&ssl=1&resize=700%2C400 2x, https:\/\/i0.wp.com\/naillycosmetics.com\/wp-content\/uploads\/2026\/02\/ozone-guard-2f-400ml.jpg?fit=1200%2C1200&ssl=1&resize=1050%2C600 3x"},"classes":[]},{"id":11352,"url":"https:\/\/naillycosmetics.com\/fr\/produit\/pharm-foot-best-hand-and-body-scrub\/","url_meta":{"origin":10993,"position":5},"title":"Pharm Foot Paradise Scrub 120ml (SPA Ritual Paradise Touch)","author":"Serge Sahakian","date":"avril 13, 2023","format":false,"excerpt":"SPA Ritual Paradise Touch Scrub is the Best Hand and Body Scrub which is especially used for gentle body skin peeling and manual foot massage. Enriched with 100% natural ingredients such as apricot, avocado, sweet almond oils, shea butter and beeswax, the SPA Ritual Scrub leaves the skin wonderfully moisturized,\u2026","rel":"","context":"Article similaire","block_context":{"text":"Article similaire","link":""},"img":{"alt_text":"Victoria VYNN Pharm Foot SPA Ritual Paradise Touch Best Hand and Body Scrub bergamot & grapefruit","src":"https:\/\/i0.wp.com\/naillycosmetics.com\/wp-content\/uploads\/2026\/02\/victoria-vynn-pharm-foot-spa-ritual-paradise-touch-best-hand-and-body-scrub-bergamot-grapefruit-.webp?fit=750%2C1000&ssl=1&resize=350%2C200","width":350,"height":200,"srcset":"https:\/\/i0.wp.com\/naillycosmetics.com\/wp-content\/uploads\/2026\/02\/victoria-vynn-pharm-foot-spa-ritual-paradise-touch-best-hand-and-body-scrub-bergamot-grapefruit-.webp?fit=750%2C1000&ssl=1&resize=350%2C200 1x, https:\/\/i0.wp.com\/naillycosmetics.com\/wp-content\/uploads\/2026\/02\/victoria-vynn-pharm-foot-spa-ritual-paradise-touch-best-hand-and-body-scrub-bergamot-grapefruit-.webp?fit=750%2C1000&ssl=1&resize=525%2C300 1.5x, https:\/\/i0.wp.com\/naillycosmetics.com\/wp-content\/uploads\/2026\/02\/victoria-vynn-pharm-foot-spa-ritual-paradise-touch-best-hand-and-body-scrub-bergamot-grapefruit-.webp?fit=750%2C1000&ssl=1&resize=700%2C400 2x"},"classes":[]}],"jetpack_sharing_enabled":true,"_links":{"self":[{"href":"https:\/\/naillycosmetics.com\/fr\/wp-json\/wp\/v2\/product\/10993","targetHints":{"allow":["GET"]}}],"collection":[{"href":"https:\/\/naillycosmetics.com\/fr\/wp-json\/wp\/v2\/product"}],"about":[{"href":"https:\/\/naillycosmetics.com\/fr\/wp-json\/wp\/v2\/types\/product"}],"replies":[{"embeddable":true,"href":"https:\/\/naillycosmetics.com\/fr\/wp-json\/wp\/v2\/comments?post=10993"}],"wp:featuredmedia":[{"embeddable":true,"href":"https:\/\/naillycosmetics.com\/fr\/wp-json\/wp\/v2\/media\/25819"}],"wp:attachment":[{"href":"https:\/\/naillycosmetics.com\/fr\/wp-json\/wp\/v2\/media?parent=10993"}],"wp:term":[{"taxonomy":"product_brand","embeddable":true,"href":"https:\/\/naillycosmetics.com\/fr\/wp-json\/wp\/v2\/product_brand?post=10993"},{"taxonomy":"product_cat","embeddable":true,"href":"https:\/\/naillycosmetics.com\/fr\/wp-json\/wp\/v2\/product_cat?post=10993"},{"taxonomy":"product_tag","embeddable":true,"href":"https:\/\/naillycosmetics.com\/fr\/wp-json\/wp\/v2\/product_tag?post=10993"}],"curies":[{"name":"wp","href":"https:\/\/api.w.org\/{rel}","templated":true}]}}