{"id":10967,"date":"2023-03-09T19:10:57","date_gmt":"2023-03-10T00:10:57","guid":{"rendered":"https:\/\/naillycosmetics.com\/product\/pharm-foot-dermo-resoftener-75ml-urea-line\/"},"modified":"2026-03-04T19:54:05","modified_gmt":"2026-03-05T00:54:05","slug":"pharm-foot-dermo-resoftener-75ml-urea-line","status":"publish","type":"product","link":"https:\/\/naillycosmetics.com\/fr\/produit\/pharm-foot-dermo-resoftener-75ml-urea-line\/","title":{"rendered":"Pharm Foot DERMO reSOFTENER 75ml (Ligne Ur\u00e9e)"},"content":{"rendered":"<h2 class=\"wp-block-heading\">RECOMMANDATIONS<br><strong>DERMO reSOFTENER<\/strong><\/h2><ul class=\"wp-block-list\"><li>cream for the care of very dry skin of the feet with a tendency to crack and excessive keratinization of the epidermis<\/li>\n\n<li>\u00e9galement recommand\u00e9 pour les diab\u00e9tiques<\/li><\/ul><h2 class=\"wp-block-heading\">EFFET<br><strong>DERMO reSOFTENER<\/strong><\/h2><ul class=\"wp-block-list\"><li>accelerates the regeneration of the epidermis<\/li>\n\n<li>helps to maintain an adequate level of hydration<\/li>\n\n<li>makes the skin soft and smooth<\/li><\/ul><h2 class=\"wp-block-heading\">MODE D'EMPLOI<br><strong>DERMO reSOFTENER<\/strong><\/h2><ul class=\"wp-block-list\"><li>apply to clean feet<\/li>\n\n<li>massage and leave to absorb<\/li>\n\n<li>use 1 or 2 times a day<\/li><\/ul><h2 class=\"wp-block-heading\">INGREDIENTS<br><strong>DERMO reSOFTENER<\/strong><\/h2><p>Aqua, Urea, Petrolatum, Caprylic \/ Capric Triglyceride, Glycerin, Cetearyl Alcohol, Glyceryl Stearates, Butyrospermum parkii Butter, Cetyl Alcohol, Lanolin, Prunus Amygdalus Dulcisamine Oil, Olus Oil, Tocopherol, Ceteareth-20, Lactic Acid, Trieolthanol Acid, Panthenolthanolin , Propylene Glycol, Cera Microcristallina, Hydrogenated Vegetable Oil, Cera Alba, Cymbopogon Schoenanthus Leaf Oil, Hydrogenated Palm Acid, Stearyl Stearate, Mentha Aquatica Extract, Phenoxyethanol, Ethylhexylglycerin, DMDM, Hydantoin, BHT, Citumine Acid, 4 , Citronellol, Limonene, Alpha-Isomethyl Ionone, Geraniol, Linalool.<\/p>","protected":false},"excerpt":{"rendered":"<h2>Softening &amp; Moisturizing Cream with 10% UREA<\/h2>\n<div class=\"product-box-1\">Capacit\u00e9\u00a0<strong>75ml<\/strong><\/div>\n<div class=\"product-box-1\">(about 35 treatments)<\/div>\n<div><\/div>\n<div>Ingr\u00e9dients actifs :<\/div>\n<div><img loading=\"lazy\" decoding=\"async\" class=\"alignnone size-full wp-image-20442\" src=\"http:\/\/victoriavynn.ca\/wp-content\/uploads\/2024\/04\/urea-final.webp\" alt=\"UREA FINAL\" width=\"150\" height=\"150\" \/><img loading=\"lazy\" decoding=\"async\" class=\"alignnone size-full wp-image-20458\" src=\"http:\/\/victoriavynn.ca\/wp-content\/uploads\/2023\/03\/almond-oil-final.webp\" alt=\"Almond oil final\" width=\"150\" height=\"150\" \/><img loading=\"lazy\" decoding=\"async\" class=\"alignnone size-full wp-image-20447\" src=\"http:\/\/victoriavynn.ca\/wp-content\/uploads\/2024\/04\/shea-butter-final.webp\" alt=\"Shea butter\" width=\"150\" height=\"150\" \/><img loading=\"lazy\" decoding=\"async\" class=\"alignnone size-full wp-image-20427\" src=\"http:\/\/victoriavynn.ca\/wp-content\/uploads\/2023\/03\/panthenol-final.webp\" alt=\"PANTHENOL FINAL\" width=\"150\" height=\"150\" \/><img loading=\"lazy\" decoding=\"async\" class=\"alignnone size-full wp-image-20425\" src=\"http:\/\/victoriavynn.ca\/wp-content\/uploads\/2023\/03\/allantoin-final.webp\" alt=\"ALLANTOIN FINAL\" width=\"150\" height=\"150\" \/><img loading=\"lazy\" decoding=\"async\" class=\"alignnone size-full wp-image-20881\" src=\"http:\/\/victoriavynn.ca\/wp-content\/uploads\/2024\/04\/wild-water-mind-extract.webp\" alt=\"WILD WATER MIND EXTRACT\" width=\"150\" height=\"150\" \/><img loading=\"lazy\" decoding=\"async\" class=\"alignnone size-full wp-image-20400\" src=\"http:\/\/victoriavynn.ca\/wp-content\/uploads\/2023\/03\/tea-tree-oil-silver-booster-ingredient.webp\" alt=\"TEA TREE OIL SILVER BOOSTER INGREDIENT\" width=\"150\" height=\"150\" \/><\/div>\n<div><\/div>","protected":false},"featured_media":25952,"comment_status":"open","ping_status":"closed","template":"","meta":{"jetpack_post_was_ever_published":false,"jetpack_publicize_message":"","jetpack_publicize_feature_enabled":true,"jetpack_social_post_already_shared":false,"jetpack_social_options":{"image_generator_settings":{"template":"highway","default_image_id":0,"font":"","enabled":false},"version":2}},"product_brand":[955],"product_cat":[548],"product_tag":[],"class_list":{"0":"post-10967","1":"product","2":"type-product","3":"status-publish","4":"has-post-thumbnail","6":"product_brand-pharm-foot","7":"product_cat-urea-line","9":"first","10":"instock","11":"taxable","12":"shipping-taxable","13":"purchasable","14":"product-type-simple"},"jetpack_publicize_connections":[],"jetpack-related-posts":[{"id":17500,"url":"https:\/\/naillycosmetics.com\/fr\/produit\/pharm-foot-dermo-intense-250ml-urea-line\/","url_meta":{"origin":10967,"position":0},"title":"Pharm Foot Dermo Intense 250ml (Ligne Ur\u00e9e)","author":"Serge Sahakian","date":"avril 7, 2024","format":false,"excerpt":"MOISTURIZING ANTI-CALLUS CREAM WITH UREA & COLLAGEN Capacity\u00a0250g \u00a0 Active Ingredients: \u00a0","rel":"","context":"Article similaire","block_context":{"text":"Article similaire","link":""},"img":{"alt_text":"Pharm Foot Dermo Intense 250g","src":"https:\/\/i0.wp.com\/naillycosmetics.com\/wp-content\/uploads\/2026\/02\/pharm-foot-dermo-intense-250g-.webp?fit=750%2C1000&ssl=1&resize=350%2C200","width":350,"height":200,"srcset":"https:\/\/i0.wp.com\/naillycosmetics.com\/wp-content\/uploads\/2026\/02\/pharm-foot-dermo-intense-250g-.webp?fit=750%2C1000&ssl=1&resize=350%2C200 1x, https:\/\/i0.wp.com\/naillycosmetics.com\/wp-content\/uploads\/2026\/02\/pharm-foot-dermo-intense-250g-.webp?fit=750%2C1000&ssl=1&resize=525%2C300 1.5x, https:\/\/i0.wp.com\/naillycosmetics.com\/wp-content\/uploads\/2026\/02\/pharm-foot-dermo-intense-250g-.webp?fit=750%2C1000&ssl=1&resize=700%2C400 2x"},"classes":[]},{"id":17504,"url":"https:\/\/naillycosmetics.com\/fr\/produit\/pharm-foot-urea-forte-75ml-urea-line\/","url_meta":{"origin":10967,"position":1},"title":"Pharm Foot Urea Forte 75ml (Ligne Urea)","author":"Serge Sahakian","date":"avril 7, 2024","format":false,"excerpt":"Ointment Against Skin Keratication with UREA & Emollients Capacity\u00a075ml (about 40 treatments) Active Ingredients:","rel":"","context":"Article similaire","block_context":{"text":"Article similaire","link":""},"img":{"alt_text":"","src":"https:\/\/i0.wp.com\/naillycosmetics.com\/wp-content\/uploads\/2026\/02\/pharm-foot-urea-forte-1-5.webp?fit=750%2C1000&ssl=1&resize=350%2C200","width":350,"height":200,"srcset":"https:\/\/i0.wp.com\/naillycosmetics.com\/wp-content\/uploads\/2026\/02\/pharm-foot-urea-forte-1-5.webp?fit=750%2C1000&ssl=1&resize=350%2C200 1x, https:\/\/i0.wp.com\/naillycosmetics.com\/wp-content\/uploads\/2026\/02\/pharm-foot-urea-forte-1-5.webp?fit=750%2C1000&ssl=1&resize=525%2C300 1.5x, https:\/\/i0.wp.com\/naillycosmetics.com\/wp-content\/uploads\/2026\/02\/pharm-foot-urea-forte-1-5.webp?fit=750%2C1000&ssl=1&resize=700%2C400 2x"},"classes":[]},{"id":3576,"url":"https:\/\/naillycosmetics.com\/fr\/?attachment_id=3576","url_meta":{"origin":10967,"position":2},"title":"38","author":"Serge Sahakian","date":"ao\u00fbt 24, 2022","format":false,"excerpt":"","rel":"","context":"Article similaire","block_context":{"text":"Article similaire","link":""},"img":{"alt_text":"","src":"https:\/\/i0.wp.com\/naillycosmetics.com\/wp-content\/uploads\/2020\/02\/38.png?fit=400%2C400&ssl=1&resize=350%2C200","width":350,"height":200},"classes":[]},{"id":10993,"url":"https:\/\/naillycosmetics.com\/fr\/produit\/best-hand-and-body-moisturizer-for-dry-skin\/","url_meta":{"origin":10967,"position":3},"title":"Pharm Foot O3 CONCENTRATE 400ml (Ozone Oil Line)","author":"Serge Sahakian","date":"mars 9, 2023","format":false,"excerpt":"Pharm Foot O3 CONCENTRATE - PROTECTIVE BUTTER FOR BODY AND HAND with ozone oil and shea butter is nominated among the best Hand and Body Moisturizer for Dry Skin. O3 CONCENTRE rebuilds the epidermis and soothes irritations. It also protects against drying and the harmful effects of external factors. For\u2026","rel":"","context":"Article similaire","block_context":{"text":"Article similaire","link":""},"img":{"alt_text":"Pharm Foot best hand and body moisturizer for dry skin Ozone Oil o3 Concentre Butter","src":"https:\/\/i0.wp.com\/naillycosmetics.com\/wp-content\/uploads\/2026\/02\/pharm-foot-best-hand-and-body-moisturizer-for-dry-skin-ozone-oil-o3-concentre-butter.webp?fit=750%2C1000&ssl=1&resize=350%2C200","width":350,"height":200,"srcset":"https:\/\/i0.wp.com\/naillycosmetics.com\/wp-content\/uploads\/2026\/02\/pharm-foot-best-hand-and-body-moisturizer-for-dry-skin-ozone-oil-o3-concentre-butter.webp?fit=750%2C1000&ssl=1&resize=350%2C200 1x, https:\/\/i0.wp.com\/naillycosmetics.com\/wp-content\/uploads\/2026\/02\/pharm-foot-best-hand-and-body-moisturizer-for-dry-skin-ozone-oil-o3-concentre-butter.webp?fit=750%2C1000&ssl=1&resize=525%2C300 1.5x, https:\/\/i0.wp.com\/naillycosmetics.com\/wp-content\/uploads\/2026\/02\/pharm-foot-best-hand-and-body-moisturizer-for-dry-skin-ozone-oil-o3-concentre-butter.webp?fit=750%2C1000&ssl=1&resize=700%2C400 2x"},"classes":[]},{"id":17496,"url":"https:\/\/naillycosmetics.com\/fr\/produit\/pharm-foot-hydro-cream-250ml-urea-line\/","url_meta":{"origin":10967,"position":4},"title":"Pharm Foot Hydro Cream 250ml (Urea Line)","author":"Serge Sahakian","date":"avril 7, 2024","format":false,"excerpt":"Dry Skin Moisturizing Spray with 10% UREA & Humectants Capacity\u00a0150ml Active Ingredients:","rel":"","context":"Article similaire","block_context":{"text":"Article similaire","link":""},"img":{"alt_text":"PHARM FOOT HYDRO CREAM SPRAY","src":"https:\/\/i0.wp.com\/naillycosmetics.com\/wp-content\/uploads\/2026\/02\/pharm-foot-hydro-cream-spray-.webp?fit=750%2C1000&ssl=1&resize=350%2C200","width":350,"height":200,"srcset":"https:\/\/i0.wp.com\/naillycosmetics.com\/wp-content\/uploads\/2026\/02\/pharm-foot-hydro-cream-spray-.webp?fit=750%2C1000&ssl=1&resize=350%2C200 1x, https:\/\/i0.wp.com\/naillycosmetics.com\/wp-content\/uploads\/2026\/02\/pharm-foot-hydro-cream-spray-.webp?fit=750%2C1000&ssl=1&resize=525%2C300 1.5x, https:\/\/i0.wp.com\/naillycosmetics.com\/wp-content\/uploads\/2026\/02\/pharm-foot-hydro-cream-spray-.webp?fit=750%2C1000&ssl=1&resize=700%2C400 2x"},"classes":[]},{"id":10995,"url":"https:\/\/naillycosmetics.com\/fr\/produit\/pharm-foot-cracked-heel-balm-75ml\/","url_meta":{"origin":10967,"position":5},"title":"Pharm Foot CRACKED HEEL PROTECTOR 75ml (Ozone Oil Line)","author":"Serge Sahakian","date":"mars 9, 2023","format":false,"excerpt":"Pharm Foot CRACKED HEEL PROTECTOR est vraiment la meilleure pommade pour r\u00e9parer les talons crevass\u00e9s. Gr\u00e2ce \u00e0 son puissant effet r\u00e9g\u00e9n\u00e9rant, CRACKED HEEL PROTECTOR soutient les processus de r\u00e9paration de la peau et cr\u00e9e une couche occlusive, emp\u00eachant la perte excessive d'eau. Il apaise, donne \u00e0 la peau \u00e9lasticit\u00e9, douceur et souplesse et assure une protection antimicrobienne....","rel":"","context":"Article similaire","block_context":{"text":"Article similaire","link":""},"img":{"alt_text":"Pharm Foot Best Cracked Heel Balm Ointment Cracked Heel Protector 75ml","src":"https:\/\/i0.wp.com\/naillycosmetics.com\/wp-content\/uploads\/2026\/02\/pharm-foot-best-cracked-heel-repair-ointment-cracked-heel-protector-75ml-.webp?fit=750%2C1000&ssl=1&resize=350%2C200","width":350,"height":200,"srcset":"https:\/\/i0.wp.com\/naillycosmetics.com\/wp-content\/uploads\/2026\/02\/pharm-foot-best-cracked-heel-repair-ointment-cracked-heel-protector-75ml-.webp?fit=750%2C1000&ssl=1&resize=350%2C200 1x, https:\/\/i0.wp.com\/naillycosmetics.com\/wp-content\/uploads\/2026\/02\/pharm-foot-best-cracked-heel-repair-ointment-cracked-heel-protector-75ml-.webp?fit=750%2C1000&ssl=1&resize=525%2C300 1.5x, https:\/\/i0.wp.com\/naillycosmetics.com\/wp-content\/uploads\/2026\/02\/pharm-foot-best-cracked-heel-repair-ointment-cracked-heel-protector-75ml-.webp?fit=750%2C1000&ssl=1&resize=700%2C400 2x"},"classes":[]}],"jetpack_sharing_enabled":true,"_links":{"self":[{"href":"https:\/\/naillycosmetics.com\/fr\/wp-json\/wp\/v2\/product\/10967","targetHints":{"allow":["GET"]}}],"collection":[{"href":"https:\/\/naillycosmetics.com\/fr\/wp-json\/wp\/v2\/product"}],"about":[{"href":"https:\/\/naillycosmetics.com\/fr\/wp-json\/wp\/v2\/types\/product"}],"replies":[{"embeddable":true,"href":"https:\/\/naillycosmetics.com\/fr\/wp-json\/wp\/v2\/comments?post=10967"}],"wp:featuredmedia":[{"embeddable":true,"href":"https:\/\/naillycosmetics.com\/fr\/wp-json\/wp\/v2\/media\/25952"}],"wp:attachment":[{"href":"https:\/\/naillycosmetics.com\/fr\/wp-json\/wp\/v2\/media?parent=10967"}],"wp:term":[{"taxonomy":"product_brand","embeddable":true,"href":"https:\/\/naillycosmetics.com\/fr\/wp-json\/wp\/v2\/product_brand?post=10967"},{"taxonomy":"product_cat","embeddable":true,"href":"https:\/\/naillycosmetics.com\/fr\/wp-json\/wp\/v2\/product_cat?post=10967"},{"taxonomy":"product_tag","embeddable":true,"href":"https:\/\/naillycosmetics.com\/fr\/wp-json\/wp\/v2\/product_tag?post=10967"}],"curies":[{"name":"wp","href":"https:\/\/api.w.org\/{rel}","templated":true}]}}