{"id":10882,"date":"2023-03-08T20:00:46","date_gmt":"2023-03-09T01:00:46","guid":{"rendered":"https:\/\/naillycosmetics.com\/product\/pharm-foot-one-shot-pedicure-multi-treatment-single-use\/"},"modified":"2026-02-18T14:10:02","modified_gmt":"2026-02-18T19:10:02","slug":"pharm-foot-one-shot-pedicure-multi-treatment-single-use","status":"publish","type":"product","link":"https:\/\/naillycosmetics.com\/fr\/produit\/pharm-foot-one-shot-pedicure-multi-treatment-single-use\/","title":{"rendered":"Pharm Foot One Shot Pedicure Multi Treatment (usage unique)"},"content":{"rendered":"","protected":false},"excerpt":{"rendered":"","protected":false},"featured_media":26048,"comment_status":"open","ping_status":"closed","template":"","meta":{"jetpack_post_was_ever_published":false,"jetpack_publicize_message":"","jetpack_publicize_feature_enabled":true,"jetpack_social_post_already_shared":false,"jetpack_social_options":{"image_generator_settings":{"template":"highway","default_image_id":0,"font":"","enabled":false},"version":2}},"product_brand":[955],"product_cat":[554],"product_tag":[],"class_list":{"0":"post-10882","1":"product","2":"type-product","3":"status-publish","4":"has-post-thumbnail","6":"product_brand-pharm-foot","7":"product_cat-pharm-foot-sets","9":"first","10":"instock","11":"taxable","12":"shipping-taxable","13":"purchasable","14":"product-type-simple"},"jetpack_publicize_connections":[],"jetpack-related-posts":[{"id":10909,"url":"https:\/\/naillycosmetics.com\/fr\/produit\/pharm-foot-pedicure-file-150-100-single-use\/","url_meta":{"origin":10882,"position":0},"title":"Lime de p\u00e9dicure Pharm Foot 150\/100 (usage unique)","author":"Serge Sahakian","date":"mars 8, 2023","format":false,"excerpt":"","rel":"","context":"Article similaire","block_context":{"text":"Article similaire","link":""},"img":{"alt_text":"","src":"https:\/\/i0.wp.com\/naillycosmetics.com\/wp-content\/uploads\/2026\/02\/tarka-jednorazowa-do-pedicure-150-100.jpeg?fit=753%2C753&ssl=1&resize=350%2C200","width":350,"height":200,"srcset":"https:\/\/i0.wp.com\/naillycosmetics.com\/wp-content\/uploads\/2026\/02\/tarka-jednorazowa-do-pedicure-150-100.jpeg?fit=753%2C753&ssl=1&resize=350%2C200 1x, https:\/\/i0.wp.com\/naillycosmetics.com\/wp-content\/uploads\/2026\/02\/tarka-jednorazowa-do-pedicure-150-100.jpeg?fit=753%2C753&ssl=1&resize=525%2C300 1.5x, https:\/\/i0.wp.com\/naillycosmetics.com\/wp-content\/uploads\/2026\/02\/tarka-jednorazowa-do-pedicure-150-100.jpeg?fit=753%2C753&ssl=1&resize=700%2C400 2x"},"classes":[]},{"id":11342,"url":"https:\/\/naillycosmetics.com\/fr\/produit\/best-pedicure-relaxing-salt-herbal-remedy\/","url_meta":{"origin":10882,"position":1},"title":"Pharm Foot Herbal reMEDY 500g (Ligne Ozone Oil &amp; Herbs)","author":"Serge Sahakian","date":"avril 13, 2023","format":false,"excerpt":"Le meilleur sel relaxant pour p\u00e9dicure. Pharm Foot Herbal reMEDY est un produit tr\u00e8s bien class\u00e9 en mati\u00e8re de soulagement.  Herbal reMEDY soulage les pieds fatigu\u00e9s et lourds et r\u00e9duit leur gonflement. Pour usage domestique - Capacit\u00e9 500g (environ 12 traitements) Sp\u00e9cifications des produits : \u00a0 \u00a0 \u00a0 \u00a0 \u00a0 \u00a0","rel":"","context":"Article similaire","block_context":{"text":"Article similaire","link":""},"img":{"alt_text":"Pharm Foot best pedicure relaxing salt Pharm Foot 500g","src":"https:\/\/i0.wp.com\/naillycosmetics.com\/wp-content\/uploads\/2026\/02\/pharm-foot-best-pedicure-relaxing-salt-pharm-foot-500g.webp?fit=750%2C1000&ssl=1&resize=350%2C200","width":350,"height":200,"srcset":"https:\/\/i0.wp.com\/naillycosmetics.com\/wp-content\/uploads\/2026\/02\/pharm-foot-best-pedicure-relaxing-salt-pharm-foot-500g.webp?fit=750%2C1000&ssl=1&resize=350%2C200 1x, https:\/\/i0.wp.com\/naillycosmetics.com\/wp-content\/uploads\/2026\/02\/pharm-foot-best-pedicure-relaxing-salt-pharm-foot-500g.webp?fit=750%2C1000&ssl=1&resize=525%2C300 1.5x, https:\/\/i0.wp.com\/naillycosmetics.com\/wp-content\/uploads\/2026\/02\/pharm-foot-best-pedicure-relaxing-salt-pharm-foot-500g.webp?fit=750%2C1000&ssl=1&resize=700%2C400 2x"},"classes":[]},{"id":11340,"url":"https:\/\/naillycosmetics.com\/fr\/produit\/salon-herbal-pedicure-salt-1250g\/","url_meta":{"origin":10882,"position":2},"title":"Pharm Foot Herbal reMEDY 1250g (Ligne Ozone Oil &amp; Herbs)","author":"Serge Sahakian","date":"avril 13, 2023","format":false,"excerpt":"Meilleur sel de p\u00e9dicure \u00e0 base de plantes de salon. Pharm Foot Herbal reMEDY est un produit tr\u00e8s bien class\u00e9 en mati\u00e8re de soulagement.  Herbal reMEDY soulage les pieds fatigu\u00e9s et lourds et r\u00e9duit leur gonflement. Pour le salon et la maison - Capacit\u00e9 1250g (environ 30 traitements) Sp\u00e9cifications des produits :          ...","rel":"","context":"Article similaire","block_context":{"text":"Article similaire","link":""},"img":{"alt_text":"Pharm Foot best salon herbal pedicure salt Pharm Foot 1250g","src":"https:\/\/i0.wp.com\/naillycosmetics.com\/wp-content\/uploads\/2026\/02\/pharm-foot-best-salon-herbal-pedicure-salt-pharm-foot-1250g.webp?fit=750%2C1000&ssl=1&resize=350%2C200","width":350,"height":200,"srcset":"https:\/\/i0.wp.com\/naillycosmetics.com\/wp-content\/uploads\/2026\/02\/pharm-foot-best-salon-herbal-pedicure-salt-pharm-foot-1250g.webp?fit=750%2C1000&ssl=1&resize=350%2C200 1x, https:\/\/i0.wp.com\/naillycosmetics.com\/wp-content\/uploads\/2026\/02\/pharm-foot-best-salon-herbal-pedicure-salt-pharm-foot-1250g.webp?fit=750%2C1000&ssl=1&resize=525%2C300 1.5x, https:\/\/i0.wp.com\/naillycosmetics.com\/wp-content\/uploads\/2026\/02\/pharm-foot-best-salon-herbal-pedicure-salt-pharm-foot-1250g.webp?fit=750%2C1000&ssl=1&resize=700%2C400 2x"},"classes":[]},{"id":11001,"url":"https:\/\/naillycosmetics.com\/fr\/produit\/pharm-foot-pedicure-toe-reconstruction-kit\/","url_meta":{"origin":10882,"position":3},"title":"Pharm Foot reCONSTRUCTOR PODO NAIL SET UV\/LED","author":"Serge Sahakian","date":"mars 9, 2023","format":false,"excerpt":"Pharm Foot reCONSTRUCTOR PODO NAIL SET UV\/LED est le kit ultime de reconstruction des orteils pour la p\u00e9dicure. Le \"nouvel ongle\" cr\u00e9\u00e9 \u00e0 la suite de la reconstruction est con\u00e7u pour prot\u00e9ger la nouvelle plaque d'ongle saine en croissance et le lit de l'ongle contre les facteurs externes. Pour utilisation en salon - Capacit\u00e9 30g \/ 27ml (environ...","rel":"","context":"Article similaire","block_context":{"text":"Article similaire","link":""},"img":{"alt_text":"Pharm Foot pedicure toe reconstruction kit reCONSTRUCTOR 30ml","src":"https:\/\/i0.wp.com\/naillycosmetics.com\/wp-content\/uploads\/2026\/02\/pharm-foot-pedicure-toe-reconstruction-kit-reconstructor-30ml.webp?fit=750%2C1000&ssl=1&resize=350%2C200","width":350,"height":200,"srcset":"https:\/\/i0.wp.com\/naillycosmetics.com\/wp-content\/uploads\/2026\/02\/pharm-foot-pedicure-toe-reconstruction-kit-reconstructor-30ml.webp?fit=750%2C1000&ssl=1&resize=350%2C200 1x, https:\/\/i0.wp.com\/naillycosmetics.com\/wp-content\/uploads\/2026\/02\/pharm-foot-pedicure-toe-reconstruction-kit-reconstructor-30ml.webp?fit=750%2C1000&ssl=1&resize=525%2C300 1.5x, https:\/\/i0.wp.com\/naillycosmetics.com\/wp-content\/uploads\/2026\/02\/pharm-foot-pedicure-toe-reconstruction-kit-reconstructor-30ml.webp?fit=750%2C1000&ssl=1&resize=700%2C400 2x"},"classes":[]},{"id":11344,"url":"https:\/\/naillycosmetics.com\/fr\/produit\/best-protective-pedicure-barrier-ointment\/","url_meta":{"origin":10882,"position":4},"title":"Pharm Foot PREVENTIC SALVE 75ml (Ozone Oil &amp; Herbs Line)","author":"Serge Sahakian","date":"avril 13, 2023","format":false,"excerpt":"Pharm Foot PREVENTIC SALVE figure parmi les meilleures pommades protectrices pour les pieds, la peau, les mains et le corps. Elle forme une couche occlusive qui prot\u00e8ge la peau de la perte d'humidit\u00e9 et des facteurs externes. En outre, il renforce et am\u00e9liore l'\u00e9tat de la peau. Pour les salons et l'usage domestique...","rel":"","context":"Article similaire","block_context":{"text":"Article similaire","link":""},"img":{"alt_text":"pharm foot best protective pedicure barrier ointment pharm foot","src":"https:\/\/i0.wp.com\/naillycosmetics.com\/wp-content\/uploads\/2026\/02\/pharm-foot-best-protective-pedicure-barrier-ointment-pharm-foot.webp?fit=750%2C1000&ssl=1&resize=350%2C200","width":350,"height":200,"srcset":"https:\/\/i0.wp.com\/naillycosmetics.com\/wp-content\/uploads\/2026\/02\/pharm-foot-best-protective-pedicure-barrier-ointment-pharm-foot.webp?fit=750%2C1000&ssl=1&resize=350%2C200 1x, https:\/\/i0.wp.com\/naillycosmetics.com\/wp-content\/uploads\/2026\/02\/pharm-foot-best-protective-pedicure-barrier-ointment-pharm-foot.webp?fit=750%2C1000&ssl=1&resize=525%2C300 1.5x, https:\/\/i0.wp.com\/naillycosmetics.com\/wp-content\/uploads\/2026\/02\/pharm-foot-best-protective-pedicure-barrier-ointment-pharm-foot.webp?fit=750%2C1000&ssl=1&resize=700%2C400 2x"},"classes":[]},{"id":11346,"url":"https:\/\/naillycosmetics.com\/fr\/produit\/best-soothing-pedicure-foam-ozone-herbs\/","url_meta":{"origin":10882,"position":5},"title":"Pharm Foot reLIEF MOUSSE 105ml (Ozone Oil &amp; Herbs Line)","author":"Serge Sahakian","date":"avril 13, 2023","format":false,"excerpt":"Pharm Foot reLIEF MOUSSE figure parmi les meilleures mousses de p\u00e9dicure apaisantes. Gr\u00e2ce \u00e0 ses propri\u00e9t\u00e9s r\u00e9g\u00e9n\u00e9ratrices, apaisantes et calmantes, reLIEF MOUSSE donne la sensation de jambes l\u00e9g\u00e8res et repos\u00e9es. Elle am\u00e9liore \u00e9galement l'\u00e9tat de la peau et la renforce, tout en la rafra\u00eechissant en douceur....","rel":"","context":"Article similaire","block_context":{"text":"Article similaire","link":""},"img":{"alt_text":"Pharm Foot Best Soothing Pedicure Foam Victoria VYNN","src":"https:\/\/i0.wp.com\/naillycosmetics.com\/wp-content\/uploads\/2026\/02\/pharm-foot-best-soothing-pedicure-foam-victoria-vynn-.webp?fit=750%2C1000&ssl=1&resize=350%2C200","width":350,"height":200,"srcset":"https:\/\/i0.wp.com\/naillycosmetics.com\/wp-content\/uploads\/2026\/02\/pharm-foot-best-soothing-pedicure-foam-victoria-vynn-.webp?fit=750%2C1000&ssl=1&resize=350%2C200 1x, https:\/\/i0.wp.com\/naillycosmetics.com\/wp-content\/uploads\/2026\/02\/pharm-foot-best-soothing-pedicure-foam-victoria-vynn-.webp?fit=750%2C1000&ssl=1&resize=525%2C300 1.5x, https:\/\/i0.wp.com\/naillycosmetics.com\/wp-content\/uploads\/2026\/02\/pharm-foot-best-soothing-pedicure-foam-victoria-vynn-.webp?fit=750%2C1000&ssl=1&resize=700%2C400 2x"},"classes":[]}],"jetpack_sharing_enabled":true,"_links":{"self":[{"href":"https:\/\/naillycosmetics.com\/fr\/wp-json\/wp\/v2\/product\/10882","targetHints":{"allow":["GET"]}}],"collection":[{"href":"https:\/\/naillycosmetics.com\/fr\/wp-json\/wp\/v2\/product"}],"about":[{"href":"https:\/\/naillycosmetics.com\/fr\/wp-json\/wp\/v2\/types\/product"}],"replies":[{"embeddable":true,"href":"https:\/\/naillycosmetics.com\/fr\/wp-json\/wp\/v2\/comments?post=10882"}],"wp:featuredmedia":[{"embeddable":true,"href":"https:\/\/naillycosmetics.com\/fr\/wp-json\/wp\/v2\/media\/26048"}],"wp:attachment":[{"href":"https:\/\/naillycosmetics.com\/fr\/wp-json\/wp\/v2\/media?parent=10882"}],"wp:term":[{"taxonomy":"product_brand","embeddable":true,"href":"https:\/\/naillycosmetics.com\/fr\/wp-json\/wp\/v2\/product_brand?post=10882"},{"taxonomy":"product_cat","embeddable":true,"href":"https:\/\/naillycosmetics.com\/fr\/wp-json\/wp\/v2\/product_cat?post=10882"},{"taxonomy":"product_tag","embeddable":true,"href":"https:\/\/naillycosmetics.com\/fr\/wp-json\/wp\/v2\/product_tag?post=10882"}],"curies":[{"name":"wp","href":"https:\/\/api.w.org\/{rel}","templated":true}]}}