{"id":10676,"date":"2023-02-09T19:02:56","date_gmt":"2023-02-10T00:02:56","guid":{"rendered":"https:\/\/naillycosmetics.com\/?post_type=product&#038;p=10676"},"modified":"2026-03-14T14:36:55","modified_gmt":"2026-03-14T18:36:55","slug":"diamond-disco-gel-polish-324-disco-ball","status":"publish","type":"product","link":"https:\/\/naillycosmetics.com\/fr\/produit\/diamond-disco-gel-polish-324-disco-ball\/","title":{"rendered":"Victoria VYNN Salon Gel Polish No. 324 Disco Ball"},"content":{"rendered":"<p>Le syst\u00e8me Gel Polish comprend des vernis hybrides classiques et durables durcis dans des lampes UV et LED. Le syst\u00e8me contient des bases et des tops aux propri\u00e9t\u00e9s, \u00e0 la durabilit\u00e9 et \u00e0 la finition diff\u00e9rentes.<\/p>\n<p>Nous r\u00e9pondons aux besoins de nos clients en offrant une riche vari\u00e9t\u00e9 de couleurs avec des vernis hybrides de diff\u00e9rentes couvertures et effets, dans plus de 200 couleurs.<\/p>\n<p>Le Best of Diamond Disco Gel Polish - Disco Ball est un violet bruy\u00e8re qui diffuse la lumi\u00e8re comme une boule disco.<\/p>\n<p>Victoria VYNN Gel Polish Color est une ligne de vernis hybrides \u00e0 s\u00e9chage l\u00e9ger, qui est utilis\u00e9e dans deux types de coiffage : Syst\u00e8me hybride en 3 \u00e9tapes et Syst\u00e8me Soak Off en 4 \u00e9tapes. Gel Polish Color impressionne par la qualit\u00e9 du coiffage et les applications possibles - une palette de couleurs, deux types de coiffage.<\/p>\n<p>Sp\u00e9cifications du produit :<\/p>\n<ul>\n<li>A utiliser pour les manucures hybrides et les manucures Soak Off.<\/li>\n<li>Formule laque-gel.<\/li>\n<li>Deux couches fines assurent une couverture parfaite et une profondeur de couleur.<\/li>\n<li>Il s'\u00e9tale uniform\u00e9ment, sans traces.<\/li>\n<li>Une large gamme de couleurs : \u00e9maux, paillettes, pastels, n\u00e9ons, semi-transparents et couleurs fran\u00e7aises.<\/li>\n<\/ul>","protected":false},"excerpt":{"rendered":"<p>Victoria VYNN Salon Gel Polish Disco Ball No. 324 est un violet bruy\u00e8re qui diffuse la lumi\u00e8re comme une boule disco ; le meilleur du Salon Diamond Disco Gel Polish. Le premier distributeur canadien de fournitures professionnelles pour les ongles. Achetez en toute confiance !<\/p>\n<p>Collection : <a href=\"https:\/\/victoriavynn.ca\/tags\/salon-gel-polish-disco-fever-collection\/\">Salon Gel Polish Disco Fever<\/a><\/p>\n<p>Sp\u00e9cifications du produit :<\/p>\n<p><img loading=\"lazy\" decoding=\"async\" class=\"size-full wp-image-10680 alignleft\" src=\"https:\/\/victoriavynn.ca\/wp-content\/uploads\/2023\/02\/DIFFERENT-FINISHING-EFFECTS.webp\" alt=\"DIFFERENT FINISHING EFFECTS\" width=\"125\" height=\"150\" srcset=\"https:\/\/i0.wp.com\/naillycosmetics.com\/wp-content\/uploads\/2023\/02\/DIFFERENT-FINISHING-EFFECTS.webp?w=125&amp;ssl=1 125w, https:\/\/i0.wp.com\/naillycosmetics.com\/wp-content\/uploads\/2023\/02\/DIFFERENT-FINISHING-EFFECTS.webp?resize=10%2C12&amp;ssl=1 10w\" sizes=\"auto, (max-width: 125px) 100vw, 125px\" \/><\/p>\n<p><img loading=\"lazy\" decoding=\"async\" class=\"size-full wp-image-10681 alignleft\" src=\"https:\/\/victoriavynn.ca\/wp-content\/uploads\/2023\/02\/FLAT-CLASSIC-BRUSH.webp\" alt=\"FLAT CLASSIC BRUSH\" width=\"125\" height=\"150\" srcset=\"https:\/\/i0.wp.com\/naillycosmetics.com\/wp-content\/uploads\/2023\/02\/FLAT-CLASSIC-BRUSH.webp?w=125&amp;ssl=1 125w, https:\/\/i0.wp.com\/naillycosmetics.com\/wp-content\/uploads\/2023\/02\/FLAT-CLASSIC-BRUSH.webp?resize=10%2C12&amp;ssl=1 10w\" sizes=\"auto, (max-width: 125px) 100vw, 125px\" \/><\/p>\n<p><img loading=\"lazy\" decoding=\"async\" class=\"size-full wp-image-8758 alignleft\" src=\"https:\/\/victoriavynn.ca\/wp-content\/uploads\/2020\/03\/FOR-UV-LED-LAMPS.webp\" alt=\"rubber base coat\" width=\"125\" height=\"150\" \/><\/p>\n<p><img loading=\"lazy\" decoding=\"async\" class=\"size-full wp-image-8772 alignleft\" src=\"https:\/\/victoriavynn.ca\/wp-content\/uploads\/2019\/11\/SALON-QUALITY.webp\" alt=\"GEL NAIL BUILDER\" width=\"125\" height=\"150\" \/><\/p>\n<p>&nbsp;<\/p>\n<p>&nbsp;<\/p>\n<p>&nbsp;<\/p>\n<p>&nbsp;<\/p>\n<p>&nbsp;<\/p>\n<p>&nbsp;<\/p>\n<p>&nbsp;<\/p>\n<p style=\"text-align: left\">Disponibilit\u00e9 du stock :<\/p>","protected":false},"featured_media":26169,"comment_status":"open","ping_status":"closed","template":"","meta":{"jetpack_post_was_ever_published":false,"jetpack_publicize_message":"","jetpack_publicize_feature_enabled":true,"jetpack_social_post_already_shared":false,"jetpack_social_options":{"image_generator_settings":{"template":"highway","default_image_id":0,"font":"","enabled":false},"version":2}},"product_brand":[932],"product_cat":[51],"product_tag":[958,69,966,544],"class_list":{"0":"post-10676","1":"product","2":"type-product","3":"status-publish","4":"has-post-thumbnail","6":"product_brand-victoria-vynn","7":"product_cat-professional-nail-colours-gel","8":"product_tag-autumn-winter-gp-colors","9":"product_tag-gel-polish-colors","10":"product_tag-glitter-gel-polish","11":"product_tag-salon-gel-polish-disco-fever-collection","12":"pa_size-8ml","14":"first","15":"instock","16":"taxable","17":"shipping-taxable","18":"purchasable","19":"product-type-simple"},"jetpack_publicize_connections":[],"jetpack-related-posts":[{"id":10690,"url":"https:\/\/naillycosmetics.com\/fr\/produit\/reflective-disco-gel-polish-327-e-purple\/","url_meta":{"origin":10676,"position":0},"title":"Victoria VYNN Salon Gel Polish No. 327 Rouge Funk","author":"Serge Sahakian","date":"f\u00e9vrier 9, 2023","format":false,"excerpt":"Victoria VYNN Salon Gel Polish Rouge Funk No. 327 is a saturated pink rhythmically diffuses the light; the best of Reflective Disco Gel Polish. Canada's Leading Distributor of Professional Nail Supplies. Buy with Confidence! Collection: Salon Gel Polish Disco Fever Product Specifications: \u00a0 \u00a0 \u00a0 \u00a0 \u00a0 \u00a0 \u00a0 Stock\u2026","rel":"","context":"Article similaire","block_context":{"text":"Article similaire","link":""},"img":{"alt_text":"Reflective disco gel polish Victoria VYNN 327 Rouge Funk","src":"https:\/\/i0.wp.com\/naillycosmetics.com\/wp-content\/uploads\/2026\/02\/reflective-disco-gel-polish-victoria-vynn-327-rouge-funk-1-1.webp?fit=750%2C1000&ssl=1&resize=350%2C200","width":350,"height":200,"srcset":"https:\/\/i0.wp.com\/naillycosmetics.com\/wp-content\/uploads\/2026\/02\/reflective-disco-gel-polish-victoria-vynn-327-rouge-funk-1-1.webp?fit=750%2C1000&ssl=1&resize=350%2C200 1x, https:\/\/i0.wp.com\/naillycosmetics.com\/wp-content\/uploads\/2026\/02\/reflective-disco-gel-polish-victoria-vynn-327-rouge-funk-1-1.webp?fit=750%2C1000&ssl=1&resize=525%2C300 1.5x, https:\/\/i0.wp.com\/naillycosmetics.com\/wp-content\/uploads\/2026\/02\/reflective-disco-gel-polish-victoria-vynn-327-rouge-funk-1-1.webp?fit=750%2C1000&ssl=1&resize=700%2C400 2x"},"classes":[]},{"id":10696,"url":"https:\/\/naillycosmetics.com\/fr\/produit\/disco-glitter-gel-polish-329-bordo-trans\/","url_meta":{"origin":10676,"position":1},"title":"Victoria VYNN Salon Gel Polish No. 329 Bordo Trans","author":"Serge Sahakian","date":"f\u00e9vrier 9, 2023","format":false,"excerpt":"Victoria VYNN Salon Gel Polish Bordo Trans No. 329 is a deep burgundy shines with sensuality; the best of Disco Glitter Gel Polish. Canada's Leading Distributor of Professional Nail Supplies. Buy with Confidence! Collection: Salon Gel Polish Disco Fever Product Specifications: \u00a0 \u00a0 \u00a0 \u00a0 \u00a0 \u00a0 \u00a0 Stock Availability:","rel":"","context":"Article similaire","block_context":{"text":"Article similaire","link":""},"img":{"alt_text":"disco glitter gel polish Victoria VYNN Bordo Trans 329 Disco Fever Collection","src":"https:\/\/i0.wp.com\/naillycosmetics.com\/wp-content\/uploads\/2026\/02\/disco-glitter-gel-polish-victoria-vynn-bordo-trans-329-disco-fever-collection-.webp?fit=750%2C1000&ssl=1&resize=350%2C200","width":350,"height":200,"srcset":"https:\/\/i0.wp.com\/naillycosmetics.com\/wp-content\/uploads\/2026\/02\/disco-glitter-gel-polish-victoria-vynn-bordo-trans-329-disco-fever-collection-.webp?fit=750%2C1000&ssl=1&resize=350%2C200 1x, https:\/\/i0.wp.com\/naillycosmetics.com\/wp-content\/uploads\/2026\/02\/disco-glitter-gel-polish-victoria-vynn-bordo-trans-329-disco-fever-collection-.webp?fit=750%2C1000&ssl=1&resize=525%2C300 1.5x, https:\/\/i0.wp.com\/naillycosmetics.com\/wp-content\/uploads\/2026\/02\/disco-glitter-gel-polish-victoria-vynn-bordo-trans-329-disco-fever-collection-.webp?fit=750%2C1000&ssl=1&resize=700%2C400 2x"},"classes":[]},{"id":10693,"url":"https:\/\/naillycosmetics.com\/fr\/produit\/bet-red-disco-gel-polish-328-red-soul\/","url_meta":{"origin":10676,"position":2},"title":"Victoria VYNN Salon Gel Polish No. 328 Red Soul","author":"Serge Sahakian","date":"f\u00e9vrier 9, 2023","format":false,"excerpt":"Victoria VYNN Salon Gel Polish Red Soul No. 328 is a shimmering red captivates with perfection; the best of Red Disco Gel Polish. Canada's Leading Distributor of Professional Nail Supplies. Buy with Confidence! Collection: Salon Gel Polish Disco Fever Product Specifications: \u00a0 \u00a0 \u00a0 \u00a0 \u00a0 \u00a0 \u00a0 Stock Availability:","rel":"","context":"Article similaire","block_context":{"text":"Article similaire","link":""},"img":{"alt_text":"red disco gel polish victoria vynn 328 red soul disco fever collection","src":"https:\/\/i0.wp.com\/naillycosmetics.com\/wp-content\/uploads\/2026\/02\/red-disco-gel-polish-victoria-vynn-328-red-soul-disco-fever-collection.webp?fit=750%2C1000&ssl=1&resize=350%2C200","width":350,"height":200,"srcset":"https:\/\/i0.wp.com\/naillycosmetics.com\/wp-content\/uploads\/2026\/02\/red-disco-gel-polish-victoria-vynn-328-red-soul-disco-fever-collection.webp?fit=750%2C1000&ssl=1&resize=350%2C200 1x, https:\/\/i0.wp.com\/naillycosmetics.com\/wp-content\/uploads\/2026\/02\/red-disco-gel-polish-victoria-vynn-328-red-soul-disco-fever-collection.webp?fit=750%2C1000&ssl=1&resize=525%2C300 1.5x, https:\/\/i0.wp.com\/naillycosmetics.com\/wp-content\/uploads\/2026\/02\/red-disco-gel-polish-victoria-vynn-328-red-soul-disco-fever-collection.webp?fit=750%2C1000&ssl=1&resize=700%2C400 2x"},"classes":[]},{"id":10687,"url":"https:\/\/naillycosmetics.com\/fr\/produit\/disco-gel-nail-polish-326-electro-purple\/","url_meta":{"origin":10676,"position":3},"title":"Victoria VYNN Salon Gel Polish No. 326 Electro Purple","author":"Serge Sahakian","date":"f\u00e9vrier 9, 2023","format":false,"excerpt":"Victoria VYNN Salon Gel Polish Electro Purple No. 326 is a purple glow electrifies with beauty; the best of Salon Disco Gel Nail Polish. Canada's Leading Distributor of Professional Nail Supplies. Buy with Confidence! Collection: Salon Gel Polish Disco Fever Product Specifications: \u00a0 \u00a0 \u00a0 \u00a0 \u00a0 \u00a0 \u00a0 Stock\u2026","rel":"","context":"Article similaire","block_context":{"text":"Article similaire","link":""},"img":{"alt_text":"best disco gel nail polish Victoria VYNN 326 Electro Purple 326","src":"https:\/\/i0.wp.com\/naillycosmetics.com\/wp-content\/uploads\/2026\/02\/best-disco-gel-nail-polish-victoria-vynn-326-electro-purple-326.webp?fit=750%2C1000&ssl=1&resize=350%2C200","width":350,"height":200,"srcset":"https:\/\/i0.wp.com\/naillycosmetics.com\/wp-content\/uploads\/2026\/02\/best-disco-gel-nail-polish-victoria-vynn-326-electro-purple-326.webp?fit=750%2C1000&ssl=1&resize=350%2C200 1x, https:\/\/i0.wp.com\/naillycosmetics.com\/wp-content\/uploads\/2026\/02\/best-disco-gel-nail-polish-victoria-vynn-326-electro-purple-326.webp?fit=750%2C1000&ssl=1&resize=525%2C300 1.5x, https:\/\/i0.wp.com\/naillycosmetics.com\/wp-content\/uploads\/2026\/02\/best-disco-gel-nail-polish-victoria-vynn-326-electro-purple-326.webp?fit=750%2C1000&ssl=1&resize=700%2C400 2x"},"classes":[]},{"id":10684,"url":"https:\/\/naillycosmetics.com\/fr\/produit\/flashing-disco-gel-polish-325-technoviolet\/","url_meta":{"origin":10676,"position":4},"title":"Victoria VYNN Salon Gel Polish No. 325 Techno Violet","author":"Serge Sahakian","date":"f\u00e9vrier 9, 2023","format":false,"excerpt":"Victoria VYNN Salon Gel Polish Techno Violet No. 325 est un violet profond et \u00e9tincelant qui captive avec une \u00e9nergie techno ; le meilleur du Salon Diamond Disco Gel Polish. Le premier distributeur canadien de fournitures professionnelles pour les ongles. Achetez en toute confiance ! Collection : Salon Gel Polish Disco Fever Sp\u00e9cifications du produit :               Stock...","rel":"","context":"Article similaire","block_context":{"text":"Article similaire","link":""},"img":{"alt_text":"flashing disco gel polish Victoria VYNN 325 Techno Violet","src":"https:\/\/i0.wp.com\/naillycosmetics.com\/wp-content\/uploads\/2026\/02\/flashing-disco-gel-polish-victoria-vynn-325-techno-violet.webp?fit=750%2C1000&ssl=1&resize=350%2C200","width":350,"height":200,"srcset":"https:\/\/i0.wp.com\/naillycosmetics.com\/wp-content\/uploads\/2026\/02\/flashing-disco-gel-polish-victoria-vynn-325-techno-violet.webp?fit=750%2C1000&ssl=1&resize=350%2C200 1x, https:\/\/i0.wp.com\/naillycosmetics.com\/wp-content\/uploads\/2026\/02\/flashing-disco-gel-polish-victoria-vynn-325-techno-violet.webp?fit=750%2C1000&ssl=1&resize=525%2C300 1.5x, https:\/\/i0.wp.com\/naillycosmetics.com\/wp-content\/uploads\/2026\/02\/flashing-disco-gel-polish-victoria-vynn-325-techno-violet.webp?fit=750%2C1000&ssl=1&resize=700%2C400 2x"},"classes":[]},{"id":10704,"url":"https:\/\/naillycosmetics.com\/fr\/produit\/green-disco-gel-polish-331-green-boogie\/","url_meta":{"origin":10676,"position":5},"title":"Victoria VYNN Salon Gel Polish No. 331 Green Boogie","author":"Serge Sahakian","date":"f\u00e9vrier 9, 2023","format":false,"excerpt":"Victoria VYNN Salon Gel Polish Green Boogie No. 331 is a strong green dazzles with a charming glow.; the Best of Green Disco Gel Polish. Canada's Leading Distributor of Professional Nail Supplies. Buy with Confidence! Collection: Salon Gel Polish Disco Fever Product Specifications: \u00a0 \u00a0 \u00a0 \u00a0 \u00a0 \u00a0 \u00a0\u2026","rel":"","context":"Article similaire","block_context":{"text":"Article similaire","link":""},"img":{"alt_text":"Best Green Disco Gel Polish Green Boogie Gel Polish 331 Disco Fever Collection","src":"https:\/\/i0.wp.com\/naillycosmetics.com\/wp-content\/uploads\/2026\/02\/best-green-disco-gel-polish-green-boogie-gel-polish-331-disco-fever-collection.webp?fit=750%2C1000&ssl=1&resize=350%2C200","width":350,"height":200,"srcset":"https:\/\/i0.wp.com\/naillycosmetics.com\/wp-content\/uploads\/2026\/02\/best-green-disco-gel-polish-green-boogie-gel-polish-331-disco-fever-collection.webp?fit=750%2C1000&ssl=1&resize=350%2C200 1x, https:\/\/i0.wp.com\/naillycosmetics.com\/wp-content\/uploads\/2026\/02\/best-green-disco-gel-polish-green-boogie-gel-polish-331-disco-fever-collection.webp?fit=750%2C1000&ssl=1&resize=525%2C300 1.5x, https:\/\/i0.wp.com\/naillycosmetics.com\/wp-content\/uploads\/2026\/02\/best-green-disco-gel-polish-green-boogie-gel-polish-331-disco-fever-collection.webp?fit=750%2C1000&ssl=1&resize=700%2C400 2x"},"classes":[]}],"jetpack_sharing_enabled":true,"_links":{"self":[{"href":"https:\/\/naillycosmetics.com\/fr\/wp-json\/wp\/v2\/product\/10676","targetHints":{"allow":["GET"]}}],"collection":[{"href":"https:\/\/naillycosmetics.com\/fr\/wp-json\/wp\/v2\/product"}],"about":[{"href":"https:\/\/naillycosmetics.com\/fr\/wp-json\/wp\/v2\/types\/product"}],"replies":[{"embeddable":true,"href":"https:\/\/naillycosmetics.com\/fr\/wp-json\/wp\/v2\/comments?post=10676"}],"wp:featuredmedia":[{"embeddable":true,"href":"https:\/\/naillycosmetics.com\/fr\/wp-json\/wp\/v2\/media\/26169"}],"wp:attachment":[{"href":"https:\/\/naillycosmetics.com\/fr\/wp-json\/wp\/v2\/media?parent=10676"}],"wp:term":[{"taxonomy":"product_brand","embeddable":true,"href":"https:\/\/naillycosmetics.com\/fr\/wp-json\/wp\/v2\/product_brand?post=10676"},{"taxonomy":"product_cat","embeddable":true,"href":"https:\/\/naillycosmetics.com\/fr\/wp-json\/wp\/v2\/product_cat?post=10676"},{"taxonomy":"product_tag","embeddable":true,"href":"https:\/\/naillycosmetics.com\/fr\/wp-json\/wp\/v2\/product_tag?post=10676"}],"curies":[{"name":"wp","href":"https:\/\/api.w.org\/{rel}","templated":true}]}}