{"id":9247,"date":"2022-12-31T13:54:56","date_gmt":"2022-12-31T18:54:56","guid":{"rendered":"https:\/\/naillycosmetics.com\/?page_id=9247"},"modified":"2024-09-24T19:40:42","modified_gmt":"2024-09-24T23:40:42","slug":"staleks-manicure-tool-sets","status":"publish","type":"page","link":"https:\/\/naillycosmetics.com\/fr\/staleks-manicure-tool-sets\/","title":{"rendered":"Staleks"},"content":{"rendered":"<h1 class=\"wp-block-heading has-text-align-center has-large-font-size\">Staleks Professional Nail Tools (Outils \u00e0 ongles professionnels)<\/h1><p class=\"has-text-align-center\">Staleks se consacre \u00e0 la qualit\u00e9 de ses produits. Le cycle de production comprend des processus d'assurance qualit\u00e9 \u00e0 l'entr\u00e9e et \u00e0 la sortie. La qualit\u00e9 des mati\u00e8res premi\u00e8res entrantes est v\u00e9rifi\u00e9e dans les laboratoires certifi\u00e9s o\u00f9 les aspects physiques et chimiques de l'acier sont analys\u00e9s. L'acier inoxydable de qualit\u00e9 m\u00e9dicale import\u00e9 d'Espagne est utilis\u00e9 pour la fabrication de tous les instruments. Ce type d'acier est exceptionnellement r\u00e9sistant \u00e0 la corrosion et poss\u00e8de une duret\u00e9 in\u00e9gal\u00e9e, ce qui garantit un tranchant durable. L'acier est utilis\u00e9 \u00e0 la fois pour les gammes professionnelles et domestiques de nos instruments.<\/p><p class=\"has-text-align-center\">Nous nous sommes associ\u00e9s \u00e0 Staleks au Canada pour fournir un ensemble complet de produits professionnels afin de rendre le travail du technicien de l'ongle compl\u00e8tement id\u00e9al.<\/p><div class=\"wp-block-jetpack-slideshow aligncenter\" data-effect=\"slide\"><div class=\"wp-block-jetpack-slideshow_container swiper-container\"><ul class=\"wp-block-jetpack-slideshow_swiper-wrapper swiper-wrapper\"><li class=\"wp-block-jetpack-slideshow_slide swiper-slide\"><figure><img data-recalc-dims=\"1\" loading=\"lazy\" decoding=\"async\" width=\"750\" height=\"1000\" alt=\"Staleks High Quality Salon Nail Tools\" class=\"wp-block-jetpack-slideshow_image wp-image-9673\" data-id=\"9673\" src=\"https:\/\/i0.wp.com\/naillycosmetics.com\/wp-content\/uploads\/2023\/01\/Staleks-Logo.webp?resize=750%2C1000\" srcset=\"https:\/\/i0.wp.com\/naillycosmetics.com\/wp-content\/uploads\/2023\/01\/Staleks-Logo.webp?w=750&amp;ssl=1 750w, https:\/\/i0.wp.com\/naillycosmetics.com\/wp-content\/uploads\/2023\/01\/Staleks-Logo.webp?resize=324%2C432&amp;ssl=1 324w, https:\/\/i0.wp.com\/naillycosmetics.com\/wp-content\/uploads\/2023\/01\/Staleks-Logo.webp?resize=150%2C200&amp;ssl=1 150w, https:\/\/i0.wp.com\/naillycosmetics.com\/wp-content\/uploads\/2023\/01\/Staleks-Logo.webp?resize=416%2C555&amp;ssl=1 416w, https:\/\/i0.wp.com\/naillycosmetics.com\/wp-content\/uploads\/2023\/01\/Staleks-Logo.webp?resize=225%2C300&amp;ssl=1 225w\" sizes=\"(max-width: 750px) 100vw, 750px\" \/><\/figure><\/li><li class=\"wp-block-jetpack-slideshow_slide swiper-slide\"><figure><img data-recalc-dims=\"1\" loading=\"lazy\" decoding=\"async\" width=\"750\" height=\"1000\" alt=\"best diamond nail drill bits\" class=\"wp-block-jetpack-slideshow_image wp-image-9236\" data-id=\"9236\" src=\"https:\/\/i0.wp.com\/naillycosmetics.com\/wp-content\/uploads\/2022\/12\/best-diamond-nail-drill-bits.jpg?resize=750%2C1000\" srcset=\"https:\/\/i0.wp.com\/naillycosmetics.com\/wp-content\/uploads\/2022\/12\/best-diamond-nail-drill-bits.jpg?w=750&amp;ssl=1 750w, https:\/\/i0.wp.com\/naillycosmetics.com\/wp-content\/uploads\/2022\/12\/best-diamond-nail-drill-bits.jpg?resize=324%2C432&amp;ssl=1 324w, https:\/\/i0.wp.com\/naillycosmetics.com\/wp-content\/uploads\/2022\/12\/best-diamond-nail-drill-bits.jpg?resize=150%2C200&amp;ssl=1 150w, https:\/\/i0.wp.com\/naillycosmetics.com\/wp-content\/uploads\/2022\/12\/best-diamond-nail-drill-bits.jpg?resize=416%2C555&amp;ssl=1 416w, https:\/\/i0.wp.com\/naillycosmetics.com\/wp-content\/uploads\/2022\/12\/best-diamond-nail-drill-bits.jpg?resize=225%2C300&amp;ssl=1 225w\" sizes=\"(max-width: 750px) 100vw, 750px\" \/><\/figure><\/li><li class=\"wp-block-jetpack-slideshow_slide swiper-slide\"><figure><img data-recalc-dims=\"1\" loading=\"lazy\" decoding=\"async\" width=\"750\" height=\"1000\" alt=\"Staleks High Quality cuticle pushers\" class=\"wp-block-jetpack-slideshow_image wp-image-9672\" data-id=\"9672\" src=\"https:\/\/i0.wp.com\/naillycosmetics.com\/wp-content\/uploads\/2023\/01\/Staleks-Category-Pictures.webp?resize=750%2C1000\" srcset=\"https:\/\/i0.wp.com\/naillycosmetics.com\/wp-content\/uploads\/2023\/01\/Staleks-Category-Pictures.webp?w=750&amp;ssl=1 750w, https:\/\/i0.wp.com\/naillycosmetics.com\/wp-content\/uploads\/2023\/01\/Staleks-Category-Pictures.webp?resize=324%2C432&amp;ssl=1 324w, https:\/\/i0.wp.com\/naillycosmetics.com\/wp-content\/uploads\/2023\/01\/Staleks-Category-Pictures.webp?resize=150%2C200&amp;ssl=1 150w, https:\/\/i0.wp.com\/naillycosmetics.com\/wp-content\/uploads\/2023\/01\/Staleks-Category-Pictures.webp?resize=416%2C555&amp;ssl=1 416w, https:\/\/i0.wp.com\/naillycosmetics.com\/wp-content\/uploads\/2023\/01\/Staleks-Category-Pictures.webp?resize=225%2C300&amp;ssl=1 225w\" sizes=\"(max-width: 750px) 100vw, 750px\" \/><\/figure><\/li><\/ul><a class=\"wp-block-jetpack-slideshow_button-prev swiper-button-prev swiper-button-white\" role=\"button\"><\/a><a class=\"wp-block-jetpack-slideshow_button-next swiper-button-next swiper-button-white\" role=\"button\"><\/a><a aria-label=\"Pause du diaporama\" class=\"wp-block-jetpack-slideshow_button-pause\" role=\"button\"><\/a><div class=\"wp-block-jetpack-slideshow_pagination swiper-pagination swiper-pagination-white\"><\/div><\/div><\/div><div class=\"woocommerce columns-6\"><ul class=\"products columns-6\">\n<li class=\"product-category product first\">\n\t<a aria-label=\"Acc\u00e9der \u00e0 la cat\u00e9gorie de produits Staleks Abrasives &amp; Bases\" href=\"https:\/\/naillycosmetics.com\/fr\/category\/staleks-manicure-tool-sets\/staleks-abrasives-bases\/\" data-no-translation-aria-label=\"\"><span class=\"cat-image-wrapper\"><img decoding=\"async\" src=\"https:\/\/i0.wp.com\/naillycosmetics.com\/wp-content\/uploads\/woocommerce-placeholder.png?fit=200%2C200&#038;ssl=1\" alt=\"Staleks Abrasives &amp; Bases\" width=\"200\" height=\"\" \/><\/span>\t\t<h2 class=\"woocommerce-loop-category__title\">\n\t\t\tAbrasifs et bases Staleks <mark class=\"count\">(62)<\/mark>\t\t<\/h2>\n\t\t<\/a><\/li>\n<li class=\"product-category product\">\n\t<a aria-label=\"Acc\u00e9der \u00e0 la cat\u00e9gorie de produits Staleks Cuticle Nippers\" href=\"https:\/\/naillycosmetics.com\/fr\/category\/staleks-manicure-tool-sets\/staleks-cuticle-nippers\/\" data-no-translation-aria-label=\"\"><span class=\"cat-image-wrapper\"><img decoding=\"async\" src=\"https:\/\/i0.wp.com\/naillycosmetics.com\/wp-content\/uploads\/woocommerce-placeholder.png?fit=200%2C200&#038;ssl=1\" alt=\"Staleks Cuticle Nippers\" width=\"200\" height=\"\" \/><\/span>\t\t<h2 class=\"woocommerce-loop-category__title\">\n\t\t\tPince \u00e0 cuticules Staleks <mark class=\"count\">(27)<\/mark>\t\t<\/h2>\n\t\t<\/a><\/li>\n<li class=\"product-category product\">\n\t<a aria-label=\"Acc\u00e9der \u00e0 la cat\u00e9gorie de produits Staleks Cuticle Scissors\" href=\"https:\/\/naillycosmetics.com\/fr\/category\/staleks-manicure-tool-sets\/staleks-cuticle-scissors\/\" data-no-translation-aria-label=\"\"><span class=\"cat-image-wrapper\"><img decoding=\"async\" src=\"https:\/\/i0.wp.com\/naillycosmetics.com\/wp-content\/uploads\/woocommerce-placeholder.png?fit=200%2C200&#038;ssl=1\" alt=\"Staleks Cuticle Scissors\" width=\"200\" height=\"\" \/><\/span>\t\t<h2 class=\"woocommerce-loop-category__title\">\n\t\t\tCiseaux \u00e0 cuticules Staleks <mark class=\"count\">(28)<\/mark>\t\t<\/h2>\n\t\t<\/a><\/li>\n<li class=\"product-category product\">\n\t<a aria-label=\"Acc\u00e9der \u00e0 la cat\u00e9gorie de produits Staleks Eyebrow Tweezers\" href=\"https:\/\/naillycosmetics.com\/fr\/category\/staleks-manicure-tool-sets\/staleks-eyebrow-tweezers\/\" data-no-translation-aria-label=\"\"><span class=\"cat-image-wrapper\"><img decoding=\"async\" src=\"https:\/\/i0.wp.com\/naillycosmetics.com\/wp-content\/uploads\/2025\/12\/65e73f0244f46a6733d1d9f7.750.1x1-1.jpg?fit=200%2C200&#038;ssl=1\" alt=\"Staleks Eyebrow Tweezers\" width=\"200\" height=\"\" srcset=\"https:\/\/i0.wp.com\/naillycosmetics.com\/wp-content\/uploads\/2025\/12\/65e73f0244f46a6733d1d9f7.750.1x1-1.jpg?w=750&amp;ssl=1 750w, https:\/\/i0.wp.com\/naillycosmetics.com\/wp-content\/uploads\/2025\/12\/65e73f0244f46a6733d1d9f7.750.1x1-1.jpg?resize=300%2C300&amp;ssl=1 300w, https:\/\/i0.wp.com\/naillycosmetics.com\/wp-content\/uploads\/2025\/12\/65e73f0244f46a6733d1d9f7.750.1x1-1.jpg?resize=150%2C150&amp;ssl=1 150w, https:\/\/i0.wp.com\/naillycosmetics.com\/wp-content\/uploads\/2025\/12\/65e73f0244f46a6733d1d9f7.750.1x1-1.jpg?resize=12%2C12&amp;ssl=1 12w, https:\/\/i0.wp.com\/naillycosmetics.com\/wp-content\/uploads\/2025\/12\/65e73f0244f46a6733d1d9f7.750.1x1-1.jpg?resize=32%2C32&amp;ssl=1 32w, https:\/\/i0.wp.com\/naillycosmetics.com\/wp-content\/uploads\/2025\/12\/65e73f0244f46a6733d1d9f7.750.1x1-1.jpg?resize=441%2C441&amp;ssl=1 441w, https:\/\/i0.wp.com\/naillycosmetics.com\/wp-content\/uploads\/2025\/12\/65e73f0244f46a6733d1d9f7.750.1x1-1.jpg?resize=200%2C200&amp;ssl=1 200w, https:\/\/i0.wp.com\/naillycosmetics.com\/wp-content\/uploads\/2025\/12\/65e73f0244f46a6733d1d9f7.750.1x1-1.jpg?resize=50%2C50&amp;ssl=1 50w, https:\/\/i0.wp.com\/naillycosmetics.com\/wp-content\/uploads\/2025\/12\/65e73f0244f46a6733d1d9f7.750.1x1-1.jpg?resize=100%2C100&amp;ssl=1 100w, https:\/\/i0.wp.com\/naillycosmetics.com\/wp-content\/uploads\/2025\/12\/65e73f0244f46a6733d1d9f7.750.1x1-1.jpg?resize=64%2C64&amp;ssl=1 64w\" sizes=\"(max-width: 200px) 100vw, 200px\" \/><\/span>\t\t<h2 class=\"woocommerce-loop-category__title\">\n\t\t\tPince \u00e0 \u00e9piler pour sourcils Staleks <mark class=\"count\">(27)<\/mark>\t\t<\/h2>\n\t\t<\/a><\/li>\n<li class=\"product-category product\">\n\t<a aria-label=\"Acc\u00e9der \u00e0 la cat\u00e9gorie de produits Staleks Eyelash Extension Tools &amp; Tweezers\" href=\"https:\/\/naillycosmetics.com\/fr\/category\/staleks-manicure-tool-sets\/staleks-eyelash-extension-tools-tweezers\/\" data-no-translation-aria-label=\"\"><span class=\"cat-image-wrapper\"><img decoding=\"async\" src=\"https:\/\/i0.wp.com\/naillycosmetics.com\/wp-content\/uploads\/2024\/09\/victoria-vynn-im-woman-collection-gel-polish-no.-390-im-feminine-.webp?fit=200%2C267&#038;ssl=1\" alt=\"Staleks Eyelash Extension Tools &amp; Tweezers\" width=\"200\" height=\"\" srcset=\"https:\/\/i0.wp.com\/naillycosmetics.com\/wp-content\/uploads\/2024\/09\/victoria-vynn-im-woman-collection-gel-polish-no.-390-im-feminine-.webp?w=750&amp;ssl=1 750w, https:\/\/i0.wp.com\/naillycosmetics.com\/wp-content\/uploads\/2024\/09\/victoria-vynn-im-woman-collection-gel-polish-no.-390-im-feminine-.webp?resize=200%2C267&amp;ssl=1 200w, https:\/\/i0.wp.com\/naillycosmetics.com\/wp-content\/uploads\/2024\/09\/victoria-vynn-im-woman-collection-gel-polish-no.-390-im-feminine-.webp?resize=150%2C200&amp;ssl=1 150w, https:\/\/i0.wp.com\/naillycosmetics.com\/wp-content\/uploads\/2024\/09\/victoria-vynn-im-woman-collection-gel-polish-no.-390-im-feminine-.webp?resize=64%2C85&amp;ssl=1 64w, https:\/\/i0.wp.com\/naillycosmetics.com\/wp-content\/uploads\/2024\/09\/victoria-vynn-im-woman-collection-gel-polish-no.-390-im-feminine-.webp?resize=225%2C300&amp;ssl=1 225w, https:\/\/i0.wp.com\/naillycosmetics.com\/wp-content\/uploads\/2024\/09\/victoria-vynn-im-woman-collection-gel-polish-no.-390-im-feminine-.webp?resize=9%2C12&amp;ssl=1 9w, https:\/\/i0.wp.com\/naillycosmetics.com\/wp-content\/uploads\/2024\/09\/victoria-vynn-im-woman-collection-gel-polish-no.-390-im-feminine-.webp?resize=441%2C588&amp;ssl=1 441w, https:\/\/i0.wp.com\/naillycosmetics.com\/wp-content\/uploads\/2024\/09\/victoria-vynn-im-woman-collection-gel-polish-no.-390-im-feminine-.webp?resize=400%2C533&amp;ssl=1 400w\" sizes=\"(max-width: 200px) 100vw, 200px\" \/><\/span>\t\t<h2 class=\"woocommerce-loop-category__title\">\n\t\t\tStaleks Outils et pinces pour l'extension des cils <mark class=\"count\">(24)<\/mark>\t\t<\/h2>\n\t\t<\/a><\/li>\n<li class=\"product-category product last\">\n\t<a aria-label=\"Acc\u00e9der \u00e0 la cat\u00e9gorie de produits Staleks Nail Brushes\" href=\"https:\/\/naillycosmetics.com\/fr\/category\/staleks-manicure-tool-sets\/staleks-nail-brushes\/\" data-no-translation-aria-label=\"\"><span class=\"cat-image-wrapper\"><img decoding=\"async\" src=\"https:\/\/i0.wp.com\/naillycosmetics.com\/wp-content\/uploads\/2026\/03\/staleks-nagu-teptukas-gradientui-7mm-nbe-07.jpg?fit=200%2C213&#038;ssl=1\" alt=\"Staleks Nail Brushes\" width=\"200\" height=\"\" srcset=\"https:\/\/i0.wp.com\/naillycosmetics.com\/wp-content\/uploads\/2026\/03\/staleks-nagu-teptukas-gradientui-7mm-nbe-07.jpg?w=335&amp;ssl=1 335w, https:\/\/i0.wp.com\/naillycosmetics.com\/wp-content\/uploads\/2026\/03\/staleks-nagu-teptukas-gradientui-7mm-nbe-07.jpg?resize=282%2C300&amp;ssl=1 282w, https:\/\/i0.wp.com\/naillycosmetics.com\/wp-content\/uploads\/2026\/03\/staleks-nagu-teptukas-gradientui-7mm-nbe-07.jpg?resize=11%2C12&amp;ssl=1 11w, https:\/\/i0.wp.com\/naillycosmetics.com\/wp-content\/uploads\/2026\/03\/staleks-nagu-teptukas-gradientui-7mm-nbe-07.jpg?resize=200%2C213&amp;ssl=1 200w, https:\/\/i0.wp.com\/naillycosmetics.com\/wp-content\/uploads\/2026\/03\/staleks-nagu-teptukas-gradientui-7mm-nbe-07.jpg?resize=150%2C160&amp;ssl=1 150w, https:\/\/i0.wp.com\/naillycosmetics.com\/wp-content\/uploads\/2026\/03\/staleks-nagu-teptukas-gradientui-7mm-nbe-07.jpg?resize=64%2C68&amp;ssl=1 64w\" sizes=\"(max-width: 200px) 100vw, 200px\" \/><\/span>\t\t<h2 class=\"woocommerce-loop-category__title\">\n\t\t\tBrosses \u00e0 ongles Staleks <mark class=\"count\">(18)<\/mark>\t\t<\/h2>\n\t\t<\/a><\/li>\n<li class=\"product-category product first\">\n\t<a aria-label=\"Acc\u00e9der \u00e0 la cat\u00e9gorie de produits Staleks Nail Drill Bits\" href=\"https:\/\/naillycosmetics.com\/fr\/category\/staleks-manicure-tool-sets\/staleks-nail-bits\/\" data-no-translation-aria-label=\"\"><span class=\"cat-image-wrapper\"><img decoding=\"async\" src=\"https:\/\/i0.wp.com\/naillycosmetics.com\/wp-content\/uploads\/woocommerce-placeholder.png?fit=200%2C200&#038;ssl=1\" alt=\"Staleks Nail Drill Bits\" width=\"200\" height=\"\" \/><\/span>\t\t<h2 class=\"woocommerce-loop-category__title\">\n\t\t\tForets \u00e0 clous Staleks <mark class=\"count\">(58)<\/mark>\t\t<\/h2>\n\t\t<\/a><\/li>\n<li class=\"product-category product\">\n\t<a aria-label=\"Acc\u00e9der \u00e0 la cat\u00e9gorie de produits Staleks Nail Nippers &amp; Clippers\" href=\"https:\/\/naillycosmetics.com\/fr\/category\/staleks-manicure-tool-sets\/staleks-nail-nippers-clippers\/\" data-no-translation-aria-label=\"\"><span class=\"cat-image-wrapper\"><img decoding=\"async\" src=\"https:\/\/i0.wp.com\/naillycosmetics.com\/wp-content\/uploads\/woocommerce-placeholder.png?fit=200%2C200&#038;ssl=1\" alt=\"Staleks Nail Nippers &amp; Clippers\" width=\"200\" height=\"\" \/><\/span>\t\t<h2 class=\"woocommerce-loop-category__title\">\n\t\t\tCoupe-ongles Staleks <mark class=\"count\">(13)<\/mark>\t\t<\/h2>\n\t\t<\/a><\/li>\n<li class=\"product-category product\">\n\t<a aria-label=\"Acc\u00e9der \u00e0 la cat\u00e9gorie de produits Staleks Nail Scissors\" href=\"https:\/\/naillycosmetics.com\/fr\/category\/staleks-manicure-tool-sets\/staleks-nail-scissors\/\" data-no-translation-aria-label=\"\"><span class=\"cat-image-wrapper\"><img decoding=\"async\" src=\"https:\/\/i0.wp.com\/naillycosmetics.com\/wp-content\/uploads\/woocommerce-placeholder.png?fit=200%2C200&#038;ssl=1\" alt=\"Staleks Nail Scissors\" width=\"200\" height=\"\" \/><\/span>\t\t<h2 class=\"woocommerce-loop-category__title\">\n\t\t\tCiseaux \u00e0 ongles Staleks <mark class=\"count\">(8)<\/mark>\t\t<\/h2>\n\t\t<\/a><\/li>\n<li class=\"product-category product\">\n\t<a aria-label=\"Acc\u00e9der \u00e0 la cat\u00e9gorie de produits Staleks Podo\" href=\"https:\/\/naillycosmetics.com\/fr\/category\/staleks-manicure-tool-sets\/staleks-podo\/\" data-no-translation-aria-label=\"\"><span class=\"cat-image-wrapper\"><img decoding=\"async\" src=\"https:\/\/i0.wp.com\/naillycosmetics.com\/wp-content\/uploads\/woocommerce-placeholder.png?fit=200%2C200&#038;ssl=1\" alt=\"Staleks Podo\" width=\"200\" height=\"\" \/><\/span>\t\t<h2 class=\"woocommerce-loop-category__title\">\n\t\t\tStaleks Podo <mark class=\"count\">(25)<\/mark>\t\t<\/h2>\n\t\t<\/a><\/li>\n<li class=\"product-category product\">\n\t<a aria-label=\"Acc\u00e9der \u00e0 la cat\u00e9gorie de produits Staleks Pushers\" href=\"https:\/\/naillycosmetics.com\/fr\/category\/staleks-manicure-tool-sets\/staleks-cuticle-pushers\/\" data-no-translation-aria-label=\"\"><span class=\"cat-image-wrapper\"><img decoding=\"async\" src=\"https:\/\/i0.wp.com\/naillycosmetics.com\/wp-content\/uploads\/woocommerce-placeholder.png?fit=200%2C200&#038;ssl=1\" alt=\"Staleks Pushers\" width=\"200\" height=\"\" \/><\/span>\t\t<h2 class=\"woocommerce-loop-category__title\">\n\t\t\tPousseurs de stalactites <mark class=\"count\">(59)<\/mark>\t\t<\/h2>\n\t\t<\/a><\/li>\n<li class=\"product-category product last\">\n\t<a aria-label=\"Acc\u00e9der \u00e0 la cat\u00e9gorie de produits Staleks Skin Care Tools\" href=\"https:\/\/naillycosmetics.com\/fr\/category\/staleks-manicure-tool-sets\/staleks-skin-care-tools\/\" data-no-translation-aria-label=\"\"><span class=\"cat-image-wrapper\"><img decoding=\"async\" src=\"https:\/\/i0.wp.com\/naillycosmetics.com\/wp-content\/uploads\/2026\/02\/staleks-cosmetology-tools.jpg?fit=200%2C200&#038;ssl=1\" alt=\"Staleks Skin Care Tools\" width=\"200\" height=\"\" srcset=\"https:\/\/i0.wp.com\/naillycosmetics.com\/wp-content\/uploads\/2026\/02\/staleks-cosmetology-tools.jpg?w=2000&amp;ssl=1 2000w, https:\/\/i0.wp.com\/naillycosmetics.com\/wp-content\/uploads\/2026\/02\/staleks-cosmetology-tools.jpg?resize=300%2C300&amp;ssl=1 300w, https:\/\/i0.wp.com\/naillycosmetics.com\/wp-content\/uploads\/2026\/02\/staleks-cosmetology-tools.jpg?resize=1024%2C1024&amp;ssl=1 1024w, https:\/\/i0.wp.com\/naillycosmetics.com\/wp-content\/uploads\/2026\/02\/staleks-cosmetology-tools.jpg?resize=150%2C150&amp;ssl=1 150w, https:\/\/i0.wp.com\/naillycosmetics.com\/wp-content\/uploads\/2026\/02\/staleks-cosmetology-tools.jpg?resize=768%2C768&amp;ssl=1 768w, https:\/\/i0.wp.com\/naillycosmetics.com\/wp-content\/uploads\/2026\/02\/staleks-cosmetology-tools.jpg?resize=1536%2C1536&amp;ssl=1 1536w, https:\/\/i0.wp.com\/naillycosmetics.com\/wp-content\/uploads\/2026\/02\/staleks-cosmetology-tools.jpg?resize=12%2C12&amp;ssl=1 12w, https:\/\/i0.wp.com\/naillycosmetics.com\/wp-content\/uploads\/2026\/02\/staleks-cosmetology-tools.jpg?resize=32%2C32&amp;ssl=1 32w, https:\/\/i0.wp.com\/naillycosmetics.com\/wp-content\/uploads\/2026\/02\/staleks-cosmetology-tools.jpg?resize=990%2C990&amp;ssl=1 990w, https:\/\/i0.wp.com\/naillycosmetics.com\/wp-content\/uploads\/2026\/02\/staleks-cosmetology-tools.jpg?resize=441%2C441&amp;ssl=1 441w, https:\/\/i0.wp.com\/naillycosmetics.com\/wp-content\/uploads\/2026\/02\/staleks-cosmetology-tools.jpg?resize=200%2C200&amp;ssl=1 200w, https:\/\/i0.wp.com\/naillycosmetics.com\/wp-content\/uploads\/2026\/02\/staleks-cosmetology-tools.jpg?resize=750%2C750&amp;ssl=1 750w, https:\/\/i0.wp.com\/naillycosmetics.com\/wp-content\/uploads\/2026\/02\/staleks-cosmetology-tools.jpg?resize=50%2C50&amp;ssl=1 50w, https:\/\/i0.wp.com\/naillycosmetics.com\/wp-content\/uploads\/2026\/02\/staleks-cosmetology-tools.jpg?resize=100%2C100&amp;ssl=1 100w, https:\/\/i0.wp.com\/naillycosmetics.com\/wp-content\/uploads\/2026\/02\/staleks-cosmetology-tools.jpg?resize=64%2C64&amp;ssl=1 64w\" sizes=\"(max-width: 200px) 100vw, 200px\" \/><\/span>\t\t<h2 class=\"woocommerce-loop-category__title\">\n\t\t\tOutils de soins de la peau Staleks <mark class=\"count\">(9)<\/mark>\t\t<\/h2>\n\t\t<\/a><\/li>\n<li class=\"product-category product first\">\n\t<a aria-label=\"Acc\u00e9der \u00e0 la cat\u00e9gorie de produits Staleks Workstation Essentials\" href=\"https:\/\/naillycosmetics.com\/fr\/category\/staleks-manicure-tool-sets\/staleks-workstation-essentials\/\" data-no-translation-aria-label=\"\"><span class=\"cat-image-wrapper\"><img decoding=\"async\" src=\"https:\/\/i0.wp.com\/naillycosmetics.com\/wp-content\/uploads\/2026\/03\/apd-20-1-1.jpg?fit=200%2C200&#038;ssl=1\" alt=\"Staleks Workstation Essentials\" width=\"200\" height=\"\" srcset=\"https:\/\/i0.wp.com\/naillycosmetics.com\/wp-content\/uploads\/2026\/03\/apd-20-1-1.jpg?w=2000&amp;ssl=1 2000w, https:\/\/i0.wp.com\/naillycosmetics.com\/wp-content\/uploads\/2026\/03\/apd-20-1-1.jpg?resize=300%2C300&amp;ssl=1 300w, https:\/\/i0.wp.com\/naillycosmetics.com\/wp-content\/uploads\/2026\/03\/apd-20-1-1.jpg?resize=1024%2C1024&amp;ssl=1 1024w, https:\/\/i0.wp.com\/naillycosmetics.com\/wp-content\/uploads\/2026\/03\/apd-20-1-1.jpg?resize=150%2C150&amp;ssl=1 150w, https:\/\/i0.wp.com\/naillycosmetics.com\/wp-content\/uploads\/2026\/03\/apd-20-1-1.jpg?resize=768%2C768&amp;ssl=1 768w, https:\/\/i0.wp.com\/naillycosmetics.com\/wp-content\/uploads\/2026\/03\/apd-20-1-1.jpg?resize=1536%2C1536&amp;ssl=1 1536w, https:\/\/i0.wp.com\/naillycosmetics.com\/wp-content\/uploads\/2026\/03\/apd-20-1-1.jpg?resize=12%2C12&amp;ssl=1 12w, https:\/\/i0.wp.com\/naillycosmetics.com\/wp-content\/uploads\/2026\/03\/apd-20-1-1.jpg?resize=32%2C32&amp;ssl=1 32w, https:\/\/i0.wp.com\/naillycosmetics.com\/wp-content\/uploads\/2026\/03\/apd-20-1-1.jpg?resize=990%2C990&amp;ssl=1 990w, https:\/\/i0.wp.com\/naillycosmetics.com\/wp-content\/uploads\/2026\/03\/apd-20-1-1.jpg?resize=441%2C441&amp;ssl=1 441w, https:\/\/i0.wp.com\/naillycosmetics.com\/wp-content\/uploads\/2026\/03\/apd-20-1-1.jpg?resize=100%2C100&amp;ssl=1 100w, https:\/\/i0.wp.com\/naillycosmetics.com\/wp-content\/uploads\/2026\/03\/apd-20-1-1.jpg?resize=200%2C200&amp;ssl=1 200w, https:\/\/i0.wp.com\/naillycosmetics.com\/wp-content\/uploads\/2026\/03\/apd-20-1-1.jpg?resize=750%2C750&amp;ssl=1 750w, https:\/\/i0.wp.com\/naillycosmetics.com\/wp-content\/uploads\/2026\/03\/apd-20-1-1.jpg?resize=50%2C50&amp;ssl=1 50w, https:\/\/i0.wp.com\/naillycosmetics.com\/wp-content\/uploads\/2026\/03\/apd-20-1-1.jpg?resize=64%2C64&amp;ssl=1 64w\" sizes=\"(max-width: 200px) 100vw, 200px\" \/><\/span>\t\t<h2 class=\"woocommerce-loop-category__title\">\n\t\t\tStaleks Workstation Essentials <mark class=\"count\">(3)<\/mark>\t\t<\/h2>\n\t\t<\/a><\/li>\n<\/ul>\n<\/div>","protected":false},"excerpt":{"rendered":"<p>Staleks Professional Nail Tools Staleks dedicates itself to the product quality. The production cycle includes input and output quality assurance processes. Quality of incoming raw materials is checked at the certified labs where physical and chemical aspects of steel are analyzed. Stainless medical grade steel imported from Spain is used for all instrument manufacturing. This [&hellip;]<\/p>\n","protected":false},"author":1,"featured_media":0,"parent":0,"menu_order":0,"comment_status":"closed","ping_status":"closed","template":"","meta":{"jetpack_post_was_ever_published":false,"footnotes":""},"class_list":["post-9247","page","type-page","status-publish","hentry"],"jetpack-related-posts":[],"jetpack_sharing_enabled":true,"_links":{"self":[{"href":"https:\/\/naillycosmetics.com\/fr\/wp-json\/wp\/v2\/pages\/9247","targetHints":{"allow":["GET"]}}],"collection":[{"href":"https:\/\/naillycosmetics.com\/fr\/wp-json\/wp\/v2\/pages"}],"about":[{"href":"https:\/\/naillycosmetics.com\/fr\/wp-json\/wp\/v2\/types\/page"}],"author":[{"embeddable":true,"href":"https:\/\/naillycosmetics.com\/fr\/wp-json\/wp\/v2\/users\/1"}],"replies":[{"embeddable":true,"href":"https:\/\/naillycosmetics.com\/fr\/wp-json\/wp\/v2\/comments?post=9247"}],"version-history":[{"count":0,"href":"https:\/\/naillycosmetics.com\/fr\/wp-json\/wp\/v2\/pages\/9247\/revisions"}],"wp:attachment":[{"href":"https:\/\/naillycosmetics.com\/fr\/wp-json\/wp\/v2\/media?parent=9247"}],"curies":[{"name":"wp","href":"https:\/\/api.w.org\/{rel}","templated":true}]}}