{"id":7947,"date":"2022-11-30T17:14:37","date_gmt":"2022-11-30T22:14:37","guid":{"rendered":"https:\/\/naillycosmetics.com\/?page_id=7947"},"modified":"2024-09-24T19:56:19","modified_gmt":"2024-09-24T23:56:19","slug":"nail-supply-discount","status":"publish","type":"page","link":"https:\/\/naillycosmetics.com\/fr\/nail-supply-discount\/","title":{"rendered":"Vente flash"},"content":{"rendered":"<h1 class=\"wp-block-heading has-text-align-center has-large-font-size\">Victoria VYNN's Nail Supply Discount Flash Sale<\/h1><figure class=\"wp-block-image aligncenter size-full is-resized\"><img data-recalc-dims=\"1\" loading=\"lazy\" decoding=\"async\" width=\"750\" height=\"1000\" src=\"https:\/\/i0.wp.com\/naillycosmetics.com\/wp-content\/uploads\/2022\/12\/Flash-Sale-.webp?resize=750%2C1000\" alt=\"nail supply discount\" class=\"wp-image-9040\" style=\"width:154px;height:206px\" srcset=\"https:\/\/i0.wp.com\/naillycosmetics.com\/wp-content\/uploads\/2022\/12\/Flash-Sale-.webp?w=750&amp;ssl=1 750w, https:\/\/i0.wp.com\/naillycosmetics.com\/wp-content\/uploads\/2022\/12\/Flash-Sale-.webp?resize=324%2C432&amp;ssl=1 324w, https:\/\/i0.wp.com\/naillycosmetics.com\/wp-content\/uploads\/2022\/12\/Flash-Sale-.webp?resize=416%2C555&amp;ssl=1 416w, https:\/\/i0.wp.com\/naillycosmetics.com\/wp-content\/uploads\/2022\/12\/Flash-Sale-.webp?resize=225%2C300&amp;ssl=1 225w\" sizes=\"auto, (max-width: 750px) 100vw, 750px\" \/><\/figure><h2 class=\"wp-block-heading has-text-align-center has-medium-font-size\">Consultez fr\u00e9quemment cette page pour b\u00e9n\u00e9ficier de nos remises sur les fournitures pour ongles ! Certaines offres peuvent durer jusqu'\u00e0 <strong><em>Semaines<\/em><\/strong>Certains pour <strong><em>Jours<\/em><\/strong> et d'autres pour <strong><em>Quelques heures<\/em><\/strong>! !! Ne ratez pas votre chance ! !!<\/h2><p class=\"has-text-align-center\">Nous sommes convaincus que chaque femme poss\u00e8de un \u00e9norme potentiel que nous voulons lib\u00e9rer. Nous veillons \u00e0 ce que, gr\u00e2ce \u00e0 des ongles \u00e9tonnants, les femmes d\u00e9couvrent ce pouvoir en elles et soient pr\u00eates \u00e0 faire face \u00e0 toutes les situations, courageuses et belles !<\/p><p class=\"has-text-align-center\"><a href=\"https:\/\/naillycosmetics.com\/fr\/nail-gel-kit\/\" target=\"_blank\" rel=\"noreferrer noopener\">N'oubliez pas de consulter nos s\u00e9ries de promotions pour obtenir d'autres r\u00e9ductions sur les offres group\u00e9es !<\/a><\/p><p class=\"has-text-align-center\">Achetez des kits et b\u00e9n\u00e9ficiez de r\u00e9ductions jusqu'\u00e0 50%<\/p><p class=\"has-text-align-center\"><a href=\"https:\/\/victoriavynn.com\/en\/news.html\" target=\"_blank\" rel=\"noreferrer noopener\">Nouveaux produits bient\u00f4t disponibles !<\/a><\/p>","protected":false},"excerpt":{"rendered":"<p>Victoria VYNN&#8217;s Nail Supply Discount Flash Sale Frequently check this page to benefit from our Nail Supply Discounts!!! Some Offers May Last for Weeks, Some for Days and some for Couple of Hours!!! Do not miss your chance!!! We are convinced that every woman has a&nbsp;huge potential that we want to&nbsp;release. We make sure that [&hellip;]<\/p>\n","protected":false},"author":1,"featured_media":0,"parent":0,"menu_order":0,"comment_status":"closed","ping_status":"closed","template":"","meta":{"jetpack_post_was_ever_published":false,"footnotes":""},"class_list":["post-7947","page","type-page","status-publish","hentry"],"jetpack-related-posts":[{"id":5705,"url":"https:\/\/naillycosmetics.com\/fr\/nail-gel-kit\/","url_meta":{"origin":7947,"position":0},"title":"Victoria VYNN Promo Sets","author":"Serge Sahakian","date":"septembre 10, 2022","format":false,"excerpt":"Victoria VYNN Nail Gel Kits Benefit from additional discounts while buying our Victoria VYNN Products in Kits! Don't Miss the chance! We are convinced that every woman has a\u00a0huge potential that we want to\u00a0release. We make sure that thanks to\u00a0amazing nails, women discover this power within themselves and are prepared\u2026","rel":"","context":"Article similaire","block_context":{"text":"Article similaire","link":""},"img":{"alt_text":"nail gel kit","src":"https:\/\/i0.wp.com\/naillycosmetics.com\/wp-content\/uploads\/2022\/12\/Promo-Sets.webp?resize=350%2C200&ssl=1","width":350,"height":200,"srcset":"https:\/\/i0.wp.com\/naillycosmetics.com\/wp-content\/uploads\/2022\/12\/Promo-Sets.webp?resize=350%2C200&ssl=1 1x, https:\/\/i0.wp.com\/naillycosmetics.com\/wp-content\/uploads\/2022\/12\/Promo-Sets.webp?resize=525%2C300&ssl=1 1.5x, https:\/\/i0.wp.com\/naillycosmetics.com\/wp-content\/uploads\/2022\/12\/Promo-Sets.webp?resize=700%2C400&ssl=1 2x"},"classes":[]},{"id":2,"url":"https:\/\/naillycosmetics.com\/fr\/","url_meta":{"origin":7947,"position":1},"title":"Nailly Cosmetics","author":"Serge Sahakian","date":"janvier 29, 2019","format":false,"excerpt":"The Preferred Nail Supply Store! Top Quality Brands! Flash Sale Best Selling Products Welcome to\u00a0the world of Premium Nail Supplies\u2026 Join our Instagram community for professional tips and tricks where we help you empower your skills with the most professional products!","rel":"","context":"Article similaire","block_context":{"text":"Article similaire","link":""},"img":{"alt_text":"brands to show on website banner","src":"https:\/\/i0.wp.com\/naillycosmetics.com\/wp-content\/uploads\/2026\/02\/brands-to-show-on-website-banner.webp?resize=350%2C200&ssl=1","width":350,"height":200,"srcset":"https:\/\/i0.wp.com\/naillycosmetics.com\/wp-content\/uploads\/2026\/02\/brands-to-show-on-website-banner.webp?resize=350%2C200&ssl=1 1x, https:\/\/i0.wp.com\/naillycosmetics.com\/wp-content\/uploads\/2026\/02\/brands-to-show-on-website-banner.webp?resize=525%2C300&ssl=1 1.5x, https:\/\/i0.wp.com\/naillycosmetics.com\/wp-content\/uploads\/2026\/02\/brands-to-show-on-website-banner.webp?resize=700%2C400&ssl=1 2x, https:\/\/i0.wp.com\/naillycosmetics.com\/wp-content\/uploads\/2026\/02\/brands-to-show-on-website-banner.webp?resize=1050%2C600&ssl=1 3x"},"classes":[]},{"id":3755,"url":"https:\/\/naillycosmetics.com\/fr\/302\/","url_meta":{"origin":7947,"position":2},"title":"302","author":"Serge Sahakian","date":"ao\u00fbt 25, 2022","format":false,"excerpt":"","rel":"","context":"Article similaire","block_context":{"text":"Article similaire","link":""},"img":{"alt_text":"","src":"https:\/\/i0.wp.com\/naillycosmetics.com\/wp-content\/uploads\/2020\/02\/302.png?fit=400%2C400&ssl=1&resize=350%2C200","width":350,"height":200},"classes":[]},{"id":9755,"url":"https:\/\/naillycosmetics.com\/fr\/sample-page\/","url_meta":{"origin":7947,"position":3},"title":"Victoria VYNN Canada - Anglais","author":"Serge Sahakian","date":"janvier 29, 2019","format":false,"excerpt":"The Preferred Nail Supply Store! Satisfaction Guaranteed! Flash Sale Offers Some Facts about our \"Unique\" Nail Supply Store \"Beauty is truth.Truth is beauty.\u00a0\"- John Keats We are convinced that every woman has a\u00a0huge potential that we want to\u00a0release. We make sure that thanks to\u00a0amazing nails, women discover this power within\u2026","rel":"","context":"Article similaire","block_context":{"text":"Article similaire","link":""},"img":{"alt_text":"nail supply store canada","src":"https:\/\/i0.wp.com\/naillycosmetics.com\/wp-content\/uploads\/2022\/12\/discover.webp?resize=350%2C200&ssl=1","width":350,"height":200,"srcset":"https:\/\/i0.wp.com\/naillycosmetics.com\/wp-content\/uploads\/2022\/12\/discover.webp?resize=350%2C200&ssl=1 1x, https:\/\/i0.wp.com\/naillycosmetics.com\/wp-content\/uploads\/2022\/12\/discover.webp?resize=525%2C300&ssl=1 1.5x"},"classes":[]},{"id":9761,"url":"https:\/\/naillycosmetics.com\/fr\/victoria-vynn-usa-and-canada-official-store\/","url_meta":{"origin":7947,"position":4},"title":"Boutique officielle Victoria VYNN USA &amp; Canada","author":"Serge Sahakian","date":"novembre 23, 2019","format":false,"excerpt":"Official Victoria VYNN USA & Canada Store Premium Nail Supplies for Professionals, Nail Techs & Beauty Salons! In the product portfolio, the brand has a wide range of victoria vynn gel polish colors of hybrid polishes, builder gels, builderbases, acrylic-gels, various decorative products, a wide selection of classic nail polishes,\u2026","rel":"","context":"Article similaire","block_context":{"text":"Article similaire","link":""},"img":{"alt_text":"","src":"https:\/\/i0.wp.com\/naillycosmetics.com\/wp-content\/uploads\/2023\/01\/image-1.png?resize=350%2C200&ssl=1","width":350,"height":200,"srcset":"https:\/\/i0.wp.com\/naillycosmetics.com\/wp-content\/uploads\/2023\/01\/image-1.png?resize=350%2C200&ssl=1 1x, https:\/\/i0.wp.com\/naillycosmetics.com\/wp-content\/uploads\/2023\/01\/image-1.png?resize=525%2C300&ssl=1 1.5x"},"classes":[]},{"id":11111,"url":"https:\/\/naillycosmetics.com\/fr\/victoria-vynn-brand-ambassador-2023\/","url_meta":{"origin":7947,"position":5},"title":"Ambassadrice de la marque","author":"Serge Sahakian","date":"mars 13, 2023","format":false,"excerpt":"Programme d'ambassadeurs de marque \u00cates-vous int\u00e9ress\u00e9(e) par le poste d'ambassadeur de marque ? Avez-vous des comp\u00e9tences en mati\u00e8re de publicit\u00e9 et de marketing ? Avez-vous des comp\u00e9tences en communication ? Vous \u00eates passionn\u00e9(e) par les ongles ? Rejoignez notre \u00e9quipe ! L'innovation est la cl\u00e9 pour lib\u00e9rer votre potentiel en tant qu'ambassadrice d'une marque d'ongles de premier plan. Nous voulons travailler avec...","rel":"","context":"Article similaire","block_context":{"text":"Article similaire","link":""},"img":{"alt_text":"","src":"https:\/\/i0.wp.com\/naillycosmetics.com\/wp-content\/uploads\/2023\/03\/ambassador.webp?resize=350%2C200&ssl=1","width":350,"height":200,"srcset":"https:\/\/i0.wp.com\/naillycosmetics.com\/wp-content\/uploads\/2023\/03\/ambassador.webp?resize=350%2C200&ssl=1 1x, https:\/\/i0.wp.com\/naillycosmetics.com\/wp-content\/uploads\/2023\/03\/ambassador.webp?resize=525%2C300&ssl=1 1.5x"},"classes":[]}],"jetpack_sharing_enabled":true,"_links":{"self":[{"href":"https:\/\/naillycosmetics.com\/fr\/wp-json\/wp\/v2\/pages\/7947","targetHints":{"allow":["GET"]}}],"collection":[{"href":"https:\/\/naillycosmetics.com\/fr\/wp-json\/wp\/v2\/pages"}],"about":[{"href":"https:\/\/naillycosmetics.com\/fr\/wp-json\/wp\/v2\/types\/page"}],"author":[{"embeddable":true,"href":"https:\/\/naillycosmetics.com\/fr\/wp-json\/wp\/v2\/users\/1"}],"replies":[{"embeddable":true,"href":"https:\/\/naillycosmetics.com\/fr\/wp-json\/wp\/v2\/comments?post=7947"}],"version-history":[{"count":0,"href":"https:\/\/naillycosmetics.com\/fr\/wp-json\/wp\/v2\/pages\/7947\/revisions"}],"wp:attachment":[{"href":"https:\/\/naillycosmetics.com\/fr\/wp-json\/wp\/v2\/media?parent=7947"}],"curies":[{"name":"wp","href":"https:\/\/api.w.org\/{rel}","templated":true}]}}