{"id":5548,"date":"2022-09-09T20:28:16","date_gmt":"2022-09-09T20:28:16","guid":{"rendered":"https:\/\/naillycosmetics.com\/?page_id=5548"},"modified":"2023-10-09T18:58:26","modified_gmt":"2023-10-09T22:58:26","slug":"brillant-gel-diamond-nail-design","status":"publish","type":"page","link":"https:\/\/naillycosmetics.com\/fr\/nail-art-supplies\/brillant-gel-diamond-nail-design\/","title":{"rendered":"Victoria VYNN Brillant Gel"},"content":{"rendered":"<h1 class=\"wp-block-heading has-text-align-center has-black-color has-text-color has-large-font-size\">Are you wondering about Diamond Nail Designs? <\/h1><p class=\"has-text-align-center has-black-color has-text-color\">Diamonds are made of diamonds! And this is exactly the effect our new <a href=\"https:\/\/naillycosmetics.com\/product\/diamond-nails-brillant-gel\/\" target=\"_blank\" rel=\"noreferrer noopener\">Brillant Gel<\/a> gives. The phenomenal collection is a gallery of 9 colors, the beauty of which is transferred to the nails, arouses unique emotions and emphasizes the delicacy of the moment.<\/p><div class=\"wp-block-jetpack-slideshow aligncenter\" data-effect=\"slide\"><div class=\"wp-block-jetpack-slideshow_container swiper-container\"><ul class=\"wp-block-jetpack-slideshow_swiper-wrapper swiper-wrapper\"><li class=\"wp-block-jetpack-slideshow_slide swiper-slide\"><figure><img data-recalc-dims=\"1\" loading=\"lazy\" decoding=\"async\" width=\"768\" height=\"1024\" alt=\"victoria vynn brillant gel designing gel glitter gel 3d\" class=\"wp-block-jetpack-slideshow_image wp-image-15930\" data-id=\"15930\" src=\"https:\/\/i0.wp.com\/naillycosmetics.com\/wp-content\/uploads\/2023\/10\/victoria-vynn-brillant-gel-designing-gel-glitter-gel-3d--768x1024.webp?resize=768%2C1024\" srcset=\"https:\/\/i0.wp.com\/naillycosmetics.com\/wp-content\/uploads\/2023\/10\/victoria-vynn-brillant-gel-designing-gel-glitter-gel-3d-.webp?resize=768%2C1024&amp;ssl=1 768w, https:\/\/i0.wp.com\/naillycosmetics.com\/wp-content\/uploads\/2023\/10\/victoria-vynn-brillant-gel-designing-gel-glitter-gel-3d-.webp?resize=200%2C267&amp;ssl=1 200w, https:\/\/i0.wp.com\/naillycosmetics.com\/wp-content\/uploads\/2023\/10\/victoria-vynn-brillant-gel-designing-gel-glitter-gel-3d-.webp?resize=150%2C200&amp;ssl=1 150w, https:\/\/i0.wp.com\/naillycosmetics.com\/wp-content\/uploads\/2023\/10\/victoria-vynn-brillant-gel-designing-gel-glitter-gel-3d-.webp?resize=750%2C1000&amp;ssl=1 750w, https:\/\/i0.wp.com\/naillycosmetics.com\/wp-content\/uploads\/2023\/10\/victoria-vynn-brillant-gel-designing-gel-glitter-gel-3d-.webp?resize=64%2C85&amp;ssl=1 64w, https:\/\/i0.wp.com\/naillycosmetics.com\/wp-content\/uploads\/2023\/10\/victoria-vynn-brillant-gel-designing-gel-glitter-gel-3d-.webp?resize=225%2C300&amp;ssl=1 225w, https:\/\/i0.wp.com\/naillycosmetics.com\/wp-content\/uploads\/2023\/10\/victoria-vynn-brillant-gel-designing-gel-glitter-gel-3d-.webp?resize=9%2C12&amp;ssl=1 9w, https:\/\/i0.wp.com\/naillycosmetics.com\/wp-content\/uploads\/2023\/10\/victoria-vynn-brillant-gel-designing-gel-glitter-gel-3d-.webp?w=780&amp;ssl=1 780w\" sizes=\"(max-width: 768px) 100vw, 768px\" \/><\/figure><\/li><li class=\"wp-block-jetpack-slideshow_slide swiper-slide\"><figure><img data-recalc-dims=\"1\" loading=\"lazy\" decoding=\"async\" width=\"768\" height=\"1024\" alt=\"victoria vynn brillant gel designing gel glitter gel 3d\" class=\"wp-block-jetpack-slideshow_image wp-image-15931\" data-id=\"15931\" src=\"https:\/\/i0.wp.com\/naillycosmetics.com\/wp-content\/uploads\/2023\/10\/victoria-vynn-brillant-gel-designing-gel-glitter-gel-3d-768x1024.webp?resize=768%2C1024\" srcset=\"https:\/\/i0.wp.com\/naillycosmetics.com\/wp-content\/uploads\/2023\/10\/victoria-vynn-brillant-gel-designing-gel-glitter-gel-3d.webp?resize=768%2C1024&amp;ssl=1 768w, https:\/\/i0.wp.com\/naillycosmetics.com\/wp-content\/uploads\/2023\/10\/victoria-vynn-brillant-gel-designing-gel-glitter-gel-3d.webp?resize=200%2C267&amp;ssl=1 200w, https:\/\/i0.wp.com\/naillycosmetics.com\/wp-content\/uploads\/2023\/10\/victoria-vynn-brillant-gel-designing-gel-glitter-gel-3d.webp?resize=150%2C200&amp;ssl=1 150w, https:\/\/i0.wp.com\/naillycosmetics.com\/wp-content\/uploads\/2023\/10\/victoria-vynn-brillant-gel-designing-gel-glitter-gel-3d.webp?resize=750%2C1000&amp;ssl=1 750w, https:\/\/i0.wp.com\/naillycosmetics.com\/wp-content\/uploads\/2023\/10\/victoria-vynn-brillant-gel-designing-gel-glitter-gel-3d.webp?resize=64%2C85&amp;ssl=1 64w, https:\/\/i0.wp.com\/naillycosmetics.com\/wp-content\/uploads\/2023\/10\/victoria-vynn-brillant-gel-designing-gel-glitter-gel-3d.webp?resize=225%2C300&amp;ssl=1 225w, https:\/\/i0.wp.com\/naillycosmetics.com\/wp-content\/uploads\/2023\/10\/victoria-vynn-brillant-gel-designing-gel-glitter-gel-3d.webp?resize=9%2C12&amp;ssl=1 9w, https:\/\/i0.wp.com\/naillycosmetics.com\/wp-content\/uploads\/2023\/10\/victoria-vynn-brillant-gel-designing-gel-glitter-gel-3d.webp?w=780&amp;ssl=1 780w\" sizes=\"(max-width: 768px) 100vw, 768px\" \/><\/figure><\/li><\/ul><a class=\"wp-block-jetpack-slideshow_button-prev swiper-button-prev swiper-button-white\" role=\"button\"><\/a><a class=\"wp-block-jetpack-slideshow_button-next swiper-button-next swiper-button-white\" role=\"button\"><\/a><a aria-label=\"Pause Slideshow\" class=\"wp-block-jetpack-slideshow_button-pause\" role=\"button\"><\/a><div class=\"wp-block-jetpack-slideshow_pagination swiper-pagination swiper-pagination-white\"><\/div><\/div><\/div><p class=\"has-text-align-center\"><div class=\"woocommerce columns-6 \">\t\t<div class=\"shoptimizer-sorting\"><div class=\"woocommerce-notices-wrapper\"><\/div><form class=\"woocommerce-ordering\" method=\"get\">\n\t\t<select\n\t\tname=\"orderby\"\n\t\tclass=\"orderby\"\n\t\t\t\t\taria-label=\"Commande\"\n\t\t\t>\n\t\t\t\t\t<option value=\"popularity\"  selected='selected'>Tri par popularit\u00e9<\/option>\n\t\t\t\t\t<option value=\"rating\" >Tri par notes moyennes<\/option>\n\t\t\t\t\t<option value=\"date\" >Tri du plus r\u00e9cent au plus ancien<\/option>\n\t\t\t\t\t<option value=\"price\" >Tri par tarif croissant<\/option>\n\t\t\t\t\t<option value=\"price-desc\" >Tri par tarif d\u00e9croissant<\/option>\n\t\t\t<\/select>\n\t<input type=\"hidden\" name=\"paged\" value=\"1\" \/>\n\t<\/form>\n<p class=\"woocommerce-result-count\" role=\"alert\" aria-relevant=\"all\" >\n\tVoici le seul r\u00e9sultat<\/p>\n<\/div><div class=\"columns-6\"><ul class=\"products columns-6\">\n<li class=\"product type-product post-971 status-publish first instock product_cat-brillant-gel-diamond-nail-design product_tag-brillant-gel-diamond-nails-colors product_tag-nail-art has-post-thumbnail taxable shipping-taxable purchasable product-type-variable\" style=\"--span: 1;\">\n\t<a href=\"https:\/\/naillycosmetics.com\/fr\/produit\/diamond-nails-brillant-gel-victoria-vynn\/\" class=\"woocommerce-LoopProduct-link woocommerce-loop-product__link\"><div class=\"wpcbm-wrapper wpcbm-wrapper-archive-image\"><div class=\"woocommerce-image__wrapper\"><a href=\"https:\/\/naillycosmetics.com\/fr\/produit\/diamond-nails-brillant-gel-victoria-vynn\/\" title=\"Victoria VYNN Brillant Gel (Diamond Nails Effect)\" class=\"woocommerce-LoopProduct-link woocommerce-loop-product__link\"><div class=\"shoptimizer-plp-carousel-container\"><div class=\"shoptimizer-plp-image-wrapper\"><img loading=\"lazy\" decoding=\"async\" width=\"200\" height=\"267\" src=\"https:\/\/i0.wp.com\/naillycosmetics.com\/wp-content\/uploads\/2023\/10\/victoria-vynn-brillant-gel-36-aragonite-glitter-gel.webp?fit=200%2C267&amp;ssl=1\" class=\"attachment-woocommerce_thumbnail size-woocommerce_thumbnail\" alt=\"Victoria VYNN Brillant Gel 36 Aragonite Glitter Gel diamond nails\" srcset=\"https:\/\/i0.wp.com\/naillycosmetics.com\/wp-content\/uploads\/2023\/10\/victoria-vynn-brillant-gel-36-aragonite-glitter-gel.webp?w=750&amp;ssl=1 750w, https:\/\/i0.wp.com\/naillycosmetics.com\/wp-content\/uploads\/2023\/10\/victoria-vynn-brillant-gel-36-aragonite-glitter-gel.webp?resize=200%2C267&amp;ssl=1 200w, https:\/\/i0.wp.com\/naillycosmetics.com\/wp-content\/uploads\/2023\/10\/victoria-vynn-brillant-gel-36-aragonite-glitter-gel.webp?resize=150%2C200&amp;ssl=1 150w, https:\/\/i0.wp.com\/naillycosmetics.com\/wp-content\/uploads\/2023\/10\/victoria-vynn-brillant-gel-36-aragonite-glitter-gel.webp?resize=64%2C85&amp;ssl=1 64w, https:\/\/i0.wp.com\/naillycosmetics.com\/wp-content\/uploads\/2023\/10\/victoria-vynn-brillant-gel-36-aragonite-glitter-gel.webp?resize=225%2C300&amp;ssl=1 225w, https:\/\/i0.wp.com\/naillycosmetics.com\/wp-content\/uploads\/2023\/10\/victoria-vynn-brillant-gel-36-aragonite-glitter-gel.webp?resize=9%2C12&amp;ssl=1 9w, https:\/\/i0.wp.com\/naillycosmetics.com\/wp-content\/uploads\/2023\/10\/victoria-vynn-brillant-gel-36-aragonite-glitter-gel.webp?resize=416%2C555&amp;ssl=1 416w\" sizes=\"auto, (max-width: 360px) 147px, (max-width: 200px) 100vw, 200px\" \/><img decoding=\"async\" width=\"200\" height=\"267\" src=\"https:\/\/i0.wp.com\/naillycosmetics.com\/wp-content\/uploads\/2020\/03\/victoria-vynn-new-brillant-gel-diamond-gel-effect-diamond-nails-super-shine.webp?fit=200%2C267&amp;ssl=1\" class=\"gallery-image\" alt=\"Victoria VYNN New Brillant Gel Diamond Gel Effect diamond nails super shine\" loading=\"lazy\" srcset=\"https:\/\/i0.wp.com\/naillycosmetics.com\/wp-content\/uploads\/2020\/03\/victoria-vynn-new-brillant-gel-diamond-gel-effect-diamond-nails-super-shine.webp?w=750&amp;ssl=1 750w, https:\/\/i0.wp.com\/naillycosmetics.com\/wp-content\/uploads\/2020\/03\/victoria-vynn-new-brillant-gel-diamond-gel-effect-diamond-nails-super-shine.webp?resize=200%2C267&amp;ssl=1 200w, https:\/\/i0.wp.com\/naillycosmetics.com\/wp-content\/uploads\/2020\/03\/victoria-vynn-new-brillant-gel-diamond-gel-effect-diamond-nails-super-shine.webp?resize=150%2C200&amp;ssl=1 150w, https:\/\/i0.wp.com\/naillycosmetics.com\/wp-content\/uploads\/2020\/03\/victoria-vynn-new-brillant-gel-diamond-gel-effect-diamond-nails-super-shine.webp?resize=64%2C85&amp;ssl=1 64w, https:\/\/i0.wp.com\/naillycosmetics.com\/wp-content\/uploads\/2020\/03\/victoria-vynn-new-brillant-gel-diamond-gel-effect-diamond-nails-super-shine.webp?resize=225%2C300&amp;ssl=1 225w, https:\/\/i0.wp.com\/naillycosmetics.com\/wp-content\/uploads\/2020\/03\/victoria-vynn-new-brillant-gel-diamond-gel-effect-diamond-nails-super-shine.webp?resize=9%2C12&amp;ssl=1 9w, https:\/\/i0.wp.com\/naillycosmetics.com\/wp-content\/uploads\/2020\/03\/victoria-vynn-new-brillant-gel-diamond-gel-effect-diamond-nails-super-shine.webp?resize=416%2C555&amp;ssl=1 416w\" sizes=\"auto, (max-width: 360px) 147px, auto, (max-width: 200px) 100vw, 200px\" \/>\t\t\t\n\t<\/div><\/div><\/a><div class=\"shoptimizer-plp-carousel--pagination\">\n      \t\t\t<span class=\"shoptimizer-plp-carousel--dot active\"><\/span>\n      \t\t\t<span class=\"shoptimizer-plp-carousel--dot\"><\/span>\n    \t\t<\/div><\/div><\/div><div class=\"woocommerce-card__header\">\t\t\t\t\t<p class=\"product__categories\"><a href=\"https:\/\/naillycosmetics.com\/fr\/category\/nail-art-supplies\/brillant-gel-diamond-nail-design\/\" rel=\"tag\">Brillant Gel<\/a><\/p>\t\t\t\t<div class=\"woocommerce-loop-product__title\"><a tabindex=\"0\" href=\"https:\/\/naillycosmetics.com\/fr\/produit\/diamond-nails-brillant-gel-victoria-vynn\/\" aria-label=\"Victoria VYNN Brillant Gel (Diamond Nails Effect)\" class=\"woocommerce-LoopProduct-link woocommerce-loop-product__link\">Victoria VYNN Brillant Gel (Diamond Nails Effect)<\/a><\/div><div class=\"cgkit-as-variation-price \">\n\t<span class=\"price\"><span class=\"wcpbc-price wcpbc-price-971\" data-product-id=\"971\"><span class=\"woocommerce-Price-amount amount\" aria-hidden=\"true\"><bdi><span class=\"woocommerce-Price-currencySymbol\">CA&#36;<\/span>\u00a012.99<\/bdi><\/span> <span aria-hidden=\"true\">\u00a0\u2013\u00a0<\/span> <span class=\"woocommerce-Price-amount amount\" aria-hidden=\"true\"><bdi><span class=\"woocommerce-Price-currencySymbol\">CA&#36;<\/span>\u00a013.99<\/bdi><\/span><span class=\"screen-reader-text\">Plage de prix\u00a0: CA&#36;\u00a012.99 \u00e0 CA&#36;\u00a013.99<\/span><\/span><\/span>\n<\/div><\/a><a href=\"https:\/\/naillycosmetics.com\/fr\/produit\/diamond-nails-brillant-gel-victoria-vynn\/\" aria-describedby=\"woocommerce_loop_add_to_cart_link_describedby_971\" data-quantity=\"1\" class=\"button product_type_variable add_to_cart_button\" data-product_id=\"971\" data-product_sku=\"\" aria-label=\"S\u00e9lectionner les options pour &ldquo;Victoria VYNN Brillant Gel (Diamond Nails Effect)&rdquo;\" rel=\"nofollow\">Choix des options<\/a>\t<span id=\"woocommerce_loop_add_to_cart_link_describedby_971\" class=\"screen-reader-text\">\n\t\tCe produit a plusieurs variations. Les options peuvent \u00eatre choisies sur la page du produit\t<\/span>\n\t\t\t<input type=\"hidden\" class=\"wpmProductId\" data-id=\"971\">\n\t\t\t\t\t<script>\n\t\t\t(window.wpmDataLayer = window.wpmDataLayer || {}).products             = window.wpmDataLayer.products || {}\n\t\t\twindow.wpmDataLayer.products[971] = {\"id\":\"971\",\"sku\":\"\",\"price\":12.99,\"brand\":\"\",\"quantity\":1,\"dyn_r_ids\":{\"post_id\":\"971\",\"sku\":971,\"gpf\":\"woocommerce_gpf_971\",\"gla\":\"gla_971\"},\"isVariable\":true,\"name\":\"Victoria VYNN Brillant Gel (Diamond Nails Effect)\",\"category\":[\"Brillant Gel\"],\"isVariation\":false};\n\t\t\t\t\twindow.wpmDataLayer.products[971]['position'] = window.wpmDataLayer.position++\n\t\t\t\t<\/script>\n\t\t<\/div><\/li>\n<\/ul>\n<div class=\"shoptimizer-sorting sorting-end\"><form class=\"woocommerce-ordering\" method=\"get\">\n\t\t<select\n\t\tname=\"orderby\"\n\t\tclass=\"orderby\"\n\t\t\t\t\taria-label=\"Commande\"\n\t\t\t>\n\t\t\t\t\t<option value=\"popularity\"  selected='selected'>Tri par popularit\u00e9<\/option>\n\t\t\t\t\t<option value=\"rating\" >Tri par notes moyennes<\/option>\n\t\t\t\t\t<option value=\"date\" >Tri du plus r\u00e9cent au plus ancien<\/option>\n\t\t\t\t\t<option value=\"price\" >Tri par tarif croissant<\/option>\n\t\t\t\t\t<option value=\"price-desc\" >Tri par tarif d\u00e9croissant<\/option>\n\t\t\t<\/select>\n\t<input type=\"hidden\" name=\"paged\" value=\"1\" \/>\n\t<\/form>\n<p class=\"woocommerce-result-count\" role=\"alert\" aria-relevant=\"all\" >\n\tVoici le seul r\u00e9sultat<\/p>\n<\/div><\/div><\/div><\/p><p class=\"has-text-align-center\"><a href=\"https:\/\/victoriavynn.com\/en\/nail-art.html\" target=\"_blank\" rel=\"noreferrer noopener\">New Brillant Gels Coming Out Soon!<\/a><\/p>","protected":false},"excerpt":{"rendered":"<p>Are you wondering about Diamond Nail Designs? Diamonds are made of diamonds! And this is exactly the effect our new Brillant Gel gives. The phenomenal collection is a gallery of 9 colors, the beauty of which is transferred to the nails, arouses unique emotions and emphasizes the delicacy of the moment. New Brillant Gels Coming [&hellip;]<\/p>\n","protected":false},"author":1,"featured_media":0,"parent":5530,"menu_order":0,"comment_status":"closed","ping_status":"closed","template":"","meta":{"jetpack_post_was_ever_published":false,"footnotes":""},"class_list":["post-5548","page","type-page","status-publish","hentry"],"jetpack-related-posts":[{"id":5530,"url":"https:\/\/naillycosmetics.com\/fr\/nail-art-supplies\/","url_meta":{"origin":5548,"position":0},"title":"Victoria VYNN Nail Art","author":"Serge Sahakian","date":"septembre 9, 2022","format":false,"excerpt":"Fournitures professionnelles pour l'art de l'ongle. Simply Amazing La d\u00e9coration des ongles n\u00e9cessite \"seulement, et autant que\" de l'imagination, de la pr\u00e9cision et des produits bien choisis. La manucure hybride unicolore est un classique, mais les d\u00e9corations sont \u00e9galement \u00e0 la mode. Consultez nos produits professionnels Victoria VYNN Nail Art et choisissez les produits qui vous permettront de cr\u00e9er des \u0153uvres d'art peintes par vous-m\u00eame sur...","rel":"","context":"Article similaire","block_context":{"text":"Article similaire","link":""},"img":{"alt_text":"victoria vynn nail art high pigment gel 3d gel spider gel","src":"https:\/\/i0.wp.com\/naillycosmetics.com\/wp-content\/uploads\/2023\/10\/victoria-vynn-nail-art-high-pigment-gel-3d-gel-spider-gel-.webp?resize=350%2C200&ssl=1","width":350,"height":200,"srcset":"https:\/\/i0.wp.com\/naillycosmetics.com\/wp-content\/uploads\/2023\/10\/victoria-vynn-nail-art-high-pigment-gel-3d-gel-spider-gel-.webp?resize=350%2C200&ssl=1 1x, https:\/\/i0.wp.com\/naillycosmetics.com\/wp-content\/uploads\/2023\/10\/victoria-vynn-nail-art-high-pigment-gel-3d-gel-spider-gel-.webp?resize=525%2C300&ssl=1 1.5x, https:\/\/i0.wp.com\/naillycosmetics.com\/wp-content\/uploads\/2023\/10\/victoria-vynn-nail-art-high-pigment-gel-3d-gel-spider-gel-.webp?resize=700%2C400&ssl=1 2x"},"classes":[]},{"id":23881,"url":"https:\/\/naillycosmetics.com\/fr\/ulka-drill-bits\/","url_meta":{"origin":5548,"position":1},"title":"Forets \u00dcLKA","author":"Serge Sahakian","date":"f\u00e9vrier 10, 2026","format":false,"excerpt":"\u00dcLKA Drill Bits Precision Tools for Perfect Nail Work Experience the unmatched performance of \u00dcLKA Drill Bits, engineered for professional nail technicians who demand accuracy, durability, and smooth results every time. Designed using high-quality materials and advanced cutting technology, \u00dcLKA bits deliver flawless performance across all manicure and pedicure techniques\u2014from\u2026","rel":"","context":"Article similaire","block_context":{"text":"Article similaire","link":""},"img":{"alt_text":"5ulka-nail-drill-bit-ad-copy","src":"https:\/\/i0.wp.com\/naillycosmetics.com\/wp-content\/uploads\/2026\/02\/5ulka-nail-drill-bit-ad-copy.webp?resize=350%2C200&ssl=1","width":350,"height":200,"srcset":"https:\/\/i0.wp.com\/naillycosmetics.com\/wp-content\/uploads\/2026\/02\/5ulka-nail-drill-bit-ad-copy.webp?resize=350%2C200&ssl=1 1x, https:\/\/i0.wp.com\/naillycosmetics.com\/wp-content\/uploads\/2026\/02\/5ulka-nail-drill-bit-ad-copy.webp?resize=525%2C300&ssl=1 1.5x, https:\/\/i0.wp.com\/naillycosmetics.com\/wp-content\/uploads\/2026\/02\/5ulka-nail-drill-bit-ad-copy.webp?resize=700%2C400&ssl=1 2x"},"classes":[]},{"id":22749,"url":"https:\/\/naillycosmetics.com\/fr\/msmo-drill-bits\/","url_meta":{"origin":5548,"position":2},"title":"Forets MSMO","author":"Serge Sahakian","date":"octobre 17, 2025","format":false,"excerpt":"MSMO Drill Bits MSMO Drill Bits are professional-grade bits designed for precision work in nail services. Crafted from durable metals (often carbide or diamond), they allow efficient shaping, surface work, and material removal while preserving the integrity of the natural nail. Paired with your MSMO e-file, these bits deliver smooth,\u2026","rel":"","context":"Article similaire","block_context":{"text":"Article similaire","link":""},"img":{"alt_text":"msmo1-4.png","src":"https:\/\/i0.wp.com\/naillycosmetics.com\/wp-content\/uploads\/2025\/10\/msmo1-4.png?resize=350%2C200&ssl=1","width":350,"height":200,"srcset":"https:\/\/i0.wp.com\/naillycosmetics.com\/wp-content\/uploads\/2025\/10\/msmo1-4.png?resize=350%2C200&ssl=1 1x, https:\/\/i0.wp.com\/naillycosmetics.com\/wp-content\/uploads\/2025\/10\/msmo1-4.png?resize=525%2C300&ssl=1 1.5x, https:\/\/i0.wp.com\/naillycosmetics.com\/wp-content\/uploads\/2025\/10\/msmo1-4.png?resize=700%2C400&ssl=1 2x, https:\/\/i0.wp.com\/naillycosmetics.com\/wp-content\/uploads\/2025\/10\/msmo1-4.png?resize=1050%2C600&ssl=1 3x, https:\/\/i0.wp.com\/naillycosmetics.com\/wp-content\/uploads\/2025\/10\/msmo1-4.png?resize=1400%2C800&ssl=1 4x"},"classes":[]},{"id":3757,"url":"https:\/\/naillycosmetics.com\/fr\/300\/","url_meta":{"origin":5548,"position":3},"title":"300","author":"Serge Sahakian","date":"ao\u00fbt 25, 2022","format":false,"excerpt":"","rel":"","context":"Article similaire","block_context":{"text":"Article similaire","link":""},"img":{"alt_text":"","src":"https:\/\/i0.wp.com\/naillycosmetics.com\/wp-content\/uploads\/2020\/02\/300.png?fit=400%2C400&ssl=1&resize=350%2C200","width":350,"height":200},"classes":[]},{"id":5645,"url":"https:\/\/naillycosmetics.com\/fr\/nail-extension-gel\/hard-nail-gel\/","url_meta":{"origin":5548,"position":4},"title":"Victoria VYNN Salon Build Gel","author":"Serge Sahakian","date":"septembre 10, 2022","format":false,"excerpt":"Victoria VYNN Salon Build Gel. The ALL time Best Seller Hard Nail Gel! Are you a gel method fan? Regardless of whether you want to build on a form, tips or want to strengthen the natural nail plate\u2026 Victoria VYNN Build Gel is for you! Self-leveling and flexible gel for\u2026","rel":"","context":"Article similaire","block_context":{"text":"Article similaire","link":""},"img":{"alt_text":"victoria vynn hard nail gel builder gel self leveling","src":"https:\/\/i0.wp.com\/naillycosmetics.com\/wp-content\/uploads\/2023\/10\/victoria-vynn-hard-nail-gel-builder-gel-self-leveling-.webp?resize=350%2C200&ssl=1","width":350,"height":200,"srcset":"https:\/\/i0.wp.com\/naillycosmetics.com\/wp-content\/uploads\/2023\/10\/victoria-vynn-hard-nail-gel-builder-gel-self-leveling-.webp?resize=350%2C200&ssl=1 1x, https:\/\/i0.wp.com\/naillycosmetics.com\/wp-content\/uploads\/2023\/10\/victoria-vynn-hard-nail-gel-builder-gel-self-leveling-.webp?resize=525%2C300&ssl=1 1.5x, https:\/\/i0.wp.com\/naillycosmetics.com\/wp-content\/uploads\/2023\/10\/victoria-vynn-hard-nail-gel-builder-gel-self-leveling-.webp?resize=700%2C400&ssl=1 2x"},"classes":[]},{"id":5633,"url":"https:\/\/naillycosmetics.com\/fr\/nail-extension-gel\/","url_meta":{"origin":5548,"position":5},"title":"Victoria VYNN Extension d'ongles en gel","author":"Serge Sahakian","date":"septembre 10, 2022","format":false,"excerpt":"Premium Nail Extension Gel Products Our Nail Extension Gel Supplies offer a wide range of gel based products which make your nails look super clean and natural! Not to mention the added protection that your nails will get with the High Quality Ingredients. Our Rich Portfolio of Nail Extension Gel\u2026","rel":"","context":"Article similaire","block_context":{"text":"Article similaire","link":""},"img":{"alt_text":"victoria vynn salon builder gel hard and strong self leveling build gel","src":"https:\/\/i0.wp.com\/naillycosmetics.com\/wp-content\/uploads\/2023\/10\/victoria-vynn-salon-builder-gel-hard-and-strong-self-leveling-build-gel-.webp?resize=350%2C200&ssl=1","width":350,"height":200,"srcset":"https:\/\/i0.wp.com\/naillycosmetics.com\/wp-content\/uploads\/2023\/10\/victoria-vynn-salon-builder-gel-hard-and-strong-self-leveling-build-gel-.webp?resize=350%2C200&ssl=1 1x, https:\/\/i0.wp.com\/naillycosmetics.com\/wp-content\/uploads\/2023\/10\/victoria-vynn-salon-builder-gel-hard-and-strong-self-leveling-build-gel-.webp?resize=525%2C300&ssl=1 1.5x, https:\/\/i0.wp.com\/naillycosmetics.com\/wp-content\/uploads\/2023\/10\/victoria-vynn-salon-builder-gel-hard-and-strong-self-leveling-build-gel-.webp?resize=700%2C400&ssl=1 2x"},"classes":[]}],"jetpack_sharing_enabled":true,"_links":{"self":[{"href":"https:\/\/naillycosmetics.com\/fr\/wp-json\/wp\/v2\/pages\/5548","targetHints":{"allow":["GET"]}}],"collection":[{"href":"https:\/\/naillycosmetics.com\/fr\/wp-json\/wp\/v2\/pages"}],"about":[{"href":"https:\/\/naillycosmetics.com\/fr\/wp-json\/wp\/v2\/types\/page"}],"author":[{"embeddable":true,"href":"https:\/\/naillycosmetics.com\/fr\/wp-json\/wp\/v2\/users\/1"}],"replies":[{"embeddable":true,"href":"https:\/\/naillycosmetics.com\/fr\/wp-json\/wp\/v2\/comments?post=5548"}],"version-history":[{"count":0,"href":"https:\/\/naillycosmetics.com\/fr\/wp-json\/wp\/v2\/pages\/5548\/revisions"}],"up":[{"embeddable":true,"href":"https:\/\/naillycosmetics.com\/fr\/wp-json\/wp\/v2\/pages\/5530"}],"wp:attachment":[{"href":"https:\/\/naillycosmetics.com\/fr\/wp-json\/wp\/v2\/media?parent=5548"}],"curies":[{"name":"wp","href":"https:\/\/api.w.org\/{rel}","templated":true}]}}