{"id":5508,"date":"2022-09-09T01:06:35","date_gmt":"2022-09-09T01:06:35","guid":{"rendered":"https:\/\/naillycosmetics.com\/?page_id=5508"},"modified":"2024-09-24T16:34:30","modified_gmt":"2024-09-24T20:34:30","slug":"professional-gel-nail-polish","status":"publish","type":"page","link":"https:\/\/naillycosmetics.com\/fr\/professional-gel-nail-polish\/","title":{"rendered":"Victoria VYNN Salon Gel Polish"},"content":{"rendered":"<h1 class=\"wp-block-heading has-text-align-center has-black-color has-text-color has-large-font-size\">Vernis en gel de salon Victoria VYNN. Le vernis en gel professionnel !<\/h1><p class=\"has-text-align-center has-black-color has-text-color\">Vous vous demandez pourquoi nous avons appel\u00e9 notre Gel Polish \"Salon\" Gel Polish ?  <\/p><div class=\"wp-block-jetpack-slideshow aligncenter\" data-effect=\"slide\"><div class=\"wp-block-jetpack-slideshow_container swiper-container\"><ul class=\"wp-block-jetpack-slideshow_swiper-wrapper swiper-wrapper\"><li class=\"wp-block-jetpack-slideshow_slide swiper-slide\"><figure><img data-recalc-dims=\"1\" loading=\"lazy\" decoding=\"async\" width=\"768\" height=\"1024\" alt=\"professional victoria vynn salon gel polish colors\" class=\"wp-block-jetpack-slideshow_image wp-image-15847\" data-id=\"15847\" src=\"https:\/\/i0.wp.com\/naillycosmetics.com\/wp-content\/uploads\/2023\/10\/professional-victoria-vynn-salon-gel-polish-colors-768x1024.webp?resize=768%2C1024\" srcset=\"https:\/\/i0.wp.com\/naillycosmetics.com\/wp-content\/uploads\/2023\/10\/professional-victoria-vynn-salon-gel-polish-colors.webp?resize=768%2C1024&amp;ssl=1 768w, https:\/\/i0.wp.com\/naillycosmetics.com\/wp-content\/uploads\/2023\/10\/professional-victoria-vynn-salon-gel-polish-colors.webp?resize=200%2C267&amp;ssl=1 200w, https:\/\/i0.wp.com\/naillycosmetics.com\/wp-content\/uploads\/2023\/10\/professional-victoria-vynn-salon-gel-polish-colors.webp?resize=150%2C200&amp;ssl=1 150w, https:\/\/i0.wp.com\/naillycosmetics.com\/wp-content\/uploads\/2023\/10\/professional-victoria-vynn-salon-gel-polish-colors.webp?resize=750%2C1000&amp;ssl=1 750w, https:\/\/i0.wp.com\/naillycosmetics.com\/wp-content\/uploads\/2023\/10\/professional-victoria-vynn-salon-gel-polish-colors.webp?resize=64%2C85&amp;ssl=1 64w, https:\/\/i0.wp.com\/naillycosmetics.com\/wp-content\/uploads\/2023\/10\/professional-victoria-vynn-salon-gel-polish-colors.webp?resize=225%2C300&amp;ssl=1 225w, https:\/\/i0.wp.com\/naillycosmetics.com\/wp-content\/uploads\/2023\/10\/professional-victoria-vynn-salon-gel-polish-colors.webp?resize=9%2C12&amp;ssl=1 9w, https:\/\/i0.wp.com\/naillycosmetics.com\/wp-content\/uploads\/2023\/10\/professional-victoria-vynn-salon-gel-polish-colors.webp?w=780&amp;ssl=1 780w\" sizes=\"(max-width: 768px) 100vw, 768px\" \/><\/figure><\/li><li class=\"wp-block-jetpack-slideshow_slide swiper-slide\"><figure><img data-recalc-dims=\"1\" loading=\"lazy\" decoding=\"async\" width=\"768\" height=\"1024\" alt=\"professional victoria vynn salon gel polish colors\" class=\"wp-block-jetpack-slideshow_image wp-image-15846\" data-id=\"15846\" src=\"https:\/\/i0.wp.com\/naillycosmetics.com\/wp-content\/uploads\/2023\/10\/professional-victoria-vynn-salon-gel-polish-colors--768x1024.webp?resize=768%2C1024\" srcset=\"https:\/\/i0.wp.com\/naillycosmetics.com\/wp-content\/uploads\/2023\/10\/professional-victoria-vynn-salon-gel-polish-colors-.webp?resize=768%2C1024&amp;ssl=1 768w, https:\/\/i0.wp.com\/naillycosmetics.com\/wp-content\/uploads\/2023\/10\/professional-victoria-vynn-salon-gel-polish-colors-.webp?resize=200%2C267&amp;ssl=1 200w, https:\/\/i0.wp.com\/naillycosmetics.com\/wp-content\/uploads\/2023\/10\/professional-victoria-vynn-salon-gel-polish-colors-.webp?resize=150%2C200&amp;ssl=1 150w, https:\/\/i0.wp.com\/naillycosmetics.com\/wp-content\/uploads\/2023\/10\/professional-victoria-vynn-salon-gel-polish-colors-.webp?resize=750%2C1000&amp;ssl=1 750w, https:\/\/i0.wp.com\/naillycosmetics.com\/wp-content\/uploads\/2023\/10\/professional-victoria-vynn-salon-gel-polish-colors-.webp?resize=64%2C85&amp;ssl=1 64w, https:\/\/i0.wp.com\/naillycosmetics.com\/wp-content\/uploads\/2023\/10\/professional-victoria-vynn-salon-gel-polish-colors-.webp?resize=225%2C300&amp;ssl=1 225w, https:\/\/i0.wp.com\/naillycosmetics.com\/wp-content\/uploads\/2023\/10\/professional-victoria-vynn-salon-gel-polish-colors-.webp?resize=9%2C12&amp;ssl=1 9w, https:\/\/i0.wp.com\/naillycosmetics.com\/wp-content\/uploads\/2023\/10\/professional-victoria-vynn-salon-gel-polish-colors-.webp?w=780&amp;ssl=1 780w\" sizes=\"(max-width: 768px) 100vw, 768px\" \/><\/figure><\/li><li class=\"wp-block-jetpack-slideshow_slide swiper-slide\"><figure><img data-recalc-dims=\"1\" loading=\"lazy\" decoding=\"async\" width=\"768\" height=\"1024\" alt=\"victoria vynn salon gel polish best gel polish for beauty salons\" class=\"wp-block-jetpack-slideshow_image wp-image-15843\" data-id=\"15843\" src=\"https:\/\/i0.wp.com\/naillycosmetics.com\/wp-content\/uploads\/2023\/10\/victoria-vynn-salon-gel-polish-best-gel-polish-for-beauty-salons-768x1024.webp?resize=768%2C1024\" srcset=\"https:\/\/i0.wp.com\/naillycosmetics.com\/wp-content\/uploads\/2023\/10\/victoria-vynn-salon-gel-polish-best-gel-polish-for-beauty-salons.webp?resize=768%2C1024&amp;ssl=1 768w, https:\/\/i0.wp.com\/naillycosmetics.com\/wp-content\/uploads\/2023\/10\/victoria-vynn-salon-gel-polish-best-gel-polish-for-beauty-salons.webp?resize=200%2C267&amp;ssl=1 200w, https:\/\/i0.wp.com\/naillycosmetics.com\/wp-content\/uploads\/2023\/10\/victoria-vynn-salon-gel-polish-best-gel-polish-for-beauty-salons.webp?resize=150%2C200&amp;ssl=1 150w, https:\/\/i0.wp.com\/naillycosmetics.com\/wp-content\/uploads\/2023\/10\/victoria-vynn-salon-gel-polish-best-gel-polish-for-beauty-salons.webp?resize=750%2C1000&amp;ssl=1 750w, https:\/\/i0.wp.com\/naillycosmetics.com\/wp-content\/uploads\/2023\/10\/victoria-vynn-salon-gel-polish-best-gel-polish-for-beauty-salons.webp?resize=64%2C85&amp;ssl=1 64w, https:\/\/i0.wp.com\/naillycosmetics.com\/wp-content\/uploads\/2023\/10\/victoria-vynn-salon-gel-polish-best-gel-polish-for-beauty-salons.webp?resize=225%2C300&amp;ssl=1 225w, https:\/\/i0.wp.com\/naillycosmetics.com\/wp-content\/uploads\/2023\/10\/victoria-vynn-salon-gel-polish-best-gel-polish-for-beauty-salons.webp?resize=9%2C12&amp;ssl=1 9w, https:\/\/i0.wp.com\/naillycosmetics.com\/wp-content\/uploads\/2023\/10\/victoria-vynn-salon-gel-polish-best-gel-polish-for-beauty-salons.webp?w=780&amp;ssl=1 780w\" sizes=\"(max-width: 768px) 100vw, 768px\" \/><\/figure><\/li><\/ul><a class=\"wp-block-jetpack-slideshow_button-prev swiper-button-prev swiper-button-white\" role=\"button\"><\/a><a class=\"wp-block-jetpack-slideshow_button-next swiper-button-next swiper-button-white\" role=\"button\"><\/a><a aria-label=\"Pause du diaporama\" class=\"wp-block-jetpack-slideshow_button-pause\" role=\"button\"><\/a><div class=\"wp-block-jetpack-slideshow_pagination swiper-pagination swiper-pagination-white\"><\/div><\/div><\/div><h2 class=\"wp-block-heading has-text-align-center has-black-color has-text-color has-large-font-size\">Pourquoi le vernis \u00e0 ongles en gel de salon\/professionnel ?<\/h2><p class=\"has-text-align-center has-black-color has-text-color\">Le syst\u00e8me Gel Polish comprend des vernis hybrides classiques et durables durcis dans des lampes UV et LED. Le syst\u00e8me contient des bases et des tops aux propri\u00e9t\u00e9s, \u00e0 la durabilit\u00e9 et \u00e0 la finition diff\u00e9rentes. Nous r\u00e9pondons aux besoins de nos clients en offrant une riche vari\u00e9t\u00e9 de couleurs avec des vernis hybrides de diff\u00e9rentes couvertures et de diff\u00e9rents effets, dans plus de <a href=\"https:\/\/naillycosmetics.com\/fr\/tags\/gel-polish-color-charts\/\" target=\"_blank\" rel=\"noreferrer noopener\">250 couleurs<\/a>.  Effets tels que les couleurs unies classiques, l'incandescence dans le noir, les paillettes r\u00e9fl\u00e9chissantes, les paillettes tendance, les yeux de chat, le n\u00e9on et bien d'autres encore. Con\u00e7u pour \u00eatre polym\u00e9ris\u00e9 dans des lampes UV \/ LED.<\/p><div class=\"woocommerce columns-6\"><ul class=\"products columns-6\">\n<li class=\"product-category product first\">\n\t<a aria-label=\"Acc\u00e9der \u00e0 la cat\u00e9gorie de produits Salon Gel Polish Base Coats\" href=\"https:\/\/naillycosmetics.com\/fr\/category\/professional-gel-nail-polish\/best-professional-gel-base-coats\/\" data-no-translation-aria-label=\"\"><span class=\"cat-image-wrapper\"><img decoding=\"async\" src=\"https:\/\/i0.wp.com\/naillycosmetics.com\/wp-content\/uploads\/2020\/02\/55.png?fit=200%2C200&#038;ssl=1\" alt=\"Salon Gel Polish Base Coats\" width=\"200\" height=\"\" srcset=\"https:\/\/i0.wp.com\/naillycosmetics.com\/wp-content\/uploads\/2020\/02\/55.png?w=400&amp;ssl=1 400w, https:\/\/i0.wp.com\/naillycosmetics.com\/wp-content\/uploads\/2020\/02\/55.png?resize=300%2C300&amp;ssl=1 300w, https:\/\/i0.wp.com\/naillycosmetics.com\/wp-content\/uploads\/2020\/02\/55.png?resize=150%2C150&amp;ssl=1 150w, https:\/\/i0.wp.com\/naillycosmetics.com\/wp-content\/uploads\/2020\/02\/55.png?resize=324%2C324&amp;ssl=1 324w, https:\/\/i0.wp.com\/naillycosmetics.com\/wp-content\/uploads\/2020\/02\/55.png?resize=100%2C100&amp;ssl=1 100w, https:\/\/i0.wp.com\/naillycosmetics.com\/wp-content\/uploads\/2020\/02\/55.png?resize=50%2C50&amp;ssl=1 50w, https:\/\/i0.wp.com\/naillycosmetics.com\/wp-content\/uploads\/2020\/02\/55.png?resize=32%2C32&amp;ssl=1 32w\" sizes=\"(max-width: 200px) 100vw, 200px\" \/><\/span>\t\t<h2 class=\"woocommerce-loop-category__title\">\n\t\t\tCouches de base pour vernis gel de salon <mark class=\"count\">(8)<\/mark>\t\t<\/h2>\n\t\t<\/a><\/li>\n<li class=\"product-category product\">\n\t<a aria-label=\"Acc\u00e9der \u00e0 la cat\u00e9gorie de produits Salon Gel Polish Colors\" href=\"https:\/\/naillycosmetics.com\/fr\/category\/professional-gel-nail-polish\/professional-nail-colours-gel\/\" data-no-translation-aria-label=\"\"><span class=\"cat-image-wrapper\"><img decoding=\"async\" src=\"https:\/\/i0.wp.com\/naillycosmetics.com\/wp-content\/uploads\/2026\/02\/gel-polish-color-no-091-beige-glow-1.jpg?fit=200%2C200&#038;ssl=1\" alt=\"Salon Gel Polish Colors\" width=\"200\" height=\"\" srcset=\"https:\/\/i0.wp.com\/naillycosmetics.com\/wp-content\/uploads\/2026\/02\/gel-polish-color-no-091-beige-glow-1.jpg?w=753&amp;ssl=1 753w, https:\/\/i0.wp.com\/naillycosmetics.com\/wp-content\/uploads\/2026\/02\/gel-polish-color-no-091-beige-glow-1.jpg?resize=300%2C300&amp;ssl=1 300w, https:\/\/i0.wp.com\/naillycosmetics.com\/wp-content\/uploads\/2026\/02\/gel-polish-color-no-091-beige-glow-1.jpg?resize=150%2C150&amp;ssl=1 150w, https:\/\/i0.wp.com\/naillycosmetics.com\/wp-content\/uploads\/2026\/02\/gel-polish-color-no-091-beige-glow-1.jpg?resize=12%2C12&amp;ssl=1 12w, https:\/\/i0.wp.com\/naillycosmetics.com\/wp-content\/uploads\/2026\/02\/gel-polish-color-no-091-beige-glow-1.jpg?resize=32%2C32&amp;ssl=1 32w, https:\/\/i0.wp.com\/naillycosmetics.com\/wp-content\/uploads\/2026\/02\/gel-polish-color-no-091-beige-glow-1.jpg?resize=441%2C441&amp;ssl=1 441w, https:\/\/i0.wp.com\/naillycosmetics.com\/wp-content\/uploads\/2026\/02\/gel-polish-color-no-091-beige-glow-1.jpg?resize=200%2C200&amp;ssl=1 200w, https:\/\/i0.wp.com\/naillycosmetics.com\/wp-content\/uploads\/2026\/02\/gel-polish-color-no-091-beige-glow-1.jpg?resize=750%2C750&amp;ssl=1 750w, https:\/\/i0.wp.com\/naillycosmetics.com\/wp-content\/uploads\/2026\/02\/gel-polish-color-no-091-beige-glow-1.jpg?resize=50%2C50&amp;ssl=1 50w, https:\/\/i0.wp.com\/naillycosmetics.com\/wp-content\/uploads\/2026\/02\/gel-polish-color-no-091-beige-glow-1.jpg?resize=100%2C100&amp;ssl=1 100w, https:\/\/i0.wp.com\/naillycosmetics.com\/wp-content\/uploads\/2026\/02\/gel-polish-color-no-091-beige-glow-1.jpg?resize=64%2C64&amp;ssl=1 64w\" sizes=\"(max-width: 200px) 100vw, 200px\" \/><\/span>\t\t<h2 class=\"woocommerce-loop-category__title\">\n\t\t\tCouleurs de vernis gel de salon <mark class=\"count\">(306)<\/mark>\t\t<\/h2>\n\t\t<\/a><\/li>\n<li class=\"product-category product\">\n\t<a aria-label=\"Acc\u00e9der \u00e0 la cat\u00e9gorie de produits Salon Gel Polish Preparations\" href=\"https:\/\/naillycosmetics.com\/fr\/category\/professional-gel-nail-polish\/gel-nail-preps\/\" data-no-translation-aria-label=\"\"><span class=\"cat-image-wrapper\"><img decoding=\"async\" src=\"https:\/\/i0.wp.com\/naillycosmetics.com\/wp-content\/uploads\/2026\/02\/gel-polish-tape-bond-soak-off.jpg?fit=200%2C200&#038;ssl=1\" alt=\"Salon Gel Polish Preparations\" width=\"200\" height=\"\" srcset=\"https:\/\/i0.wp.com\/naillycosmetics.com\/wp-content\/uploads\/2026\/02\/gel-polish-tape-bond-soak-off.jpg?w=753&amp;ssl=1 753w, https:\/\/i0.wp.com\/naillycosmetics.com\/wp-content\/uploads\/2026\/02\/gel-polish-tape-bond-soak-off.jpg?resize=300%2C300&amp;ssl=1 300w, https:\/\/i0.wp.com\/naillycosmetics.com\/wp-content\/uploads\/2026\/02\/gel-polish-tape-bond-soak-off.jpg?resize=150%2C150&amp;ssl=1 150w, https:\/\/i0.wp.com\/naillycosmetics.com\/wp-content\/uploads\/2026\/02\/gel-polish-tape-bond-soak-off.jpg?resize=12%2C12&amp;ssl=1 12w, https:\/\/i0.wp.com\/naillycosmetics.com\/wp-content\/uploads\/2026\/02\/gel-polish-tape-bond-soak-off.jpg?resize=32%2C32&amp;ssl=1 32w, https:\/\/i0.wp.com\/naillycosmetics.com\/wp-content\/uploads\/2026\/02\/gel-polish-tape-bond-soak-off.jpg?resize=441%2C441&amp;ssl=1 441w, https:\/\/i0.wp.com\/naillycosmetics.com\/wp-content\/uploads\/2026\/02\/gel-polish-tape-bond-soak-off.jpg?resize=200%2C200&amp;ssl=1 200w, https:\/\/i0.wp.com\/naillycosmetics.com\/wp-content\/uploads\/2026\/02\/gel-polish-tape-bond-soak-off.jpg?resize=750%2C750&amp;ssl=1 750w, https:\/\/i0.wp.com\/naillycosmetics.com\/wp-content\/uploads\/2026\/02\/gel-polish-tape-bond-soak-off.jpg?resize=50%2C50&amp;ssl=1 50w, https:\/\/i0.wp.com\/naillycosmetics.com\/wp-content\/uploads\/2026\/02\/gel-polish-tape-bond-soak-off.jpg?resize=100%2C100&amp;ssl=1 100w, https:\/\/i0.wp.com\/naillycosmetics.com\/wp-content\/uploads\/2026\/02\/gel-polish-tape-bond-soak-off.jpg?resize=64%2C64&amp;ssl=1 64w\" sizes=\"(max-width: 200px) 100vw, 200px\" \/><\/span>\t\t<h2 class=\"woocommerce-loop-category__title\">\n\t\t\tPr\u00e9parations pour le vernis en gel de salon <mark class=\"count\">(10)<\/mark>\t\t<\/h2>\n\t\t<\/a><\/li>\n<li class=\"product-category product\">\n\t<a aria-label=\"Acc\u00e9der \u00e0 la cat\u00e9gorie de produits Salon Gel Polish Top Coats\" href=\"https:\/\/naillycosmetics.com\/fr\/category\/professional-gel-nail-polish\/best-gel-top-coats\/\" data-no-translation-aria-label=\"\"><span class=\"cat-image-wrapper\"><img decoding=\"async\" src=\"https:\/\/i0.wp.com\/naillycosmetics.com\/wp-content\/uploads\/2026\/02\/gel-polish-top-no-wipe-gloss-1.jpg?fit=200%2C200&#038;ssl=1\" alt=\"Salon Gel Polish Top Coats\" width=\"200\" height=\"\" srcset=\"https:\/\/i0.wp.com\/naillycosmetics.com\/wp-content\/uploads\/2026\/02\/gel-polish-top-no-wipe-gloss-1.jpg?w=753&amp;ssl=1 753w, https:\/\/i0.wp.com\/naillycosmetics.com\/wp-content\/uploads\/2026\/02\/gel-polish-top-no-wipe-gloss-1.jpg?resize=300%2C300&amp;ssl=1 300w, https:\/\/i0.wp.com\/naillycosmetics.com\/wp-content\/uploads\/2026\/02\/gel-polish-top-no-wipe-gloss-1.jpg?resize=150%2C150&amp;ssl=1 150w, https:\/\/i0.wp.com\/naillycosmetics.com\/wp-content\/uploads\/2026\/02\/gel-polish-top-no-wipe-gloss-1.jpg?resize=12%2C12&amp;ssl=1 12w, https:\/\/i0.wp.com\/naillycosmetics.com\/wp-content\/uploads\/2026\/02\/gel-polish-top-no-wipe-gloss-1.jpg?resize=32%2C32&amp;ssl=1 32w, https:\/\/i0.wp.com\/naillycosmetics.com\/wp-content\/uploads\/2026\/02\/gel-polish-top-no-wipe-gloss-1.jpg?resize=441%2C441&amp;ssl=1 441w, https:\/\/i0.wp.com\/naillycosmetics.com\/wp-content\/uploads\/2026\/02\/gel-polish-top-no-wipe-gloss-1.jpg?resize=200%2C200&amp;ssl=1 200w, https:\/\/i0.wp.com\/naillycosmetics.com\/wp-content\/uploads\/2026\/02\/gel-polish-top-no-wipe-gloss-1.jpg?resize=750%2C750&amp;ssl=1 750w, https:\/\/i0.wp.com\/naillycosmetics.com\/wp-content\/uploads\/2026\/02\/gel-polish-top-no-wipe-gloss-1.jpg?resize=50%2C50&amp;ssl=1 50w, https:\/\/i0.wp.com\/naillycosmetics.com\/wp-content\/uploads\/2026\/02\/gel-polish-top-no-wipe-gloss-1.jpg?resize=100%2C100&amp;ssl=1 100w, https:\/\/i0.wp.com\/naillycosmetics.com\/wp-content\/uploads\/2026\/02\/gel-polish-top-no-wipe-gloss-1.jpg?resize=64%2C64&amp;ssl=1 64w\" sizes=\"(max-width: 200px) 100vw, 200px\" \/><\/span>\t\t<h2 class=\"woocommerce-loop-category__title\">\n\t\t\tVernis gel de salon Top Coats <mark class=\"count\">(17)<\/mark>\t\t<\/h2>\n\t\t<\/a><\/li>\n<\/ul>\n<\/div><p class=\"has-text-align-center has-black-color has-text-color\"><a href=\"https:\/\/victoriavynn.com\/en\/news.html\" target=\"_blank\" rel=\"noreferrer noopener\">Plus de vernis \u00e0 ongles en gel professionnel bient\u00f4t disponible !<\/a><\/p>","protected":false},"excerpt":{"rendered":"<p>Victoria VYNN Salon Gel Polish. The Professional Gel Nail Polish! Are you wondering why we have named our Gel Polish as &#8220;Salon&#8221; Gel Polish? Why Salon\/Professional Gel Nail Polish? The Gel Polish system comprises classic, durable hybrid polishes cured in UV and LED lamps. The system contains bases and tops of different properties, durability and [&hellip;]<\/p>\n","protected":false},"author":1,"featured_media":0,"parent":0,"menu_order":0,"comment_status":"closed","ping_status":"closed","template":"","meta":{"jetpack_post_was_ever_published":false,"footnotes":""},"class_list":["post-5508","page","type-page","status-publish","hentry"],"jetpack-related-posts":[{"id":5513,"url":"https:\/\/naillycosmetics.com\/fr\/gel-nail-polish-hybrid-victoria-vynn\/","url_meta":{"origin":5508,"position":0},"title":"Victoria VYNN Gel Polish &amp; Hybrid","author":"Serge Sahakian","date":"septembre 9, 2022","format":false,"excerpt":"Vernis \u00e0 ongles en gel de qualit\u00e9 salon Nous r\u00e9pondons aux besoins de nos clients en offrant une riche vari\u00e9t\u00e9 de couleurs avec des vernis \u00e0 ongles en gel hybrides de diff\u00e9rentes couvertures et effets, dans plus de 250 couleurs. Les vernis hybrides Pure r\u00e9pondent aux attentes des femmes du monde entier ! Nous cr\u00e9ons nos collections en accord avec...","rel":"","context":"Article similaire","block_context":{"text":"Article similaire","link":""},"img":{"alt_text":"victoria vynn salon gel polish best gel polish for beauty salons","src":"https:\/\/i0.wp.com\/naillycosmetics.com\/wp-content\/uploads\/2023\/10\/victoria-vynn-salon-gel-polish-best-gel-polish-for-beauty-salons.webp?resize=350%2C200&ssl=1","width":350,"height":200,"srcset":"https:\/\/i0.wp.com\/naillycosmetics.com\/wp-content\/uploads\/2023\/10\/victoria-vynn-salon-gel-polish-best-gel-polish-for-beauty-salons.webp?resize=350%2C200&ssl=1 1x, https:\/\/i0.wp.com\/naillycosmetics.com\/wp-content\/uploads\/2023\/10\/victoria-vynn-salon-gel-polish-best-gel-polish-for-beauty-salons.webp?resize=525%2C300&ssl=1 1.5x, https:\/\/i0.wp.com\/naillycosmetics.com\/wp-content\/uploads\/2023\/10\/victoria-vynn-salon-gel-polish-best-gel-polish-for-beauty-salons.webp?resize=700%2C400&ssl=1 2x"},"classes":[]},{"id":5622,"url":"https:\/\/naillycosmetics.com\/fr\/hybrid-nail-gel-polishes\/","url_meta":{"origin":5508,"position":1},"title":"Victoria VYNN Pure Creamy Hybrid","author":"Serge Sahakian","date":"septembre 10, 2022","format":false,"excerpt":"Victoria VYNN Pure Creamy Hybrid. Gel \u00e0 ongles hybride longue dur\u00e9e ! Les vernis hybrides Pure r\u00e9pondent aux attentes des femmes du monde entier ! Nous cr\u00e9ons nos collections en fonction des derni\u00e8res tendances, nous r\u00e9pondons aux besoins de nos clientes et nous mettons en valeur la beaut\u00e9 de leurs mains ! Hybride professionnel \u00e0 utiliser en salon...","rel":"","context":"Article similaire","block_context":{"text":"Article similaire","link":""},"img":{"alt_text":"victoria vynn pure creamy hybrid long lasting super shine gel polish","src":"https:\/\/i0.wp.com\/naillycosmetics.com\/wp-content\/uploads\/2023\/10\/victoria-vynn-pure-creamy-hybrid-long-lasting-super-shine-gel-polish.webp?resize=350%2C200&ssl=1","width":350,"height":200,"srcset":"https:\/\/i0.wp.com\/naillycosmetics.com\/wp-content\/uploads\/2023\/10\/victoria-vynn-pure-creamy-hybrid-long-lasting-super-shine-gel-polish.webp?resize=350%2C200&ssl=1 1x, https:\/\/i0.wp.com\/naillycosmetics.com\/wp-content\/uploads\/2023\/10\/victoria-vynn-pure-creamy-hybrid-long-lasting-super-shine-gel-polish.webp?resize=525%2C300&ssl=1 1.5x, https:\/\/i0.wp.com\/naillycosmetics.com\/wp-content\/uploads\/2023\/10\/victoria-vynn-pure-creamy-hybrid-long-lasting-super-shine-gel-polish.webp?resize=700%2C400&ssl=1 2x"},"classes":[]},{"id":5473,"url":"https:\/\/naillycosmetics.com\/fr\/professional-gel-nail-polish\/professional-nail-colours-gel\/","url_meta":{"origin":5508,"position":2},"title":"Victoria VYNN Salon Gel Polish Colors","author":"Serge Sahakian","date":"septembre 9, 2022","format":false,"excerpt":"Victoria VYNN Salon Gel Polish Colors. Simply Professional Nail Colours! We respond to\u00a0the needs of our clients by offering a\u00a0rich variety of colours with hybrid polishes of different coverage and effects, in over 250 colours. Popular hybrid varnishes are an indispensable element of nail styling of most women in the\u2026","rel":"","context":"Article similaire","block_context":{"text":"Article similaire","link":""},"img":{"alt_text":"victoria vynn best gsalon gel polish colors cat eye 9d reflective gel polish super shine","src":"https:\/\/i0.wp.com\/naillycosmetics.com\/wp-content\/uploads\/2023\/10\/victoria-vynn-best-gsalon-gel-polish-colors-cat-eye-9d-reflective-gel-polish-super-shine.webp?resize=350%2C200&ssl=1","width":350,"height":200,"srcset":"https:\/\/i0.wp.com\/naillycosmetics.com\/wp-content\/uploads\/2023\/10\/victoria-vynn-best-gsalon-gel-polish-colors-cat-eye-9d-reflective-gel-polish-super-shine.webp?resize=350%2C200&ssl=1 1x, https:\/\/i0.wp.com\/naillycosmetics.com\/wp-content\/uploads\/2023\/10\/victoria-vynn-best-gsalon-gel-polish-colors-cat-eye-9d-reflective-gel-polish-super-shine.webp?resize=525%2C300&ssl=1 1.5x, https:\/\/i0.wp.com\/naillycosmetics.com\/wp-content\/uploads\/2023\/10\/victoria-vynn-best-gsalon-gel-polish-colors-cat-eye-9d-reflective-gel-polish-super-shine.webp?resize=700%2C400&ssl=1 2x"},"classes":[]},{"id":15314,"url":"https:\/\/naillycosmetics.com\/fr\/gel-nail-polish-hybrid-victoria-vynn-mobile\/","url_meta":{"origin":5508,"position":3},"title":"Victoria VYNN Gel Polish &amp; Hybrid","author":"Serge Sahakian","date":"septembre 24, 2023","format":false,"excerpt":"Vernis \u00e0 ongles en gel de qualit\u00e9 salon Nous r\u00e9pondons aux besoins de nos clients en offrant une riche vari\u00e9t\u00e9 de couleurs avec des vernis \u00e0 ongles en gel hybrides de diff\u00e9rentes couvertures et effets, dans plus de 250 couleurs. Les vernis hybrides Pure r\u00e9pondent aux attentes des femmes du monde entier ! Nous cr\u00e9ons nos collections en accord avec...","rel":"","context":"Article similaire","block_context":{"text":"Article similaire","link":""},"img":{"alt_text":"professional gel nail polish colours","src":"https:\/\/i0.wp.com\/naillycosmetics.com\/wp-content\/uploads\/2022\/09\/gallery2_4_mini-1.jpeg?resize=350%2C200&ssl=1","width":350,"height":200,"srcset":"https:\/\/i0.wp.com\/naillycosmetics.com\/wp-content\/uploads\/2022\/09\/gallery2_4_mini-1.jpeg?resize=350%2C200&ssl=1 1x, https:\/\/i0.wp.com\/naillycosmetics.com\/wp-content\/uploads\/2022\/09\/gallery2_4_mini-1.jpeg?resize=525%2C300&ssl=1 1.5x, https:\/\/i0.wp.com\/naillycosmetics.com\/wp-content\/uploads\/2022\/09\/gallery2_4_mini-1.jpeg?resize=700%2C400&ssl=1 2x"},"classes":[]},{"id":5462,"url":"https:\/\/naillycosmetics.com\/fr\/iq-salon-vegan-nail-polish\/vegan-nail-colors\/","url_meta":{"origin":5508,"position":4},"title":"Couleurs de vernis \u00e0 ongles de salon Victoria VYNN iQ","author":"Serge Sahakian","date":"septembre 8, 2022","format":false,"excerpt":"Vernis \u00e0 ongles iQ Vegan de qualit\u00e9 salon Toutes les couleurs de vernis \u00e0 ongles Victoria VYNN IQ Salon sont les \u00e9quivalents des teintes les plus populaires des vernis gel hybrides et des vernis hybrides Pure Creamy.","rel":"","context":"Article similaire","block_context":{"text":"Article similaire","link":""},"img":{"alt_text":"victoria vynn vegan nail colors iq nail polish","src":"https:\/\/i0.wp.com\/naillycosmetics.com\/wp-content\/uploads\/2023\/10\/victoria-vynn-vegan-nail-colors-iq-nail-polish.webp?resize=350%2C200&ssl=1","width":350,"height":200,"srcset":"https:\/\/i0.wp.com\/naillycosmetics.com\/wp-content\/uploads\/2023\/10\/victoria-vynn-vegan-nail-colors-iq-nail-polish.webp?resize=350%2C200&ssl=1 1x, https:\/\/i0.wp.com\/naillycosmetics.com\/wp-content\/uploads\/2023\/10\/victoria-vynn-vegan-nail-colors-iq-nail-polish.webp?resize=525%2C300&ssl=1 1.5x, https:\/\/i0.wp.com\/naillycosmetics.com\/wp-content\/uploads\/2023\/10\/victoria-vynn-vegan-nail-colors-iq-nail-polish.webp?resize=700%2C400&ssl=1 2x"},"classes":[]},{"id":5304,"url":"https:\/\/naillycosmetics.com\/fr\/professional-gel-nail-polish\/gel-nail-preps\/","url_meta":{"origin":5508,"position":5},"title":"Victoria VYNN Salon Gel Polish Preparations","author":"Serge Sahakian","date":"septembre 4, 2022","format":false,"excerpt":"Les pr\u00e9parations professionnelles les plus efficaces pour les ongles en gel Voulez-vous profiter d'un dessin d'ongle durable et parfait ? N'oubliez pas de pr\u00e9parer correctement la plaque de l'ongle avant de proc\u00e9der. Choisissez les pr\u00e9parations et les liquides n\u00e9cessaires \u00e0 la cr\u00e9ation d'une manucure et d'une p\u00e9dicure magnifiques et durables. Un produit unique pour commencer est Nail Prep pour d\u00e9graisser les ongles...","rel":"","context":"Article similaire","block_context":{"text":"Article similaire","link":""},"img":{"alt_text":"victoria vynn best salon nail preparation products","src":"https:\/\/i0.wp.com\/naillycosmetics.com\/wp-content\/uploads\/2023\/10\/victoria-vynn-best-salon-nail-preparation-products.webp?resize=350%2C200&ssl=1","width":350,"height":200,"srcset":"https:\/\/i0.wp.com\/naillycosmetics.com\/wp-content\/uploads\/2023\/10\/victoria-vynn-best-salon-nail-preparation-products.webp?resize=350%2C200&ssl=1 1x, https:\/\/i0.wp.com\/naillycosmetics.com\/wp-content\/uploads\/2023\/10\/victoria-vynn-best-salon-nail-preparation-products.webp?resize=525%2C300&ssl=1 1.5x, https:\/\/i0.wp.com\/naillycosmetics.com\/wp-content\/uploads\/2023\/10\/victoria-vynn-best-salon-nail-preparation-products.webp?resize=700%2C400&ssl=1 2x"},"classes":[]}],"jetpack_sharing_enabled":true,"_links":{"self":[{"href":"https:\/\/naillycosmetics.com\/fr\/wp-json\/wp\/v2\/pages\/5508","targetHints":{"allow":["GET"]}}],"collection":[{"href":"https:\/\/naillycosmetics.com\/fr\/wp-json\/wp\/v2\/pages"}],"about":[{"href":"https:\/\/naillycosmetics.com\/fr\/wp-json\/wp\/v2\/types\/page"}],"author":[{"embeddable":true,"href":"https:\/\/naillycosmetics.com\/fr\/wp-json\/wp\/v2\/users\/1"}],"replies":[{"embeddable":true,"href":"https:\/\/naillycosmetics.com\/fr\/wp-json\/wp\/v2\/comments?post=5508"}],"version-history":[{"count":0,"href":"https:\/\/naillycosmetics.com\/fr\/wp-json\/wp\/v2\/pages\/5508\/revisions"}],"wp:attachment":[{"href":"https:\/\/naillycosmetics.com\/fr\/wp-json\/wp\/v2\/media?parent=5508"}],"curies":[{"name":"wp","href":"https:\/\/api.w.org\/{rel}","templated":true}]}}