{"id":5443,"date":"2022-09-07T22:39:10","date_gmt":"2022-09-07T22:39:10","guid":{"rendered":"https:\/\/naillycosmetics.com\/?page_id=5443"},"modified":"2024-09-24T16:32:36","modified_gmt":"2024-09-24T20:32:36","slug":"iq-salon-vegan-nail-polish","status":"publish","type":"page","link":"https:\/\/naillycosmetics.com\/fr\/iq-salon-vegan-nail-polish\/","title":{"rendered":"Vernis \u00e0 ongles de salon Victoria VYNN iQ"},"content":{"rendered":"<h1 class=\"wp-block-heading has-text-align-center has-black-color has-text-color\" style=\"font-size:clamp(20px, 1.25rem + ((1vw - 3.2px) * 1.379), 32px);\">Vernis \u00e0 ongles v\u00e9g\u00e9talien de qualit\u00e9 salon<\/h1><p class=\"has-text-align-center has-black-color has-text-color\">Vous aimez jouer avec les couleurs et changer fr\u00e9quemment de motifs sur vos ongles ? <\/p><p class=\"has-text-align-center has-black-color has-text-color\">Choisissez la formule intelligente des vernis \u00e0 ongles Victoria VYNN iQ et la composition unique qui garantit une adh\u00e9sion \u00e0 long terme \u00e0 la plaque de l'ongle et une durabilit\u00e9 extr\u00eame !<\/p><figure class=\"wp-block-image aligncenter\"><img data-recalc-dims=\"1\" loading=\"lazy\" decoding=\"async\" width=\"960\" height=\"678\" src=\"https:\/\/i0.wp.com\/naillycosmetics.com\/wp-content\/uploads\/2022\/12\/vegan-nail-polish.webp?resize=960%2C678\" alt=\"vegan nail polish\" class=\"wp-image-8323\" srcset=\"https:\/\/i0.wp.com\/naillycosmetics.com\/wp-content\/uploads\/2022\/12\/vegan-nail-polish.webp?w=960&amp;ssl=1 960w, https:\/\/i0.wp.com\/naillycosmetics.com\/wp-content\/uploads\/2022\/12\/vegan-nail-polish.webp?resize=150%2C106&amp;ssl=1 150w, https:\/\/i0.wp.com\/naillycosmetics.com\/wp-content\/uploads\/2022\/12\/vegan-nail-polish.webp?resize=416%2C294&amp;ssl=1 416w\" sizes=\"auto, (max-width: 960px) 100vw, 960px\" \/><\/figure><h2 class=\"wp-block-heading has-text-align-center has-black-color has-text-color\">Pourquoi choisir le vernis \u00e0 ongles v\u00e9g\u00e9talien Victoria VYNN iQ ?<\/h2><p class=\"has-text-align-center has-black-color has-text-color\">Avec la&nbsp;<strong><a href=\"https:\/\/naillycosmetics.com\/fr\/iq-salon-nail-polish\/iq-salon-nail-polish-colors\/\" target=\"_blank\" rel=\"noreferrer noopener\">Vernis \u00e0 ongles iQ<\/a><\/strong>&nbsp;vous pouvez profiter de l'effet pendant 10 jours comme apr\u00e8s une visite dans un salon de coiffure !<\/p><p class=\"has-text-align-center has-black-color has-text-color\">De la couleur \u00e0 la couleur ! Tous les&nbsp;<strong>Vernis \u00e0 ongles iQ Salon<\/strong>&nbsp;sont les \u00e9quivalents des teintes les plus populaires des vernis hybrides Gel Polish et Pure Creamy Hybrid.<\/p><p class=\"has-text-align-center\"><div class=\"woocommerce columns-6\"><ul class=\"products columns-6\">\n<li class=\"product-category product first\">\n\t<a aria-label=\"Acc\u00e9der \u00e0 la cat\u00e9gorie de produits iQ Salon Nail Polish Colors\" href=\"https:\/\/naillycosmetics.com\/fr\/category\/iq-salon-vegan-nail-polish\/vegan-nail-colors\/\" data-no-translation-aria-label=\"\"><span class=\"cat-image-wrapper\"><img decoding=\"async\" src=\"https:\/\/i0.wp.com\/naillycosmetics.com\/wp-content\/uploads\/2026\/02\/vynn_iq-nail-polish-003_s.jpg?fit=200%2C200&#038;ssl=1\" alt=\"iQ Salon Nail Polish Colors\" width=\"200\" height=\"\" srcset=\"https:\/\/i0.wp.com\/naillycosmetics.com\/wp-content\/uploads\/2026\/02\/vynn_iq-nail-polish-003_s.jpg?w=1500&amp;ssl=1 1500w, https:\/\/i0.wp.com\/naillycosmetics.com\/wp-content\/uploads\/2026\/02\/vynn_iq-nail-polish-003_s.jpg?resize=300%2C300&amp;ssl=1 300w, https:\/\/i0.wp.com\/naillycosmetics.com\/wp-content\/uploads\/2026\/02\/vynn_iq-nail-polish-003_s.jpg?resize=1024%2C1024&amp;ssl=1 1024w, https:\/\/i0.wp.com\/naillycosmetics.com\/wp-content\/uploads\/2026\/02\/vynn_iq-nail-polish-003_s.jpg?resize=150%2C150&amp;ssl=1 150w, https:\/\/i0.wp.com\/naillycosmetics.com\/wp-content\/uploads\/2026\/02\/vynn_iq-nail-polish-003_s.jpg?resize=768%2C768&amp;ssl=1 768w, https:\/\/i0.wp.com\/naillycosmetics.com\/wp-content\/uploads\/2026\/02\/vynn_iq-nail-polish-003_s.jpg?resize=12%2C12&amp;ssl=1 12w, https:\/\/i0.wp.com\/naillycosmetics.com\/wp-content\/uploads\/2026\/02\/vynn_iq-nail-polish-003_s.jpg?resize=32%2C32&amp;ssl=1 32w, https:\/\/i0.wp.com\/naillycosmetics.com\/wp-content\/uploads\/2026\/02\/vynn_iq-nail-polish-003_s.jpg?resize=990%2C990&amp;ssl=1 990w, https:\/\/i0.wp.com\/naillycosmetics.com\/wp-content\/uploads\/2026\/02\/vynn_iq-nail-polish-003_s.jpg?resize=441%2C441&amp;ssl=1 441w, https:\/\/i0.wp.com\/naillycosmetics.com\/wp-content\/uploads\/2026\/02\/vynn_iq-nail-polish-003_s.jpg?resize=200%2C200&amp;ssl=1 200w, https:\/\/i0.wp.com\/naillycosmetics.com\/wp-content\/uploads\/2026\/02\/vynn_iq-nail-polish-003_s.jpg?resize=750%2C750&amp;ssl=1 750w, https:\/\/i0.wp.com\/naillycosmetics.com\/wp-content\/uploads\/2026\/02\/vynn_iq-nail-polish-003_s.jpg?resize=50%2C50&amp;ssl=1 50w, https:\/\/i0.wp.com\/naillycosmetics.com\/wp-content\/uploads\/2026\/02\/vynn_iq-nail-polish-003_s.jpg?resize=100%2C100&amp;ssl=1 100w, https:\/\/i0.wp.com\/naillycosmetics.com\/wp-content\/uploads\/2026\/02\/vynn_iq-nail-polish-003_s.jpg?resize=64%2C64&amp;ssl=1 64w\" sizes=\"(max-width: 200px) 100vw, 200px\" \/><\/span>\t\t<h2 class=\"woocommerce-loop-category__title\">\n\t\t\tCouleurs de vernis \u00e0 ongles iQ Salon <mark class=\"count\">(28)<\/mark>\t\t<\/h2>\n\t\t<\/a><\/li>\n<li class=\"product-category product\">\n\t<a aria-label=\"Acc\u00e9der \u00e0 la cat\u00e9gorie de produits iQ Salon Nail Polish Preparations\" href=\"https:\/\/naillycosmetics.com\/fr\/category\/iq-salon-vegan-nail-polish\/base-top-vegan-nails\/\" data-no-translation-aria-label=\"\"><span class=\"cat-image-wrapper\"><img decoding=\"async\" src=\"https:\/\/i0.wp.com\/naillycosmetics.com\/wp-content\/uploads\/2021\/03\/VYNN_iQ-Nail-Polish-TOP_S.png?fit=200%2C200&#038;ssl=1\" alt=\"iQ Salon Nail Polish Preparations\" width=\"200\" height=\"\" srcset=\"https:\/\/i0.wp.com\/naillycosmetics.com\/wp-content\/uploads\/2021\/03\/VYNN_iQ-Nail-Polish-TOP_S.png?w=753&amp;ssl=1 753w, https:\/\/i0.wp.com\/naillycosmetics.com\/wp-content\/uploads\/2021\/03\/VYNN_iQ-Nail-Polish-TOP_S.png?resize=300%2C300&amp;ssl=1 300w, https:\/\/i0.wp.com\/naillycosmetics.com\/wp-content\/uploads\/2021\/03\/VYNN_iQ-Nail-Polish-TOP_S.png?resize=150%2C150&amp;ssl=1 150w, https:\/\/i0.wp.com\/naillycosmetics.com\/wp-content\/uploads\/2021\/03\/VYNN_iQ-Nail-Polish-TOP_S.png?resize=12%2C12&amp;ssl=1 12w, https:\/\/i0.wp.com\/naillycosmetics.com\/wp-content\/uploads\/2021\/03\/VYNN_iQ-Nail-Polish-TOP_S.png?resize=32%2C32&amp;ssl=1 32w, https:\/\/i0.wp.com\/naillycosmetics.com\/wp-content\/uploads\/2021\/03\/VYNN_iQ-Nail-Polish-TOP_S.png?resize=416%2C416&amp;ssl=1 416w, https:\/\/i0.wp.com\/naillycosmetics.com\/wp-content\/uploads\/2021\/03\/VYNN_iQ-Nail-Polish-TOP_S.png?resize=100%2C100&amp;ssl=1 100w, https:\/\/i0.wp.com\/naillycosmetics.com\/wp-content\/uploads\/2021\/03\/VYNN_iQ-Nail-Polish-TOP_S.png?resize=50%2C50&amp;ssl=1 50w\" sizes=\"(max-width: 200px) 100vw, 200px\" \/><\/span>\t\t<h2 class=\"woocommerce-loop-category__title\">\n\t\t\tPr\u00e9parations pour vernis \u00e0 ongles iQ Salon <mark class=\"count\">(2)<\/mark>\t\t<\/h2>\n\t\t<\/a><\/li>\n<\/ul>\n<\/div><\/p><p class=\"has-text-align-center has-black-color has-text-color\"><a href=\"https:\/\/victoriavynn.com\/en\/iq-nail-polish.html\" target=\"_blank\" rel=\"noreferrer noopener\">Nouveau vernis \u00e0 ongles Victoria VYNN iQ bient\u00f4t disponible !<\/a><\/p>","protected":false},"excerpt":{"rendered":"<p>Salon Quality Vegan Nail Polish Do you like to play with colors and frequently change designs on your nails?! Choose the intelligent formula of Victoria VYNN iQ nail polishes and the unique composition which guarantees longterm adhesion to the nail plate and the extreme durability! Why Choose Victoria VYNN iQ Vegan Nail Polish?! With the&nbsp;iQ [&hellip;]<\/p>\n","protected":false},"author":1,"featured_media":0,"parent":0,"menu_order":0,"comment_status":"closed","ping_status":"closed","template":"","meta":{"jetpack_post_was_ever_published":false,"footnotes":""},"class_list":["post-5443","page","type-page","status-publish","hentry"],"jetpack-related-posts":[{"id":5462,"url":"https:\/\/naillycosmetics.com\/fr\/iq-salon-vegan-nail-polish\/vegan-nail-colors\/","url_meta":{"origin":5443,"position":0},"title":"Couleurs de vernis \u00e0 ongles de salon Victoria VYNN iQ","author":"Serge Sahakian","date":"septembre 8, 2022","format":false,"excerpt":"Vernis \u00e0 ongles iQ Vegan de qualit\u00e9 salon Toutes les couleurs de vernis \u00e0 ongles Victoria VYNN IQ Salon sont les \u00e9quivalents des teintes les plus populaires des vernis gel hybrides et des vernis hybrides Pure Creamy.","rel":"","context":"Article similaire","block_context":{"text":"Article similaire","link":""},"img":{"alt_text":"victoria vynn vegan nail colors iq nail polish","src":"https:\/\/i0.wp.com\/naillycosmetics.com\/wp-content\/uploads\/2023\/10\/victoria-vynn-vegan-nail-colors-iq-nail-polish.webp?resize=350%2C200&ssl=1","width":350,"height":200,"srcset":"https:\/\/i0.wp.com\/naillycosmetics.com\/wp-content\/uploads\/2023\/10\/victoria-vynn-vegan-nail-colors-iq-nail-polish.webp?resize=350%2C200&ssl=1 1x, https:\/\/i0.wp.com\/naillycosmetics.com\/wp-content\/uploads\/2023\/10\/victoria-vynn-vegan-nail-colors-iq-nail-polish.webp?resize=525%2C300&ssl=1 1.5x, https:\/\/i0.wp.com\/naillycosmetics.com\/wp-content\/uploads\/2023\/10\/victoria-vynn-vegan-nail-colors-iq-nail-polish.webp?resize=700%2C400&ssl=1 2x"},"classes":[]},{"id":5458,"url":"https:\/\/naillycosmetics.com\/fr\/iq-salon-vegan-nail-polish\/base-top-vegan-nails\/","url_meta":{"origin":5443,"position":1},"title":"Pr\u00e9parations pour vernis \u00e0 ongles du salon Victoria VYNN iQ","author":"Serge Sahakian","date":"septembre 8, 2022","format":false,"excerpt":"iQ Salon Nail Polish Preparations for Vegan Nails The formula of Victoria VYNN IQ Base Coat rich in high-quality vegan ingredients ensures long-lasting adhesion to the nail plate and guarantees a salon-quality manicure. Victoria VYNN IQ Top Coat is a transparent top dedicated to the protection of classic styling made\u2026","rel":"","context":"Article similaire","block_context":{"text":"Article similaire","link":""},"img":{"alt_text":"","src":"https:\/\/i0.wp.com\/naillycosmetics.com\/wp-content\/uploads\/2023\/10\/victoria-vynn-vegan-nail-colors-iq-nail-polish-base-coat-and-top-coat-.webp?resize=350%2C200&ssl=1","width":350,"height":200,"srcset":"https:\/\/i0.wp.com\/naillycosmetics.com\/wp-content\/uploads\/2023\/10\/victoria-vynn-vegan-nail-colors-iq-nail-polish-base-coat-and-top-coat-.webp?resize=350%2C200&ssl=1 1x, https:\/\/i0.wp.com\/naillycosmetics.com\/wp-content\/uploads\/2023\/10\/victoria-vynn-vegan-nail-colors-iq-nail-polish-base-coat-and-top-coat-.webp?resize=525%2C300&ssl=1 1.5x, https:\/\/i0.wp.com\/naillycosmetics.com\/wp-content\/uploads\/2023\/10\/victoria-vynn-vegan-nail-colors-iq-nail-polish-base-coat-and-top-coat-.webp?resize=700%2C400&ssl=1 2x"},"classes":[]},{"id":5508,"url":"https:\/\/naillycosmetics.com\/fr\/professional-gel-nail-polish\/","url_meta":{"origin":5443,"position":2},"title":"Victoria VYNN Salon Gel Polish","author":"Serge Sahakian","date":"septembre 9, 2022","format":false,"excerpt":"Victoria VYNN Salon Gel Polish. The Professional Gel Nail Polish! Are you wondering why we have named our Gel Polish as \"Salon\" Gel Polish? Why Salon\/Professional Gel Nail Polish? The Gel Polish system comprises classic, durable hybrid polishes cured in UV and LED lamps. The system contains bases and tops\u2026","rel":"","context":"Article similaire","block_context":{"text":"Article similaire","link":""},"img":{"alt_text":"professional victoria vynn salon gel polish colors","src":"https:\/\/i0.wp.com\/naillycosmetics.com\/wp-content\/uploads\/2023\/10\/professional-victoria-vynn-salon-gel-polish-colors.webp?resize=350%2C200&ssl=1","width":350,"height":200,"srcset":"https:\/\/i0.wp.com\/naillycosmetics.com\/wp-content\/uploads\/2023\/10\/professional-victoria-vynn-salon-gel-polish-colors.webp?resize=350%2C200&ssl=1 1x, https:\/\/i0.wp.com\/naillycosmetics.com\/wp-content\/uploads\/2023\/10\/professional-victoria-vynn-salon-gel-polish-colors.webp?resize=525%2C300&ssl=1 1.5x, https:\/\/i0.wp.com\/naillycosmetics.com\/wp-content\/uploads\/2023\/10\/professional-victoria-vynn-salon-gel-polish-colors.webp?resize=700%2C400&ssl=1 2x"},"classes":[]},{"id":5513,"url":"https:\/\/naillycosmetics.com\/fr\/gel-nail-polish-hybrid-victoria-vynn\/","url_meta":{"origin":5443,"position":3},"title":"Victoria VYNN Gel Polish &amp; Hybrid","author":"Serge Sahakian","date":"septembre 9, 2022","format":false,"excerpt":"Vernis \u00e0 ongles en gel de qualit\u00e9 salon Nous r\u00e9pondons aux besoins de nos clients en offrant une riche vari\u00e9t\u00e9 de couleurs avec des vernis \u00e0 ongles en gel hybrides de diff\u00e9rentes couvertures et effets, dans plus de 250 couleurs. Les vernis hybrides Pure r\u00e9pondent aux attentes des femmes du monde entier ! Nous cr\u00e9ons nos collections en accord avec...","rel":"","context":"Article similaire","block_context":{"text":"Article similaire","link":""},"img":{"alt_text":"victoria vynn salon gel polish best gel polish for beauty salons","src":"https:\/\/i0.wp.com\/naillycosmetics.com\/wp-content\/uploads\/2023\/10\/victoria-vynn-salon-gel-polish-best-gel-polish-for-beauty-salons.webp?resize=350%2C200&ssl=1","width":350,"height":200,"srcset":"https:\/\/i0.wp.com\/naillycosmetics.com\/wp-content\/uploads\/2023\/10\/victoria-vynn-salon-gel-polish-best-gel-polish-for-beauty-salons.webp?resize=350%2C200&ssl=1 1x, https:\/\/i0.wp.com\/naillycosmetics.com\/wp-content\/uploads\/2023\/10\/victoria-vynn-salon-gel-polish-best-gel-polish-for-beauty-salons.webp?resize=525%2C300&ssl=1 1.5x, https:\/\/i0.wp.com\/naillycosmetics.com\/wp-content\/uploads\/2023\/10\/victoria-vynn-salon-gel-polish-best-gel-polish-for-beauty-salons.webp?resize=700%2C400&ssl=1 2x"},"classes":[]},{"id":5473,"url":"https:\/\/naillycosmetics.com\/fr\/professional-gel-nail-polish\/professional-nail-colours-gel\/","url_meta":{"origin":5443,"position":4},"title":"Victoria VYNN Salon Gel Polish Colors","author":"Serge Sahakian","date":"septembre 9, 2022","format":false,"excerpt":"Victoria VYNN Salon Gel Polish Colors. Simply Professional Nail Colours! We respond to\u00a0the needs of our clients by offering a\u00a0rich variety of colours with hybrid polishes of different coverage and effects, in over 250 colours. Popular hybrid varnishes are an indispensable element of nail styling of most women in the\u2026","rel":"","context":"Article similaire","block_context":{"text":"Article similaire","link":""},"img":{"alt_text":"victoria vynn best gsalon gel polish colors cat eye 9d reflective gel polish super shine","src":"https:\/\/i0.wp.com\/naillycosmetics.com\/wp-content\/uploads\/2023\/10\/victoria-vynn-best-gsalon-gel-polish-colors-cat-eye-9d-reflective-gel-polish-super-shine.webp?resize=350%2C200&ssl=1","width":350,"height":200,"srcset":"https:\/\/i0.wp.com\/naillycosmetics.com\/wp-content\/uploads\/2023\/10\/victoria-vynn-best-gsalon-gel-polish-colors-cat-eye-9d-reflective-gel-polish-super-shine.webp?resize=350%2C200&ssl=1 1x, https:\/\/i0.wp.com\/naillycosmetics.com\/wp-content\/uploads\/2023\/10\/victoria-vynn-best-gsalon-gel-polish-colors-cat-eye-9d-reflective-gel-polish-super-shine.webp?resize=525%2C300&ssl=1 1.5x, https:\/\/i0.wp.com\/naillycosmetics.com\/wp-content\/uploads\/2023\/10\/victoria-vynn-best-gsalon-gel-polish-colors-cat-eye-9d-reflective-gel-polish-super-shine.webp?resize=700%2C400&ssl=1 2x"},"classes":[]},{"id":5622,"url":"https:\/\/naillycosmetics.com\/fr\/hybrid-nail-gel-polishes\/","url_meta":{"origin":5443,"position":5},"title":"Victoria VYNN Pure Creamy Hybrid","author":"Serge Sahakian","date":"septembre 10, 2022","format":false,"excerpt":"Victoria VYNN Pure Creamy Hybrid. Gel \u00e0 ongles hybride longue dur\u00e9e ! Les vernis hybrides Pure r\u00e9pondent aux attentes des femmes du monde entier ! Nous cr\u00e9ons nos collections en fonction des derni\u00e8res tendances, nous r\u00e9pondons aux besoins de nos clientes et nous mettons en valeur la beaut\u00e9 de leurs mains ! Hybride professionnel \u00e0 utiliser en salon...","rel":"","context":"Article similaire","block_context":{"text":"Article similaire","link":""},"img":{"alt_text":"victoria vynn pure creamy hybrid long lasting super shine gel polish","src":"https:\/\/i0.wp.com\/naillycosmetics.com\/wp-content\/uploads\/2023\/10\/victoria-vynn-pure-creamy-hybrid-long-lasting-super-shine-gel-polish.webp?resize=350%2C200&ssl=1","width":350,"height":200,"srcset":"https:\/\/i0.wp.com\/naillycosmetics.com\/wp-content\/uploads\/2023\/10\/victoria-vynn-pure-creamy-hybrid-long-lasting-super-shine-gel-polish.webp?resize=350%2C200&ssl=1 1x, https:\/\/i0.wp.com\/naillycosmetics.com\/wp-content\/uploads\/2023\/10\/victoria-vynn-pure-creamy-hybrid-long-lasting-super-shine-gel-polish.webp?resize=525%2C300&ssl=1 1.5x, https:\/\/i0.wp.com\/naillycosmetics.com\/wp-content\/uploads\/2023\/10\/victoria-vynn-pure-creamy-hybrid-long-lasting-super-shine-gel-polish.webp?resize=700%2C400&ssl=1 2x"},"classes":[]}],"jetpack_sharing_enabled":true,"_links":{"self":[{"href":"https:\/\/naillycosmetics.com\/fr\/wp-json\/wp\/v2\/pages\/5443","targetHints":{"allow":["GET"]}}],"collection":[{"href":"https:\/\/naillycosmetics.com\/fr\/wp-json\/wp\/v2\/pages"}],"about":[{"href":"https:\/\/naillycosmetics.com\/fr\/wp-json\/wp\/v2\/types\/page"}],"author":[{"embeddable":true,"href":"https:\/\/naillycosmetics.com\/fr\/wp-json\/wp\/v2\/users\/1"}],"replies":[{"embeddable":true,"href":"https:\/\/naillycosmetics.com\/fr\/wp-json\/wp\/v2\/comments?post=5443"}],"version-history":[{"count":0,"href":"https:\/\/naillycosmetics.com\/fr\/wp-json\/wp\/v2\/pages\/5443\/revisions"}],"wp:attachment":[{"href":"https:\/\/naillycosmetics.com\/fr\/wp-json\/wp\/v2\/media?parent=5443"}],"curies":[{"name":"wp","href":"https:\/\/api.w.org\/{rel}","templated":true}]}}