{"id":441,"date":"2019-11-24T16:41:51","date_gmt":"2019-11-24T16:41:51","guid":{"rendered":"https:\/\/naillycosmetics.com\/?page_id=441"},"modified":"2025-04-06T21:40:05","modified_gmt":"2025-04-07T01:40:05","slug":"my-cart","status":"publish","type":"page","link":"https:\/\/naillycosmetics.com\/fr\/my-cart\/","title":{"rendered":"Mon panier"},"content":{"rendered":"<h1 class=\"wp-block-heading has-text-align-center\">Mon panier<\/h1>","protected":false},"excerpt":{"rendered":"<p>Mon panier<\/p>","protected":false},"author":1,"featured_media":0,"parent":0,"menu_order":0,"comment_status":"closed","ping_status":"closed","template":"","meta":{"jetpack_post_was_ever_published":false,"footnotes":""},"class_list":["post-441","page","type-page","status-publish","hentry"],"jetpack-related-posts":[{"id":3758,"url":"https:\/\/naillycosmetics.com\/fr\/299\/","url_meta":{"origin":441,"position":0},"title":"299","author":"Serge Sahakian","date":"ao\u00fbt 25, 2022","format":false,"excerpt":"","rel":"","context":"Article similaire","block_context":{"text":"Article similaire","link":""},"img":{"alt_text":"","src":"https:\/\/i0.wp.com\/naillycosmetics.com\/wp-content\/uploads\/2020\/02\/299.png?fit=400%2C400&ssl=1&resize=350%2C200","width":350,"height":200},"classes":[]},{"id":10,"url":"https:\/\/naillycosmetics.com\/fr\/download-small\/","url_meta":{"origin":441,"position":1},"title":"download small","author":"Serge Sahakian","date":"novembre 22, 2019","format":false,"excerpt":"","rel":"","context":"Article similaire","block_context":{"text":"Article similaire","link":""},"img":{"alt_text":"","src":"https:\/\/i0.wp.com\/naillycosmetics.com\/wp-content\/uploads\/2019\/11\/download-small.png?fit=225%2C225&ssl=1&resize=350%2C200","width":350,"height":200},"classes":[]},{"id":11111,"url":"https:\/\/naillycosmetics.com\/fr\/victoria-vynn-brand-ambassador-2023\/","url_meta":{"origin":441,"position":2},"title":"Ambassadrice de la marque","author":"Serge Sahakian","date":"mars 13, 2023","format":false,"excerpt":"Programme d'ambassadeurs de marque \u00cates-vous int\u00e9ress\u00e9(e) par le poste d'ambassadeur de marque ? Avez-vous des comp\u00e9tences en mati\u00e8re de publicit\u00e9 et de marketing ? Avez-vous des comp\u00e9tences en communication ? Vous \u00eates passionn\u00e9(e) par les ongles ? Rejoignez notre \u00e9quipe ! L'innovation est la cl\u00e9 pour lib\u00e9rer votre potentiel en tant qu'ambassadrice d'une marque d'ongles de premier plan. Nous voulons travailler avec...","rel":"","context":"Article similaire","block_context":{"text":"Article similaire","link":""},"img":{"alt_text":"","src":"https:\/\/i0.wp.com\/naillycosmetics.com\/wp-content\/uploads\/2023\/03\/ambassador.webp?resize=350%2C200&ssl=1","width":350,"height":200,"srcset":"https:\/\/i0.wp.com\/naillycosmetics.com\/wp-content\/uploads\/2023\/03\/ambassador.webp?resize=350%2C200&ssl=1 1x, https:\/\/i0.wp.com\/naillycosmetics.com\/wp-content\/uploads\/2023\/03\/ambassador.webp?resize=525%2C300&ssl=1 1.5x"},"classes":[]},{"id":17586,"url":"https:\/\/naillycosmetics.com\/fr\/new-collections\/","url_meta":{"origin":441,"position":3},"title":"Nouvelles collections","author":"Serge Sahakian","date":"avril 10, 2024","format":false,"excerpt":"Cliquer pour acheter Cliquer pour acheter Cliquer pour acheter Cliquer pour acheter Cliquer pour acheter","rel":"","context":"Article similaire","block_context":{"text":"Article similaire","link":""},"img":{"alt_text":"Victoria VYNN Brocaciello Collection Slider","src":"https:\/\/i0.wp.com\/naillycosmetics.com\/wp-content\/uploads\/2024\/04\/victoria-vynn-brocaciello-collection-slider.webp?resize=350%2C200","width":350,"height":200,"srcset":"https:\/\/i0.wp.com\/naillycosmetics.com\/wp-content\/uploads\/2024\/04\/victoria-vynn-brocaciello-collection-slider.webp?resize=350%2C200 1x, https:\/\/i0.wp.com\/naillycosmetics.com\/wp-content\/uploads\/2024\/04\/victoria-vynn-brocaciello-collection-slider.webp?resize=525%2C300 1.5x, https:\/\/i0.wp.com\/naillycosmetics.com\/wp-content\/uploads\/2024\/04\/victoria-vynn-brocaciello-collection-slider.webp?resize=700%2C400 2x, https:\/\/i0.wp.com\/naillycosmetics.com\/wp-content\/uploads\/2024\/04\/victoria-vynn-brocaciello-collection-slider.webp?resize=1050%2C600 3x"},"classes":[]},{"id":7955,"url":"https:\/\/naillycosmetics.com\/fr\/new-collection-nail-gel-2023\/","url_meta":{"origin":441,"position":4},"title":"Nouveaux arrivages","author":"Serge Sahakian","date":"novembre 30, 2022","format":false,"excerpt":"Nouveaux arrivages et collections Cliquez sur la boutique Cliquez sur la boutique Cliquez sur la boutique Cliquez sur la boutique Cliquez sur la boutique Nouvelle collection de gel \u00e0 ongles bient\u00f4t disponible !","rel":"","context":"Article similaire","block_context":{"text":"Article similaire","link":""},"img":{"alt_text":"VYNN_VV_HoloColorido_POST_GBE","src":"https:\/\/i0.wp.com\/naillycosmetics.com\/wp-content\/uploads\/2024\/04\/vynn_vv_holocolorido_post_gbe.jpg?resize=350%2C200","width":350,"height":200,"srcset":"https:\/\/i0.wp.com\/naillycosmetics.com\/wp-content\/uploads\/2024\/04\/vynn_vv_holocolorido_post_gbe.jpg?resize=350%2C200 1x, https:\/\/i0.wp.com\/naillycosmetics.com\/wp-content\/uploads\/2024\/04\/vynn_vv_holocolorido_post_gbe.jpg?resize=525%2C300 1.5x, https:\/\/i0.wp.com\/naillycosmetics.com\/wp-content\/uploads\/2024\/04\/vynn_vv_holocolorido_post_gbe.jpg?resize=700%2C400 2x, https:\/\/i0.wp.com\/naillycosmetics.com\/wp-content\/uploads\/2024\/04\/vynn_vv_holocolorido_post_gbe.jpg?resize=1050%2C600 3x"},"classes":[]}],"jetpack_sharing_enabled":true,"_links":{"self":[{"href":"https:\/\/naillycosmetics.com\/fr\/wp-json\/wp\/v2\/pages\/441","targetHints":{"allow":["GET"]}}],"collection":[{"href":"https:\/\/naillycosmetics.com\/fr\/wp-json\/wp\/v2\/pages"}],"about":[{"href":"https:\/\/naillycosmetics.com\/fr\/wp-json\/wp\/v2\/types\/page"}],"author":[{"embeddable":true,"href":"https:\/\/naillycosmetics.com\/fr\/wp-json\/wp\/v2\/users\/1"}],"replies":[{"embeddable":true,"href":"https:\/\/naillycosmetics.com\/fr\/wp-json\/wp\/v2\/comments?post=441"}],"version-history":[{"count":0,"href":"https:\/\/naillycosmetics.com\/fr\/wp-json\/wp\/v2\/pages\/441\/revisions"}],"wp:attachment":[{"href":"https:\/\/naillycosmetics.com\/fr\/wp-json\/wp\/v2\/media?parent=441"}],"curies":[{"name":"wp","href":"https:\/\/api.w.org\/{rel}","templated":true}]}}