{"id":3812,"date":"2022-08-27T02:44:06","date_gmt":"2022-08-27T02:44:06","guid":{"rendered":"https:\/\/naillycosmetics.com\/index.php\/wholesale-registration-page\/"},"modified":"2026-03-20T19:32:59","modified_gmt":"2026-03-20T23:32:59","slug":"wholesale-nail-supply","status":"publish","type":"page","link":"https:\/\/naillycosmetics.com\/fr\/wholesale-nail-supply\/","title":{"rendered":"Victoria VYNN Canada &amp; USA Wholesale"},"content":{"rendered":"<h2 class=\"wp-block-heading has-text-align-center\">Victoria VYNN Canada &amp; USA Wholesale<\/h2><p class=\"has-text-align-center has-black-color has-text-color\">Faites partie de la famille Victoria VYNN et d\u00e9couvrez de nouvelles opportunit\u00e9s d'avancement. <\/p><p class=\"has-text-align-center has-black-color has-text-color\">Nous recommandons l'offre de Victoria Vynn pour les salons de beaut\u00e9, les installations SPA et les clients exigeants. Dans son portefeuille de produits, la marque propose une large gamme de couleurs de vernis hybrides, <a href=\"https:\/\/naillycosmetics.com\/fr\/category\/nail-extension-gel\/hard-nail-gel\/\" target=\"_blank\" rel=\"noreferrer noopener\">gels de construction<\/a>, <a href=\"https:\/\/naillycosmetics.com\/fr\/nail-extension-gel\/builder-in-a-bottle\/\" target=\"_blank\" rel=\"noreferrer noopener\">la construction de bases<\/a>, <a href=\"https:\/\/naillycosmetics.com\/fr\/category\/nail-extension-gel\/gel-acrylic-nails\/\" target=\"_blank\" rel=\"noreferrer noopener\">gels acryliques<\/a>, <a href=\"https:\/\/naillycosmetics.com\/fr\/nail-art-supplies\/\" target=\"_blank\" rel=\"noreferrer noopener\">divers produits d\u00e9coratifs<\/a>une large s\u00e9lection de <a href=\"https:\/\/naillycosmetics.com\/fr\/iq-salon-vegan-nail-polish\/\" target=\"_blank\" rel=\"noreferrer noopener\">vernis classiques<\/a>, <a href=\"https:\/\/naillycosmetics.com\/fr\/nail-care\/\" target=\"_blank\" rel=\"noreferrer noopener\">produits pour la r\u00e9g\u00e9n\u00e9ration et le soin des mains et des ongles<\/a>.<\/p><h2 class=\"wp-block-heading has-text-align-center has-black-color has-text-color has-large-font-size\">Qui peut pr\u00e9tendre \u00e0 l'enregistrement en tant que grossiste en fournitures pour les ongles ?<\/h2><figure class=\"wp-block-image aligncenter size-full\"><img data-recalc-dims=\"1\" loading=\"lazy\" decoding=\"async\" width=\"635\" height=\"800\" src=\"https:\/\/i0.wp.com\/naillycosmetics.com\/wp-content\/uploads\/2022\/12\/Wholesale-nail-supply.webp?resize=635%2C800&#038;ssl=1\" alt=\"wholesale nail supply\" class=\"wp-image-8998\" srcset=\"https:\/\/i0.wp.com\/naillycosmetics.com\/wp-content\/uploads\/2022\/12\/Wholesale-nail-supply.webp?w=635&amp;ssl=1 635w, https:\/\/i0.wp.com\/naillycosmetics.com\/wp-content\/uploads\/2022\/12\/Wholesale-nail-supply.webp?resize=150%2C189&amp;ssl=1 150w, https:\/\/i0.wp.com\/naillycosmetics.com\/wp-content\/uploads\/2022\/12\/Wholesale-nail-supply.webp?resize=416%2C524&amp;ssl=1 416w, https:\/\/i0.wp.com\/naillycosmetics.com\/wp-content\/uploads\/2022\/12\/Wholesale-nail-supply.webp?resize=238%2C300&amp;ssl=1 238w\" sizes=\"auto, (max-width: 635px) 100vw, 635px\" \/><figcaption class=\"wp-element-caption\"> <\/figcaption><\/figure><blockquote class=\"wp-block-quote is-layout-flow wp-block-quote-is-layout-flow\"><p>Nous proposons 2 types de distribution en gros :<\/p>\n\n<ol class=\"wp-block-list\"><li>Distributeurs r\u00e9gionaux (sur la base d'un accord contractuel)<\/li>\n\n<li>Salons d'ongles professionnels et techniciens\/instructeurs d'ongles certifi\u00e9s (montant minimum de commande CAD$ 500)<\/li><\/ol><\/blockquote><p class=\"has-text-align-center\"><em>Si vous \u00eates int\u00e9ress\u00e9 par l'acc\u00e8s \u00e0 notre plateforme de vente en gros, veuillez remplir le formulaire de contact ci-dessous et nous vous r\u00e9pondrons dans les 24 heures. Si votre demande est accept\u00e9e, vous recevrez une invitation avec le formulaire d'inscription pour obtenir l'acc\u00e8s.<\/em><\/p><div class=\"wp-block-contact-form-7-contact-form-selector\">\n<div class=\"wpcf7 no-js\" id=\"wpcf7-f15810-o1\" lang=\"en-US\" dir=\"ltr\" data-wpcf7-id=\"15810\">\n<div class=\"screen-reader-response\"><p role=\"status\" aria-live=\"polite\" aria-atomic=\"true\"><\/p> <ul><\/ul><\/div>\n<form action=\"\/fr\/wp-json\/wp\/v2\/pages\/3812#wpcf7-f15810-o1\" method=\"post\" class=\"wpcf7-form init\" aria-label=\"Contact form\" enctype=\"multipart\/form-data\" novalidate=\"novalidate\" data-status=\"init\" data-trp-original-action=\"\/fr\/wp-json\/wp\/v2\/pages\/3812#wpcf7-f15810-o1\">\n<fieldset class=\"hidden-fields-container\"><input type=\"hidden\" name=\"_wpcf7\" value=\"15810\" \/><input type=\"hidden\" name=\"_wpcf7_version\" value=\"6.1.5\" \/><input type=\"hidden\" name=\"_wpcf7_locale\" value=\"en_US\" \/><input type=\"hidden\" name=\"_wpcf7_unit_tag\" value=\"wpcf7-f15810-o1\" \/><input type=\"hidden\" name=\"_wpcf7_container_post\" value=\"0\" \/><input type=\"hidden\" name=\"_wpcf7_posted_data_hash\" value=\"\" \/><input type=\"hidden\" name=\"_wpcf7_recaptcha_response\" value=\"\" \/>\n<\/fieldset>\n<p>Titre (obligatoire)<br \/>\n<span class=\"wpcf7-form-control-wrap\" data-name=\"checkbox-141\"><span class=\"wpcf7-form-control wpcf7-checkbox wpcf7-validates-as-required\"><span class=\"wpcf7-list-item first\"><label><span class=\"wpcf7-list-item-label\">Distributeur r\u00e9gional<\/span><input type=\"checkbox\" name=\"checkbox-141[]\" value=\"Regional Distributor\" \/><\/label><\/span><span class=\"wpcf7-list-item\"><label><span class=\"wpcf7-list-item-label\">Propri\u00e9taire d'un salon de beaut\u00e9<\/span><input type=\"checkbox\" name=\"checkbox-141[]\" value=\"Beauty Salon Owner\" \/><\/label><\/span><span class=\"wpcf7-list-item last\"><label><span class=\"wpcf7-list-item-label\">Technicienne en ongles\/instructrice certifi\u00e9e<\/span><input type=\"checkbox\" name=\"checkbox-141[]\" value=\"Certified Nail Technician\/Instructor\" \/><\/label><\/span><\/span><\/span>\n<\/p>\n<p>Nom (obligatoire)<br \/>\n<span class=\"wpcf7-form-control-wrap\" data-name=\"text-67\"><input size=\"40\" maxlength=\"400\" class=\"wpcf7-form-control wpcf7-text wpcf7-validates-as-required\" aria-required=\"true\" aria-invalid=\"false\" value=\"\" type=\"text\" name=\"text-67\" \/><\/span>\n<\/p>\n<p>Nom de famille (obligatoire)<br \/>\n<span class=\"wpcf7-form-control-wrap\" data-name=\"text-68\"><input size=\"40\" maxlength=\"400\" class=\"wpcf7-form-control wpcf7-text wpcf7-validates-as-required\" aria-required=\"true\" aria-invalid=\"false\" value=\"\" type=\"text\" name=\"text-68\" \/><\/span>\n<\/p>\n<p>E-mail (obligatoire)<br \/>\n<span class=\"wpcf7-form-control-wrap\" data-name=\"email-212\"><input size=\"40\" maxlength=\"400\" class=\"wpcf7-form-control wpcf7-email wpcf7-validates-as-required wpcf7-text wpcf7-validates-as-email\" aria-required=\"true\" aria-invalid=\"false\" value=\"\" type=\"email\" name=\"email-212\" \/><\/span>\n<\/p>\n<p>Num\u00e9ro de t\u00e9l\u00e9phone mobile (obligatoire)<br \/>\n<span class=\"wpcf7-form-control-wrap\" data-name=\"tel-363\"><input size=\"40\" maxlength=\"400\" class=\"wpcf7-form-control wpcf7-tel wpcf7-validates-as-required wpcf7-text wpcf7-validates-as-tel\" aria-required=\"true\" aria-invalid=\"false\" value=\"\" type=\"tel\" name=\"tel-363\" \/><\/span>\n<\/p>\n<p>Adresse (obligatoire)<br \/>\n<span class=\"wpcf7-form-control-wrap\" data-name=\"textarea-124\"><textarea cols=\"40\" rows=\"10\" maxlength=\"2000\" class=\"wpcf7-form-control wpcf7-textarea wpcf7-validates-as-required\" aria-required=\"true\" aria-invalid=\"false\" name=\"textarea-124\"><\/textarea><\/span>\n<\/p>\n<p>Pays (obligatoire)<br \/>\n<span class=\"wpcf7-form-control-wrap\" data-name=\"radio-362\"><span class=\"wpcf7-form-control wpcf7-radio\"><span class=\"wpcf7-list-item first\"><label><input type=\"radio\" name=\"radio-362\" value=\"Canada\" checked=\"checked\" \/><span class=\"wpcf7-list-item-label\">Canada<\/span><\/label><\/span><span class=\"wpcf7-list-item last\"><label><input type=\"radio\" name=\"radio-362\" value=\"USA\" \/><span class=\"wpcf7-list-item-label\">\u00c9TATS-UNIS<\/span><\/label><\/span><\/span><\/span>\n<\/p>\n<p>Province\/\u00c9tat (obligatoire)<br \/>\n<span class=\"wpcf7-form-control-wrap\" data-name=\"text-69\"><input size=\"40\" maxlength=\"400\" class=\"wpcf7-form-control wpcf7-text wpcf7-validates-as-required\" aria-required=\"true\" aria-invalid=\"false\" value=\"\" type=\"text\" name=\"text-69\" \/><\/span>\n<\/p>\n<p>Code postal (obligatoire)<br \/>\n<span class=\"wpcf7-form-control-wrap\" data-name=\"text-70\"><input size=\"40\" maxlength=\"400\" class=\"wpcf7-form-control wpcf7-text wpcf7-validates-as-required\" aria-required=\"true\" aria-invalid=\"false\" value=\"\" type=\"text\" name=\"text-70\" \/><\/span>\n<\/p>\n<p>Certificat (facultatif)<br \/>\n<span class=\"wpcf7-form-control-wrap\" data-name=\"file-270\"><input size=\"40\" class=\"wpcf7-form-control wpcf7-file\" accept=\".pdf,.jpg,.jpeg,.png\" aria-invalid=\"false\" type=\"file\" name=\"file-270\" \/><\/span>\n<\/p>\n<span class=\"wpcf7-form-control-wrap recaptcha\" data-name=\"recaptcha\"><span data-sitekey=\"6LeD7pgqAAAAANdhXHdENgij4sJztjCElowJolAG\" class=\"wpcf7-form-control wpcf7-recaptcha g-recaptcha\"><\/span>\r\n<noscript>\r\n\t<div class=\"grecaptcha-noscript\">\r\n\t\t<iframe loading=\"lazy\" src=\"https:\/\/www.google.com\/recaptcha\/api\/fallback?k=6LeD7pgqAAAAANdhXHdENgij4sJztjCElowJolAG\" frameborder=\"0\" scrolling=\"no\" width=\"310\" height=\"430\">\r\n\t\t<\/iframe>\r\n\t\t<textarea name=\"g-recaptcha-response\" rows=\"3\" cols=\"40\" placeholder=\"reCaptcha Response Here\">\r\n\t\t<\/textarea>\r\n\t<\/div>\r\n<\/noscript>\r\n<\/span>\n<p><input class=\"wpcf7-form-control wpcf7-submit has-spinner\" type=\"submit\" value=\"Envoyer\" \/>\n<\/p><div class=\"wpcf7-response-output\" aria-hidden=\"true\"><\/div>\n<input type=\"hidden\" name=\"trp-form-language\" value=\"fr\"\/><\/form>\n<\/div>\n<\/div><p class=\"has-black-color has-text-color\"><a href=\"https:\/\/victoriavynn.com\/en\/news.html\" target=\"_blank\" rel=\"noreferrer noopener\">Nouvelles des produits \u00e0 venir !<\/a><\/p>","protected":false},"excerpt":{"rendered":"<p>Victoria VYNN Canada &amp; USA Wholesale Be Part of our Victoria VYNN Family &amp; Discover New Advancement Opportunities. We recommend Victoria Vynn&#8217;s offer for beauty salons, SPA facilities and demanding clients. In the product portfolio, the brand has a&nbsp;wide range of colors of hybrid varnishes, building gels, building bases, acrylic-gels, various decorative products, a&nbsp;wide selection [&hellip;]<\/p>\n","protected":false},"author":1,"featured_media":0,"parent":0,"menu_order":0,"comment_status":"closed","ping_status":"closed","template":"","meta":{"jetpack_post_was_ever_published":false,"footnotes":""},"class_list":["post-3812","page","type-page","status-publish","hentry"],"jetpack-related-posts":[{"id":9761,"url":"https:\/\/naillycosmetics.com\/fr\/victoria-vynn-usa-and-canada-official-store\/","url_meta":{"origin":3812,"position":0},"title":"Boutique officielle Victoria VYNN USA &amp; Canada","author":"Serge Sahakian","date":"novembre 23, 2019","format":false,"excerpt":"Official Victoria VYNN USA & Canada Store Premium Nail Supplies for Professionals, Nail Techs & Beauty Salons! In the product portfolio, the brand has a wide range of victoria vynn gel polish colors of hybrid polishes, builder gels, builderbases, acrylic-gels, various decorative products, a wide selection of classic nail polishes,\u2026","rel":"","context":"Article similaire","block_context":{"text":"Article similaire","link":""},"img":{"alt_text":"","src":"https:\/\/i0.wp.com\/naillycosmetics.com\/wp-content\/uploads\/2023\/01\/image-1.png?resize=350%2C200&ssl=1","width":350,"height":200,"srcset":"https:\/\/i0.wp.com\/naillycosmetics.com\/wp-content\/uploads\/2023\/01\/image-1.png?resize=350%2C200&ssl=1 1x, https:\/\/i0.wp.com\/naillycosmetics.com\/wp-content\/uploads\/2023\/01\/image-1.png?resize=525%2C300&ssl=1 1.5x"},"classes":[]},{"id":15262,"url":"https:\/\/naillycosmetics.com\/fr\/victoria-vynn-usa-official-store\/","url_meta":{"origin":3812,"position":1},"title":"Victoria VYNN USA","author":"Serge Sahakian","date":"septembre 20, 2023","format":false,"excerpt":"Victoria VYNN USA [elfsight_slider id=\"1\"] Victoria VYNN USA - New Arrivals Victoria VYNN USA - Flash Sale Offers Some Facts about our \"Unique\" Nail Supply Store \"Beauty is truth.Truth is beauty.\u00a0\"- John Keats We are convinced that every woman has a\u00a0huge potential that we want to\u00a0release. We make sure that\u2026","rel":"","context":"Article similaire","block_context":{"text":"Article similaire","link":""},"img":{"alt_text":"nail supply store victoria vynn usa","src":"https:\/\/i0.wp.com\/naillycosmetics.com\/wp-content\/uploads\/2022\/12\/New-Victoria-VYNN-Logo.png?resize=350%2C200&ssl=1","width":350,"height":200,"srcset":"https:\/\/i0.wp.com\/naillycosmetics.com\/wp-content\/uploads\/2022\/12\/New-Victoria-VYNN-Logo.png?resize=350%2C200&ssl=1 1x, https:\/\/i0.wp.com\/naillycosmetics.com\/wp-content\/uploads\/2022\/12\/New-Victoria-VYNN-Logo.png?resize=525%2C300&ssl=1 1.5x, https:\/\/i0.wp.com\/naillycosmetics.com\/wp-content\/uploads\/2022\/12\/New-Victoria-VYNN-Logo.png?resize=700%2C400&ssl=1 2x, https:\/\/i0.wp.com\/naillycosmetics.com\/wp-content\/uploads\/2022\/12\/New-Victoria-VYNN-Logo.png?resize=1050%2C600&ssl=1 3x"},"classes":[]},{"id":3756,"url":"https:\/\/naillycosmetics.com\/fr\/301\/","url_meta":{"origin":3812,"position":2},"title":"301","author":"Serge Sahakian","date":"ao\u00fbt 25, 2022","format":false,"excerpt":"","rel":"","context":"Article similaire","block_context":{"text":"Article similaire","link":""},"img":{"alt_text":"","src":"https:\/\/i0.wp.com\/naillycosmetics.com\/wp-content\/uploads\/2020\/02\/301.png?fit=400%2C400&ssl=1&resize=350%2C200","width":350,"height":200},"classes":[]},{"id":11111,"url":"https:\/\/naillycosmetics.com\/fr\/victoria-vynn-brand-ambassador-2023\/","url_meta":{"origin":3812,"position":3},"title":"Ambassadrice de la marque","author":"Serge Sahakian","date":"mars 13, 2023","format":false,"excerpt":"Programme d'ambassadeurs de marque \u00cates-vous int\u00e9ress\u00e9(e) par le poste d'ambassadeur de marque ? Avez-vous des comp\u00e9tences en mati\u00e8re de publicit\u00e9 et de marketing ? Avez-vous des comp\u00e9tences en communication ? Vous \u00eates passionn\u00e9(e) par les ongles ? Rejoignez notre \u00e9quipe ! L'innovation est la cl\u00e9 pour lib\u00e9rer votre potentiel en tant qu'ambassadrice d'une marque d'ongles de premier plan. Nous voulons travailler avec...","rel":"","context":"Article similaire","block_context":{"text":"Article similaire","link":""},"img":{"alt_text":"","src":"https:\/\/i0.wp.com\/naillycosmetics.com\/wp-content\/uploads\/2023\/03\/ambassador.webp?resize=350%2C200&ssl=1","width":350,"height":200,"srcset":"https:\/\/i0.wp.com\/naillycosmetics.com\/wp-content\/uploads\/2023\/03\/ambassador.webp?resize=350%2C200&ssl=1 1x, https:\/\/i0.wp.com\/naillycosmetics.com\/wp-content\/uploads\/2023\/03\/ambassador.webp?resize=525%2C300&ssl=1 1.5x"},"classes":[]},{"id":11690,"url":"https:\/\/naillycosmetics.com\/fr\/victoria-vynn-professional-nail-drill-bits\/","url_meta":{"origin":3812,"position":4},"title":"Forets Victoria VYNN","author":"Serge Sahakian","date":"mai 1, 2023","format":false,"excerpt":"Victoria VYNN Professional Nail Drill Bits Drill bits\u00a0are professional tools for nail styling. The goal of the nail stylist is the customer's satisfaction with a\u00a0carefully executed manicure and pedicure service. From now on, cuticle milling cutters are available from the Victoria Vynn brand, as well as for working on and\u2026","rel":"","context":"Article similaire","block_context":{"text":"Article similaire","link":""},"img":{"alt_text":"Victoria VYNN professional nail drill Bits","src":"https:\/\/i0.wp.com\/naillycosmetics.com\/wp-content\/uploads\/2023\/05\/Victoria-VYNN-drill-Bits.webp?resize=350%2C200&ssl=1","width":350,"height":200,"srcset":"https:\/\/i0.wp.com\/naillycosmetics.com\/wp-content\/uploads\/2023\/05\/Victoria-VYNN-drill-Bits.webp?resize=350%2C200&ssl=1 1x, https:\/\/i0.wp.com\/naillycosmetics.com\/wp-content\/uploads\/2023\/05\/Victoria-VYNN-drill-Bits.webp?resize=525%2C300&ssl=1 1.5x, https:\/\/i0.wp.com\/naillycosmetics.com\/wp-content\/uploads\/2023\/05\/Victoria-VYNN-drill-Bits.webp?resize=700%2C400&ssl=1 2x, https:\/\/i0.wp.com\/naillycosmetics.com\/wp-content\/uploads\/2023\/05\/Victoria-VYNN-drill-Bits.webp?resize=1050%2C600&ssl=1 3x"},"classes":[]},{"id":5707,"url":"https:\/\/naillycosmetics.com\/fr\/victoria-vynn-catalogue-download\/","url_meta":{"origin":3812,"position":5},"title":"T\u00e9l\u00e9chargements","author":"Serge Sahakian","date":"septembre 10, 2022","format":false,"excerpt":"Download the Latest Victoria VYNN Catalogue & Color Chart Beauty is truth. Truth is beauty. We are convinced that every woman has a\u00a0huge potential that we want to\u00a0release. We make sure that thanks to\u00a0amazing nails, women discover this power within themselves and are prepared for every situation, brave and beautiful!\u2026","rel":"","context":"Article similaire","block_context":{"text":"Article similaire","link":""},"img":{"alt_text":"Mega Base Color Chart Basic","src":"https:\/\/i0.wp.com\/naillycosmetics.com\/wp-content\/uploads\/2024\/10\/mega-base-color-chart-basic.webp?resize=350%2C200&ssl=1","width":350,"height":200,"srcset":"https:\/\/i0.wp.com\/naillycosmetics.com\/wp-content\/uploads\/2024\/10\/mega-base-color-chart-basic.webp?resize=350%2C200&ssl=1 1x, https:\/\/i0.wp.com\/naillycosmetics.com\/wp-content\/uploads\/2024\/10\/mega-base-color-chart-basic.webp?resize=525%2C300&ssl=1 1.5x, https:\/\/i0.wp.com\/naillycosmetics.com\/wp-content\/uploads\/2024\/10\/mega-base-color-chart-basic.webp?resize=700%2C400&ssl=1 2x"},"classes":[]}],"jetpack_sharing_enabled":true,"_links":{"self":[{"href":"https:\/\/naillycosmetics.com\/fr\/wp-json\/wp\/v2\/pages\/3812","targetHints":{"allow":["GET"]}}],"collection":[{"href":"https:\/\/naillycosmetics.com\/fr\/wp-json\/wp\/v2\/pages"}],"about":[{"href":"https:\/\/naillycosmetics.com\/fr\/wp-json\/wp\/v2\/types\/page"}],"author":[{"embeddable":true,"href":"https:\/\/naillycosmetics.com\/fr\/wp-json\/wp\/v2\/users\/1"}],"replies":[{"embeddable":true,"href":"https:\/\/naillycosmetics.com\/fr\/wp-json\/wp\/v2\/comments?post=3812"}],"version-history":[{"count":1,"href":"https:\/\/naillycosmetics.com\/fr\/wp-json\/wp\/v2\/pages\/3812\/revisions"}],"predecessor-version":[{"id":28596,"href":"https:\/\/naillycosmetics.com\/fr\/wp-json\/wp\/v2\/pages\/3812\/revisions\/28596"}],"wp:attachment":[{"href":"https:\/\/naillycosmetics.com\/fr\/wp-json\/wp\/v2\/media?parent=3812"}],"curies":[{"name":"wp","href":"https:\/\/api.w.org\/{rel}","templated":true}]}}