{"id":28750,"date":"2026-03-23T11:43:42","date_gmt":"2026-03-23T15:43:42","guid":{"rendered":"https:\/\/naillycosmetics.com\/?page_id=28750"},"modified":"2026-03-23T11:43:46","modified_gmt":"2026-03-23T15:43:46","slug":"vitamin-boost-base","status":"publish","type":"page","link":"https:\/\/naillycosmetics.com\/fr\/vitamin-boost-base\/","title":{"rendered":"Vitamin Boost Base"},"content":{"rendered":"<h1 class=\"wp-block-heading has-text-align-center\">Victoria VYNN Vitamin Boost Base | Strengthening Nail Base Collection<\/h1><h2 class=\"wp-block-heading has-text-align-center\">Strength. Care. Performance.<\/h2><h3 class=\"wp-block-heading has-text-align-center\">Discover the power of <strong>Vitamin Boost Base<\/strong> \u2013 strengthening gel bases designed to support healthy, beautiful nails.<\/h3><p class=\"has-text-align-center\">Upgrade your nail services with the <strong>Victoria VYNN Vitamin Boost Base Collection<\/strong> \u2014 a professional range of strengthening hybrid bases enriched with nourishing ingredients designed to support the natural nail plate.<\/p><p class=\"has-text-align-center\">These innovative bases combine <strong>durability, flexibility, and care<\/strong>, making them ideal for both professional nail technicians and advanced users. Whether you&#8217;re looking to reinforce weak nails or create the perfect foundation for long-lasting gel manicures, Vitamin Boost Base delivers <strong>performance with protection<\/strong>.<\/p><figure class=\"wp-block-image aligncenter size-large\"><img data-recalc-dims=\"1\" height=\"576\" width=\"1024\" decoding=\"async\" src=\"https:\/\/i0.wp.com\/victoriavynn.ca\/wp-content\/uploads\/2026\/03\/vynn_vv_boost_base_12ml_cover_gbe-copy-1024x576.webp?resize=1024%2C576&#038;ssl=1\" alt=\"\" class=\"wp-image-53009\"\/><figcaption class=\"wp-element-caption\"> <\/figcaption><\/figure><h2 class=\"wp-block-heading has-text-align-center\">\u2728 Why Choose Vitamin Boost Base?<\/h2><div class=\"wp-block-group has-global-padding is-layout-constrained wp-block-group-is-layout-constrained\"><ul class=\"wp-block-list\"><li>Strengthens weak and brittle nails<\/li>\n\n<li>Enhances durability of gel manicures<\/li>\n\n<li>Smooth, self-leveling formula<\/li>\n\n<li>Ideal base for hybrid gel systems<\/li>\n\n<li>Helps protect the natural nail plate<\/li>\n\n<li>Professional salon-quality results<\/li><\/ul><\/div><div class=\"woocommerce columns-4 \">\t\t<div class=\"shoptimizer-sorting\"><div class=\"woocommerce-notices-wrapper\"><\/div><form class=\"woocommerce-ordering\" method=\"get\">\n\t\t<select\n\t\tname=\"orderby\"\n\t\tclass=\"orderby\"\n\t\t\t\t\taria-label=\"Commande\"\n\t\t\t>\n\t\t\t\t\t<option value=\"popularity\"  selected='selected'>Tri par popularit\u00e9<\/option>\n\t\t\t\t\t<option value=\"rating\" >Tri par notes moyennes<\/option>\n\t\t\t\t\t<option value=\"date\" >Tri du plus r\u00e9cent au plus ancien<\/option>\n\t\t\t\t\t<option value=\"price\" >Tri par tarif croissant<\/option>\n\t\t\t\t\t<option value=\"price-desc\" >Tri par tarif d\u00e9croissant<\/option>\n\t\t\t<\/select>\n\t<input type=\"hidden\" name=\"paged\" value=\"1\" \/>\n\t<\/form>\n<p class=\"woocommerce-result-count\" role=\"alert\" aria-relevant=\"all\" data-is-sorted-by=\"true\">\n\t3\u00a0r\u00e9sultats affich\u00e9s<span class=\"screen-reader-text\">Tri\u00e9 par popularit\u00e9<\/span><\/p>\n<\/div><div class=\"columns-6\"><ul class=\"products columns-4\">\n<li class=\"product type-product post-1684 status-publish first instock product_cat-professional-gel-nail-polish product_cat-nail-care product_cat-best-professional-gel-base-coats product_cat-vitamin-boost-base product_tag-nail-preparations product_tag-vitamin-boost-base has-post-thumbnail taxable shipping-taxable purchasable product-type-variable\" style=\"--span: 1;\">\n\t<a href=\"https:\/\/naillycosmetics.com\/fr\/produit\/boost-nail-repair-base-coat-2in1\/\" class=\"woocommerce-LoopProduct-link woocommerce-loop-product__link\"><div class=\"wpcbm-wrapper wpcbm-wrapper-archive-image\"><div class=\"woocommerce-image__wrapper\"><a href=\"https:\/\/naillycosmetics.com\/fr\/produit\/boost-nail-repair-base-coat-2in1\/\" title=\"Victoria VYNN Vitamin Boost Base Nail Repair\" class=\"woocommerce-LoopProduct-link woocommerce-loop-product__link\"><div class=\"shoptimizer-plp-carousel-container\"><div class=\"shoptimizer-plp-image-wrapper\"><img loading=\"lazy\" decoding=\"async\" width=\"200\" height=\"267\" src=\"https:\/\/i0.wp.com\/naillycosmetics.com\/wp-content\/uploads\/2026\/03\/vitamin-boost-base-8ml.webp?fit=200%2C267&amp;ssl=1\" class=\"attachment-woocommerce_thumbnail size-woocommerce_thumbnail\" alt=\"Victoria VYNN Vitamin Boost Base Nail Repair\" srcset=\"https:\/\/i0.wp.com\/naillycosmetics.com\/wp-content\/uploads\/2026\/03\/vitamin-boost-base-8ml.webp?w=750&amp;ssl=1 750w, https:\/\/i0.wp.com\/naillycosmetics.com\/wp-content\/uploads\/2026\/03\/vitamin-boost-base-8ml.webp?resize=225%2C300&amp;ssl=1 225w, https:\/\/i0.wp.com\/naillycosmetics.com\/wp-content\/uploads\/2026\/03\/vitamin-boost-base-8ml.webp?resize=9%2C12&amp;ssl=1 9w, https:\/\/i0.wp.com\/naillycosmetics.com\/wp-content\/uploads\/2026\/03\/vitamin-boost-base-8ml.webp?resize=441%2C588&amp;ssl=1 441w, https:\/\/i0.wp.com\/naillycosmetics.com\/wp-content\/uploads\/2026\/03\/vitamin-boost-base-8ml.webp?resize=200%2C267&amp;ssl=1 200w, https:\/\/i0.wp.com\/naillycosmetics.com\/wp-content\/uploads\/2026\/03\/vitamin-boost-base-8ml.webp?resize=150%2C200&amp;ssl=1 150w, https:\/\/i0.wp.com\/naillycosmetics.com\/wp-content\/uploads\/2026\/03\/vitamin-boost-base-8ml.webp?resize=64%2C85&amp;ssl=1 64w\" sizes=\"auto, (max-width: 360px) 147px, (max-width: 200px) 100vw, 200px\" \/><img decoding=\"async\" width=\"200\" height=\"267\" src=\"https:\/\/i0.wp.com\/naillycosmetics.com\/wp-content\/uploads\/2026\/03\/vitamin-boost-base.webp?fit=200%2C267&amp;ssl=1\" class=\"gallery-image\" alt=\"\" loading=\"lazy\" srcset=\"https:\/\/i0.wp.com\/naillycosmetics.com\/wp-content\/uploads\/2026\/03\/vitamin-boost-base.webp?w=750&amp;ssl=1 750w, https:\/\/i0.wp.com\/naillycosmetics.com\/wp-content\/uploads\/2026\/03\/vitamin-boost-base.webp?resize=225%2C300&amp;ssl=1 225w, https:\/\/i0.wp.com\/naillycosmetics.com\/wp-content\/uploads\/2026\/03\/vitamin-boost-base.webp?resize=9%2C12&amp;ssl=1 9w, https:\/\/i0.wp.com\/naillycosmetics.com\/wp-content\/uploads\/2026\/03\/vitamin-boost-base.webp?resize=441%2C588&amp;ssl=1 441w, https:\/\/i0.wp.com\/naillycosmetics.com\/wp-content\/uploads\/2026\/03\/vitamin-boost-base.webp?resize=200%2C267&amp;ssl=1 200w, https:\/\/i0.wp.com\/naillycosmetics.com\/wp-content\/uploads\/2026\/03\/vitamin-boost-base.webp?resize=150%2C200&amp;ssl=1 150w, https:\/\/i0.wp.com\/naillycosmetics.com\/wp-content\/uploads\/2026\/03\/vitamin-boost-base.webp?resize=64%2C85&amp;ssl=1 64w\" sizes=\"auto, (max-width: 360px) 147px, auto, (max-width: 200px) 100vw, 200px\" \/>\t\t\t\n\t<\/div><\/div><\/a><div class=\"shoptimizer-plp-carousel--pagination\">\n      \t\t\t<span class=\"shoptimizer-plp-carousel--dot active\"><\/span>\n      \t\t\t<span class=\"shoptimizer-plp-carousel--dot\"><\/span>\n    \t\t<\/div><\/div><\/div><div class=\"woocommerce-card__header\">\t\t\t\t\t<p class=\"product__categories\"><a href=\"https:\/\/naillycosmetics.com\/fr\/category\/professional-gel-nail-polish\/\" rel=\"tag\">Salon Gel Polish<\/a>, <a href=\"https:\/\/naillycosmetics.com\/fr\/category\/nail-care\/\" rel=\"tag\">Nail Care<\/a>, <a href=\"https:\/\/naillycosmetics.com\/fr\/category\/professional-gel-nail-polish\/best-professional-gel-base-coats\/\" rel=\"tag\">Salon Gel Polish Base Coats<\/a>, <a href=\"https:\/\/naillycosmetics.com\/fr\/category\/vitamin-boost-base\/\" rel=\"tag\">Vitamin Boost Base<\/a><\/p>\t\t\t\t<div class=\"woocommerce-loop-product__title\"><a tabindex=\"0\" href=\"https:\/\/naillycosmetics.com\/fr\/produit\/boost-nail-repair-base-coat-2in1\/\" aria-label=\"Victoria VYNN Vitamin Boost Base Nail Repair\" class=\"woocommerce-LoopProduct-link woocommerce-loop-product__link\">Victoria VYNN Vitamin Boost Base Nail Repair<\/a><\/div><div class=\"cgkit-as-variation-price \">\n\t<span class=\"price\"><span class=\"wcpbc-price wcpbc-price-1684\" data-product-id=\"1684\"><span class=\"woocommerce-Price-amount amount\" aria-hidden=\"true\"><bdi><span class=\"woocommerce-Price-currencySymbol\">CA&#36;<\/span>\u00a016.99<\/bdi><\/span> <span aria-hidden=\"true\">\u00a0\u2013\u00a0<\/span> <span class=\"woocommerce-Price-amount amount\" aria-hidden=\"true\"><bdi><span class=\"woocommerce-Price-currencySymbol\">CA&#36;<\/span>\u00a029.99<\/bdi><\/span><span class=\"screen-reader-text\">Plage de prix\u00a0: CA&#36;\u00a016.99 \u00e0 CA&#36;\u00a029.99<\/span><\/span><\/span>\n<\/div><\/a><a href=\"https:\/\/naillycosmetics.com\/fr\/produit\/boost-nail-repair-base-coat-2in1\/\" aria-describedby=\"woocommerce_loop_add_to_cart_link_describedby_1684\" data-quantity=\"1\" class=\"button product_type_variable add_to_cart_button\" data-product_id=\"1684\" data-product_sku=\"\" aria-label=\"S\u00e9lectionner les options pour &ldquo;Victoria VYNN Vitamin Boost Base Nail Repair&rdquo;\" rel=\"nofollow\">Choix des options<\/a>\t<span id=\"woocommerce_loop_add_to_cart_link_describedby_1684\" class=\"screen-reader-text\">\n\t\tCe produit a plusieurs variations. Les options peuvent \u00eatre choisies sur la page du produit\t<\/span>\n\t\t\t<input type=\"hidden\" class=\"wpmProductId\" data-id=\"1684\">\n\t\t\t\t\t<script>\n\t\t\t(window.wpmDataLayer = window.wpmDataLayer || {}).products             = window.wpmDataLayer.products || {}\n\t\t\twindow.wpmDataLayer.products[1684] = {\"id\":\"1684\",\"sku\":\"\",\"price\":16.99,\"brand\":\"\",\"quantity\":1,\"dyn_r_ids\":{\"post_id\":\"1684\",\"sku\":1684,\"gpf\":\"woocommerce_gpf_1684\",\"gla\":\"gla_1684\"},\"isVariable\":true,\"name\":\"Victoria VYNN Vitamin Boost Base Nail Repair\",\"category\":[\"Salon Gel Polish\",\"Nail Care\",\"Salon Gel Polish Base Coats\",\"Vitamin Boost Base\"],\"isVariation\":false};\n\t\t\t\t\twindow.wpmDataLayer.products[1684]['position'] = window.wpmDataLayer.position++\n\t\t\t\t<\/script>\n\t\t<\/div><\/li>\n<li class=\"product type-product post-23471 status-publish instock product_cat-nail-tools-and-accessories product_cat-vitamin-boost-base product_tag-vitamin-boost-base has-post-thumbnail taxable shipping-taxable purchasable product-type-simple\" style=\"--span: 1;\">\n\t<a href=\"https:\/\/naillycosmetics.com\/fr\/produit\/victoria-vynn-boost-base-color-chart\/\" class=\"woocommerce-LoopProduct-link woocommerce-loop-product__link\"><div class=\"wpcbm-wrapper wpcbm-wrapper-archive-image\"><div class=\"woocommerce-image__wrapper\"><a href=\"https:\/\/naillycosmetics.com\/fr\/produit\/victoria-vynn-boost-base-color-chart\/\" title=\"Victoria VYNN Boost Base Color Chart\" class=\"woocommerce-LoopProduct-link woocommerce-loop-product__link\"><div class=\"shoptimizer-plp-carousel-container\"><div class=\"shoptimizer-plp-image-wrapper\"><img loading=\"lazy\" decoding=\"async\" width=\"200\" height=\"267\" src=\"https:\/\/i0.wp.com\/naillycosmetics.com\/wp-content\/uploads\/2026\/03\/boost-base-picture-color-chart.webp?fit=200%2C267&amp;ssl=1\" class=\"attachment-woocommerce_thumbnail size-woocommerce_thumbnail\" alt=\"Victoria VYNN Boost Base Color Chart\" srcset=\"https:\/\/i0.wp.com\/naillycosmetics.com\/wp-content\/uploads\/2026\/03\/boost-base-picture-color-chart.webp?w=750&amp;ssl=1 750w, https:\/\/i0.wp.com\/naillycosmetics.com\/wp-content\/uploads\/2026\/03\/boost-base-picture-color-chart.webp?resize=225%2C300&amp;ssl=1 225w, https:\/\/i0.wp.com\/naillycosmetics.com\/wp-content\/uploads\/2026\/03\/boost-base-picture-color-chart.webp?resize=9%2C12&amp;ssl=1 9w, https:\/\/i0.wp.com\/naillycosmetics.com\/wp-content\/uploads\/2026\/03\/boost-base-picture-color-chart.webp?resize=441%2C588&amp;ssl=1 441w, https:\/\/i0.wp.com\/naillycosmetics.com\/wp-content\/uploads\/2026\/03\/boost-base-picture-color-chart.webp?resize=200%2C267&amp;ssl=1 200w, https:\/\/i0.wp.com\/naillycosmetics.com\/wp-content\/uploads\/2026\/03\/boost-base-picture-color-chart.webp?resize=150%2C200&amp;ssl=1 150w, https:\/\/i0.wp.com\/naillycosmetics.com\/wp-content\/uploads\/2026\/03\/boost-base-picture-color-chart.webp?resize=64%2C85&amp;ssl=1 64w\" sizes=\"auto, (max-width: 360px) 147px, (max-width: 200px) 100vw, 200px\" \/>\t\t\t\n\t<\/div><\/div><\/a><\/div><\/div><div class=\"woocommerce-card__header\">\t\t\t\t\t<p class=\"product__categories\"><a href=\"https:\/\/naillycosmetics.com\/fr\/category\/nail-tools-and-accessories\/\" rel=\"tag\">Victoria VYNN Accessories<\/a>, <a href=\"https:\/\/naillycosmetics.com\/fr\/category\/vitamin-boost-base\/\" rel=\"tag\">Vitamin Boost Base<\/a><\/p>\t\t\t\t<div class=\"woocommerce-loop-product__title\"><a tabindex=\"0\" href=\"https:\/\/naillycosmetics.com\/fr\/produit\/victoria-vynn-boost-base-color-chart\/\" aria-label=\"Victoria VYNN Boost Base Color Chart\" class=\"woocommerce-LoopProduct-link woocommerce-loop-product__link\">Victoria VYNN Boost Base Color Chart<\/a><\/div><div class=\"cgkit-as-variation-price \">\n\t<span class=\"price\"><span class=\"wcpbc-price wcpbc-price-23471\" data-product-id=\"23471\"><span class=\"woocommerce-Price-amount amount\"><bdi><span class=\"woocommerce-Price-currencySymbol\">CA&#36;<\/span>\u00a09.99<\/bdi><\/span><\/span><\/span>\n<\/div><\/a><a href=\"\/fr\/wp-json\/wp\/v2\/pages\/28750?add-to-cart=23471\" aria-describedby=\"woocommerce_loop_add_to_cart_link_describedby_23471\" data-quantity=\"1\" class=\"button product_type_simple add_to_cart_button ajax_add_to_cart\" data-product_id=\"23471\" data-product_sku=\"5902533325795\" aria-label=\"Ajouter au panier\u00a0: &ldquo;Victoria VYNN Boost Base Color Chart&rdquo;\" rel=\"nofollow\" data-success_message=\"\u00ab\u00a0Victoria VYNN Boost Base Color Chart\u00a0\u00bb a \u00e9t\u00e9 ajout\u00e9 \u00e0 votre panier\" role=\"button\">Ajouter au panier<\/a>\t<span id=\"woocommerce_loop_add_to_cart_link_describedby_23471\" class=\"screen-reader-text\">\n\t\t\t<\/span>\n<p class=\"stock in-stock\">En stock<\/p>\n\t\t\t<input type=\"hidden\" class=\"wpmProductId\" data-id=\"23471\">\n\t\t\t\t\t<script>\n\t\t\t(window.wpmDataLayer = window.wpmDataLayer || {}).products             = window.wpmDataLayer.products || {}\n\t\t\twindow.wpmDataLayer.products[23471] = {\"id\":\"23471\",\"sku\":\"5902533325795\",\"price\":9.99,\"brand\":\"\",\"quantity\":1,\"dyn_r_ids\":{\"post_id\":\"23471\",\"sku\":\"5902533325795\",\"gpf\":\"woocommerce_gpf_23471\",\"gla\":\"gla_23471\"},\"isVariable\":false,\"name\":\"Victoria VYNN Boost Base Color Chart\",\"category\":[\"Victoria VYNN Accessories\",\"Vitamin Boost Base\"],\"isVariation\":false};\n\t\t\t\t\twindow.wpmDataLayer.products[23471]['position'] = window.wpmDataLayer.position++\n\t\t\t\t<\/script>\n\t\t<\/div><\/li>\n<li class=\"product type-product post-28638 status-publish instock product_cat-vitamin-boost-base product_tag-vitamin-boost-base has-post-thumbnail taxable shipping-taxable purchasable product-type-simple\" style=\"--span: 1;\">\n\t<a href=\"https:\/\/naillycosmetics.com\/fr\/produit\/victoria-vynn-vitamin-boost-base-nail-repair-clearell-12-ml\/\" class=\"woocommerce-LoopProduct-link woocommerce-loop-product__link\"><div class=\"wpcbm-wrapper wpcbm-wrapper-archive-image\"><div class=\"woocommerce-image__wrapper\"><a href=\"https:\/\/naillycosmetics.com\/fr\/produit\/victoria-vynn-vitamin-boost-base-nail-repair-clearell-12-ml\/\" title=\"Victoria VYNN Vitamin BOOST BASE Nail Repair Clearell 12 ml\" class=\"woocommerce-LoopProduct-link woocommerce-loop-product__link\"><div class=\"shoptimizer-plp-carousel-container\"><div class=\"shoptimizer-plp-image-wrapper\"><img loading=\"lazy\" decoding=\"async\" width=\"200\" height=\"267\" src=\"https:\/\/i0.wp.com\/naillycosmetics.com\/wp-content\/uploads\/2026\/03\/boost-gel-clearelle-12-ml-jar.webp?fit=200%2C267&amp;ssl=1\" class=\"attachment-woocommerce_thumbnail size-woocommerce_thumbnail\" alt=\"Victoria VYNN Vitamin BOOST BASE Nail Repair Clearell 12 ml\" srcset=\"https:\/\/i0.wp.com\/naillycosmetics.com\/wp-content\/uploads\/2026\/03\/boost-gel-clearelle-12-ml-jar.webp?w=750&amp;ssl=1 750w, https:\/\/i0.wp.com\/naillycosmetics.com\/wp-content\/uploads\/2026\/03\/boost-gel-clearelle-12-ml-jar.webp?resize=225%2C300&amp;ssl=1 225w, https:\/\/i0.wp.com\/naillycosmetics.com\/wp-content\/uploads\/2026\/03\/boost-gel-clearelle-12-ml-jar.webp?resize=9%2C12&amp;ssl=1 9w, https:\/\/i0.wp.com\/naillycosmetics.com\/wp-content\/uploads\/2026\/03\/boost-gel-clearelle-12-ml-jar.webp?resize=441%2C588&amp;ssl=1 441w, https:\/\/i0.wp.com\/naillycosmetics.com\/wp-content\/uploads\/2026\/03\/boost-gel-clearelle-12-ml-jar.webp?resize=200%2C267&amp;ssl=1 200w, https:\/\/i0.wp.com\/naillycosmetics.com\/wp-content\/uploads\/2026\/03\/boost-gel-clearelle-12-ml-jar.webp?resize=150%2C200&amp;ssl=1 150w, https:\/\/i0.wp.com\/naillycosmetics.com\/wp-content\/uploads\/2026\/03\/boost-gel-clearelle-12-ml-jar.webp?resize=64%2C85&amp;ssl=1 64w\" sizes=\"auto, (max-width: 360px) 147px, (max-width: 200px) 100vw, 200px\" \/><img decoding=\"async\" width=\"200\" height=\"267\" src=\"https:\/\/i0.wp.com\/naillycosmetics.com\/wp-content\/uploads\/2026\/03\/boost-base-12-ml-jar.webp?fit=200%2C267&amp;ssl=1\" class=\"gallery-image\" alt=\"\" loading=\"lazy\" srcset=\"https:\/\/i0.wp.com\/naillycosmetics.com\/wp-content\/uploads\/2026\/03\/boost-base-12-ml-jar.webp?w=750&amp;ssl=1 750w, https:\/\/i0.wp.com\/naillycosmetics.com\/wp-content\/uploads\/2026\/03\/boost-base-12-ml-jar.webp?resize=225%2C300&amp;ssl=1 225w, https:\/\/i0.wp.com\/naillycosmetics.com\/wp-content\/uploads\/2026\/03\/boost-base-12-ml-jar.webp?resize=9%2C12&amp;ssl=1 9w, https:\/\/i0.wp.com\/naillycosmetics.com\/wp-content\/uploads\/2026\/03\/boost-base-12-ml-jar.webp?resize=441%2C588&amp;ssl=1 441w, https:\/\/i0.wp.com\/naillycosmetics.com\/wp-content\/uploads\/2026\/03\/boost-base-12-ml-jar.webp?resize=200%2C267&amp;ssl=1 200w, https:\/\/i0.wp.com\/naillycosmetics.com\/wp-content\/uploads\/2026\/03\/boost-base-12-ml-jar.webp?resize=150%2C200&amp;ssl=1 150w, https:\/\/i0.wp.com\/naillycosmetics.com\/wp-content\/uploads\/2026\/03\/boost-base-12-ml-jar.webp?resize=64%2C85&amp;ssl=1 64w\" sizes=\"auto, (max-width: 360px) 147px, auto, (max-width: 200px) 100vw, 200px\" \/>\t\t\t\n\t<\/div><\/div><\/a><div class=\"shoptimizer-plp-carousel--pagination\">\n      \t\t\t<span class=\"shoptimizer-plp-carousel--dot active\"><\/span>\n      \t\t\t<span class=\"shoptimizer-plp-carousel--dot\"><\/span>\n    \t\t<\/div><\/div><\/div><div class=\"woocommerce-card__header\">\t\t\t\t\t<p class=\"product__categories\"><a href=\"https:\/\/naillycosmetics.com\/fr\/category\/vitamin-boost-base\/\" rel=\"tag\">Vitamin Boost Base<\/a><\/p>\t\t\t\t<div class=\"woocommerce-loop-product__title\"><a tabindex=\"0\" href=\"https:\/\/naillycosmetics.com\/fr\/produit\/victoria-vynn-vitamin-boost-base-nail-repair-clearell-12-ml\/\" aria-label=\"Victoria VYNN Vitamin BOOST BASE Nail Repair Clearell 12 ml\" class=\"woocommerce-LoopProduct-link woocommerce-loop-product__link\">Victoria VYNN Vitamin BOOST BASE Nail Repair Clearell 12 ml<\/a><\/div><div class=\"cgkit-as-variation-price \">\n\t<span class=\"price\"><span class=\"wcpbc-price wcpbc-price-28638\" data-product-id=\"28638\"><span class=\"woocommerce-Price-amount amount\"><bdi><span class=\"woocommerce-Price-currencySymbol\">CA&#36;<\/span>\u00a026.99<\/bdi><\/span><\/span><\/span>\n<\/div><\/a><a href=\"\/fr\/wp-json\/wp\/v2\/pages\/28750?add-to-cart=28638\" aria-describedby=\"woocommerce_loop_add_to_cart_link_describedby_28638\" data-quantity=\"1\" class=\"button product_type_simple add_to_cart_button ajax_add_to_cart\" data-product_id=\"28638\" data-product_sku=\"5902533327157\" aria-label=\"Ajouter au panier\u00a0: &ldquo;Victoria VYNN Vitamin BOOST BASE Nail Repair Clearell 12 ml&rdquo;\" rel=\"nofollow\" data-success_message=\"\u00ab\u00a0Victoria VYNN Vitamin BOOST BASE Nail Repair Clearell 12 ml\u00a0\u00bb a \u00e9t\u00e9 ajout\u00e9 \u00e0 votre panier\" role=\"button\">Ajouter au panier<\/a>\t<span id=\"woocommerce_loop_add_to_cart_link_describedby_28638\" class=\"screen-reader-text\">\n\t\t\t<\/span>\n<p class=\"stock in-stock\">En stock<\/p>\n\t\t\t<input type=\"hidden\" class=\"wpmProductId\" data-id=\"28638\">\n\t\t\t\t\t<script>\n\t\t\t(window.wpmDataLayer = window.wpmDataLayer || {}).products             = window.wpmDataLayer.products || {}\n\t\t\twindow.wpmDataLayer.products[28638] = {\"id\":\"28638\",\"sku\":\"5902533327157\",\"price\":26.99,\"brand\":\"\",\"quantity\":1,\"dyn_r_ids\":{\"post_id\":\"28638\",\"sku\":\"5902533327157\",\"gpf\":\"woocommerce_gpf_28638\",\"gla\":\"gla_28638\"},\"isVariable\":false,\"name\":\"Victoria VYNN Vitamin BOOST BASE Nail Repair Clearell 12 ml\",\"category\":[\"Vitamin Boost Base\"],\"isVariation\":false};\n\t\t\t\t\twindow.wpmDataLayer.products[28638]['position'] = window.wpmDataLayer.position++\n\t\t\t\t<\/script>\n\t\t<\/div><\/li>\n<\/ul>\n<div class=\"shoptimizer-sorting sorting-end\"><form class=\"woocommerce-ordering\" method=\"get\">\n\t\t<select\n\t\tname=\"orderby\"\n\t\tclass=\"orderby\"\n\t\t\t\t\taria-label=\"Commande\"\n\t\t\t>\n\t\t\t\t\t<option value=\"popularity\"  selected='selected'>Tri par popularit\u00e9<\/option>\n\t\t\t\t\t<option value=\"rating\" >Tri par notes moyennes<\/option>\n\t\t\t\t\t<option value=\"date\" >Tri du plus r\u00e9cent au plus ancien<\/option>\n\t\t\t\t\t<option value=\"price\" >Tri par tarif croissant<\/option>\n\t\t\t\t\t<option value=\"price-desc\" >Tri par tarif d\u00e9croissant<\/option>\n\t\t\t<\/select>\n\t<input type=\"hidden\" name=\"paged\" value=\"1\" \/>\n\t<\/form>\n<p class=\"woocommerce-result-count\" role=\"alert\" aria-relevant=\"all\" data-is-sorted-by=\"true\">\n\t3\u00a0r\u00e9sultats affich\u00e9s<span class=\"screen-reader-text\">Tri\u00e9 par popularit\u00e9<\/span><\/p>\n<\/div><\/div><\/div>","protected":false},"excerpt":{"rendered":"<p>Victoria VYNN Vitamin Boost Base | Strengthening Nail Base Collection Strength. Care. Performance. Discover the power of Vitamin Boost Base \u2013 strengthening gel bases designed to support healthy, beautiful nails. Upgrade your nail services with the Victoria VYNN Vitamin Boost Base Collection \u2014 a professional range of strengthening hybrid bases enriched with nourishing ingredients designed [&hellip;]<\/p>\n","protected":false},"author":1,"featured_media":0,"parent":0,"menu_order":0,"comment_status":"closed","ping_status":"closed","template":"","meta":{"jetpack_post_was_ever_published":false,"footnotes":""},"class_list":["post-28750","page","type-page","status-publish","hentry"],"jetpack-related-posts":[],"jetpack_sharing_enabled":true,"_links":{"self":[{"href":"https:\/\/naillycosmetics.com\/fr\/wp-json\/wp\/v2\/pages\/28750","targetHints":{"allow":["GET"]}}],"collection":[{"href":"https:\/\/naillycosmetics.com\/fr\/wp-json\/wp\/v2\/pages"}],"about":[{"href":"https:\/\/naillycosmetics.com\/fr\/wp-json\/wp\/v2\/types\/page"}],"author":[{"embeddable":true,"href":"https:\/\/naillycosmetics.com\/fr\/wp-json\/wp\/v2\/users\/1"}],"replies":[{"embeddable":true,"href":"https:\/\/naillycosmetics.com\/fr\/wp-json\/wp\/v2\/comments?post=28750"}],"version-history":[{"count":1,"href":"https:\/\/naillycosmetics.com\/fr\/wp-json\/wp\/v2\/pages\/28750\/revisions"}],"predecessor-version":[{"id":28751,"href":"https:\/\/naillycosmetics.com\/fr\/wp-json\/wp\/v2\/pages\/28750\/revisions\/28751"}],"wp:attachment":[{"href":"https:\/\/naillycosmetics.com\/fr\/wp-json\/wp\/v2\/media?parent=28750"}],"curies":[{"name":"wp","href":"https:\/\/api.w.org\/{rel}","templated":true}]}}