{"id":28741,"date":"2026-03-23T11:31:28","date_gmt":"2026-03-23T15:31:28","guid":{"rendered":"https:\/\/naillycosmetics.com\/?page_id=28741"},"modified":"2026-03-23T11:31:31","modified_gmt":"2026-03-23T15:31:31","slug":"hello-base","status":"publish","type":"page","link":"https:\/\/naillycosmetics.com\/fr\/hello-base\/","title":{"rendered":"Hello Base"},"content":{"rendered":"<h1 class=\"wp-block-heading has-text-align-center\">Victoria VYNN Hello Base Collection<\/h1><p class=\"has-text-align-center\">Elevate your nail services with the <strong>Victoria VYNN Hello Base Collection<\/strong> \u2014 where <strong>performance meets radiance<\/strong>.<\/p><p class=\"has-text-align-center\">Designed for modern nail technicians, Hello Base combines <strong>self-leveling technology<\/strong>, <strong>perfect adhesion<\/strong>, and <strong>stunning glitter effects<\/strong> to create flawless manicures in less time.<\/p><p class=\"has-text-align-center\">From soft nude shimmer to dazzling flash sparkle, this collection delivers <strong>salon-quality results with minimal effort<\/strong>.<\/p><figure class=\"wp-block-image aligncenter size-large\"><img data-recalc-dims=\"1\" height=\"576\" width=\"1024\" decoding=\"async\" src=\"https:\/\/i0.wp.com\/victoriavynn.ca\/wp-content\/uploads\/2026\/03\/vynn_vv_hellobase_cover-gbe-dystry-copy-1024x576.webp?resize=1024%2C576&#038;ssl=1\" alt=\"vynn_vv_HelloBase_cover-GBE-dystry copy\" class=\"wp-image-53048\"\/><figcaption class=\"wp-element-caption\"> <\/figcaption><\/figure><h3 class=\"wp-block-heading has-text-align-center\">\ud83c\udf1f <strong>KEY BENEFITS<\/strong><\/h3><div class=\"wp-block-group has-global-padding is-layout-constrained wp-block-group-is-layout-constrained\"><ul class=\"wp-block-list\"><li>Self-leveling formula for smooth, even application<\/li>\n\n<li>Perfect adhesion for long-lasting manicures<\/li>\n\n<li>Flexible and resistant to breakage<\/li>\n\n<li>Fills imperfections and evens nail surface<\/li>\n\n<li>Time-saving \u2014 base + top = complete look<\/li>\n\n<li>No flooding or running into cuticles<\/li>\n\n<li>Elegant nude shades with shimmer or flash effect<\/li>\n\n<li>Ideal for <strong>bridal, minimalist, and trendy nail designs<\/strong><\/li><\/ul><\/div><div class=\"woocommerce columns-4 \">\t\t<div class=\"shoptimizer-sorting\"><div class=\"woocommerce-notices-wrapper\"><\/div><form class=\"woocommerce-ordering\" method=\"get\">\n\t\t<select\n\t\tname=\"orderby\"\n\t\tclass=\"orderby\"\n\t\t\t\t\taria-label=\"Commande\"\n\t\t\t>\n\t\t\t\t\t<option value=\"popularity\"  selected='selected'>Tri par popularit\u00e9<\/option>\n\t\t\t\t\t<option value=\"rating\" >Tri par notes moyennes<\/option>\n\t\t\t\t\t<option value=\"date\" >Tri du plus r\u00e9cent au plus ancien<\/option>\n\t\t\t\t\t<option value=\"price\" >Tri par tarif croissant<\/option>\n\t\t\t\t\t<option value=\"price-desc\" >Tri par tarif d\u00e9croissant<\/option>\n\t\t\t<\/select>\n\t<input type=\"hidden\" name=\"paged\" value=\"1\" \/>\n\t<\/form>\n<p class=\"woocommerce-result-count\" role=\"alert\" aria-relevant=\"all\" data-is-sorted-by=\"true\">\n\t3\u00a0r\u00e9sultats affich\u00e9s<span class=\"screen-reader-text\">Tri\u00e9 par popularit\u00e9<\/span><\/p>\n<\/div><div class=\"columns-6\"><ul class=\"products columns-4\">\n<li class=\"product type-product post-28630 status-publish first instock product_cat-hello-base product_tag-hello-base has-post-thumbnail taxable shipping-taxable purchasable product-type-variable\" style=\"--span: 1;\">\n\t<a href=\"https:\/\/naillycosmetics.com\/fr\/produit\/victoria-vynn-gel-polish-hello-base-aloha-glow\/\" class=\"woocommerce-LoopProduct-link woocommerce-loop-product__link\"><div class=\"wpcbm-wrapper wpcbm-wrapper-archive-image\"><div class=\"woocommerce-image__wrapper\"><a href=\"https:\/\/naillycosmetics.com\/fr\/produit\/victoria-vynn-gel-polish-hello-base-aloha-glow\/\" title=\"Victoria VYNN Gel Polish Hello Base\" class=\"woocommerce-LoopProduct-link woocommerce-loop-product__link\"><div class=\"shoptimizer-plp-carousel-container\"><div class=\"shoptimizer-plp-image-wrapper\"><img loading=\"lazy\" decoding=\"async\" width=\"200\" height=\"267\" src=\"https:\/\/i0.wp.com\/naillycosmetics.com\/wp-content\/uploads\/2026\/03\/hello-base-aloha-1.webp?fit=200%2C267&amp;ssl=1\" class=\"attachment-woocommerce_thumbnail size-woocommerce_thumbnail\" alt=\"Victoria VYNN Gel Polish Hello Base\" srcset=\"https:\/\/i0.wp.com\/naillycosmetics.com\/wp-content\/uploads\/2026\/03\/hello-base-aloha-1.webp?w=750&amp;ssl=1 750w, https:\/\/i0.wp.com\/naillycosmetics.com\/wp-content\/uploads\/2026\/03\/hello-base-aloha-1.webp?resize=225%2C300&amp;ssl=1 225w, https:\/\/i0.wp.com\/naillycosmetics.com\/wp-content\/uploads\/2026\/03\/hello-base-aloha-1.webp?resize=9%2C12&amp;ssl=1 9w, https:\/\/i0.wp.com\/naillycosmetics.com\/wp-content\/uploads\/2026\/03\/hello-base-aloha-1.webp?resize=441%2C588&amp;ssl=1 441w, https:\/\/i0.wp.com\/naillycosmetics.com\/wp-content\/uploads\/2026\/03\/hello-base-aloha-1.webp?resize=200%2C267&amp;ssl=1 200w, https:\/\/i0.wp.com\/naillycosmetics.com\/wp-content\/uploads\/2026\/03\/hello-base-aloha-1.webp?resize=150%2C200&amp;ssl=1 150w, https:\/\/i0.wp.com\/naillycosmetics.com\/wp-content\/uploads\/2026\/03\/hello-base-aloha-1.webp?resize=64%2C85&amp;ssl=1 64w\" sizes=\"auto, (max-width: 360px) 147px, (max-width: 200px) 100vw, 200px\" \/><img decoding=\"async\" width=\"200\" height=\"267\" src=\"https:\/\/i0.wp.com\/naillycosmetics.com\/wp-content\/uploads\/2026\/03\/hello-base-aloha-image-1.webp?fit=200%2C267&amp;ssl=1\" class=\"gallery-image\" alt=\"\" loading=\"lazy\" srcset=\"https:\/\/i0.wp.com\/naillycosmetics.com\/wp-content\/uploads\/2026\/03\/hello-base-aloha-image-1.webp?w=750&amp;ssl=1 750w, https:\/\/i0.wp.com\/naillycosmetics.com\/wp-content\/uploads\/2026\/03\/hello-base-aloha-image-1.webp?resize=225%2C300&amp;ssl=1 225w, https:\/\/i0.wp.com\/naillycosmetics.com\/wp-content\/uploads\/2026\/03\/hello-base-aloha-image-1.webp?resize=9%2C12&amp;ssl=1 9w, https:\/\/i0.wp.com\/naillycosmetics.com\/wp-content\/uploads\/2026\/03\/hello-base-aloha-image-1.webp?resize=441%2C588&amp;ssl=1 441w, https:\/\/i0.wp.com\/naillycosmetics.com\/wp-content\/uploads\/2026\/03\/hello-base-aloha-image-1.webp?resize=200%2C267&amp;ssl=1 200w, https:\/\/i0.wp.com\/naillycosmetics.com\/wp-content\/uploads\/2026\/03\/hello-base-aloha-image-1.webp?resize=150%2C200&amp;ssl=1 150w, https:\/\/i0.wp.com\/naillycosmetics.com\/wp-content\/uploads\/2026\/03\/hello-base-aloha-image-1.webp?resize=64%2C85&amp;ssl=1 64w\" sizes=\"auto, (max-width: 360px) 147px, auto, (max-width: 200px) 100vw, 200px\" \/>\t\t\t\n\t<\/div><\/div><\/a><div class=\"shoptimizer-plp-carousel--pagination\">\n      \t\t\t<span class=\"shoptimizer-plp-carousel--dot active\"><\/span>\n      \t\t\t<span class=\"shoptimizer-plp-carousel--dot\"><\/span>\n    \t\t<\/div><\/div><\/div><div class=\"woocommerce-card__header\">\t\t\t\t\t<p class=\"product__categories\"><a href=\"https:\/\/naillycosmetics.com\/fr\/category\/professional-gel-nail-polish\/best-professional-gel-base-coats\/hello-base\/\" rel=\"tag\">Hello Base<\/a><\/p>\t\t\t\t<div class=\"woocommerce-loop-product__title\"><a tabindex=\"0\" href=\"https:\/\/naillycosmetics.com\/fr\/produit\/victoria-vynn-gel-polish-hello-base-aloha-glow\/\" aria-label=\"Victoria VYNN Gel Polish Hello Base\" class=\"woocommerce-LoopProduct-link woocommerce-loop-product__link\">Victoria VYNN Gel Polish Hello Base<\/a><\/div><div class=\"cgkit-as-variation-price \">\n\t<span class=\"price\"><span class=\"wcpbc-price wcpbc-price-28630\" data-product-id=\"28630\"><span class=\"woocommerce-Price-amount amount\"><bdi><span class=\"woocommerce-Price-currencySymbol\">CA&#36;<\/span>\u00a015.99<\/bdi><\/span><\/span><\/span>\n<\/div><\/a><a href=\"https:\/\/naillycosmetics.com\/fr\/produit\/victoria-vynn-gel-polish-hello-base-aloha-glow\/\" aria-describedby=\"woocommerce_loop_add_to_cart_link_describedby_28630\" data-quantity=\"1\" class=\"button product_type_variable add_to_cart_button\" data-product_id=\"28630\" data-product_sku=\"\" aria-label=\"S\u00e9lectionner les options pour &ldquo;Victoria VYNN Gel Polish Hello Base&rdquo;\" rel=\"nofollow\">Choix des options<\/a>\t<span id=\"woocommerce_loop_add_to_cart_link_describedby_28630\" class=\"screen-reader-text\">\n\t\tCe produit a plusieurs variations. Les options peuvent \u00eatre choisies sur la page du produit\t<\/span>\n\t\t\t<input type=\"hidden\" class=\"wpmProductId\" data-id=\"28630\">\n\t\t\t\t\t<script>\n\t\t\t(window.wpmDataLayer = window.wpmDataLayer || {}).products             = window.wpmDataLayer.products || {}\n\t\t\twindow.wpmDataLayer.products[28630] = {\"id\":\"28630\",\"sku\":\"\",\"price\":15.99,\"brand\":\"\",\"quantity\":1,\"dyn_r_ids\":{\"post_id\":\"28630\",\"sku\":28630,\"gpf\":\"woocommerce_gpf_28630\",\"gla\":\"gla_28630\"},\"isVariable\":true,\"name\":\"Victoria VYNN Gel Polish Hello Base\",\"category\":[\"Hello Base\"],\"isVariation\":false};\n\t\t\t\t\twindow.wpmDataLayer.products[28630]['position'] = window.wpmDataLayer.position++\n\t\t\t\t<\/script>\n\t\t<\/div><\/li>\n<li class=\"product type-product post-28622 status-publish instock product_cat-hello-base product_cat-nail-tools-and-accessories product_tag-hello-base has-post-thumbnail taxable shipping-taxable purchasable product-type-simple\" style=\"--span: 1;\">\n\t<a href=\"https:\/\/naillycosmetics.com\/fr\/produit\/victoria-vynn-hello-base-color-chart-painted\/\" class=\"woocommerce-LoopProduct-link woocommerce-loop-product__link\"><div class=\"wpcbm-wrapper wpcbm-wrapper-archive-image\"><div class=\"woocommerce-image__wrapper\"><a href=\"https:\/\/naillycosmetics.com\/fr\/produit\/victoria-vynn-hello-base-color-chart-painted\/\" title=\"Victoria VYNN Hello Base Color Chart (Painted)\" class=\"woocommerce-LoopProduct-link woocommerce-loop-product__link\"><div class=\"shoptimizer-plp-carousel-container\"><div class=\"shoptimizer-plp-image-wrapper\"><img loading=\"lazy\" decoding=\"async\" width=\"200\" height=\"267\" src=\"https:\/\/i0.wp.com\/naillycosmetics.com\/wp-content\/uploads\/2026\/03\/victoria-vynn-hello-base-painted-color-chartt-final-new.webp?fit=200%2C267&amp;ssl=1\" class=\"attachment-woocommerce_thumbnail size-woocommerce_thumbnail\" alt=\"Victoria VYNN Hello Base Color Chart (Painted)\" srcset=\"https:\/\/i0.wp.com\/naillycosmetics.com\/wp-content\/uploads\/2026\/03\/victoria-vynn-hello-base-painted-color-chartt-final-new.webp?w=750&amp;ssl=1 750w, https:\/\/i0.wp.com\/naillycosmetics.com\/wp-content\/uploads\/2026\/03\/victoria-vynn-hello-base-painted-color-chartt-final-new.webp?resize=225%2C300&amp;ssl=1 225w, https:\/\/i0.wp.com\/naillycosmetics.com\/wp-content\/uploads\/2026\/03\/victoria-vynn-hello-base-painted-color-chartt-final-new.webp?resize=9%2C12&amp;ssl=1 9w, https:\/\/i0.wp.com\/naillycosmetics.com\/wp-content\/uploads\/2026\/03\/victoria-vynn-hello-base-painted-color-chartt-final-new.webp?resize=441%2C588&amp;ssl=1 441w, https:\/\/i0.wp.com\/naillycosmetics.com\/wp-content\/uploads\/2026\/03\/victoria-vynn-hello-base-painted-color-chartt-final-new.webp?resize=200%2C267&amp;ssl=1 200w, https:\/\/i0.wp.com\/naillycosmetics.com\/wp-content\/uploads\/2026\/03\/victoria-vynn-hello-base-painted-color-chartt-final-new.webp?resize=150%2C200&amp;ssl=1 150w, https:\/\/i0.wp.com\/naillycosmetics.com\/wp-content\/uploads\/2026\/03\/victoria-vynn-hello-base-painted-color-chartt-final-new.webp?resize=64%2C85&amp;ssl=1 64w\" sizes=\"auto, (max-width: 360px) 147px, (max-width: 200px) 100vw, 200px\" \/><img decoding=\"async\" width=\"200\" height=\"267\" src=\"https:\/\/i0.wp.com\/naillycosmetics.com\/wp-content\/uploads\/2026\/03\/hello-base-color-chart.webp?fit=200%2C267&amp;ssl=1\" class=\"gallery-image\" alt=\"\" loading=\"lazy\" srcset=\"https:\/\/i0.wp.com\/naillycosmetics.com\/wp-content\/uploads\/2026\/03\/hello-base-color-chart.webp?w=750&amp;ssl=1 750w, https:\/\/i0.wp.com\/naillycosmetics.com\/wp-content\/uploads\/2026\/03\/hello-base-color-chart.webp?resize=225%2C300&amp;ssl=1 225w, https:\/\/i0.wp.com\/naillycosmetics.com\/wp-content\/uploads\/2026\/03\/hello-base-color-chart.webp?resize=9%2C12&amp;ssl=1 9w, https:\/\/i0.wp.com\/naillycosmetics.com\/wp-content\/uploads\/2026\/03\/hello-base-color-chart.webp?resize=441%2C588&amp;ssl=1 441w, https:\/\/i0.wp.com\/naillycosmetics.com\/wp-content\/uploads\/2026\/03\/hello-base-color-chart.webp?resize=200%2C267&amp;ssl=1 200w, https:\/\/i0.wp.com\/naillycosmetics.com\/wp-content\/uploads\/2026\/03\/hello-base-color-chart.webp?resize=150%2C200&amp;ssl=1 150w, https:\/\/i0.wp.com\/naillycosmetics.com\/wp-content\/uploads\/2026\/03\/hello-base-color-chart.webp?resize=64%2C85&amp;ssl=1 64w\" sizes=\"auto, (max-width: 360px) 147px, auto, (max-width: 200px) 100vw, 200px\" \/>\t\t\t\n\t<\/div><\/div><\/a><div class=\"shoptimizer-plp-carousel--pagination\">\n      \t\t\t<span class=\"shoptimizer-plp-carousel--dot active\"><\/span>\n      \t\t\t<span class=\"shoptimizer-plp-carousel--dot\"><\/span>\n    \t\t<\/div><\/div><\/div><div class=\"woocommerce-card__header\">\t\t\t\t\t<p class=\"product__categories\"><a href=\"https:\/\/naillycosmetics.com\/fr\/category\/professional-gel-nail-polish\/best-professional-gel-base-coats\/hello-base\/\" rel=\"tag\">Hello Base<\/a>, <a href=\"https:\/\/naillycosmetics.com\/fr\/category\/nail-tools-and-accessories\/\" rel=\"tag\">Victoria VYNN Accessories<\/a><\/p>\t\t\t\t<div class=\"woocommerce-loop-product__title\"><a tabindex=\"0\" href=\"https:\/\/naillycosmetics.com\/fr\/produit\/victoria-vynn-hello-base-color-chart-painted\/\" aria-label=\"Victoria VYNN Hello Base Color Chart (Painted)\" class=\"woocommerce-LoopProduct-link woocommerce-loop-product__link\">Victoria VYNN Hello Base Color Chart (Painted)<\/a><\/div><div class=\"cgkit-as-variation-price \">\n\t<span class=\"price\"><span class=\"wcpbc-price wcpbc-price-28622\" data-product-id=\"28622\"><span class=\"woocommerce-Price-amount amount\"><bdi><span class=\"woocommerce-Price-currencySymbol\">CA&#36;<\/span>\u00a09.99<\/bdi><\/span><\/span><\/span>\n<\/div><\/a><a href=\"\/fr\/wp-json\/wp\/v2\/pages\/28741?add-to-cart=28622\" aria-describedby=\"woocommerce_loop_add_to_cart_link_describedby_28622\" data-quantity=\"1\" class=\"button product_type_simple add_to_cart_button ajax_add_to_cart\" data-product_id=\"28622\" data-product_sku=\"5902533327423\" aria-label=\"Ajouter au panier\u00a0: &ldquo;Victoria VYNN Hello Base Color Chart (Painted)&rdquo;\" rel=\"nofollow\" data-success_message=\"\u00ab\u00a0Victoria VYNN Hello Base Color Chart (Painted)\u00a0\u00bb a \u00e9t\u00e9 ajout\u00e9 \u00e0 votre panier\" role=\"button\">Ajouter au panier<\/a>\t<span id=\"woocommerce_loop_add_to_cart_link_describedby_28622\" class=\"screen-reader-text\">\n\t\t\t<\/span>\n<p class=\"stock in-stock\">En stock<\/p>\n\t\t\t<input type=\"hidden\" class=\"wpmProductId\" data-id=\"28622\">\n\t\t\t\t\t<script>\n\t\t\t(window.wpmDataLayer = window.wpmDataLayer || {}).products             = window.wpmDataLayer.products || {}\n\t\t\twindow.wpmDataLayer.products[28622] = {\"id\":\"28622\",\"sku\":\"5902533327423\",\"price\":9.99,\"brand\":\"\",\"quantity\":1,\"dyn_r_ids\":{\"post_id\":\"28622\",\"sku\":\"5902533327423\",\"gpf\":\"woocommerce_gpf_28622\",\"gla\":\"gla_28622\"},\"isVariable\":false,\"name\":\"Victoria VYNN Hello Base Color Chart (Painted)\",\"category\":[\"Hello Base\",\"Victoria VYNN Accessories\"],\"isVariation\":false};\n\t\t\t\t\twindow.wpmDataLayer.products[28622]['position'] = window.wpmDataLayer.position++\n\t\t\t\t<\/script>\n\t\t<\/div><\/li>\n<li class=\"product type-product post-28619 status-publish instock product_cat-hello-base product_cat-nail-tools-and-accessories product_tag-hello-base has-post-thumbnail taxable shipping-taxable purchasable product-type-simple\" style=\"--span: 1;\">\n\t<a href=\"https:\/\/naillycosmetics.com\/fr\/produit\/victoria-vynn-hello-base-color-chart-unpainted\/\" class=\"woocommerce-LoopProduct-link woocommerce-loop-product__link\"><div class=\"wpcbm-wrapper wpcbm-wrapper-archive-image\"><div class=\"woocommerce-image__wrapper\"><a href=\"https:\/\/naillycosmetics.com\/fr\/produit\/victoria-vynn-hello-base-color-chart-unpainted\/\" title=\"Victoria VYNN Hello Base Color Chart (Unpainted)\" class=\"woocommerce-LoopProduct-link woocommerce-loop-product__link\"><div class=\"shoptimizer-plp-carousel-container\"><div class=\"shoptimizer-plp-image-wrapper\"><img loading=\"lazy\" decoding=\"async\" width=\"200\" height=\"267\" src=\"https:\/\/i0.wp.com\/naillycosmetics.com\/wp-content\/uploads\/2026\/03\/unpainted-color-chart-hello-base.webp?fit=200%2C267&amp;ssl=1\" class=\"attachment-woocommerce_thumbnail size-woocommerce_thumbnail\" alt=\"Victoria VYNN Hello Base Color Chart (Unpainted)\" srcset=\"https:\/\/i0.wp.com\/naillycosmetics.com\/wp-content\/uploads\/2026\/03\/unpainted-color-chart-hello-base.webp?w=750&amp;ssl=1 750w, https:\/\/i0.wp.com\/naillycosmetics.com\/wp-content\/uploads\/2026\/03\/unpainted-color-chart-hello-base.webp?resize=225%2C300&amp;ssl=1 225w, https:\/\/i0.wp.com\/naillycosmetics.com\/wp-content\/uploads\/2026\/03\/unpainted-color-chart-hello-base.webp?resize=9%2C12&amp;ssl=1 9w, https:\/\/i0.wp.com\/naillycosmetics.com\/wp-content\/uploads\/2026\/03\/unpainted-color-chart-hello-base.webp?resize=441%2C588&amp;ssl=1 441w, https:\/\/i0.wp.com\/naillycosmetics.com\/wp-content\/uploads\/2026\/03\/unpainted-color-chart-hello-base.webp?resize=200%2C267&amp;ssl=1 200w, https:\/\/i0.wp.com\/naillycosmetics.com\/wp-content\/uploads\/2026\/03\/unpainted-color-chart-hello-base.webp?resize=150%2C200&amp;ssl=1 150w, https:\/\/i0.wp.com\/naillycosmetics.com\/wp-content\/uploads\/2026\/03\/unpainted-color-chart-hello-base.webp?resize=64%2C85&amp;ssl=1 64w\" sizes=\"auto, (max-width: 360px) 147px, (max-width: 200px) 100vw, 200px\" \/>\t\t\t\n\t<\/div><\/div><\/a><\/div><\/div><div class=\"woocommerce-card__header\">\t\t\t\t\t<p class=\"product__categories\"><a href=\"https:\/\/naillycosmetics.com\/fr\/category\/professional-gel-nail-polish\/best-professional-gel-base-coats\/hello-base\/\" rel=\"tag\">Hello Base<\/a>, <a href=\"https:\/\/naillycosmetics.com\/fr\/category\/nail-tools-and-accessories\/\" rel=\"tag\">Victoria VYNN Accessories<\/a><\/p>\t\t\t\t<div class=\"woocommerce-loop-product__title\"><a tabindex=\"0\" href=\"https:\/\/naillycosmetics.com\/fr\/produit\/victoria-vynn-hello-base-color-chart-unpainted\/\" aria-label=\"Victoria VYNN Hello Base Color Chart (Unpainted)\" class=\"woocommerce-LoopProduct-link woocommerce-loop-product__link\">Victoria VYNN Hello Base Color Chart (Unpainted)<\/a><\/div><div class=\"cgkit-as-variation-price \">\n\t<span class=\"price\"><span class=\"wcpbc-price wcpbc-price-28619\" data-product-id=\"28619\"><span class=\"woocommerce-Price-amount amount\"><bdi><span class=\"woocommerce-Price-currencySymbol\">CA&#36;<\/span>\u00a03.62<\/bdi><\/span><\/span><\/span>\n<\/div><\/a><a href=\"\/fr\/wp-json\/wp\/v2\/pages\/28741?add-to-cart=28619\" aria-describedby=\"woocommerce_loop_add_to_cart_link_describedby_28619\" data-quantity=\"1\" class=\"button product_type_simple add_to_cart_button ajax_add_to_cart\" data-product_id=\"28619\" data-product_sku=\"5902533327300\" aria-label=\"Ajouter au panier\u00a0: &ldquo;Victoria VYNN Hello Base Color Chart (Unpainted)&rdquo;\" rel=\"nofollow\" data-success_message=\"\u00ab\u00a0Victoria VYNN Hello Base Color Chart (Unpainted)\u00a0\u00bb a \u00e9t\u00e9 ajout\u00e9 \u00e0 votre panier\" role=\"button\">Ajouter au panier<\/a>\t<span id=\"woocommerce_loop_add_to_cart_link_describedby_28619\" class=\"screen-reader-text\">\n\t\t\t<\/span>\n<p class=\"stock in-stock\">En stock<\/p>\n\t\t\t<input type=\"hidden\" class=\"wpmProductId\" data-id=\"28619\">\n\t\t\t\t\t<script>\n\t\t\t(window.wpmDataLayer = window.wpmDataLayer || {}).products             = window.wpmDataLayer.products || {}\n\t\t\twindow.wpmDataLayer.products[28619] = {\"id\":\"28619\",\"sku\":\"5902533327300\",\"price\":3.62,\"brand\":\"\",\"quantity\":1,\"dyn_r_ids\":{\"post_id\":\"28619\",\"sku\":\"5902533327300\",\"gpf\":\"woocommerce_gpf_28619\",\"gla\":\"gla_28619\"},\"isVariable\":false,\"name\":\"Victoria VYNN Hello Base Color Chart (Unpainted)\",\"category\":[\"Hello Base\",\"Victoria VYNN Accessories\"],\"isVariation\":false};\n\t\t\t\t\twindow.wpmDataLayer.products[28619]['position'] = window.wpmDataLayer.position++\n\t\t\t\t<\/script>\n\t\t<\/div><\/li>\n<\/ul>\n<div class=\"shoptimizer-sorting sorting-end\"><form class=\"woocommerce-ordering\" method=\"get\">\n\t\t<select\n\t\tname=\"orderby\"\n\t\tclass=\"orderby\"\n\t\t\t\t\taria-label=\"Commande\"\n\t\t\t>\n\t\t\t\t\t<option value=\"popularity\"  selected='selected'>Tri par popularit\u00e9<\/option>\n\t\t\t\t\t<option value=\"rating\" >Tri par notes moyennes<\/option>\n\t\t\t\t\t<option value=\"date\" >Tri du plus r\u00e9cent au plus ancien<\/option>\n\t\t\t\t\t<option value=\"price\" >Tri par tarif croissant<\/option>\n\t\t\t\t\t<option value=\"price-desc\" >Tri par tarif d\u00e9croissant<\/option>\n\t\t\t<\/select>\n\t<input type=\"hidden\" name=\"paged\" value=\"1\" \/>\n\t<\/form>\n<p class=\"woocommerce-result-count\" role=\"alert\" aria-relevant=\"all\" data-is-sorted-by=\"true\">\n\t3\u00a0r\u00e9sultats affich\u00e9s<span class=\"screen-reader-text\">Tri\u00e9 par popularit\u00e9<\/span><\/p>\n<\/div><\/div><\/div>","protected":false},"excerpt":{"rendered":"<p>Victoria VYNN Hello Base Collection Elevate your nail services with the Victoria VYNN Hello Base Collection \u2014 where performance meets radiance. Designed for modern nail technicians, Hello Base combines self-leveling technology, perfect adhesion, and stunning glitter effects to create flawless manicures in less time. From soft nude shimmer to dazzling flash sparkle, this collection delivers [&hellip;]<\/p>\n","protected":false},"author":1,"featured_media":0,"parent":0,"menu_order":0,"comment_status":"closed","ping_status":"closed","template":"","meta":{"jetpack_post_was_ever_published":false,"footnotes":""},"class_list":["post-28741","page","type-page","status-publish","hentry"],"jetpack-related-posts":[],"jetpack_sharing_enabled":true,"_links":{"self":[{"href":"https:\/\/naillycosmetics.com\/fr\/wp-json\/wp\/v2\/pages\/28741","targetHints":{"allow":["GET"]}}],"collection":[{"href":"https:\/\/naillycosmetics.com\/fr\/wp-json\/wp\/v2\/pages"}],"about":[{"href":"https:\/\/naillycosmetics.com\/fr\/wp-json\/wp\/v2\/types\/page"}],"author":[{"embeddable":true,"href":"https:\/\/naillycosmetics.com\/fr\/wp-json\/wp\/v2\/users\/1"}],"replies":[{"embeddable":true,"href":"https:\/\/naillycosmetics.com\/fr\/wp-json\/wp\/v2\/comments?post=28741"}],"version-history":[{"count":1,"href":"https:\/\/naillycosmetics.com\/fr\/wp-json\/wp\/v2\/pages\/28741\/revisions"}],"predecessor-version":[{"id":28742,"href":"https:\/\/naillycosmetics.com\/fr\/wp-json\/wp\/v2\/pages\/28741\/revisions\/28742"}],"wp:attachment":[{"href":"https:\/\/naillycosmetics.com\/fr\/wp-json\/wp\/v2\/media?parent=28741"}],"curies":[{"name":"wp","href":"https:\/\/api.w.org\/{rel}","templated":true}]}}