{"id":28720,"date":"2026-03-23T10:26:39","date_gmt":"2026-03-23T14:26:39","guid":{"rendered":"https:\/\/naillycosmetics.com\/?page_id=28720"},"modified":"2026-03-23T10:26:44","modified_gmt":"2026-03-23T14:26:44","slug":"insta-gel","status":"publish","type":"page","link":"https:\/\/naillycosmetics.com\/fr\/insta-gel\/","title":{"rendered":"Insta Gel"},"content":{"rendered":"<h1 class=\"wp-block-heading has-text-align-center\">Insta Gel<\/h1><p class=\"has-text-align-center\">Step into the future of nail styling with <strong>Insta Gel by Victoria VYNN<\/strong>\u2014a revolutionary system designed for <strong>speed, precision, and a flawless modern finish<\/strong>.<\/p><p class=\"has-text-align-center\">Created for today\u2019s fast-paced salons and professional nail artists, Insta Gel delivers <strong>instant results without compromising on quality<\/strong>. Its advanced formula ensures <strong>smooth, even application<\/strong>, allowing you to achieve a perfectly refined look in record time.<\/p><figure class=\"wp-block-image aligncenter size-large\"><img data-recalc-dims=\"1\" height=\"576\" width=\"1024\" decoding=\"async\" src=\"https:\/\/i0.wp.com\/victoriavynn.ca\/wp-content\/uploads\/2026\/03\/insta-gel-cover-1024x576.webp?resize=1024%2C576&#038;ssl=1\" alt=\"\" class=\"wp-image-52814\"\/><figcaption class=\"wp-element-caption\"> <\/figcaption><\/figure><h3 class=\"wp-block-heading has-text-align-center\">\u26a1 Why Choose Insta Gel?<\/h3><div class=\"wp-block-group has-global-padding is-layout-constrained wp-block-group-is-layout-constrained\"><div class=\"wp-block-columns are-vertically-aligned-center is-layout-flex wp-container-core-columns-is-layout-28f84493 wp-block-columns-is-layout-flex\"><div class=\"wp-block-column is-vertically-aligned-center is-layout-flow wp-block-column-is-layout-flow\" style=\"flex-basis:100%\"><ul class=\"wp-block-list\"><li><strong>Ultra-Fast Application<\/strong> \u2013 Save time and increase efficiency with a formula designed for quick, effortless use<\/li>\n\n<li><strong>Modern, Glossy Finish<\/strong> \u2013 Achieve a sleek, high-end look your clients will love<\/li>\n\n<li><strong>Professional Performance<\/strong> \u2013 Ideal for busy salons and nail technicians seeking consistency and reliability<\/li>\n\n<li><strong>Smooth Self-Leveling Texture<\/strong> \u2013 Ensures flawless coverage with minimal effort<\/li><\/ul><\/div><\/div><\/div><div class=\"woocommerce columns-4 \">\t\t<div class=\"shoptimizer-sorting\"><div class=\"woocommerce-notices-wrapper\"><\/div><form class=\"woocommerce-ordering\" method=\"get\">\n\t\t<select\n\t\tname=\"orderby\"\n\t\tclass=\"orderby\"\n\t\t\t\t\taria-label=\"Commande\"\n\t\t\t>\n\t\t\t\t\t<option value=\"popularity\"  selected='selected'>Tri par popularit\u00e9<\/option>\n\t\t\t\t\t<option value=\"rating\" >Tri par notes moyennes<\/option>\n\t\t\t\t\t<option value=\"date\" >Tri du plus r\u00e9cent au plus ancien<\/option>\n\t\t\t\t\t<option value=\"price\" >Tri par tarif croissant<\/option>\n\t\t\t\t\t<option value=\"price-desc\" >Tri par tarif d\u00e9croissant<\/option>\n\t\t\t<\/select>\n\t<input type=\"hidden\" name=\"paged\" value=\"1\" \/>\n\t<\/form>\n<p class=\"woocommerce-result-count\" role=\"alert\" aria-relevant=\"all\" data-is-sorted-by=\"true\">\n\t3\u00a0r\u00e9sultats affich\u00e9s<span class=\"screen-reader-text\">Tri\u00e9 par popularit\u00e9<\/span><\/p>\n<\/div><div class=\"columns-6\"><ul class=\"products columns-4\">\n<li class=\"product type-product post-28697 status-publish first instock product_cat-insta-gel product_tag-insta-gel has-post-thumbnail taxable shipping-taxable purchasable product-type-variable\" style=\"--span: 1;\">\n\t<a href=\"https:\/\/naillycosmetics.com\/fr\/produit\/victoria-vynn-insta-gel\/\" class=\"woocommerce-LoopProduct-link woocommerce-loop-product__link\"><div class=\"wpcbm-wrapper wpcbm-wrapper-archive-image\"><div class=\"woocommerce-image__wrapper\"><a href=\"https:\/\/naillycosmetics.com\/fr\/produit\/victoria-vynn-insta-gel\/\" title=\"Victoria VYNN Insta Gel\" class=\"woocommerce-LoopProduct-link woocommerce-loop-product__link\"><div class=\"shoptimizer-plp-carousel-container\"><div class=\"shoptimizer-plp-image-wrapper\"><img loading=\"lazy\" decoding=\"async\" width=\"200\" height=\"267\" src=\"https:\/\/i0.wp.com\/naillycosmetics.com\/wp-content\/uploads\/2026\/03\/victoria-vynn-insta-gel-01.webp?fit=200%2C267&amp;ssl=1\" class=\"attachment-woocommerce_thumbnail size-woocommerce_thumbnail\" alt=\"Victoria VYNN Insta Gel\" srcset=\"https:\/\/i0.wp.com\/naillycosmetics.com\/wp-content\/uploads\/2026\/03\/victoria-vynn-insta-gel-01.webp?w=750&amp;ssl=1 750w, https:\/\/i0.wp.com\/naillycosmetics.com\/wp-content\/uploads\/2026\/03\/victoria-vynn-insta-gel-01.webp?resize=225%2C300&amp;ssl=1 225w, https:\/\/i0.wp.com\/naillycosmetics.com\/wp-content\/uploads\/2026\/03\/victoria-vynn-insta-gel-01.webp?resize=9%2C12&amp;ssl=1 9w, https:\/\/i0.wp.com\/naillycosmetics.com\/wp-content\/uploads\/2026\/03\/victoria-vynn-insta-gel-01.webp?resize=441%2C588&amp;ssl=1 441w, https:\/\/i0.wp.com\/naillycosmetics.com\/wp-content\/uploads\/2026\/03\/victoria-vynn-insta-gel-01.webp?resize=200%2C267&amp;ssl=1 200w, https:\/\/i0.wp.com\/naillycosmetics.com\/wp-content\/uploads\/2026\/03\/victoria-vynn-insta-gel-01.webp?resize=150%2C200&amp;ssl=1 150w, https:\/\/i0.wp.com\/naillycosmetics.com\/wp-content\/uploads\/2026\/03\/victoria-vynn-insta-gel-01.webp?resize=64%2C85&amp;ssl=1 64w\" sizes=\"auto, (max-width: 360px) 147px, (max-width: 200px) 100vw, 200px\" \/><img decoding=\"async\" width=\"200\" height=\"267\" src=\"https:\/\/i0.wp.com\/naillycosmetics.com\/wp-content\/uploads\/2026\/03\/insta-gel-image-1.webp?fit=200%2C267&amp;ssl=1\" class=\"gallery-image\" alt=\"\" loading=\"lazy\" srcset=\"https:\/\/i0.wp.com\/naillycosmetics.com\/wp-content\/uploads\/2026\/03\/insta-gel-image-1.webp?w=750&amp;ssl=1 750w, https:\/\/i0.wp.com\/naillycosmetics.com\/wp-content\/uploads\/2026\/03\/insta-gel-image-1.webp?resize=225%2C300&amp;ssl=1 225w, https:\/\/i0.wp.com\/naillycosmetics.com\/wp-content\/uploads\/2026\/03\/insta-gel-image-1.webp?resize=9%2C12&amp;ssl=1 9w, https:\/\/i0.wp.com\/naillycosmetics.com\/wp-content\/uploads\/2026\/03\/insta-gel-image-1.webp?resize=441%2C588&amp;ssl=1 441w, https:\/\/i0.wp.com\/naillycosmetics.com\/wp-content\/uploads\/2026\/03\/insta-gel-image-1.webp?resize=200%2C267&amp;ssl=1 200w, https:\/\/i0.wp.com\/naillycosmetics.com\/wp-content\/uploads\/2026\/03\/insta-gel-image-1.webp?resize=150%2C200&amp;ssl=1 150w, https:\/\/i0.wp.com\/naillycosmetics.com\/wp-content\/uploads\/2026\/03\/insta-gel-image-1.webp?resize=64%2C85&amp;ssl=1 64w\" sizes=\"auto, (max-width: 360px) 147px, auto, (max-width: 200px) 100vw, 200px\" \/>\t\t\t\n\t<\/div><\/div><\/a><div class=\"shoptimizer-plp-carousel--pagination\">\n      \t\t\t<span class=\"shoptimizer-plp-carousel--dot active\"><\/span>\n      \t\t\t<span class=\"shoptimizer-plp-carousel--dot\"><\/span>\n    \t\t<\/div><\/div><\/div><div class=\"woocommerce-card__header\">\t\t\t\t\t<p class=\"product__categories\"><a href=\"https:\/\/naillycosmetics.com\/fr\/category\/nail-extension-gel\/insta-gel\/\" rel=\"tag\">Insta Gel<\/a><\/p>\t\t\t\t<div class=\"woocommerce-loop-product__title\"><a tabindex=\"0\" href=\"https:\/\/naillycosmetics.com\/fr\/produit\/victoria-vynn-insta-gel\/\" aria-label=\"Victoria VYNN Insta Gel\" class=\"woocommerce-LoopProduct-link woocommerce-loop-product__link\">Victoria VYNN Insta Gel<\/a><\/div><div class=\"cgkit-as-variation-price \">\n\t<span class=\"price\"><span class=\"wcpbc-price wcpbc-price-28697\" data-product-id=\"28697\"><span class=\"woocommerce-Price-amount amount\"><bdi><span class=\"woocommerce-Price-currencySymbol\">CA&#36;<\/span>\u00a044.99<\/bdi><\/span><\/span><\/span>\n<\/div><\/a><a href=\"https:\/\/naillycosmetics.com\/fr\/produit\/victoria-vynn-insta-gel\/\" aria-describedby=\"woocommerce_loop_add_to_cart_link_describedby_28697\" data-quantity=\"1\" class=\"button product_type_variable add_to_cart_button\" data-product_id=\"28697\" data-product_sku=\"\" aria-label=\"S\u00e9lectionner les options pour &ldquo;Victoria VYNN Insta Gel&rdquo;\" rel=\"nofollow\">Choix des options<\/a>\t<span id=\"woocommerce_loop_add_to_cart_link_describedby_28697\" class=\"screen-reader-text\">\n\t\tCe produit a plusieurs variations. Les options peuvent \u00eatre choisies sur la page du produit\t<\/span>\n\t\t\t<input type=\"hidden\" class=\"wpmProductId\" data-id=\"28697\">\n\t\t\t\t\t<script>\n\t\t\t(window.wpmDataLayer = window.wpmDataLayer || {}).products             = window.wpmDataLayer.products || {}\n\t\t\twindow.wpmDataLayer.products[28697] = {\"id\":\"28697\",\"sku\":\"\",\"price\":44.99,\"brand\":\"\",\"quantity\":1,\"dyn_r_ids\":{\"post_id\":\"28697\",\"sku\":28697,\"gpf\":\"woocommerce_gpf_28697\",\"gla\":\"gla_28697\"},\"isVariable\":true,\"name\":\"Victoria VYNN Insta Gel\",\"category\":[\"Insta Gel\"],\"isVariation\":false};\n\t\t\t\t\twindow.wpmDataLayer.products[28697]['position'] = window.wpmDataLayer.position++\n\t\t\t\t<\/script>\n\t\t<\/div><\/li>\n<li class=\"product type-product post-28684 status-publish instock product_cat-insta-gel product_cat-nail-tools-and-accessories product_tag-insta-gel has-post-thumbnail taxable shipping-taxable purchasable product-type-simple\" style=\"--span: 1;\">\n\t<a href=\"https:\/\/naillycosmetics.com\/fr\/produit\/victoria-vynn-color-chart-insta-gel-unpainted\/\" class=\"woocommerce-LoopProduct-link woocommerce-loop-product__link\"><div class=\"wpcbm-wrapper wpcbm-wrapper-archive-image\"><div class=\"woocommerce-image__wrapper\"><a href=\"https:\/\/naillycosmetics.com\/fr\/produit\/victoria-vynn-color-chart-insta-gel-unpainted\/\" title=\"Victoria VYNN Color Chart Insta Gel (Unpainted)\" class=\"woocommerce-LoopProduct-link woocommerce-loop-product__link\"><div class=\"shoptimizer-plp-carousel-container\"><div class=\"shoptimizer-plp-image-wrapper\"><img loading=\"lazy\" decoding=\"async\" width=\"200\" height=\"267\" src=\"https:\/\/i0.wp.com\/naillycosmetics.com\/wp-content\/uploads\/2026\/03\/new-version-of-unpainted-instagel-color-chart.webp?fit=200%2C267&amp;ssl=1\" class=\"attachment-woocommerce_thumbnail size-woocommerce_thumbnail\" alt=\"Victoria VYNN Color Chart Insta Gel (Unpainted)\" srcset=\"https:\/\/i0.wp.com\/naillycosmetics.com\/wp-content\/uploads\/2026\/03\/new-version-of-unpainted-instagel-color-chart.webp?w=750&amp;ssl=1 750w, https:\/\/i0.wp.com\/naillycosmetics.com\/wp-content\/uploads\/2026\/03\/new-version-of-unpainted-instagel-color-chart.webp?resize=225%2C300&amp;ssl=1 225w, https:\/\/i0.wp.com\/naillycosmetics.com\/wp-content\/uploads\/2026\/03\/new-version-of-unpainted-instagel-color-chart.webp?resize=9%2C12&amp;ssl=1 9w, https:\/\/i0.wp.com\/naillycosmetics.com\/wp-content\/uploads\/2026\/03\/new-version-of-unpainted-instagel-color-chart.webp?resize=441%2C588&amp;ssl=1 441w, https:\/\/i0.wp.com\/naillycosmetics.com\/wp-content\/uploads\/2026\/03\/new-version-of-unpainted-instagel-color-chart.webp?resize=200%2C267&amp;ssl=1 200w, https:\/\/i0.wp.com\/naillycosmetics.com\/wp-content\/uploads\/2026\/03\/new-version-of-unpainted-instagel-color-chart.webp?resize=150%2C200&amp;ssl=1 150w, https:\/\/i0.wp.com\/naillycosmetics.com\/wp-content\/uploads\/2026\/03\/new-version-of-unpainted-instagel-color-chart.webp?resize=64%2C85&amp;ssl=1 64w\" sizes=\"auto, (max-width: 360px) 147px, (max-width: 200px) 100vw, 200px\" \/><img decoding=\"async\" width=\"200\" height=\"267\" src=\"https:\/\/i0.wp.com\/naillycosmetics.com\/wp-content\/uploads\/2026\/03\/insta-gel-image-2.webp?fit=200%2C267&amp;ssl=1\" class=\"gallery-image\" alt=\"\" loading=\"lazy\" srcset=\"https:\/\/i0.wp.com\/naillycosmetics.com\/wp-content\/uploads\/2026\/03\/insta-gel-image-2.webp?w=750&amp;ssl=1 750w, https:\/\/i0.wp.com\/naillycosmetics.com\/wp-content\/uploads\/2026\/03\/insta-gel-image-2.webp?resize=225%2C300&amp;ssl=1 225w, https:\/\/i0.wp.com\/naillycosmetics.com\/wp-content\/uploads\/2026\/03\/insta-gel-image-2.webp?resize=9%2C12&amp;ssl=1 9w, https:\/\/i0.wp.com\/naillycosmetics.com\/wp-content\/uploads\/2026\/03\/insta-gel-image-2.webp?resize=441%2C588&amp;ssl=1 441w, https:\/\/i0.wp.com\/naillycosmetics.com\/wp-content\/uploads\/2026\/03\/insta-gel-image-2.webp?resize=200%2C267&amp;ssl=1 200w, https:\/\/i0.wp.com\/naillycosmetics.com\/wp-content\/uploads\/2026\/03\/insta-gel-image-2.webp?resize=150%2C200&amp;ssl=1 150w, https:\/\/i0.wp.com\/naillycosmetics.com\/wp-content\/uploads\/2026\/03\/insta-gel-image-2.webp?resize=64%2C85&amp;ssl=1 64w\" sizes=\"auto, (max-width: 360px) 147px, auto, (max-width: 200px) 100vw, 200px\" \/>\t\t\t\n\t<\/div><\/div><\/a><div class=\"shoptimizer-plp-carousel--pagination\">\n      \t\t\t<span class=\"shoptimizer-plp-carousel--dot active\"><\/span>\n      \t\t\t<span class=\"shoptimizer-plp-carousel--dot\"><\/span>\n    \t\t<\/div><\/div><\/div><div class=\"woocommerce-card__header\">\t\t\t\t\t<p class=\"product__categories\"><a href=\"https:\/\/naillycosmetics.com\/fr\/category\/nail-extension-gel\/insta-gel\/\" rel=\"tag\">Insta Gel<\/a>, <a href=\"https:\/\/naillycosmetics.com\/fr\/category\/nail-tools-and-accessories\/\" rel=\"tag\">Victoria VYNN Accessories<\/a><\/p>\t\t\t\t<div class=\"woocommerce-loop-product__title\"><a tabindex=\"0\" href=\"https:\/\/naillycosmetics.com\/fr\/produit\/victoria-vynn-color-chart-insta-gel-unpainted\/\" aria-label=\"Victoria VYNN Color Chart Insta Gel (Unpainted)\" class=\"woocommerce-LoopProduct-link woocommerce-loop-product__link\">Victoria VYNN Color Chart Insta Gel (Unpainted)<\/a><\/div><div class=\"cgkit-as-variation-price \">\n\t<span class=\"price\"><span class=\"wcpbc-price wcpbc-price-28684\" data-product-id=\"28684\"><span class=\"woocommerce-Price-amount amount\"><bdi><span class=\"woocommerce-Price-currencySymbol\">CA&#36;<\/span>\u00a07.49<\/bdi><\/span><\/span><\/span>\n<\/div><\/a><a href=\"\/fr\/wp-json\/wp\/v2\/pages\/28720?add-to-cart=28684\" aria-describedby=\"woocommerce_loop_add_to_cart_link_describedby_28684\" data-quantity=\"1\" class=\"button product_type_simple add_to_cart_button ajax_add_to_cart\" data-product_id=\"28684\" data-product_sku=\"5902533328482\" aria-label=\"Ajouter au panier\u00a0: &ldquo;Victoria VYNN Color Chart Insta Gel (Unpainted)&rdquo;\" rel=\"nofollow\" data-success_message=\"\u00ab\u00a0Victoria VYNN Color Chart Insta Gel (Unpainted)\u00a0\u00bb a \u00e9t\u00e9 ajout\u00e9 \u00e0 votre panier\" role=\"button\">Ajouter au panier<\/a>\t<span id=\"woocommerce_loop_add_to_cart_link_describedby_28684\" class=\"screen-reader-text\">\n\t\t\t<\/span>\n<p class=\"stock in-stock\">En stock<\/p>\n\t\t\t<input type=\"hidden\" class=\"wpmProductId\" data-id=\"28684\">\n\t\t\t\t\t<script>\n\t\t\t(window.wpmDataLayer = window.wpmDataLayer || {}).products             = window.wpmDataLayer.products || {}\n\t\t\twindow.wpmDataLayer.products[28684] = {\"id\":\"28684\",\"sku\":\"5902533328482\",\"price\":7.49,\"brand\":\"\",\"quantity\":1,\"dyn_r_ids\":{\"post_id\":\"28684\",\"sku\":\"5902533328482\",\"gpf\":\"woocommerce_gpf_28684\",\"gla\":\"gla_28684\"},\"isVariable\":false,\"name\":\"Victoria VYNN Color Chart Insta Gel (Unpainted)\",\"category\":[\"Insta Gel\",\"Victoria VYNN Accessories\"],\"isVariation\":false};\n\t\t\t\t\twindow.wpmDataLayer.products[28684]['position'] = window.wpmDataLayer.position++\n\t\t\t\t<\/script>\n\t\t<\/div><\/li>\n<li class=\"product type-product post-28682 status-publish instock product_cat-insta-gel product_cat-nail-tools-and-accessories product_tag-insta-gel has-post-thumbnail taxable shipping-taxable purchasable product-type-simple\" style=\"--span: 1;\">\n\t<a href=\"https:\/\/naillycosmetics.com\/fr\/produit\/victoria-vynn-color-chart-insta-gel-painted\/\" class=\"woocommerce-LoopProduct-link woocommerce-loop-product__link\"><div class=\"wpcbm-wrapper wpcbm-wrapper-archive-image\"><div class=\"woocommerce-image__wrapper\"><a href=\"https:\/\/naillycosmetics.com\/fr\/produit\/victoria-vynn-color-chart-insta-gel-painted\/\" title=\"Victoria VYNN Color Chart Insta Gel (Painted)\" class=\"woocommerce-LoopProduct-link woocommerce-loop-product__link\"><div class=\"shoptimizer-plp-carousel-container\"><div class=\"shoptimizer-plp-image-wrapper\"><img loading=\"lazy\" decoding=\"async\" width=\"200\" height=\"267\" src=\"https:\/\/i0.wp.com\/naillycosmetics.com\/wp-content\/uploads\/2026\/03\/new-version-of-painted-instagel-color-chart.webp?fit=200%2C267&amp;ssl=1\" class=\"attachment-woocommerce_thumbnail size-woocommerce_thumbnail\" alt=\"Victoria VYNN Color Chart Insta Gel (Painted)\" srcset=\"https:\/\/i0.wp.com\/naillycosmetics.com\/wp-content\/uploads\/2026\/03\/new-version-of-painted-instagel-color-chart.webp?w=750&amp;ssl=1 750w, https:\/\/i0.wp.com\/naillycosmetics.com\/wp-content\/uploads\/2026\/03\/new-version-of-painted-instagel-color-chart.webp?resize=225%2C300&amp;ssl=1 225w, https:\/\/i0.wp.com\/naillycosmetics.com\/wp-content\/uploads\/2026\/03\/new-version-of-painted-instagel-color-chart.webp?resize=9%2C12&amp;ssl=1 9w, https:\/\/i0.wp.com\/naillycosmetics.com\/wp-content\/uploads\/2026\/03\/new-version-of-painted-instagel-color-chart.webp?resize=441%2C588&amp;ssl=1 441w, https:\/\/i0.wp.com\/naillycosmetics.com\/wp-content\/uploads\/2026\/03\/new-version-of-painted-instagel-color-chart.webp?resize=200%2C267&amp;ssl=1 200w, https:\/\/i0.wp.com\/naillycosmetics.com\/wp-content\/uploads\/2026\/03\/new-version-of-painted-instagel-color-chart.webp?resize=150%2C200&amp;ssl=1 150w, https:\/\/i0.wp.com\/naillycosmetics.com\/wp-content\/uploads\/2026\/03\/new-version-of-painted-instagel-color-chart.webp?resize=64%2C85&amp;ssl=1 64w\" sizes=\"auto, (max-width: 360px) 147px, (max-width: 200px) 100vw, 200px\" \/><img decoding=\"async\" width=\"200\" height=\"267\" src=\"https:\/\/i0.wp.com\/naillycosmetics.com\/wp-content\/uploads\/2026\/03\/insta-gel-image-2.webp?fit=200%2C267&amp;ssl=1\" class=\"gallery-image\" alt=\"\" loading=\"lazy\" srcset=\"https:\/\/i0.wp.com\/naillycosmetics.com\/wp-content\/uploads\/2026\/03\/insta-gel-image-2.webp?w=750&amp;ssl=1 750w, https:\/\/i0.wp.com\/naillycosmetics.com\/wp-content\/uploads\/2026\/03\/insta-gel-image-2.webp?resize=225%2C300&amp;ssl=1 225w, https:\/\/i0.wp.com\/naillycosmetics.com\/wp-content\/uploads\/2026\/03\/insta-gel-image-2.webp?resize=9%2C12&amp;ssl=1 9w, https:\/\/i0.wp.com\/naillycosmetics.com\/wp-content\/uploads\/2026\/03\/insta-gel-image-2.webp?resize=441%2C588&amp;ssl=1 441w, https:\/\/i0.wp.com\/naillycosmetics.com\/wp-content\/uploads\/2026\/03\/insta-gel-image-2.webp?resize=200%2C267&amp;ssl=1 200w, https:\/\/i0.wp.com\/naillycosmetics.com\/wp-content\/uploads\/2026\/03\/insta-gel-image-2.webp?resize=150%2C200&amp;ssl=1 150w, https:\/\/i0.wp.com\/naillycosmetics.com\/wp-content\/uploads\/2026\/03\/insta-gel-image-2.webp?resize=64%2C85&amp;ssl=1 64w\" sizes=\"auto, (max-width: 360px) 147px, auto, (max-width: 200px) 100vw, 200px\" \/>\t\t\t\n\t<\/div><\/div><\/a><div class=\"shoptimizer-plp-carousel--pagination\">\n      \t\t\t<span class=\"shoptimizer-plp-carousel--dot active\"><\/span>\n      \t\t\t<span class=\"shoptimizer-plp-carousel--dot\"><\/span>\n    \t\t<\/div><\/div><\/div><div class=\"woocommerce-card__header\">\t\t\t\t\t<p class=\"product__categories\"><a href=\"https:\/\/naillycosmetics.com\/fr\/category\/nail-extension-gel\/insta-gel\/\" rel=\"tag\">Insta Gel<\/a>, <a href=\"https:\/\/naillycosmetics.com\/fr\/category\/nail-tools-and-accessories\/\" rel=\"tag\">Victoria VYNN Accessories<\/a><\/p>\t\t\t\t<div class=\"woocommerce-loop-product__title\"><a tabindex=\"0\" href=\"https:\/\/naillycosmetics.com\/fr\/produit\/victoria-vynn-color-chart-insta-gel-painted\/\" aria-label=\"Victoria VYNN Color Chart Insta Gel (Painted)\" class=\"woocommerce-LoopProduct-link woocommerce-loop-product__link\">Victoria VYNN Color Chart Insta Gel (Painted)<\/a><\/div><div class=\"cgkit-as-variation-price \">\n\t<span class=\"price\"><span class=\"wcpbc-price wcpbc-price-28682\" data-product-id=\"28682\"><span class=\"woocommerce-Price-amount amount\"><bdi><span class=\"woocommerce-Price-currencySymbol\">CA&#36;<\/span>\u00a019.99<\/bdi><\/span><\/span><\/span>\n<\/div><\/a><a href=\"\/fr\/wp-json\/wp\/v2\/pages\/28720?add-to-cart=28682\" aria-describedby=\"woocommerce_loop_add_to_cart_link_describedby_28682\" data-quantity=\"1\" class=\"button product_type_simple add_to_cart_button ajax_add_to_cart\" data-product_id=\"28682\" data-product_sku=\"5902533327393\" aria-label=\"Ajouter au panier\u00a0: &ldquo;Victoria VYNN Color Chart Insta Gel (Painted)&rdquo;\" rel=\"nofollow\" data-success_message=\"\u00ab\u00a0Victoria VYNN Color Chart Insta Gel (Painted)\u00a0\u00bb a \u00e9t\u00e9 ajout\u00e9 \u00e0 votre panier\" role=\"button\">Ajouter au panier<\/a>\t<span id=\"woocommerce_loop_add_to_cart_link_describedby_28682\" class=\"screen-reader-text\">\n\t\t\t<\/span>\n<p class=\"stock in-stock\">Plus que 2 en stock<\/p>\n\t\t\t<input type=\"hidden\" class=\"wpmProductId\" data-id=\"28682\">\n\t\t\t\t\t<script>\n\t\t\t(window.wpmDataLayer = window.wpmDataLayer || {}).products             = window.wpmDataLayer.products || {}\n\t\t\twindow.wpmDataLayer.products[28682] = {\"id\":\"28682\",\"sku\":\"5902533327393\",\"price\":19.99,\"brand\":\"\",\"quantity\":1,\"dyn_r_ids\":{\"post_id\":\"28682\",\"sku\":\"5902533327393\",\"gpf\":\"woocommerce_gpf_28682\",\"gla\":\"gla_28682\"},\"isVariable\":false,\"name\":\"Victoria VYNN Color Chart Insta Gel (Painted)\",\"category\":[\"Insta Gel\",\"Victoria VYNN Accessories\"],\"isVariation\":false};\n\t\t\t\t\twindow.wpmDataLayer.products[28682]['position'] = window.wpmDataLayer.position++\n\t\t\t\t<\/script>\n\t\t<\/div><\/li>\n<\/ul>\n<div class=\"shoptimizer-sorting sorting-end\"><form class=\"woocommerce-ordering\" method=\"get\">\n\t\t<select\n\t\tname=\"orderby\"\n\t\tclass=\"orderby\"\n\t\t\t\t\taria-label=\"Commande\"\n\t\t\t>\n\t\t\t\t\t<option value=\"popularity\"  selected='selected'>Tri par popularit\u00e9<\/option>\n\t\t\t\t\t<option value=\"rating\" >Tri par notes moyennes<\/option>\n\t\t\t\t\t<option value=\"date\" >Tri du plus r\u00e9cent au plus ancien<\/option>\n\t\t\t\t\t<option value=\"price\" >Tri par tarif croissant<\/option>\n\t\t\t\t\t<option value=\"price-desc\" >Tri par tarif d\u00e9croissant<\/option>\n\t\t\t<\/select>\n\t<input type=\"hidden\" name=\"paged\" value=\"1\" \/>\n\t<\/form>\n<p class=\"woocommerce-result-count\" role=\"alert\" aria-relevant=\"all\" data-is-sorted-by=\"true\">\n\t3\u00a0r\u00e9sultats affich\u00e9s<span class=\"screen-reader-text\">Tri\u00e9 par popularit\u00e9<\/span><\/p>\n<\/div><\/div><\/div>","protected":false},"excerpt":{"rendered":"<p>Insta Gel Step into the future of nail styling with Insta Gel by Victoria VYNN\u2014a revolutionary system designed for speed, precision, and a flawless modern finish. Created for today\u2019s fast-paced salons and professional nail artists, Insta Gel delivers instant results without compromising on quality. Its advanced formula ensures smooth, even application, allowing you to achieve [&hellip;]<\/p>\n","protected":false},"author":1,"featured_media":0,"parent":0,"menu_order":0,"comment_status":"closed","ping_status":"closed","template":"","meta":{"jetpack_post_was_ever_published":false,"footnotes":""},"class_list":["post-28720","page","type-page","status-publish","hentry"],"jetpack-related-posts":[],"jetpack_sharing_enabled":true,"_links":{"self":[{"href":"https:\/\/naillycosmetics.com\/fr\/wp-json\/wp\/v2\/pages\/28720","targetHints":{"allow":["GET"]}}],"collection":[{"href":"https:\/\/naillycosmetics.com\/fr\/wp-json\/wp\/v2\/pages"}],"about":[{"href":"https:\/\/naillycosmetics.com\/fr\/wp-json\/wp\/v2\/types\/page"}],"author":[{"embeddable":true,"href":"https:\/\/naillycosmetics.com\/fr\/wp-json\/wp\/v2\/users\/1"}],"replies":[{"embeddable":true,"href":"https:\/\/naillycosmetics.com\/fr\/wp-json\/wp\/v2\/comments?post=28720"}],"version-history":[{"count":1,"href":"https:\/\/naillycosmetics.com\/fr\/wp-json\/wp\/v2\/pages\/28720\/revisions"}],"predecessor-version":[{"id":28721,"href":"https:\/\/naillycosmetics.com\/fr\/wp-json\/wp\/v2\/pages\/28720\/revisions\/28721"}],"wp:attachment":[{"href":"https:\/\/naillycosmetics.com\/fr\/wp-json\/wp\/v2\/media?parent=28720"}],"curies":[{"name":"wp","href":"https:\/\/api.w.org\/{rel}","templated":true}]}}