{"id":22749,"date":"2025-10-17T13:12:31","date_gmt":"2025-10-17T17:12:31","guid":{"rendered":"https:\/\/naillycosmetics.com\/?page_id=22749"},"modified":"2025-10-17T13:12:35","modified_gmt":"2025-10-17T17:12:35","slug":"msmo-drill-bits","status":"publish","type":"page","link":"https:\/\/naillycosmetics.com\/fr\/msmo-drill-bits\/","title":{"rendered":"Forets MSMO"},"content":{"rendered":"<h1 class=\"wp-block-heading has-text-align-center\">MSMO Drill Bits<\/h1><p class=\"has-text-align-center\"><strong>MSMO Drill Bits<\/strong> are professional-grade bits designed for precision work in nail services. Crafted from durable metals (often carbide or diamond), they allow efficient shaping, surface work, and material removal while preserving the integrity of the natural nail. Paired with your MSMO e-file, these bits deliver smooth, controlled performance for acrylic, gel, or hybrid systems. Accessories typically include a variety of shapes (e.g. barrel, cone, flame) for versatility, plus a storage case or holder to keep bits organized and protected.<\/p><figure class=\"wp-block-image aligncenter size-large\"><img data-recalc-dims=\"1\" loading=\"lazy\" decoding=\"async\" width=\"1024\" height=\"1024\" src=\"https:\/\/i0.wp.com\/naillycosmetics.com\/wp-content\/uploads\/2025\/10\/msmo1-4.png?resize=1024%2C1024&#038;ssl=1\" alt=\"msmo1-4.png\" class=\"wp-image-22698\" srcset=\"https:\/\/i0.wp.com\/naillycosmetics.com\/wp-content\/uploads\/2025\/10\/msmo1-4.png?resize=1024%2C1024&amp;ssl=1 1024w, https:\/\/i0.wp.com\/naillycosmetics.com\/wp-content\/uploads\/2025\/10\/msmo1-4.png?resize=300%2C300&amp;ssl=1 300w, https:\/\/i0.wp.com\/naillycosmetics.com\/wp-content\/uploads\/2025\/10\/msmo1-4.png?resize=150%2C150&amp;ssl=1 150w, https:\/\/i0.wp.com\/naillycosmetics.com\/wp-content\/uploads\/2025\/10\/msmo1-4.png?resize=768%2C768&amp;ssl=1 768w, https:\/\/i0.wp.com\/naillycosmetics.com\/wp-content\/uploads\/2025\/10\/msmo1-4.png?resize=1536%2C1536&amp;ssl=1 1536w, https:\/\/i0.wp.com\/naillycosmetics.com\/wp-content\/uploads\/2025\/10\/msmo1-4.png?resize=12%2C12&amp;ssl=1 12w, https:\/\/i0.wp.com\/naillycosmetics.com\/wp-content\/uploads\/2025\/10\/msmo1-4.png?resize=32%2C32&amp;ssl=1 32w, https:\/\/i0.wp.com\/naillycosmetics.com\/wp-content\/uploads\/2025\/10\/msmo1-4.png?resize=990%2C990&amp;ssl=1 990w, https:\/\/i0.wp.com\/naillycosmetics.com\/wp-content\/uploads\/2025\/10\/msmo1-4.png?resize=441%2C441&amp;ssl=1 441w, https:\/\/i0.wp.com\/naillycosmetics.com\/wp-content\/uploads\/2025\/10\/msmo1-4.png?resize=200%2C200&amp;ssl=1 200w, https:\/\/i0.wp.com\/naillycosmetics.com\/wp-content\/uploads\/2025\/10\/msmo1-4.png?resize=750%2C750&amp;ssl=1 750w, https:\/\/i0.wp.com\/naillycosmetics.com\/wp-content\/uploads\/2025\/10\/msmo1-4.png?resize=50%2C50&amp;ssl=1 50w, https:\/\/i0.wp.com\/naillycosmetics.com\/wp-content\/uploads\/2025\/10\/msmo1-4.png?resize=100%2C100&amp;ssl=1 100w, https:\/\/i0.wp.com\/naillycosmetics.com\/wp-content\/uploads\/2025\/10\/msmo1-4.png?resize=64%2C64&amp;ssl=1 64w, https:\/\/i0.wp.com\/naillycosmetics.com\/wp-content\/uploads\/2025\/10\/msmo1-4.png?w=1630&amp;ssl=1 1630w\" sizes=\"auto, (max-width: 1024px) 100vw, 1024px\" \/><figcaption class=\"wp-element-caption\"> <\/figcaption><\/figure><p class=\"has-text-align-center\"><div class=\"woocommerce columns-6 \">\t\t<div class=\"shoptimizer-sorting\"><div class=\"woocommerce-notices-wrapper\"><\/div><form class=\"woocommerce-ordering\" method=\"get\">\n\t\t<select\n\t\tname=\"orderby\"\n\t\tclass=\"orderby\"\n\t\t\t\t\taria-label=\"Commande\"\n\t\t\t>\n\t\t\t\t\t<option value=\"popularity\"  selected='selected'>Tri par popularit\u00e9<\/option>\n\t\t\t\t\t<option value=\"rating\" >Tri par notes moyennes<\/option>\n\t\t\t\t\t<option value=\"date\" >Tri du plus r\u00e9cent au plus ancien<\/option>\n\t\t\t\t\t<option value=\"price\" >Tri par tarif croissant<\/option>\n\t\t\t\t\t<option value=\"price-desc\" >Tri par tarif d\u00e9croissant<\/option>\n\t\t\t<\/select>\n\t<input type=\"hidden\" name=\"paged\" value=\"1\" \/>\n\t<\/form>\n<p class=\"woocommerce-result-count\" role=\"alert\" aria-relevant=\"all\" data-is-sorted-by=\"true\">\n\t2\u00a0r\u00e9sultats affich\u00e9s<span class=\"screen-reader-text\">Tri\u00e9 par popularit\u00e9<\/span><\/p>\n<\/div><div class=\"columns-3\"><ul class=\"products columns-6\">\n<li class=\"product type-product post-22656 status-publish first instock product_cat-msmo-drill-bits has-post-thumbnail sale taxable shipping-taxable purchasable product-type-simple\" style=\"--span: 1;\">\n\t<a href=\"https:\/\/naillycosmetics.com\/fr\/produit\/msmo-nail-drill-bits-set-of-6-01-2\/\" class=\"woocommerce-LoopProduct-link woocommerce-loop-product__link\"><div class=\"wpcbm-wrapper wpcbm-wrapper-archive-image\"><div class=\"woocommerce-image__wrapper\"><a href=\"https:\/\/naillycosmetics.com\/fr\/produit\/msmo-nail-drill-bits-set-of-6-01-2\/\" title=\"MSMO Nail Drill Bits Set of 6 #01\" class=\"woocommerce-LoopProduct-link woocommerce-loop-product__link\">\n\t<span class=\"onsale\">Promo\u00a0!<\/span>\n\t<div class=\"shoptimizer-plp-carousel-container\"><div class=\"shoptimizer-plp-image-wrapper\"><img loading=\"lazy\" decoding=\"async\" width=\"200\" height=\"200\" src=\"https:\/\/i0.wp.com\/naillycosmetics.com\/wp-content\/uploads\/2026\/02\/msmo1-3.png?fit=200%2C200&amp;ssl=1\" class=\"attachment-woocommerce_thumbnail size-woocommerce_thumbnail\" alt=\"MSMO Nail Drill Bits Set of 6 #01\" srcset=\"https:\/\/i0.wp.com\/naillycosmetics.com\/wp-content\/uploads\/2026\/02\/msmo1-3.png?w=1630&amp;ssl=1 1630w, https:\/\/i0.wp.com\/naillycosmetics.com\/wp-content\/uploads\/2026\/02\/msmo1-3.png?resize=300%2C300&amp;ssl=1 300w, https:\/\/i0.wp.com\/naillycosmetics.com\/wp-content\/uploads\/2026\/02\/msmo1-3.png?resize=1024%2C1024&amp;ssl=1 1024w, https:\/\/i0.wp.com\/naillycosmetics.com\/wp-content\/uploads\/2026\/02\/msmo1-3.png?resize=150%2C150&amp;ssl=1 150w, https:\/\/i0.wp.com\/naillycosmetics.com\/wp-content\/uploads\/2026\/02\/msmo1-3.png?resize=768%2C768&amp;ssl=1 768w, https:\/\/i0.wp.com\/naillycosmetics.com\/wp-content\/uploads\/2026\/02\/msmo1-3.png?resize=1536%2C1536&amp;ssl=1 1536w, https:\/\/i0.wp.com\/naillycosmetics.com\/wp-content\/uploads\/2026\/02\/msmo1-3.png?resize=12%2C12&amp;ssl=1 12w, https:\/\/i0.wp.com\/naillycosmetics.com\/wp-content\/uploads\/2026\/02\/msmo1-3.png?resize=32%2C32&amp;ssl=1 32w, https:\/\/i0.wp.com\/naillycosmetics.com\/wp-content\/uploads\/2026\/02\/msmo1-3.png?resize=990%2C990&amp;ssl=1 990w, https:\/\/i0.wp.com\/naillycosmetics.com\/wp-content\/uploads\/2026\/02\/msmo1-3.png?resize=441%2C441&amp;ssl=1 441w, https:\/\/i0.wp.com\/naillycosmetics.com\/wp-content\/uploads\/2026\/02\/msmo1-3.png?resize=200%2C200&amp;ssl=1 200w, https:\/\/i0.wp.com\/naillycosmetics.com\/wp-content\/uploads\/2026\/02\/msmo1-3.png?resize=750%2C750&amp;ssl=1 750w, https:\/\/i0.wp.com\/naillycosmetics.com\/wp-content\/uploads\/2026\/02\/msmo1-3.png?resize=50%2C50&amp;ssl=1 50w, https:\/\/i0.wp.com\/naillycosmetics.com\/wp-content\/uploads\/2026\/02\/msmo1-3.png?resize=100%2C100&amp;ssl=1 100w, https:\/\/i0.wp.com\/naillycosmetics.com\/wp-content\/uploads\/2026\/02\/msmo1-3.png?resize=64%2C64&amp;ssl=1 64w\" sizes=\"auto, (max-width: 360px) 147px, (max-width: 200px) 100vw, 200px\" \/>\t\t\t\n\t<\/div><\/div><\/a><\/div><\/div><div class=\"woocommerce-card__header\">\t\t\t\t\t<p class=\"product__categories\"><a href=\"https:\/\/naillycosmetics.com\/fr\/category\/msmo-2\/msmo-drill-bits\/\" rel=\"tag\">MSMO Drill Bits<\/a><\/p>\t\t\t\t<div class=\"woocommerce-loop-product__title\"><a tabindex=\"0\" href=\"https:\/\/naillycosmetics.com\/fr\/produit\/msmo-nail-drill-bits-set-of-6-01-2\/\" aria-label=\"MSMO Nail Drill Bits Set of 6 #01\" class=\"woocommerce-LoopProduct-link woocommerce-loop-product__link\">MSMO Nail Drill Bits Set of 6 #01<\/a><\/div><div class=\"cgkit-as-variation-price \">\n\t<span class=\"price\"><span class=\"wcpbc-price wcpbc-price-22656\" data-product-id=\"22656\"><del aria-hidden=\"true\"><span class=\"woocommerce-Price-amount amount\"><bdi><span class=\"woocommerce-Price-currencySymbol\">CA&#36;<\/span>\u00a055.94<\/bdi><\/span><\/del> <span class=\"screen-reader-text\">Le prix initial \u00e9tait\u00a0: CA&#036;\u00a055.94.<\/span><ins aria-hidden=\"true\"><span class=\"woocommerce-Price-amount amount\"><bdi><span class=\"woocommerce-Price-currencySymbol\">CA&#36;<\/span>\u00a050.94<\/bdi><\/span><\/ins><span class=\"screen-reader-text\">Le prix actuel est\u00a0: CA&#036;\u00a050.94.<\/span><\/span><\/span>\n<\/div><\/a><a href=\"\/fr\/wp-json\/wp\/v2\/pages\/22749?add-to-cart=22656\" aria-describedby=\"woocommerce_loop_add_to_cart_link_describedby_22656\" data-quantity=\"1\" class=\"button product_type_simple add_to_cart_button ajax_add_to_cart\" data-product_id=\"22656\" data-product_sku=\"0769293018689\" aria-label=\"Ajouter au panier\u00a0: &ldquo;MSMO Nail Drill Bits Set of 6 #01&rdquo;\" rel=\"nofollow\" data-success_message=\"\u00ab\u00a0MSMO Nail Drill Bits Set of 6 #01\u00a0\u00bb a \u00e9t\u00e9 ajout\u00e9 \u00e0 votre panier\" role=\"button\">Ajouter au panier<\/a>\t<span id=\"woocommerce_loop_add_to_cart_link_describedby_22656\" class=\"screen-reader-text\">\n\t\t\t<\/span>\n<p class=\"stock in-stock\">En stock<\/p>\n\t\t\t<input type=\"hidden\" class=\"wpmProductId\" data-id=\"22656\">\n\t\t\t\t\t<script>\n\t\t\t(window.wpmDataLayer = window.wpmDataLayer || {}).products             = window.wpmDataLayer.products || {}\n\t\t\twindow.wpmDataLayer.products[22656] = {\"id\":\"22656\",\"sku\":\"0769293018689\",\"price\":50.94,\"brand\":\"\",\"quantity\":1,\"dyn_r_ids\":{\"post_id\":\"22656\",\"sku\":\"0769293018689\",\"gpf\":\"woocommerce_gpf_22656\",\"gla\":\"gla_22656\"},\"isVariable\":false,\"name\":\"MSMO Nail Drill Bits Set of 6 #01\",\"category\":[\"MSMO Drill Bits\"],\"isVariation\":false};\n\t\t\t\t\twindow.wpmDataLayer.products[22656]['position'] = window.wpmDataLayer.position++\n\t\t\t\t<\/script>\n\t\t<\/div><\/li>\n<li class=\"product type-product post-22654 status-publish instock product_cat-msmo-drill-bits has-post-thumbnail sale taxable shipping-taxable purchasable product-type-simple\" style=\"--span: 1;\">\n\t<a href=\"https:\/\/naillycosmetics.com\/fr\/produit\/msmo-nail-drill-bits-set-of-6-02-2\/\" class=\"woocommerce-LoopProduct-link woocommerce-loop-product__link\"><div class=\"wpcbm-wrapper wpcbm-wrapper-archive-image\"><div class=\"woocommerce-image__wrapper\"><a href=\"https:\/\/naillycosmetics.com\/fr\/produit\/msmo-nail-drill-bits-set-of-6-02-2\/\" title=\"MSMO Nail Drill Bits Set of 6 #02\" class=\"woocommerce-LoopProduct-link woocommerce-loop-product__link\">\n\t<span class=\"onsale\">Promo\u00a0!<\/span>\n\t<div class=\"shoptimizer-plp-carousel-container\"><div class=\"shoptimizer-plp-image-wrapper\"><img loading=\"lazy\" decoding=\"async\" width=\"200\" height=\"200\" src=\"https:\/\/i0.wp.com\/naillycosmetics.com\/wp-content\/uploads\/2026\/02\/msmo1-2.png?fit=200%2C200&amp;ssl=1\" class=\"attachment-woocommerce_thumbnail size-woocommerce_thumbnail\" alt=\"MSMO Nail Drill Bits Set of 6 #02\" srcset=\"https:\/\/i0.wp.com\/naillycosmetics.com\/wp-content\/uploads\/2026\/02\/msmo1-2.png?w=1630&amp;ssl=1 1630w, https:\/\/i0.wp.com\/naillycosmetics.com\/wp-content\/uploads\/2026\/02\/msmo1-2.png?resize=300%2C300&amp;ssl=1 300w, https:\/\/i0.wp.com\/naillycosmetics.com\/wp-content\/uploads\/2026\/02\/msmo1-2.png?resize=1024%2C1024&amp;ssl=1 1024w, https:\/\/i0.wp.com\/naillycosmetics.com\/wp-content\/uploads\/2026\/02\/msmo1-2.png?resize=150%2C150&amp;ssl=1 150w, https:\/\/i0.wp.com\/naillycosmetics.com\/wp-content\/uploads\/2026\/02\/msmo1-2.png?resize=768%2C768&amp;ssl=1 768w, https:\/\/i0.wp.com\/naillycosmetics.com\/wp-content\/uploads\/2026\/02\/msmo1-2.png?resize=1536%2C1536&amp;ssl=1 1536w, https:\/\/i0.wp.com\/naillycosmetics.com\/wp-content\/uploads\/2026\/02\/msmo1-2.png?resize=12%2C12&amp;ssl=1 12w, https:\/\/i0.wp.com\/naillycosmetics.com\/wp-content\/uploads\/2026\/02\/msmo1-2.png?resize=32%2C32&amp;ssl=1 32w, https:\/\/i0.wp.com\/naillycosmetics.com\/wp-content\/uploads\/2026\/02\/msmo1-2.png?resize=990%2C990&amp;ssl=1 990w, https:\/\/i0.wp.com\/naillycosmetics.com\/wp-content\/uploads\/2026\/02\/msmo1-2.png?resize=441%2C441&amp;ssl=1 441w, https:\/\/i0.wp.com\/naillycosmetics.com\/wp-content\/uploads\/2026\/02\/msmo1-2.png?resize=200%2C200&amp;ssl=1 200w, https:\/\/i0.wp.com\/naillycosmetics.com\/wp-content\/uploads\/2026\/02\/msmo1-2.png?resize=750%2C750&amp;ssl=1 750w, https:\/\/i0.wp.com\/naillycosmetics.com\/wp-content\/uploads\/2026\/02\/msmo1-2.png?resize=50%2C50&amp;ssl=1 50w, https:\/\/i0.wp.com\/naillycosmetics.com\/wp-content\/uploads\/2026\/02\/msmo1-2.png?resize=100%2C100&amp;ssl=1 100w, https:\/\/i0.wp.com\/naillycosmetics.com\/wp-content\/uploads\/2026\/02\/msmo1-2.png?resize=64%2C64&amp;ssl=1 64w\" sizes=\"auto, (max-width: 360px) 147px, (max-width: 200px) 100vw, 200px\" \/>\t\t\t\n\t<\/div><\/div><\/a><\/div><\/div><div class=\"woocommerce-card__header\">\t\t\t\t\t<p class=\"product__categories\"><a href=\"https:\/\/naillycosmetics.com\/fr\/category\/msmo-2\/msmo-drill-bits\/\" rel=\"tag\">MSMO Drill Bits<\/a><\/p>\t\t\t\t<div class=\"woocommerce-loop-product__title\"><a tabindex=\"0\" href=\"https:\/\/naillycosmetics.com\/fr\/produit\/msmo-nail-drill-bits-set-of-6-02-2\/\" aria-label=\"MSMO Nail Drill Bits Set of 6 #02\" class=\"woocommerce-LoopProduct-link woocommerce-loop-product__link\">MSMO Nail Drill Bits Set of 6 #02<\/a><\/div><div class=\"cgkit-as-variation-price \">\n\t<span class=\"price\"><span class=\"wcpbc-price wcpbc-price-22654\" data-product-id=\"22654\"><del aria-hidden=\"true\"><span class=\"woocommerce-Price-amount amount\"><bdi><span class=\"woocommerce-Price-currencySymbol\">CA&#36;<\/span>\u00a056.94<\/bdi><\/span><\/del> <span class=\"screen-reader-text\">Le prix initial \u00e9tait\u00a0: CA&#036;\u00a056.94.<\/span><ins aria-hidden=\"true\"><span class=\"woocommerce-Price-amount amount\"><bdi><span class=\"woocommerce-Price-currencySymbol\">CA&#36;<\/span>\u00a050.94<\/bdi><\/span><\/ins><span class=\"screen-reader-text\">Le prix actuel est\u00a0: CA&#036;\u00a050.94.<\/span><\/span><\/span>\n<\/div><\/a><a href=\"\/fr\/wp-json\/wp\/v2\/pages\/22749?add-to-cart=22654\" aria-describedby=\"woocommerce_loop_add_to_cart_link_describedby_22654\" data-quantity=\"1\" class=\"button product_type_simple add_to_cart_button ajax_add_to_cart\" data-product_id=\"22654\" data-product_sku=\"0769293018696\" aria-label=\"Ajouter au panier\u00a0: &ldquo;MSMO Nail Drill Bits Set of 6 #02&rdquo;\" rel=\"nofollow\" data-success_message=\"\u00ab\u00a0MSMO Nail Drill Bits Set of 6 #02\u00a0\u00bb a \u00e9t\u00e9 ajout\u00e9 \u00e0 votre panier\" role=\"button\">Ajouter au panier<\/a>\t<span id=\"woocommerce_loop_add_to_cart_link_describedby_22654\" class=\"screen-reader-text\">\n\t\t\t<\/span>\n<p class=\"stock in-stock\">En stock<\/p>\n\t\t\t<input type=\"hidden\" class=\"wpmProductId\" data-id=\"22654\">\n\t\t\t\t\t<script>\n\t\t\t(window.wpmDataLayer = window.wpmDataLayer || {}).products             = window.wpmDataLayer.products || {}\n\t\t\twindow.wpmDataLayer.products[22654] = {\"id\":\"22654\",\"sku\":\"0769293018696\",\"price\":50.94,\"brand\":\"\",\"quantity\":1,\"dyn_r_ids\":{\"post_id\":\"22654\",\"sku\":\"0769293018696\",\"gpf\":\"woocommerce_gpf_22654\",\"gla\":\"gla_22654\"},\"isVariable\":false,\"name\":\"MSMO Nail Drill Bits Set of 6 #02\",\"category\":[\"MSMO Drill Bits\"],\"isVariation\":false};\n\t\t\t\t\twindow.wpmDataLayer.products[22654]['position'] = window.wpmDataLayer.position++\n\t\t\t\t<\/script>\n\t\t<\/div><\/li>\n<\/ul>\n<div class=\"shoptimizer-sorting sorting-end\"><form class=\"woocommerce-ordering\" method=\"get\">\n\t\t<select\n\t\tname=\"orderby\"\n\t\tclass=\"orderby\"\n\t\t\t\t\taria-label=\"Commande\"\n\t\t\t>\n\t\t\t\t\t<option value=\"popularity\"  selected='selected'>Tri par popularit\u00e9<\/option>\n\t\t\t\t\t<option value=\"rating\" >Tri par notes moyennes<\/option>\n\t\t\t\t\t<option value=\"date\" >Tri du plus r\u00e9cent au plus ancien<\/option>\n\t\t\t\t\t<option value=\"price\" >Tri par tarif croissant<\/option>\n\t\t\t\t\t<option value=\"price-desc\" >Tri par tarif d\u00e9croissant<\/option>\n\t\t\t<\/select>\n\t<input type=\"hidden\" name=\"paged\" value=\"1\" \/>\n\t<\/form>\n<p class=\"woocommerce-result-count\" role=\"alert\" aria-relevant=\"all\" data-is-sorted-by=\"true\">\n\t2\u00a0r\u00e9sultats affich\u00e9s<span class=\"screen-reader-text\">Tri\u00e9 par popularit\u00e9<\/span><\/p>\n<\/div><\/div><\/div><\/p>","protected":false},"excerpt":{"rendered":"<p>MSMO Drill Bits MSMO Drill Bits are professional-grade bits designed for precision work in nail services. Crafted from durable metals (often carbide or diamond), they allow efficient shaping, surface work, and material removal while preserving the integrity of the natural nail. Paired with your MSMO e-file, these bits deliver smooth, controlled performance for acrylic, gel, [&hellip;]<\/p>\n","protected":false},"author":1,"featured_media":0,"parent":0,"menu_order":0,"comment_status":"closed","ping_status":"closed","template":"","meta":{"jetpack_post_was_ever_published":false,"footnotes":""},"class_list":["post-22749","page","type-page","status-publish","hentry"],"jetpack-related-posts":[{"id":22753,"url":"https:\/\/naillycosmetics.com\/fr\/msmo-electric-nail-drills\/","url_meta":{"origin":22749,"position":0},"title":"Perceuses \u00e0 ongles \u00e9lectriques MSMO","author":"Serge Sahakian","date":"octobre 17, 2025","format":false,"excerpt":"MSMO Electric Nail Drills MSMO Electric Nail Drills deliver salon-grade performance with precision, power, and comfort. Designed for professionals and home users alike, MSMO drills ensure effortless shaping, smoothing, and cuticle care. With adjustable speeds, quiet operation, and ergonomic design, they provide flawless results every time \u2014 perfect for manicures,\u2026","rel":"","context":"Article similaire","block_context":{"text":"Article similaire","link":""},"img":{"alt_text":"","src":"https:\/\/i0.wp.com\/naillycosmetics.com\/wp-content\/uploads\/2025\/10\/msmo-vibe-pro-2.png?resize=350%2C200&ssl=1","width":350,"height":200,"srcset":"https:\/\/i0.wp.com\/naillycosmetics.com\/wp-content\/uploads\/2025\/10\/msmo-vibe-pro-2.png?resize=350%2C200&ssl=1 1x, https:\/\/i0.wp.com\/naillycosmetics.com\/wp-content\/uploads\/2025\/10\/msmo-vibe-pro-2.png?resize=525%2C300&ssl=1 1.5x, https:\/\/i0.wp.com\/naillycosmetics.com\/wp-content\/uploads\/2025\/10\/msmo-vibe-pro-2.png?resize=700%2C400&ssl=1 2x, https:\/\/i0.wp.com\/naillycosmetics.com\/wp-content\/uploads\/2025\/10\/msmo-vibe-pro-2.png?resize=1050%2C600&ssl=1 3x, https:\/\/i0.wp.com\/naillycosmetics.com\/wp-content\/uploads\/2025\/10\/msmo-vibe-pro-2.png?resize=1400%2C800&ssl=1 4x"},"classes":[]},{"id":22755,"url":"https:\/\/naillycosmetics.com\/fr\/msmo-nail-files-buffers\/","url_meta":{"origin":22749,"position":1},"title":"Limes et polissoirs \u00e0 ongles MSMO","author":"Serge Sahakian","date":"octobre 17, 2025","format":false,"excerpt":"MSMO Nail Files & Buffers MSMO Nail Files & Buffers are crafted for precision, durability, and a flawless finish. Whether for shaping natural nails, refining enhancements, or achieving a mirror-smooth shine, MSMO tools deliver professional results every time. Designed with premium materials for long-lasting performance, they\u2019re essential for both salon\u2026","rel":"","context":"Article similaire","block_context":{"text":"Article similaire","link":""},"img":{"alt_text":"buffer-1.png","src":"https:\/\/i0.wp.com\/naillycosmetics.com\/wp-content\/uploads\/2025\/10\/buffer-1.png?resize=350%2C200&ssl=1","width":350,"height":200,"srcset":"https:\/\/i0.wp.com\/naillycosmetics.com\/wp-content\/uploads\/2025\/10\/buffer-1.png?resize=350%2C200&ssl=1 1x, https:\/\/i0.wp.com\/naillycosmetics.com\/wp-content\/uploads\/2025\/10\/buffer-1.png?resize=525%2C300&ssl=1 1.5x, https:\/\/i0.wp.com\/naillycosmetics.com\/wp-content\/uploads\/2025\/10\/buffer-1.png?resize=700%2C400&ssl=1 2x, https:\/\/i0.wp.com\/naillycosmetics.com\/wp-content\/uploads\/2025\/10\/buffer-1.png?resize=1050%2C600&ssl=1 3x"},"classes":[]},{"id":22751,"url":"https:\/\/naillycosmetics.com\/fr\/msmo-dual-forms\/","url_meta":{"origin":22749,"position":2},"title":"Formes doubles MSMO","author":"Serge Sahakian","date":"octobre 17, 2025","format":false,"excerpt":"MSMO Dual Forms MSMO Dual Forms are a smart tool for creating strong, perfectly shaped nail extensions with ease. Made from flexible yet firm material, they support natural shaping and help sculpt ideal arches and nail lengths. Included are a variety of sizes, so you get a snug fit on\u2026","rel":"","context":"Article similaire","block_context":{"text":"Article similaire","link":""},"img":{"alt_text":"","src":"https:\/\/i0.wp.com\/naillycosmetics.com\/wp-content\/uploads\/2025\/10\/popit-4.png?resize=350%2C200&ssl=1","width":350,"height":200,"srcset":"https:\/\/i0.wp.com\/naillycosmetics.com\/wp-content\/uploads\/2025\/10\/popit-4.png?resize=350%2C200&ssl=1 1x, https:\/\/i0.wp.com\/naillycosmetics.com\/wp-content\/uploads\/2025\/10\/popit-4.png?resize=525%2C300&ssl=1 1.5x, https:\/\/i0.wp.com\/naillycosmetics.com\/wp-content\/uploads\/2025\/10\/popit-4.png?resize=700%2C400&ssl=1 2x, https:\/\/i0.wp.com\/naillycosmetics.com\/wp-content\/uploads\/2025\/10\/popit-4.png?resize=1050%2C600&ssl=1 3x, https:\/\/i0.wp.com\/naillycosmetics.com\/wp-content\/uploads\/2025\/10\/popit-4.png?resize=1400%2C800&ssl=1 4x"},"classes":[]},{"id":22745,"url":"https:\/\/naillycosmetics.com\/fr\/msmo\/msmo-airbrush\/airbrush-templates\/","url_meta":{"origin":22749,"position":3},"title":"Gabarits pour a\u00e9rographe","author":"Serge Sahakian","date":"octobre 17, 2025","format":false,"excerpt":"Airbrush Templates MSMO Airbrush Templates are precision-cut stencils designed to simplify and elevate your nail art. Crafted from flexible, durable material, they allow you to mask or shape intricate patterns\u2014like florals, geometric designs, and seasonal themes\u2014with sharp definition. Perfect for layering with airbrush paints, they make achieving consistent, repeatable designs\u2026","rel":"","context":"Article similaire","block_context":{"text":"Article similaire","link":""},"img":{"alt_text":"papillion-1.png","src":"https:\/\/i0.wp.com\/naillycosmetics.com\/wp-content\/uploads\/2025\/10\/papillion-1.png?resize=350%2C200&ssl=1","width":350,"height":200,"srcset":"https:\/\/i0.wp.com\/naillycosmetics.com\/wp-content\/uploads\/2025\/10\/papillion-1.png?resize=350%2C200&ssl=1 1x, https:\/\/i0.wp.com\/naillycosmetics.com\/wp-content\/uploads\/2025\/10\/papillion-1.png?resize=525%2C300&ssl=1 1.5x, https:\/\/i0.wp.com\/naillycosmetics.com\/wp-content\/uploads\/2025\/10\/papillion-1.png?resize=700%2C400&ssl=1 2x, https:\/\/i0.wp.com\/naillycosmetics.com\/wp-content\/uploads\/2025\/10\/papillion-1.png?resize=1050%2C600&ssl=1 3x"},"classes":[]},{"id":22747,"url":"https:\/\/naillycosmetics.com\/fr\/msmo-brushes\/","url_meta":{"origin":22749,"position":4},"title":"Pinceaux MSMO","author":"Serge Sahakian","date":"octobre 17, 2025","format":false,"excerpt":"Pinceaux MSMO Les pinceaux MSMO sont con\u00e7us pour la pr\u00e9cision et la polyvalence dans le domaine du nail art. Avec des poils fins et durables et des poign\u00e9es ergonomiques, ils vous permettent de d\u00e9tailler les lignes, de m\u00e9langer les couleurs ou d'ajouter des motifs \u00e0 main lev\u00e9e avec facilit\u00e9. Particuli\u00e8rement utiles avec l'ensemble a\u00e9rographe MSMO, ces pinceaux vous permettent d'affiner et de perfectionner votre finition.","rel":"","context":"Article similaire","block_context":{"text":"Article similaire","link":""},"img":{"alt_text":"","src":"https:\/\/i0.wp.com\/naillycosmetics.com\/wp-content\/uploads\/2025\/10\/ombre-brush-1.png?resize=350%2C200&ssl=1","width":350,"height":200,"srcset":"https:\/\/i0.wp.com\/naillycosmetics.com\/wp-content\/uploads\/2025\/10\/ombre-brush-1.png?resize=350%2C200&ssl=1 1x, https:\/\/i0.wp.com\/naillycosmetics.com\/wp-content\/uploads\/2025\/10\/ombre-brush-1.png?resize=525%2C300&ssl=1 1.5x, https:\/\/i0.wp.com\/naillycosmetics.com\/wp-content\/uploads\/2025\/10\/ombre-brush-1.png?resize=700%2C400&ssl=1 2x, https:\/\/i0.wp.com\/naillycosmetics.com\/wp-content\/uploads\/2025\/10\/ombre-brush-1.png?resize=1050%2C600&ssl=1 3x"},"classes":[]},{"id":22738,"url":"https:\/\/naillycosmetics.com\/fr\/msmo\/msmo-airbrush\/","url_meta":{"origin":22749,"position":5},"title":"A\u00e9rographe","author":"Serge Sahakian","date":"octobre 17, 2025","format":false,"excerpt":"Airbrush The MSMO Airbrush by Mon Style, Mes Ongles is a professional nail-art machine designed for precision, creativity, and comfort. Featuring five adjustable power levels, a durable braided hose, and a double-action pen for perfect control, it allows smooth gradients and detailed designs with ease. Compact, quiet, and easy to\u2026","rel":"","context":"Article similaire","block_context":{"text":"Article similaire","link":""},"img":{"alt_text":"","src":"https:\/\/i0.wp.com\/naillycosmetics.com\/wp-content\/uploads\/2025\/10\/airbrush_3.png?resize=350%2C200&ssl=1","width":350,"height":200,"srcset":"https:\/\/i0.wp.com\/naillycosmetics.com\/wp-content\/uploads\/2025\/10\/airbrush_3.png?resize=350%2C200&ssl=1 1x, https:\/\/i0.wp.com\/naillycosmetics.com\/wp-content\/uploads\/2025\/10\/airbrush_3.png?resize=525%2C300&ssl=1 1.5x, https:\/\/i0.wp.com\/naillycosmetics.com\/wp-content\/uploads\/2025\/10\/airbrush_3.png?resize=700%2C400&ssl=1 2x, https:\/\/i0.wp.com\/naillycosmetics.com\/wp-content\/uploads\/2025\/10\/airbrush_3.png?resize=1050%2C600&ssl=1 3x"},"classes":[]}],"jetpack_sharing_enabled":true,"_links":{"self":[{"href":"https:\/\/naillycosmetics.com\/fr\/wp-json\/wp\/v2\/pages\/22749","targetHints":{"allow":["GET"]}}],"collection":[{"href":"https:\/\/naillycosmetics.com\/fr\/wp-json\/wp\/v2\/pages"}],"about":[{"href":"https:\/\/naillycosmetics.com\/fr\/wp-json\/wp\/v2\/types\/page"}],"author":[{"embeddable":true,"href":"https:\/\/naillycosmetics.com\/fr\/wp-json\/wp\/v2\/users\/1"}],"replies":[{"embeddable":true,"href":"https:\/\/naillycosmetics.com\/fr\/wp-json\/wp\/v2\/comments?post=22749"}],"version-history":[{"count":0,"href":"https:\/\/naillycosmetics.com\/fr\/wp-json\/wp\/v2\/pages\/22749\/revisions"}],"wp:attachment":[{"href":"https:\/\/naillycosmetics.com\/fr\/wp-json\/wp\/v2\/media?parent=22749"}],"curies":[{"name":"wp","href":"https:\/\/api.w.org\/{rel}","templated":true}]}}