{"id":20865,"date":"2025-05-19T13:14:31","date_gmt":"2025-05-19T17:14:31","guid":{"rendered":"https:\/\/naillycosmetics.com\/?page_id=20865"},"modified":"2025-05-19T13:14:34","modified_gmt":"2025-05-19T17:14:34","slug":"nano-dust-collectors","status":"publish","type":"page","link":"https:\/\/naillycosmetics.com\/fr\/nano-dust-collectors\/","title":{"rendered":"Collecteurs de poussi\u00e8re \u00dcLKA Nano"},"content":{"rendered":"<h1 class=\"wp-block-heading has-text-align-center\">\u00dcLKA Nano Dust Collectors<\/h1><p class=\"has-text-align-center\">This dust collector is the perfect choice for professional salons and studios that value quality, convenience, and cleanliness. An energy-efficient model with two high-power fans and ports for charging mobile devices, it is twice as powerful as comparable bagged dust collectors and operates with low noise levels.<\/p><div class=\"wp-block-jetpack-slideshow aligncenter\" data-effect=\"slide\"><div class=\"wp-block-jetpack-slideshow_container swiper-container\"><ul class=\"wp-block-jetpack-slideshow_swiper-wrapper swiper-wrapper\"><li class=\"wp-block-jetpack-slideshow_slide swiper-slide\"><figure><img data-recalc-dims=\"1\" loading=\"lazy\" decoding=\"async\" width=\"1024\" height=\"1024\" alt=\"\" class=\"wp-block-jetpack-slideshow_image wp-image-20866\" data-id=\"20866\" src=\"https:\/\/i0.wp.com\/naillycosmetics.com\/wp-content\/uploads\/2025\/05\/ulka-nano-dust-collector-photo.webp?resize=1024%2C1024&#038;ssl=1\" srcset=\"https:\/\/i0.wp.com\/naillycosmetics.com\/wp-content\/uploads\/2025\/05\/ulka-nano-dust-collector-photo.webp?resize=1024%2C1024&amp;ssl=1 1024w, https:\/\/i0.wp.com\/naillycosmetics.com\/wp-content\/uploads\/2025\/05\/ulka-nano-dust-collector-photo.webp?resize=300%2C300&amp;ssl=1 300w, https:\/\/i0.wp.com\/naillycosmetics.com\/wp-content\/uploads\/2025\/05\/ulka-nano-dust-collector-photo.webp?resize=150%2C150&amp;ssl=1 150w, https:\/\/i0.wp.com\/naillycosmetics.com\/wp-content\/uploads\/2025\/05\/ulka-nano-dust-collector-photo.webp?resize=768%2C768&amp;ssl=1 768w, https:\/\/i0.wp.com\/naillycosmetics.com\/wp-content\/uploads\/2025\/05\/ulka-nano-dust-collector-photo.webp?resize=32%2C32&amp;ssl=1 32w, https:\/\/i0.wp.com\/naillycosmetics.com\/wp-content\/uploads\/2025\/05\/ulka-nano-dust-collector-photo.webp?resize=990%2C990&amp;ssl=1 990w, https:\/\/i0.wp.com\/naillycosmetics.com\/wp-content\/uploads\/2025\/05\/ulka-nano-dust-collector-photo.webp?resize=441%2C441&amp;ssl=1 441w, https:\/\/i0.wp.com\/naillycosmetics.com\/wp-content\/uploads\/2025\/05\/ulka-nano-dust-collector-photo.webp?resize=200%2C200&amp;ssl=1 200w, https:\/\/i0.wp.com\/naillycosmetics.com\/wp-content\/uploads\/2025\/05\/ulka-nano-dust-collector-photo.webp?resize=750%2C750&amp;ssl=1 750w, https:\/\/i0.wp.com\/naillycosmetics.com\/wp-content\/uploads\/2025\/05\/ulka-nano-dust-collector-photo.webp?resize=50%2C50&amp;ssl=1 50w, https:\/\/i0.wp.com\/naillycosmetics.com\/wp-content\/uploads\/2025\/05\/ulka-nano-dust-collector-photo.webp?resize=100%2C100&amp;ssl=1 100w, https:\/\/i0.wp.com\/naillycosmetics.com\/wp-content\/uploads\/2025\/05\/ulka-nano-dust-collector-photo.webp?resize=64%2C64&amp;ssl=1 64w, https:\/\/i0.wp.com\/naillycosmetics.com\/wp-content\/uploads\/2025\/05\/ulka-nano-dust-collector-photo.webp?w=1200&amp;ssl=1 1200w\" sizes=\"(max-width: 1024px) 100vw, 1024px\" \/><\/figure><\/li><\/ul><a class=\"wp-block-jetpack-slideshow_button-prev swiper-button-prev swiper-button-white\" role=\"button\"><\/a><a class=\"wp-block-jetpack-slideshow_button-next swiper-button-next swiper-button-white\" role=\"button\"><\/a><a aria-label=\"Pause Slideshow\" class=\"wp-block-jetpack-slideshow_button-pause\" role=\"button\"><\/a><div class=\"wp-block-jetpack-slideshow_pagination swiper-pagination swiper-pagination-white\"><\/div><\/div><\/div><div class=\"woocommerce columns-6 \">\t\t<div class=\"shoptimizer-sorting\"><div class=\"woocommerce-notices-wrapper\"><\/div><form class=\"woocommerce-ordering\" method=\"get\">\n\t\t<select\n\t\tname=\"orderby\"\n\t\tclass=\"orderby\"\n\t\t\t\t\taria-label=\"Commande\"\n\t\t\t>\n\t\t\t\t\t<option value=\"popularity\"  selected='selected'>Tri par popularit\u00e9<\/option>\n\t\t\t\t\t<option value=\"rating\" >Tri par notes moyennes<\/option>\n\t\t\t\t\t<option value=\"date\" >Tri du plus r\u00e9cent au plus ancien<\/option>\n\t\t\t\t\t<option value=\"price\" >Tri par tarif croissant<\/option>\n\t\t\t\t\t<option value=\"price-desc\" >Tri par tarif d\u00e9croissant<\/option>\n\t\t\t<\/select>\n\t<input type=\"hidden\" name=\"paged\" value=\"1\" \/>\n\t<\/form>\n<p class=\"woocommerce-result-count\" role=\"alert\" aria-relevant=\"all\" data-is-sorted-by=\"true\">\n\t3\u00a0r\u00e9sultats affich\u00e9s<span class=\"screen-reader-text\">Tri\u00e9 par popularit\u00e9<\/span><\/p>\n<\/div><div class=\"columns-6\"><ul class=\"products columns-6\">\n<li class=\"product type-product post-23298 status-publish first instock product_cat-nano-dust-collectors product_tag-dust-collectors has-post-thumbnail taxable shipping-taxable purchasable product-type-variable\" style=\"--span: 1;\">\n\t<a href=\"https:\/\/naillycosmetics.com\/fr\/produit\/ulka-built-in-tornado-desktop-black-manicure-dust-collector-kit-2-hepa-filter-1-wooden-stick-1-brush\/\" class=\"woocommerce-LoopProduct-link woocommerce-loop-product__link\"><div class=\"wpcbm-wrapper wpcbm-wrapper-archive-image\"><div class=\"woocommerce-image__wrapper\"><a href=\"https:\/\/naillycosmetics.com\/fr\/produit\/ulka-built-in-tornado-desktop-black-manicure-dust-collector-kit-2-hepa-filter-1-wooden-stick-1-brush\/\" title=\"\u00dcLKA Built-in Tornado Desktop Manicure Dust Collector + Kit (2 HEPA Filter, 1 Wooden Stick &amp; 1 Brush)\" class=\"woocommerce-LoopProduct-link woocommerce-loop-product__link\"><div class=\"shoptimizer-plp-carousel-container\"><div class=\"shoptimizer-plp-image-wrapper\"><img loading=\"lazy\" decoding=\"async\" width=\"200\" height=\"267\" src=\"https:\/\/i0.wp.com\/naillycosmetics.com\/wp-content\/uploads\/2025\/12\/victoria-vynn-tornado-new.webp?fit=200%2C267&amp;ssl=1\" class=\"attachment-woocommerce_thumbnail size-woocommerce_thumbnail\" alt=\"\u00dcLKA Built-in Tornado Desktop Manicure Dust Collector + Kit (2 HEPA Filter, 1 Wooden Stick &amp; 1 Brush)\" srcset=\"https:\/\/i0.wp.com\/naillycosmetics.com\/wp-content\/uploads\/2025\/12\/victoria-vynn-tornado-new.webp?w=750&amp;ssl=1 750w, https:\/\/i0.wp.com\/naillycosmetics.com\/wp-content\/uploads\/2025\/12\/victoria-vynn-tornado-new.webp?resize=225%2C300&amp;ssl=1 225w, https:\/\/i0.wp.com\/naillycosmetics.com\/wp-content\/uploads\/2025\/12\/victoria-vynn-tornado-new.webp?resize=9%2C12&amp;ssl=1 9w, https:\/\/i0.wp.com\/naillycosmetics.com\/wp-content\/uploads\/2025\/12\/victoria-vynn-tornado-new.webp?resize=441%2C588&amp;ssl=1 441w, https:\/\/i0.wp.com\/naillycosmetics.com\/wp-content\/uploads\/2025\/12\/victoria-vynn-tornado-new.webp?resize=200%2C267&amp;ssl=1 200w, https:\/\/i0.wp.com\/naillycosmetics.com\/wp-content\/uploads\/2025\/12\/victoria-vynn-tornado-new.webp?resize=150%2C200&amp;ssl=1 150w, https:\/\/i0.wp.com\/naillycosmetics.com\/wp-content\/uploads\/2025\/12\/victoria-vynn-tornado-new.webp?resize=64%2C85&amp;ssl=1 64w\" sizes=\"auto, (max-width: 360px) 147px, (max-width: 200px) 100vw, 200px\" \/><img decoding=\"async\" width=\"200\" height=\"267\" src=\"https:\/\/i0.wp.com\/naillycosmetics.com\/wp-content\/uploads\/2025\/12\/victoria-vynn-tornado-new-1-4.webp?fit=200%2C267&amp;ssl=1\" class=\"gallery-image\" alt=\"\" loading=\"lazy\" srcset=\"https:\/\/i0.wp.com\/naillycosmetics.com\/wp-content\/uploads\/2025\/12\/victoria-vynn-tornado-new-1-4.webp?w=750&amp;ssl=1 750w, https:\/\/i0.wp.com\/naillycosmetics.com\/wp-content\/uploads\/2025\/12\/victoria-vynn-tornado-new-1-4.webp?resize=225%2C300&amp;ssl=1 225w, https:\/\/i0.wp.com\/naillycosmetics.com\/wp-content\/uploads\/2025\/12\/victoria-vynn-tornado-new-1-4.webp?resize=9%2C12&amp;ssl=1 9w, https:\/\/i0.wp.com\/naillycosmetics.com\/wp-content\/uploads\/2025\/12\/victoria-vynn-tornado-new-1-4.webp?resize=441%2C588&amp;ssl=1 441w, https:\/\/i0.wp.com\/naillycosmetics.com\/wp-content\/uploads\/2025\/12\/victoria-vynn-tornado-new-1-4.webp?resize=200%2C267&amp;ssl=1 200w, https:\/\/i0.wp.com\/naillycosmetics.com\/wp-content\/uploads\/2025\/12\/victoria-vynn-tornado-new-1-4.webp?resize=150%2C200&amp;ssl=1 150w, https:\/\/i0.wp.com\/naillycosmetics.com\/wp-content\/uploads\/2025\/12\/victoria-vynn-tornado-new-1-4.webp?resize=64%2C85&amp;ssl=1 64w\" sizes=\"auto, (max-width: 360px) 147px, auto, (max-width: 200px) 100vw, 200px\" \/>\t\t\t\n\t<\/div><\/div><\/a><div class=\"shoptimizer-plp-carousel--pagination\">\n      \t\t\t<span class=\"shoptimizer-plp-carousel--dot active\"><\/span>\n      \t\t\t<span class=\"shoptimizer-plp-carousel--dot\"><\/span>\n    \t\t<\/div><\/div><\/div><div class=\"woocommerce-card__header\">\t\t\t\t\t<p class=\"product__categories\"><a href=\"https:\/\/naillycosmetics.com\/fr\/category\/ulka\/nano-dust-collectors\/\" rel=\"tag\">Nano &amp; Tornado Dust Collectors<\/a><\/p>\t\t\t\t<div class=\"woocommerce-loop-product__title\"><a tabindex=\"0\" href=\"https:\/\/naillycosmetics.com\/fr\/produit\/ulka-built-in-tornado-desktop-black-manicure-dust-collector-kit-2-hepa-filter-1-wooden-stick-1-brush\/\" aria-label=\"\u00dcLKA Built-in Tornado Desktop Manicure Dust Collector + Kit (2 HEPA Filter, 1 Wooden Stick &amp; 1 Brush)\" class=\"woocommerce-LoopProduct-link woocommerce-loop-product__link\">\u00dcLKA Built-in Tornado Desktop Manicure Dust Collector + Kit (2 HEPA Filter, 1 Wooden Stick &amp; 1 Brush)<\/a><\/div><div class=\"cgkit-as-variation-price \">\n\t<span class=\"price\"><span class=\"wcpbc-price wcpbc-price-23298\" data-product-id=\"23298\"><span class=\"woocommerce-Price-amount amount\"><bdi><span class=\"woocommerce-Price-currencySymbol\">CA&#36;<\/span>\u00a0674.99<\/bdi><\/span><\/span><\/span>\n<\/div><\/a><a href=\"https:\/\/naillycosmetics.com\/fr\/produit\/ulka-built-in-tornado-desktop-black-manicure-dust-collector-kit-2-hepa-filter-1-wooden-stick-1-brush\/\" aria-describedby=\"woocommerce_loop_add_to_cart_link_describedby_23298\" data-quantity=\"1\" class=\"button product_type_variable add_to_cart_button\" data-product_id=\"23298\" data-product_sku=\"ULKA Built-in Tornado Desktop Manicure Dust Collector\" aria-label=\"S\u00e9lectionner les options pour &ldquo;\u00dcLKA Built-in Tornado Desktop Manicure Dust Collector + Kit (2 HEPA Filter, 1 Wooden Stick &amp; 1 Brush)&rdquo;\" rel=\"nofollow\">Choix des options<\/a>\t<span id=\"woocommerce_loop_add_to_cart_link_describedby_23298\" class=\"screen-reader-text\">\n\t\tCe produit a plusieurs variations. Les options peuvent \u00eatre choisies sur la page du produit\t<\/span>\n\t\t\t<input type=\"hidden\" class=\"wpmProductId\" data-id=\"23298\">\n\t\t\t\t\t<script>\n\t\t\t(window.wpmDataLayer = window.wpmDataLayer || {}).products             = window.wpmDataLayer.products || {}\n\t\t\twindow.wpmDataLayer.products[23298] = {\"id\":\"23298\",\"sku\":\"ULKA Built-in Tornado Desktop Manicure Dust Collector\",\"price\":674.99,\"brand\":\"\",\"quantity\":1,\"dyn_r_ids\":{\"post_id\":\"23298\",\"sku\":\"ULKA Built-in Tornado Desktop Manicure Dust Collector\",\"gpf\":\"woocommerce_gpf_23298\",\"gla\":\"gla_23298\"},\"isVariable\":true,\"name\":\"\u00dcLKA Built-in Tornado Desktop Manicure Dust Collector + Kit (2 HEPA Filter, 1 Wooden Stick & 1 Brush)\",\"category\":[\"Nano &amp; Tornado Dust Collectors\"],\"isVariation\":false};\n\t\t\t\t\twindow.wpmDataLayer.products[23298]['position'] = window.wpmDataLayer.position++\n\t\t\t\t<\/script>\n\t\t<\/div><\/li>\n<li class=\"product type-product post-23300 status-publish instock product_cat-nano-dust-collectors product_cat-hepa-filters product_tag-hepa-filters has-post-thumbnail taxable shipping-taxable purchasable product-type-variable\" style=\"--span: 1;\">\n\t<a href=\"https:\/\/naillycosmetics.com\/fr\/produit\/ulka-hepa-filter-textile-for-ulka-nano-tornado-bee-dust-collectors\/\" class=\"woocommerce-LoopProduct-link woocommerce-loop-product__link\"><div class=\"wpcbm-wrapper wpcbm-wrapper-archive-image\"><div class=\"woocommerce-image__wrapper\"><a href=\"https:\/\/naillycosmetics.com\/fr\/produit\/ulka-hepa-filter-textile-for-ulka-nano-tornado-bee-dust-collectors\/\" title=\"\u00dcLKA HEPA Filter Textile for \u00dcLKA Nano\/Tornado\/Bee  Dust Collectors\" class=\"woocommerce-LoopProduct-link woocommerce-loop-product__link\"><div class=\"shoptimizer-plp-carousel-container\"><div class=\"shoptimizer-plp-image-wrapper\"><img loading=\"lazy\" decoding=\"async\" width=\"200\" height=\"267\" src=\"https:\/\/i0.wp.com\/naillycosmetics.com\/wp-content\/uploads\/2025\/12\/ulka-nanobee-filter-1-1.jpg?fit=200%2C267&amp;ssl=1\" class=\"attachment-woocommerce_thumbnail size-woocommerce_thumbnail\" alt=\"\u00dcLKA HEPA Filter Textile for \u00dcLKA Nano\/Tornado\/Bee  Dust Collectors\" srcset=\"https:\/\/i0.wp.com\/naillycosmetics.com\/wp-content\/uploads\/2025\/12\/ulka-nanobee-filter-1-1.jpg?w=750&amp;ssl=1 750w, https:\/\/i0.wp.com\/naillycosmetics.com\/wp-content\/uploads\/2025\/12\/ulka-nanobee-filter-1-1.jpg?resize=225%2C300&amp;ssl=1 225w, https:\/\/i0.wp.com\/naillycosmetics.com\/wp-content\/uploads\/2025\/12\/ulka-nanobee-filter-1-1.jpg?resize=9%2C12&amp;ssl=1 9w, https:\/\/i0.wp.com\/naillycosmetics.com\/wp-content\/uploads\/2025\/12\/ulka-nanobee-filter-1-1.jpg?resize=441%2C588&amp;ssl=1 441w, https:\/\/i0.wp.com\/naillycosmetics.com\/wp-content\/uploads\/2025\/12\/ulka-nanobee-filter-1-1.jpg?resize=200%2C267&amp;ssl=1 200w, https:\/\/i0.wp.com\/naillycosmetics.com\/wp-content\/uploads\/2025\/12\/ulka-nanobee-filter-1-1.jpg?resize=150%2C200&amp;ssl=1 150w, https:\/\/i0.wp.com\/naillycosmetics.com\/wp-content\/uploads\/2025\/12\/ulka-nanobee-filter-1-1.jpg?resize=64%2C85&amp;ssl=1 64w\" sizes=\"auto, (max-width: 360px) 147px, (max-width: 200px) 100vw, 200px\" \/>\t\t\t\n\t<\/div><\/div><\/a><\/div><\/div><div class=\"woocommerce-card__header\">\t\t\t\t\t<p class=\"product__categories\"><a href=\"https:\/\/naillycosmetics.com\/fr\/category\/ulka\/nano-dust-collectors\/\" rel=\"tag\">Nano &amp; Tornado Dust Collectors<\/a>, <a href=\"https:\/\/naillycosmetics.com\/fr\/category\/ulka\/hepa-filters\/\" rel=\"tag\">HEPA Filters<\/a><\/p>\t\t\t\t<div class=\"woocommerce-loop-product__title\"><a tabindex=\"0\" href=\"https:\/\/naillycosmetics.com\/fr\/produit\/ulka-hepa-filter-textile-for-ulka-nano-tornado-bee-dust-collectors\/\" aria-label=\"\u00dcLKA HEPA Filter Textile for \u00dcLKA Nano\/Tornado\/Bee  Dust Collectors\" class=\"woocommerce-LoopProduct-link woocommerce-loop-product__link\">\u00dcLKA HEPA Filter Textile for \u00dcLKA Nano\/Tornado\/Bee  Dust Collectors<\/a><\/div><div class=\"cgkit-as-variation-price \">\n\t<span class=\"price\"><span class=\"wcpbc-price wcpbc-price-23300\" data-product-id=\"23300\"><span class=\"woocommerce-Price-amount amount\" aria-hidden=\"true\"><bdi><span class=\"woocommerce-Price-currencySymbol\">CA&#36;<\/span>\u00a019.99<\/bdi><\/span> <span aria-hidden=\"true\">\u00a0\u2013\u00a0<\/span> <span class=\"woocommerce-Price-amount amount\" aria-hidden=\"true\"><bdi><span class=\"woocommerce-Price-currencySymbol\">CA&#36;<\/span>\u00a0149.99<\/bdi><\/span><span class=\"screen-reader-text\">Plage de prix\u00a0: CA&#36;\u00a019.99 \u00e0 CA&#36;\u00a0149.99<\/span><\/span><\/span>\n<\/div><\/a><a href=\"https:\/\/naillycosmetics.com\/fr\/produit\/ulka-hepa-filter-textile-for-ulka-nano-tornado-bee-dust-collectors\/\" aria-describedby=\"woocommerce_loop_add_to_cart_link_describedby_23300\" data-quantity=\"1\" class=\"button product_type_variable add_to_cart_button\" data-product_id=\"23300\" data-product_sku=\"ULKA HEPA Filter Textile for \u00dcLKA Nano\/Tornado\/Bee Dust Collectors\" aria-label=\"S\u00e9lectionner les options pour &ldquo;\u00dcLKA HEPA Filter Textile for \u00dcLKA Nano\/Tornado\/Bee  Dust Collectors&rdquo;\" rel=\"nofollow\">Choix des options<\/a>\t<span id=\"woocommerce_loop_add_to_cart_link_describedby_23300\" class=\"screen-reader-text\">\n\t\tCe produit a plusieurs variations. Les options peuvent \u00eatre choisies sur la page du produit\t<\/span>\n\t\t\t<input type=\"hidden\" class=\"wpmProductId\" data-id=\"23300\">\n\t\t\t\t\t<script>\n\t\t\t(window.wpmDataLayer = window.wpmDataLayer || {}).products             = window.wpmDataLayer.products || {}\n\t\t\twindow.wpmDataLayer.products[23300] = {\"id\":\"23300\",\"sku\":\"ULKA HEPA Filter Textile for \u00dcLKA Nano\/Tornado\/Bee Dust Collectors\",\"price\":19.99,\"brand\":\"\",\"quantity\":1,\"dyn_r_ids\":{\"post_id\":\"23300\",\"sku\":\"ULKA HEPA Filter Textile for \u00dcLKA Nano\/Tornado\/Bee Dust Collectors\",\"gpf\":\"woocommerce_gpf_23300\",\"gla\":\"gla_23300\"},\"isVariable\":true,\"name\":\"\u00dcLKA HEPA Filter Textile for \u00dcLKA Nano\/Tornado\/Bee  Dust Collectors\",\"category\":[\"Nano &amp; Tornado Dust Collectors\",\"HEPA Filters\"],\"isVariation\":false};\n\t\t\t\t\twindow.wpmDataLayer.products[23300]['position'] = window.wpmDataLayer.position++\n\t\t\t\t<\/script>\n\t\t<\/div><\/li>\n<li class=\"product type-product post-20824 status-publish instock product_cat-nano-dust-collectors product_tag-dust-collectors has-post-thumbnail taxable shipping-taxable purchasable product-type-simple\" style=\"--span: 1;\">\n\t<a href=\"https:\/\/naillycosmetics.com\/fr\/produit\/ulka-nano-desktop-white-manicure-dust-collector-kit-2-hepa-filter-1-wooden-stick-1-brush\/\" class=\"woocommerce-LoopProduct-link woocommerce-loop-product__link\"><div class=\"wpcbm-wrapper wpcbm-wrapper-archive-image\"><div class=\"woocommerce-image__wrapper\"><a href=\"https:\/\/naillycosmetics.com\/fr\/produit\/ulka-nano-desktop-white-manicure-dust-collector-kit-2-hepa-filter-1-wooden-stick-1-brush\/\" title=\"\u00dcLKA Nano Desktop White Manicure Dust Collector + Kit (2 HEPA Filter, 1 Wooden Stick &amp; 1 Brush)\" class=\"woocommerce-LoopProduct-link woocommerce-loop-product__link\"><div class=\"shoptimizer-plp-carousel-container\"><div class=\"shoptimizer-plp-image-wrapper\"><img loading=\"lazy\" decoding=\"async\" width=\"200\" height=\"267\" src=\"https:\/\/i0.wp.com\/naillycosmetics.com\/wp-content\/uploads\/2026\/02\/ulka-nano-dust-collector-2.webp?fit=200%2C267&amp;ssl=1\" class=\"attachment-woocommerce_thumbnail size-woocommerce_thumbnail\" alt=\"ULKA NANO DUST COLLECTOR 2\" srcset=\"https:\/\/i0.wp.com\/naillycosmetics.com\/wp-content\/uploads\/2026\/02\/ulka-nano-dust-collector-2.webp?w=750&amp;ssl=1 750w, https:\/\/i0.wp.com\/naillycosmetics.com\/wp-content\/uploads\/2026\/02\/ulka-nano-dust-collector-2.webp?resize=225%2C300&amp;ssl=1 225w, https:\/\/i0.wp.com\/naillycosmetics.com\/wp-content\/uploads\/2026\/02\/ulka-nano-dust-collector-2.webp?resize=9%2C12&amp;ssl=1 9w, https:\/\/i0.wp.com\/naillycosmetics.com\/wp-content\/uploads\/2026\/02\/ulka-nano-dust-collector-2.webp?resize=441%2C588&amp;ssl=1 441w, https:\/\/i0.wp.com\/naillycosmetics.com\/wp-content\/uploads\/2026\/02\/ulka-nano-dust-collector-2.webp?resize=200%2C267&amp;ssl=1 200w, https:\/\/i0.wp.com\/naillycosmetics.com\/wp-content\/uploads\/2026\/02\/ulka-nano-dust-collector-2.webp?resize=150%2C200&amp;ssl=1 150w, https:\/\/i0.wp.com\/naillycosmetics.com\/wp-content\/uploads\/2026\/02\/ulka-nano-dust-collector-2.webp?resize=64%2C85&amp;ssl=1 64w\" sizes=\"auto, (max-width: 360px) 147px, (max-width: 200px) 100vw, 200px\" \/><img decoding=\"async\" width=\"200\" height=\"267\" src=\"https:\/\/i0.wp.com\/naillycosmetics.com\/wp-content\/uploads\/2026\/02\/ulka-nano-dust-collector.webp?fit=200%2C267&amp;ssl=1\" class=\"gallery-image\" alt=\"ULKA NANO DUST COLLECTOR\" loading=\"lazy\" srcset=\"https:\/\/i0.wp.com\/naillycosmetics.com\/wp-content\/uploads\/2026\/02\/ulka-nano-dust-collector.webp?w=750&amp;ssl=1 750w, https:\/\/i0.wp.com\/naillycosmetics.com\/wp-content\/uploads\/2026\/02\/ulka-nano-dust-collector.webp?resize=225%2C300&amp;ssl=1 225w, https:\/\/i0.wp.com\/naillycosmetics.com\/wp-content\/uploads\/2026\/02\/ulka-nano-dust-collector.webp?resize=9%2C12&amp;ssl=1 9w, https:\/\/i0.wp.com\/naillycosmetics.com\/wp-content\/uploads\/2026\/02\/ulka-nano-dust-collector.webp?resize=441%2C588&amp;ssl=1 441w, https:\/\/i0.wp.com\/naillycosmetics.com\/wp-content\/uploads\/2026\/02\/ulka-nano-dust-collector.webp?resize=200%2C267&amp;ssl=1 200w, https:\/\/i0.wp.com\/naillycosmetics.com\/wp-content\/uploads\/2026\/02\/ulka-nano-dust-collector.webp?resize=150%2C200&amp;ssl=1 150w, https:\/\/i0.wp.com\/naillycosmetics.com\/wp-content\/uploads\/2026\/02\/ulka-nano-dust-collector.webp?resize=64%2C85&amp;ssl=1 64w\" sizes=\"auto, (max-width: 360px) 147px, auto, (max-width: 200px) 100vw, 200px\" \/>\t\t\t\n\t<\/div><\/div><\/a><div class=\"shoptimizer-plp-carousel--pagination\">\n      \t\t\t<span class=\"shoptimizer-plp-carousel--dot active\"><\/span>\n      \t\t\t<span class=\"shoptimizer-plp-carousel--dot\"><\/span>\n    \t\t<\/div><\/div><\/div><div class=\"woocommerce-card__header\">\t\t\t\t\t<p class=\"product__categories\"><a href=\"https:\/\/naillycosmetics.com\/fr\/category\/ulka\/nano-dust-collectors\/\" rel=\"tag\">Nano &amp; Tornado Dust Collectors<\/a><\/p>\t\t\t\t<div class=\"woocommerce-loop-product__title\"><a tabindex=\"0\" href=\"https:\/\/naillycosmetics.com\/fr\/produit\/ulka-nano-desktop-white-manicure-dust-collector-kit-2-hepa-filter-1-wooden-stick-1-brush\/\" aria-label=\"\u00dcLKA Nano Desktop White Manicure Dust Collector + Kit (2 HEPA Filter, 1 Wooden Stick &amp; 1 Brush)\" class=\"woocommerce-LoopProduct-link woocommerce-loop-product__link\">\u00dcLKA Nano Desktop White Manicure Dust Collector + Kit (2 HEPA Filter, 1 Wooden Stick &amp; 1 Brush)<\/a><\/div><div class=\"cgkit-as-variation-price \">\n\t<span class=\"price\"><span class=\"wcpbc-price wcpbc-price-20824\" data-product-id=\"20824\"><span class=\"woocommerce-Price-amount amount\"><bdi><span class=\"woocommerce-Price-currencySymbol\">CA&#36;<\/span>\u00a0669.99<\/bdi><\/span><\/span><\/span>\n<\/div><\/a><a href=\"\/fr\/wp-json\/wp\/v2\/pages\/20865?add-to-cart=20824\" aria-describedby=\"woocommerce_loop_add_to_cart_link_describedby_20824\" data-quantity=\"1\" class=\"button product_type_simple add_to_cart_button ajax_add_to_cart\" data-product_id=\"20824\" data-product_sku=\"4823123703414\" aria-label=\"Ajouter au panier\u00a0: &ldquo;\u00dcLKA Nano Desktop White Manicure Dust Collector + Kit (2 HEPA Filter, 1 Wooden Stick &amp; 1 Brush)&rdquo;\" rel=\"nofollow\" data-success_message=\"\u00ab\u00a0\u00dcLKA Nano Desktop White Manicure Dust Collector + Kit (2 HEPA Filter, 1 Wooden Stick &amp; 1 Brush)\u00a0\u00bb a \u00e9t\u00e9 ajout\u00e9 \u00e0 votre panier\" role=\"button\">Ajouter au panier<\/a>\t<span id=\"woocommerce_loop_add_to_cart_link_describedby_20824\" class=\"screen-reader-text\">\n\t\t\t<\/span>\n<p class=\"stock in-stock\">Plus que 1 en stock<\/p>\n\t\t\t<input type=\"hidden\" class=\"wpmProductId\" data-id=\"20824\">\n\t\t\t\t\t<script>\n\t\t\t(window.wpmDataLayer = window.wpmDataLayer || {}).products             = window.wpmDataLayer.products || {}\n\t\t\twindow.wpmDataLayer.products[20824] = {\"id\":\"20824\",\"sku\":\"4823123703414\",\"price\":669.99,\"brand\":\"\",\"quantity\":1,\"dyn_r_ids\":{\"post_id\":\"20824\",\"sku\":\"4823123703414\",\"gpf\":\"woocommerce_gpf_20824\",\"gla\":\"gla_20824\"},\"isVariable\":false,\"name\":\"\u00dcLKA Nano Desktop White Manicure Dust Collector + Kit (2 HEPA Filter, 1 Wooden Stick & 1 Brush)\",\"category\":[\"Nano &amp; Tornado Dust Collectors\"],\"isVariation\":false};\n\t\t\t\t\twindow.wpmDataLayer.products[20824]['position'] = window.wpmDataLayer.position++\n\t\t\t\t<\/script>\n\t\t<\/div><\/li>\n<\/ul>\n<div class=\"shoptimizer-sorting sorting-end\"><form class=\"woocommerce-ordering\" method=\"get\">\n\t\t<select\n\t\tname=\"orderby\"\n\t\tclass=\"orderby\"\n\t\t\t\t\taria-label=\"Commande\"\n\t\t\t>\n\t\t\t\t\t<option value=\"popularity\"  selected='selected'>Tri par popularit\u00e9<\/option>\n\t\t\t\t\t<option value=\"rating\" >Tri par notes moyennes<\/option>\n\t\t\t\t\t<option value=\"date\" >Tri du plus r\u00e9cent au plus ancien<\/option>\n\t\t\t\t\t<option value=\"price\" >Tri par tarif croissant<\/option>\n\t\t\t\t\t<option value=\"price-desc\" >Tri par tarif d\u00e9croissant<\/option>\n\t\t\t<\/select>\n\t<input type=\"hidden\" name=\"paged\" value=\"1\" \/>\n\t<\/form>\n<p class=\"woocommerce-result-count\" role=\"alert\" aria-relevant=\"all\" data-is-sorted-by=\"true\">\n\t3\u00a0r\u00e9sultats affich\u00e9s<span class=\"screen-reader-text\">Tri\u00e9 par popularit\u00e9<\/span><\/p>\n<\/div><\/div><\/div>","protected":false},"excerpt":{"rendered":"<p>\u00dcLKA Nano Dust Collectors This dust collector is the perfect choice for professional salons and studios that value quality, convenience, and cleanliness. An energy-efficient model with two high-power fans and ports for charging mobile devices, it is twice as powerful as comparable bagged dust collectors and operates with low noise levels.<\/p>","protected":false},"author":1,"featured_media":0,"parent":0,"menu_order":0,"comment_status":"closed","ping_status":"closed","template":"","meta":{"jetpack_post_was_ever_published":false,"footnotes":""},"class_list":["post-20865","page","type-page","status-publish","hentry"],"jetpack-related-posts":[],"jetpack_sharing_enabled":true,"_links":{"self":[{"href":"https:\/\/naillycosmetics.com\/fr\/wp-json\/wp\/v2\/pages\/20865","targetHints":{"allow":["GET"]}}],"collection":[{"href":"https:\/\/naillycosmetics.com\/fr\/wp-json\/wp\/v2\/pages"}],"about":[{"href":"https:\/\/naillycosmetics.com\/fr\/wp-json\/wp\/v2\/types\/page"}],"author":[{"embeddable":true,"href":"https:\/\/naillycosmetics.com\/fr\/wp-json\/wp\/v2\/users\/1"}],"replies":[{"embeddable":true,"href":"https:\/\/naillycosmetics.com\/fr\/wp-json\/wp\/v2\/comments?post=20865"}],"version-history":[{"count":0,"href":"https:\/\/naillycosmetics.com\/fr\/wp-json\/wp\/v2\/pages\/20865\/revisions"}],"wp:attachment":[{"href":"https:\/\/naillycosmetics.com\/fr\/wp-json\/wp\/v2\/media?parent=20865"}],"curies":[{"name":"wp","href":"https:\/\/api.w.org\/{rel}","templated":true}]}}