{"id":20514,"date":"2025-04-18T16:11:06","date_gmt":"2025-04-18T20:11:06","guid":{"rendered":"https:\/\/naillycosmetics.com\/?page_id=20514"},"modified":"2025-04-18T16:18:23","modified_gmt":"2025-04-18T20:18:23","slug":"victoria-vynn","status":"publish","type":"page","link":"https:\/\/naillycosmetics.com\/fr\/victoria-vynn\/","title":{"rendered":"Victoria VYNN"},"content":{"rendered":"<h1 class=\"wp-block-heading has-text-align-center\">La beaut\u00e9 est la v\u00e9rit\u00e9. La v\u00e9rit\u00e9 est la beaut\u00e9.<\/h1><p class=\"has-text-align-center\">Nous sommes convaincus que chaque femme poss\u00e8de un \u00e9norme potentiel que nous voulons lib\u00e9rer. Nous veillons \u00e0 ce que, gr\u00e2ce \u00e0 des ongles \u00e9tonnants, les femmes d\u00e9couvrent ce pouvoir en elles et soient pr\u00eates \u00e0 faire face \u00e0 toutes les situations, courageuses et belles !<\/p><figure class=\"wp-block-image aligncenter size-full\"><img data-recalc-dims=\"1\" loading=\"lazy\" decoding=\"async\" width=\"640\" height=\"620\" src=\"https:\/\/i0.wp.com\/naillycosmetics.com\/wp-content\/uploads\/2025\/04\/victoria-vynn-images.webp?resize=640%2C620&#038;ssl=1\" alt=\"\" class=\"wp-image-20519\" srcset=\"https:\/\/i0.wp.com\/naillycosmetics.com\/wp-content\/uploads\/2025\/04\/victoria-vynn-images.webp?w=640&amp;ssl=1 640w, https:\/\/i0.wp.com\/naillycosmetics.com\/wp-content\/uploads\/2025\/04\/victoria-vynn-images.webp?resize=300%2C291&amp;ssl=1 300w, https:\/\/i0.wp.com\/naillycosmetics.com\/wp-content\/uploads\/2025\/04\/victoria-vynn-images.webp?resize=32%2C32&amp;ssl=1 32w, https:\/\/i0.wp.com\/naillycosmetics.com\/wp-content\/uploads\/2025\/04\/victoria-vynn-images.webp?resize=441%2C427&amp;ssl=1 441w, https:\/\/i0.wp.com\/naillycosmetics.com\/wp-content\/uploads\/2025\/04\/victoria-vynn-images.webp?resize=200%2C194&amp;ssl=1 200w, https:\/\/i0.wp.com\/naillycosmetics.com\/wp-content\/uploads\/2025\/04\/victoria-vynn-images.webp?resize=150%2C145&amp;ssl=1 150w, https:\/\/i0.wp.com\/naillycosmetics.com\/wp-content\/uploads\/2025\/04\/victoria-vynn-images.webp?resize=64%2C62&amp;ssl=1 64w\" sizes=\"auto, (max-width: 640px) 100vw, 640px\" \/><\/figure><p class=\"has-text-align-center\">Nous voulons faire partie de votre vie quotidienne et faire en sorte que \"v\u00e9rit\u00e9\" et \"beaut\u00e9\" soient des termes \u00e9quivalents. C'est pourquoi nous cr\u00e9ons chaque jour la v\u00e9ritable beaut\u00e9 des mains. Nous attachons une grande importance \u00e0 la cr\u00e9ation de produits : qualit\u00e9, couleurs tendance, offre compl\u00e8te et qualit\u00e9 des services. Nous vous rendons sp\u00e9cial : V\u00e9ritable et<\/p><h2 class=\"wp-block-heading has-text-align-center\">D\u00e9couvrez nos lignes de produits<\/h2><p class=\"has-text-align-center\"><div class=\"woocommerce columns-6\"><ul class=\"products columns-6\">\n<li class=\"product-category product first\">\n\t<a aria-label=\"Acc\u00e9der \u00e0 la cat\u00e9gorie de produits Pedi Base\" href=\"https:\/\/naillycosmetics.com\/fr\/category\/victoria-vynn\/gel-toenails\/\" data-no-translation-aria-label=\"\"><span class=\"cat-image-wrapper\"><img decoding=\"async\" src=\"https:\/\/i0.wp.com\/naillycosmetics.com\/wp-content\/uploads\/2021\/07\/Pedi-Base.png?fit=200%2C200&#038;ssl=1\" alt=\"Pedi Base\" width=\"200\" height=\"\" srcset=\"https:\/\/i0.wp.com\/naillycosmetics.com\/wp-content\/uploads\/2021\/07\/Pedi-Base.png?w=1000&amp;ssl=1 1000w, https:\/\/i0.wp.com\/naillycosmetics.com\/wp-content\/uploads\/2021\/07\/Pedi-Base.png?resize=100%2C100&amp;ssl=1 100w, https:\/\/i0.wp.com\/naillycosmetics.com\/wp-content\/uploads\/2021\/07\/Pedi-Base.png?resize=416%2C416&amp;ssl=1 416w, https:\/\/i0.wp.com\/naillycosmetics.com\/wp-content\/uploads\/2021\/07\/Pedi-Base.png?resize=300%2C300&amp;ssl=1 300w, https:\/\/i0.wp.com\/naillycosmetics.com\/wp-content\/uploads\/2021\/07\/Pedi-Base.png?resize=150%2C150&amp;ssl=1 150w, https:\/\/i0.wp.com\/naillycosmetics.com\/wp-content\/uploads\/2021\/07\/Pedi-Base.png?resize=768%2C768&amp;ssl=1 768w, https:\/\/i0.wp.com\/naillycosmetics.com\/wp-content\/uploads\/2021\/07\/Pedi-Base.png?resize=32%2C32&amp;ssl=1 32w, https:\/\/i0.wp.com\/naillycosmetics.com\/wp-content\/uploads\/2021\/07\/Pedi-Base.png?resize=50%2C50&amp;ssl=1 50w, https:\/\/i0.wp.com\/naillycosmetics.com\/wp-content\/uploads\/2021\/07\/Pedi-Base.png?resize=200%2C200&amp;ssl=1 200w\" sizes=\"(max-width: 200px) 100vw, 200px\" \/><\/span>\t\t<h2 class=\"woocommerce-loop-category__title\">\n\t\t\tBase p\u00e9diatrique <mark class=\"count\">(1)<\/mark>\t\t<\/h2>\n\t\t<\/a><\/li>\n<\/ul>\n<\/div><\/p>","protected":false},"excerpt":{"rendered":"<p>Beauty is truth. Truth is beauty. We are convinced that every woman has a&nbsp;huge potential that we want to&nbsp;release. We make sure that thanks to&nbsp;amazing nails, women discover this power within themselves and are prepared for every situation, brave and beautiful! We want to&nbsp;be part of your everyday life and make &#8220;truth&#8221; and &#8220;beauty&#8221; equivalent [&hellip;]<\/p>\n","protected":false},"author":1,"featured_media":0,"parent":0,"menu_order":0,"comment_status":"closed","ping_status":"closed","template":"","meta":{"jetpack_post_was_ever_published":false,"footnotes":""},"class_list":["post-20514","page","type-page","status-publish","hentry"],"jetpack-related-posts":[{"id":5707,"url":"https:\/\/naillycosmetics.com\/fr\/victoria-vynn-catalogue-download\/","url_meta":{"origin":20514,"position":0},"title":"T\u00e9l\u00e9chargements","author":"Serge Sahakian","date":"septembre 10, 2022","format":false,"excerpt":"Download the Latest Victoria VYNN Catalogue & Color Chart Beauty is truth. Truth is beauty. We are convinced that every woman has a\u00a0huge potential that we want to\u00a0release. We make sure that thanks to\u00a0amazing nails, women discover this power within themselves and are prepared for every situation, brave and beautiful!\u2026","rel":"","context":"Article similaire","block_context":{"text":"Article similaire","link":""},"img":{"alt_text":"Mega Base Color Chart Basic","src":"https:\/\/i0.wp.com\/naillycosmetics.com\/wp-content\/uploads\/2024\/10\/mega-base-color-chart-basic.webp?resize=350%2C200&ssl=1","width":350,"height":200,"srcset":"https:\/\/i0.wp.com\/naillycosmetics.com\/wp-content\/uploads\/2024\/10\/mega-base-color-chart-basic.webp?resize=350%2C200&ssl=1 1x, https:\/\/i0.wp.com\/naillycosmetics.com\/wp-content\/uploads\/2024\/10\/mega-base-color-chart-basic.webp?resize=525%2C300&ssl=1 1.5x, https:\/\/i0.wp.com\/naillycosmetics.com\/wp-content\/uploads\/2024\/10\/mega-base-color-chart-basic.webp?resize=700%2C400&ssl=1 2x"},"classes":[]},{"id":3755,"url":"https:\/\/naillycosmetics.com\/fr\/302\/","url_meta":{"origin":20514,"position":1},"title":"302","author":"Serge Sahakian","date":"ao\u00fbt 25, 2022","format":false,"excerpt":"","rel":"","context":"Article similaire","block_context":{"text":"Article similaire","link":""},"img":{"alt_text":"","src":"https:\/\/i0.wp.com\/naillycosmetics.com\/wp-content\/uploads\/2020\/02\/302.png?fit=400%2C400&ssl=1&resize=350%2C200","width":350,"height":200},"classes":[]},{"id":28548,"url":"https:\/\/naillycosmetics.com\/fr\/pure-vegan-led-gel-polish-for-professional-nail-technicians\/","url_meta":{"origin":20514,"position":2},"title":"Pure Vegan LED Gel Polish for Professional Nail Technicians","author":"Serge Sahakian","date":"mars 14, 2026","format":false,"excerpt":"Pure Vegan LED Gel Polish for Professional Nail Technicians Discover our curated selection of Pure Vegan Gel Polish, designed for professional nail technicians who value both performance and conscious beauty formulations. These advanced gel polishes combine salon-quality durability with vegan-friendly ingredients, allowing nail professionals to deliver beautiful manicures while choosing\u2026","rel":"","context":"Article similaire","block_context":{"text":"Article similaire","link":""},"img":{"alt_text":"","src":"https:\/\/i0.wp.com\/naillycosmetics.com\/wp-content\/uploads\/2026\/03\/pure-creamy-hybrid-colors.webp?resize=350%2C200&ssl=1","width":350,"height":200,"srcset":"https:\/\/i0.wp.com\/naillycosmetics.com\/wp-content\/uploads\/2026\/03\/pure-creamy-hybrid-colors.webp?resize=350%2C200&ssl=1 1x, https:\/\/i0.wp.com\/naillycosmetics.com\/wp-content\/uploads\/2026\/03\/pure-creamy-hybrid-colors.webp?resize=525%2C300&ssl=1 1.5x, https:\/\/i0.wp.com\/naillycosmetics.com\/wp-content\/uploads\/2026\/03\/pure-creamy-hybrid-colors.webp?resize=700%2C400&ssl=1 2x, https:\/\/i0.wp.com\/naillycosmetics.com\/wp-content\/uploads\/2026\/03\/pure-creamy-hybrid-colors.webp?resize=1050%2C600&ssl=1 3x, https:\/\/i0.wp.com\/naillycosmetics.com\/wp-content\/uploads\/2026\/03\/pure-creamy-hybrid-colors.webp?resize=1400%2C800&ssl=1 4x"},"classes":[]},{"id":5513,"url":"https:\/\/naillycosmetics.com\/fr\/gel-nail-polish-hybrid-victoria-vynn\/","url_meta":{"origin":20514,"position":3},"title":"Victoria VYNN Gel Polish &amp; Hybrid","author":"Serge Sahakian","date":"septembre 9, 2022","format":false,"excerpt":"Vernis \u00e0 ongles en gel de qualit\u00e9 salon Nous r\u00e9pondons aux besoins de nos clients en offrant une riche vari\u00e9t\u00e9 de couleurs avec des vernis \u00e0 ongles en gel hybrides de diff\u00e9rentes couvertures et effets, dans plus de 250 couleurs. Les vernis hybrides Pure r\u00e9pondent aux attentes des femmes du monde entier ! Nous cr\u00e9ons nos collections en accord avec...","rel":"","context":"Article similaire","block_context":{"text":"Article similaire","link":""},"img":{"alt_text":"victoria vynn salon gel polish best gel polish for beauty salons","src":"https:\/\/i0.wp.com\/naillycosmetics.com\/wp-content\/uploads\/2023\/10\/victoria-vynn-salon-gel-polish-best-gel-polish-for-beauty-salons.webp?resize=350%2C200&ssl=1","width":350,"height":200,"srcset":"https:\/\/i0.wp.com\/naillycosmetics.com\/wp-content\/uploads\/2023\/10\/victoria-vynn-salon-gel-polish-best-gel-polish-for-beauty-salons.webp?resize=350%2C200&ssl=1 1x, https:\/\/i0.wp.com\/naillycosmetics.com\/wp-content\/uploads\/2023\/10\/victoria-vynn-salon-gel-polish-best-gel-polish-for-beauty-salons.webp?resize=525%2C300&ssl=1 1.5x, https:\/\/i0.wp.com\/naillycosmetics.com\/wp-content\/uploads\/2023\/10\/victoria-vynn-salon-gel-polish-best-gel-polish-for-beauty-salons.webp?resize=700%2C400&ssl=1 2x"},"classes":[]},{"id":23828,"url":"https:\/\/naillycosmetics.com\/fr\/ladies-love-red-gel-polish-collection\/","url_meta":{"origin":20514,"position":4},"title":"Collection de vernis en gel Ladies Love Red","author":"Serge Sahakian","date":"f\u00e9vrier 10, 2026","format":false,"excerpt":"Make a bold statement with the Victoria VYNN Ladies Love Red Gel Polish Collection, a professional gel nail polish range created for nail technicians and beauty lovers across Canada. This iconic collection features six powerful red shades, each designed to deliver intense colour, flawless application, and long-lasting shine. From timeless\u2026","rel":"","context":"Article similaire","block_context":{"text":"Article similaire","link":""},"img":{"alt_text":"vv_LadiesLoveRed_cover_GBE","src":"https:\/\/i0.wp.com\/naillycosmetics.com\/wp-content\/uploads\/2026\/02\/vv_ladieslovered_cover_gbe.jpg?resize=350%2C200&ssl=1","width":350,"height":200,"srcset":"https:\/\/i0.wp.com\/naillycosmetics.com\/wp-content\/uploads\/2026\/02\/vv_ladieslovered_cover_gbe.jpg?resize=350%2C200&ssl=1 1x, https:\/\/i0.wp.com\/naillycosmetics.com\/wp-content\/uploads\/2026\/02\/vv_ladieslovered_cover_gbe.jpg?resize=525%2C300&ssl=1 1.5x, https:\/\/i0.wp.com\/naillycosmetics.com\/wp-content\/uploads\/2026\/02\/vv_ladieslovered_cover_gbe.jpg?resize=700%2C400&ssl=1 2x, https:\/\/i0.wp.com\/naillycosmetics.com\/wp-content\/uploads\/2026\/02\/vv_ladieslovered_cover_gbe.jpg?resize=1050%2C600&ssl=1 3x, https:\/\/i0.wp.com\/naillycosmetics.com\/wp-content\/uploads\/2026\/02\/vv_ladieslovered_cover_gbe.jpg?resize=1400%2C800&ssl=1 4x"},"classes":[]},{"id":5705,"url":"https:\/\/naillycosmetics.com\/fr\/nail-gel-kit\/","url_meta":{"origin":20514,"position":5},"title":"Victoria VYNN Promo Sets","author":"Serge Sahakian","date":"septembre 10, 2022","format":false,"excerpt":"Victoria VYNN Nail Gel Kits Benefit from additional discounts while buying our Victoria VYNN Products in Kits! Don't Miss the chance! We are convinced that every woman has a\u00a0huge potential that we want to\u00a0release. We make sure that thanks to\u00a0amazing nails, women discover this power within themselves and are prepared\u2026","rel":"","context":"Article similaire","block_context":{"text":"Article similaire","link":""},"img":{"alt_text":"nail gel kit","src":"https:\/\/i0.wp.com\/naillycosmetics.com\/wp-content\/uploads\/2022\/12\/Promo-Sets.webp?resize=350%2C200&ssl=1","width":350,"height":200,"srcset":"https:\/\/i0.wp.com\/naillycosmetics.com\/wp-content\/uploads\/2022\/12\/Promo-Sets.webp?resize=350%2C200&ssl=1 1x, https:\/\/i0.wp.com\/naillycosmetics.com\/wp-content\/uploads\/2022\/12\/Promo-Sets.webp?resize=525%2C300&ssl=1 1.5x, https:\/\/i0.wp.com\/naillycosmetics.com\/wp-content\/uploads\/2022\/12\/Promo-Sets.webp?resize=700%2C400&ssl=1 2x"},"classes":[]}],"jetpack_sharing_enabled":true,"_links":{"self":[{"href":"https:\/\/naillycosmetics.com\/fr\/wp-json\/wp\/v2\/pages\/20514","targetHints":{"allow":["GET"]}}],"collection":[{"href":"https:\/\/naillycosmetics.com\/fr\/wp-json\/wp\/v2\/pages"}],"about":[{"href":"https:\/\/naillycosmetics.com\/fr\/wp-json\/wp\/v2\/types\/page"}],"author":[{"embeddable":true,"href":"https:\/\/naillycosmetics.com\/fr\/wp-json\/wp\/v2\/users\/1"}],"replies":[{"embeddable":true,"href":"https:\/\/naillycosmetics.com\/fr\/wp-json\/wp\/v2\/comments?post=20514"}],"version-history":[{"count":0,"href":"https:\/\/naillycosmetics.com\/fr\/wp-json\/wp\/v2\/pages\/20514\/revisions"}],"wp:attachment":[{"href":"https:\/\/naillycosmetics.com\/fr\/wp-json\/wp\/v2\/media?parent=20514"}],"curies":[{"name":"wp","href":"https:\/\/api.w.org\/{rel}","templated":true}]}}