{"id":11242,"date":"2023-03-19T12:20:21","date_gmt":"2023-03-19T16:20:21","guid":{"rendered":"https:\/\/naillycosmetics.com\/?page_id=11242"},"modified":"2025-08-07T13:51:14","modified_gmt":"2025-08-07T17:51:14","slug":"contact-us","status":"publish","type":"page","link":"https:\/\/naillycosmetics.com\/fr\/contact-us\/","title":{"rendered":"Nous contacter"},"content":{"rendered":"<h2 class=\"wp-block-heading has-text-align-center\">Nous contacter<\/h2><p class=\"has-text-align-center\">\u00cates-vous int\u00e9ress\u00e9 \u00e0 devenir notre partenaire commercial ? Si vous \u00eates notre client ou notre partenaire commercial et que vous avez des questions sur les produits ou l'entreprise, veuillez contacter notre Centre de client\u00e8le en remplissant le formulaire ci-dessous avec toutes vos demandes ou envoyez-nous simplement un e-mail \u00e0 sales@nailly.ca.<\/p><p class=\"has-text-align-center\">Nous vous r\u00e9pondrons dans les 24 heures.<\/p><div class=\"wp-block-contact-form-7-contact-form-selector\">\n<div class=\"wpcf7 no-js\" id=\"wpcf7-f25-o1\" lang=\"en-US\" dir=\"ltr\" data-wpcf7-id=\"25\">\n<div class=\"screen-reader-response\"><p role=\"status\" aria-live=\"polite\" aria-atomic=\"true\"><\/p> <ul><\/ul><\/div>\n<form action=\"\/fr\/wp-json\/wp\/v2\/pages\/11242#wpcf7-f25-o1\" method=\"post\" class=\"wpcf7-form init\" aria-label=\"Contact form\" enctype=\"multipart\/form-data\" novalidate=\"novalidate\" data-status=\"init\" data-trp-original-action=\"\/fr\/wp-json\/wp\/v2\/pages\/11242#wpcf7-f25-o1\">\n<fieldset class=\"hidden-fields-container\"><input type=\"hidden\" name=\"_wpcf7\" value=\"25\" \/><input type=\"hidden\" name=\"_wpcf7_version\" value=\"6.1.5\" \/><input type=\"hidden\" name=\"_wpcf7_locale\" value=\"en_US\" \/><input type=\"hidden\" name=\"_wpcf7_unit_tag\" value=\"wpcf7-f25-o1\" \/><input type=\"hidden\" name=\"_wpcf7_container_post\" value=\"0\" \/><input type=\"hidden\" name=\"_wpcf7_posted_data_hash\" value=\"\" \/><input type=\"hidden\" name=\"_wpcf7_recaptcha_response\" value=\"\" \/>\n<\/fieldset>\n<p><label> Votre nom (obligatoire)<br \/>\n<span class=\"wpcf7-form-control-wrap\" data-name=\"your-name\"><input size=\"40\" maxlength=\"400\" class=\"wpcf7-form-control wpcf7-text wpcf7-validates-as-required\" aria-required=\"true\" aria-invalid=\"false\" value=\"\" type=\"text\" name=\"your-name\" \/><\/span> <\/label>\n<\/p>\n<p><label> Votre adresse \u00e9lectronique (obligatoire)<br \/>\n<span class=\"wpcf7-form-control-wrap\" data-name=\"your-email\"><input size=\"40\" maxlength=\"400\" class=\"wpcf7-form-control wpcf7-email wpcf7-validates-as-required wpcf7-text wpcf7-validates-as-email\" aria-required=\"true\" aria-invalid=\"false\" value=\"\" type=\"email\" name=\"your-email\" \/><\/span> <\/label>\n<\/p>\n<p><label> Sujet<br \/>\n<span class=\"wpcf7-form-control-wrap\" data-name=\"select-646\"><select class=\"wpcf7-form-control wpcf7-select wpcf7-validates-as-required\" aria-required=\"true\" aria-invalid=\"false\" name=\"select-646\"><option value=\"General Inquiry\">Enqu\u00eate g\u00e9n\u00e9rale<\/option><option value=\"Wholesale Account Application\">Demande d'ouverture d'un compte de gros<\/option><option value=\"Distributor Partnership Request\">Demande de partenariat avec un distributeur<\/option><option value=\"Order Support \/ Order Status\">Soutien \u00e0 la commande \/ Statut de la commande<\/option><option value=\"Shipping &amp; Delivery Inquiry\">Enqu\u00eate sur l'exp\u00e9dition et la livraison<\/option><option value=\"Return \/ Exchange Request\">Demande de retour \/ d'\u00e9change<\/option><option value=\"Product Information Request\">Demande d'informations sur les produits<\/option><option value=\"Training &amp; Education Inquiry\">Enqu\u00eate sur la formation et l'\u00e9ducation<\/option><option value=\"Marketing \/ Collaboration Proposal\">Marketing \/ Proposition de collaboration<\/option><option value=\"Billing \/ Invoice Question\">Question sur la facturation<\/option><option value=\"Complaint\">Plainte<\/option><option value=\"Product Defect Report\">Rapport sur les d\u00e9fauts de produits<\/option><option value=\"Other\">Autres<\/option><\/select><\/span><\/label>\n<\/p>\n<p><label> Votre message<br \/>\n<span class=\"wpcf7-form-control-wrap\" data-name=\"your-message\"><textarea cols=\"40\" rows=\"10\" maxlength=\"2000\" class=\"wpcf7-form-control wpcf7-textarea\" aria-invalid=\"false\" name=\"your-message\"><\/textarea><\/span> <\/label>\n<\/p>\n<p><span class=\"wpcf7-form-control-wrap\" data-name=\"file-189\"><input size=\"40\" class=\"wpcf7-form-control wpcf7-file\" accept=\"audio\/*,video\/*,image\/*\" aria-invalid=\"false\" type=\"file\" name=\"file-189\" \/><\/span>\n<\/p>\n<span class=\"wpcf7-form-control-wrap recaptcha\" data-name=\"recaptcha\"><span data-sitekey=\"6LeD7pgqAAAAANdhXHdENgij4sJztjCElowJolAG\" class=\"wpcf7-form-control wpcf7-recaptcha g-recaptcha\"><\/span>\r\n<noscript>\r\n\t<div class=\"grecaptcha-noscript\">\r\n\t\t<iframe loading=\"lazy\" src=\"https:\/\/www.google.com\/recaptcha\/api\/fallback?k=6LeD7pgqAAAAANdhXHdENgij4sJztjCElowJolAG\" frameborder=\"0\" scrolling=\"no\" width=\"310\" height=\"430\">\r\n\t\t<\/iframe>\r\n\t\t<textarea name=\"g-recaptcha-response\" rows=\"3\" cols=\"40\" placeholder=\"reCaptcha Response Here\">\r\n\t\t<\/textarea>\r\n\t<\/div>\r\n<\/noscript>\r\n<\/span>\n<p><input class=\"wpcf7-form-control wpcf7-submit has-spinner\" type=\"submit\" value=\"Envoyer\" \/>\n<\/p><input type='hidden' class='wpcf7-pum' value='{\"closepopup\":false,\"closedelay\":0,\"openpopup\":false,\"openpopup_id\":0}' \/><div class=\"wpcf7-response-output\" aria-hidden=\"true\"><\/div>\n<input type=\"hidden\" name=\"trp-form-language\" value=\"fr\"\/><\/form>\n<\/div>\n<\/div><p class=\"has-vivid-cyan-blue-color has-text-color has-link-color wp-elements-05632029db11419b895fe2527d27a9af\"><\/p>","protected":false},"excerpt":{"rendered":"<p>Contact Us Are you Interested to become our business partner? If you are our customer or business partner and have any questions about the products or the company, please contact our Customer Center by filling the form below with all your enquires or simply send us an e-mail at&nbsp;sales@nailly.ca We will get back to within [&hellip;]<\/p>\n","protected":false},"author":1,"featured_media":0,"parent":0,"menu_order":0,"comment_status":"closed","ping_status":"closed","template":"","meta":{"jetpack_post_was_ever_published":false,"footnotes":""},"class_list":["post-11242","page","type-page","status-publish","hentry"],"jetpack-related-posts":[{"id":3756,"url":"https:\/\/naillycosmetics.com\/fr\/301\/","url_meta":{"origin":11242,"position":0},"title":"301","author":"Serge Sahakian","date":"ao\u00fbt 25, 2022","format":false,"excerpt":"","rel":"","context":"Article similaire","block_context":{"text":"Article similaire","link":""},"img":{"alt_text":"","src":"https:\/\/i0.wp.com\/naillycosmetics.com\/wp-content\/uploads\/2020\/02\/301.png?fit=400%2C400&ssl=1&resize=350%2C200","width":350,"height":200},"classes":[]},{"id":3812,"url":"https:\/\/naillycosmetics.com\/fr\/wholesale-nail-supply\/","url_meta":{"origin":11242,"position":1},"title":"Victoria VYNN Canada &amp; USA Wholesale","author":"Serge Sahakian","date":"ao\u00fbt 27, 2022","format":false,"excerpt":"Victoria VYNN Canada & USA Wholesale Be Part of our Victoria VYNN Family & Discover New Advancement Opportunities. We recommend Victoria Vynn's offer for beauty salons, SPA facilities and demanding clients. In the product portfolio, the brand has a\u00a0wide range of colors of hybrid varnishes, building gels, building bases, acrylic-gels,\u2026","rel":"","context":"Article similaire","block_context":{"text":"Article similaire","link":""},"img":{"alt_text":"wholesale nail supply","src":"https:\/\/i0.wp.com\/naillycosmetics.com\/wp-content\/uploads\/2022\/12\/Wholesale-nail-supply.webp?resize=350%2C200&ssl=1","width":350,"height":200,"srcset":"https:\/\/i0.wp.com\/naillycosmetics.com\/wp-content\/uploads\/2022\/12\/Wholesale-nail-supply.webp?resize=350%2C200&ssl=1 1x, https:\/\/i0.wp.com\/naillycosmetics.com\/wp-content\/uploads\/2022\/12\/Wholesale-nail-supply.webp?resize=525%2C300&ssl=1 1.5x"},"classes":[]},{"id":11111,"url":"https:\/\/naillycosmetics.com\/fr\/victoria-vynn-brand-ambassador-2023\/","url_meta":{"origin":11242,"position":2},"title":"Ambassadrice de la marque","author":"Serge Sahakian","date":"mars 13, 2023","format":false,"excerpt":"Programme d'ambassadeurs de marque \u00cates-vous int\u00e9ress\u00e9(e) par le poste d'ambassadeur de marque ? Avez-vous des comp\u00e9tences en mati\u00e8re de publicit\u00e9 et de marketing ? Avez-vous des comp\u00e9tences en communication ? Vous \u00eates passionn\u00e9(e) par les ongles ? Rejoignez notre \u00e9quipe ! L'innovation est la cl\u00e9 pour lib\u00e9rer votre potentiel en tant qu'ambassadrice d'une marque d'ongles de premier plan. Nous voulons travailler avec...","rel":"","context":"Article similaire","block_context":{"text":"Article similaire","link":""},"img":{"alt_text":"","src":"https:\/\/i0.wp.com\/naillycosmetics.com\/wp-content\/uploads\/2023\/03\/ambassador.webp?resize=350%2C200&ssl=1","width":350,"height":200,"srcset":"https:\/\/i0.wp.com\/naillycosmetics.com\/wp-content\/uploads\/2023\/03\/ambassador.webp?resize=350%2C200&ssl=1 1x, https:\/\/i0.wp.com\/naillycosmetics.com\/wp-content\/uploads\/2023\/03\/ambassador.webp?resize=525%2C300&ssl=1 1.5x"},"classes":[]},{"id":2221,"url":"https:\/\/naillycosmetics.com\/fr\/terms-and-conditions\/","url_meta":{"origin":11242,"position":3},"title":"Conditions g\u00e9n\u00e9rales d'utilisation","author":"Serge Sahakian","date":"ao\u00fbt 18, 2022","format":false,"excerpt":"Terms & Conditions Return & Refunds Policy Overview Our refund and returns policy lasts 30 days. If 30 days have passed since your purchase, we can\u2019t offer you a full refund or exchange. To be eligible for a return, your item must be unused and in the same condition that\u2026","rel":"","context":"Article similaire","block_context":{"text":"Article similaire","link":""},"img":{"alt_text":"","src":"","width":0,"height":0},"classes":[]},{"id":22751,"url":"https:\/\/naillycosmetics.com\/fr\/msmo-dual-forms\/","url_meta":{"origin":11242,"position":4},"title":"MSMO double forme","author":"Serge Sahakian","date":"octobre 17, 2025","format":false,"excerpt":"MSMO Dual Forms MSMO Dual Forms are a smart tool for creating strong, perfectly shaped nail extensions with ease. Made from flexible yet firm material, they support natural shaping and help sculpt ideal arches and nail lengths. Included are a variety of sizes, so you get a snug fit on\u2026","rel":"","context":"Article similaire","block_context":{"text":"Article similaire","link":""},"img":{"alt_text":"","src":"https:\/\/i0.wp.com\/naillycosmetics.com\/wp-content\/uploads\/2025\/10\/popit-4.png?resize=350%2C200&ssl=1","width":350,"height":200,"srcset":"https:\/\/i0.wp.com\/naillycosmetics.com\/wp-content\/uploads\/2025\/10\/popit-4.png?resize=350%2C200&ssl=1 1x, https:\/\/i0.wp.com\/naillycosmetics.com\/wp-content\/uploads\/2025\/10\/popit-4.png?resize=525%2C300&ssl=1 1.5x, https:\/\/i0.wp.com\/naillycosmetics.com\/wp-content\/uploads\/2025\/10\/popit-4.png?resize=700%2C400&ssl=1 2x, https:\/\/i0.wp.com\/naillycosmetics.com\/wp-content\/uploads\/2025\/10\/popit-4.png?resize=1050%2C600&ssl=1 3x, https:\/\/i0.wp.com\/naillycosmetics.com\/wp-content\/uploads\/2025\/10\/popit-4.png?resize=1400%2C800&ssl=1 4x"},"classes":[]},{"id":28567,"url":"https:\/\/naillycosmetics.com\/fr\/hard-builder-gels\/","url_meta":{"origin":11242,"position":5},"title":"Hard Builder Gels","author":"Serge Sahakian","date":"mars 16, 2026","format":false,"excerpt":"Hard Builder Gels \u2013 Professional Strength for Durable Nail Enhancements Discover the Hard Builder Gels collection at Nailly Cosmetics, specially curated for professional nail technicians who require strength, structure, and long-lasting performance. Our hard builder gels are designed to create durable nail enhancements, allowing you to sculpt, extend, and reinforce\u2026","rel":"","context":"Article similaire","block_context":{"text":"Article similaire","link":""},"img":{"alt_text":"","src":"https:\/\/i0.wp.com\/naillycosmetics.com\/wp-content\/uploads\/2026\/03\/hard-builder-gels.webp?resize=350%2C200&ssl=1","width":350,"height":200,"srcset":"https:\/\/i0.wp.com\/naillycosmetics.com\/wp-content\/uploads\/2026\/03\/hard-builder-gels.webp?resize=350%2C200&ssl=1 1x, https:\/\/i0.wp.com\/naillycosmetics.com\/wp-content\/uploads\/2026\/03\/hard-builder-gels.webp?resize=525%2C300&ssl=1 1.5x, https:\/\/i0.wp.com\/naillycosmetics.com\/wp-content\/uploads\/2026\/03\/hard-builder-gels.webp?resize=700%2C400&ssl=1 2x, https:\/\/i0.wp.com\/naillycosmetics.com\/wp-content\/uploads\/2026\/03\/hard-builder-gels.webp?resize=1050%2C600&ssl=1 3x, https:\/\/i0.wp.com\/naillycosmetics.com\/wp-content\/uploads\/2026\/03\/hard-builder-gels.webp?resize=1400%2C800&ssl=1 4x"},"classes":[]}],"jetpack_sharing_enabled":true,"_links":{"self":[{"href":"https:\/\/naillycosmetics.com\/fr\/wp-json\/wp\/v2\/pages\/11242","targetHints":{"allow":["GET"]}}],"collection":[{"href":"https:\/\/naillycosmetics.com\/fr\/wp-json\/wp\/v2\/pages"}],"about":[{"href":"https:\/\/naillycosmetics.com\/fr\/wp-json\/wp\/v2\/types\/page"}],"author":[{"embeddable":true,"href":"https:\/\/naillycosmetics.com\/fr\/wp-json\/wp\/v2\/users\/1"}],"replies":[{"embeddable":true,"href":"https:\/\/naillycosmetics.com\/fr\/wp-json\/wp\/v2\/comments?post=11242"}],"version-history":[{"count":0,"href":"https:\/\/naillycosmetics.com\/fr\/wp-json\/wp\/v2\/pages\/11242\/revisions"}],"wp:attachment":[{"href":"https:\/\/naillycosmetics.com\/fr\/wp-json\/wp\/v2\/media?parent=11242"}],"curies":[{"name":"wp","href":"https:\/\/api.w.org\/{rel}","templated":true}]}}