{"id":11016,"date":"2023-03-09T20:22:02","date_gmt":"2023-03-10T01:22:02","guid":{"rendered":"https:\/\/naillycosmetics.com\/?page_id=11016"},"modified":"2024-09-24T19:28:59","modified_gmt":"2024-09-24T23:28:59","slug":"pharm-foot","status":"publish","type":"page","link":"https:\/\/naillycosmetics.com\/fr\/pharm-foot\/","title":{"rendered":"Pharm Foot"},"content":{"rendered":"<p class=\"has-text-align-center has-large-font-size\" style=\"font-style:normal;font-weight:200\">Des recettes parfaitement compos\u00e9es dans le soin des pieds<\/p><p class=\"has-text-align-center\"><strong>Pharm Foot<\/strong>  Les dermo-cosm\u00e9tiques pour les pieds soutiennent les traitements podologiques dans le domaine des soins professionnels et atteignent la source des probl\u00e8mes pour les pr\u00e9venir \u00e0 l'avenir. La qualit\u00e9, l'efficacit\u00e9 et la s\u00e9curit\u00e9 des recettes sont une priorit\u00e9 absolue pour les cr\u00e9ateurs de la marque. L'efficacit\u00e9 sup\u00e9rieure \u00e0 la moyenne des&nbsp;<strong>Pharm Foot&nbsp;<\/strong>Les pr\u00e9parations sont une garantie d'am\u00e9lioration de la qualit\u00e9 de vie des personnes souffrant de probl\u00e8mes de pieds.<\/p><figure class=\"wp-block-image aligncenter size-full\"><img data-recalc-dims=\"1\" loading=\"lazy\" decoding=\"async\" width=\"585\" height=\"575\" src=\"https:\/\/i0.wp.com\/naillycosmetics.com\/wp-content\/uploads\/2023\/03\/img01-2.png.webp?resize=585%2C575\" alt=\"\" class=\"wp-image-11038\" srcset=\"https:\/\/i0.wp.com\/naillycosmetics.com\/wp-content\/uploads\/2023\/03\/img01-2.png.webp?w=585&amp;ssl=1 585w, https:\/\/i0.wp.com\/naillycosmetics.com\/wp-content\/uploads\/2023\/03\/img01-2.png.webp?resize=150%2C147&amp;ssl=1 150w, https:\/\/i0.wp.com\/naillycosmetics.com\/wp-content\/uploads\/2023\/03\/img01-2.png.webp?resize=416%2C409&amp;ssl=1 416w, https:\/\/i0.wp.com\/naillycosmetics.com\/wp-content\/uploads\/2023\/03\/img01-2.png.webp?resize=300%2C295&amp;ssl=1 300w, https:\/\/i0.wp.com\/naillycosmetics.com\/wp-content\/uploads\/2023\/03\/img01-2.png.webp?resize=12%2C12&amp;ssl=1 12w, https:\/\/i0.wp.com\/naillycosmetics.com\/wp-content\/uploads\/2023\/03\/img01-2.png.webp?resize=32%2C32&amp;ssl=1 32w, https:\/\/i0.wp.com\/naillycosmetics.com\/wp-content\/uploads\/2023\/03\/img01-2.png.webp?resize=50%2C50&amp;ssl=1 50w\" sizes=\"auto, (max-width: 585px) 100vw, 585px\" \/><figcaption class=\"wp-element-caption\"> <\/figcaption><\/figure><p class=\"has-text-align-center has-large-font-size\" style=\"font-style:normal;font-weight:200\">D\u00e9couvrez nos lignes de produits<\/p><div class=\"woocommerce columns-6\"><ul class=\"products columns-6\">\n<li class=\"product-category product first\">\n\t<a aria-label=\"Acc\u00e9der \u00e0 la cat\u00e9gorie de produits All In Line\" href=\"https:\/\/naillycosmetics.com\/fr\/category\/pharm-foot\/all-in-line\/\" data-no-translation-aria-label=\"\"><span class=\"cat-image-wrapper\"><img decoding=\"async\" src=\"https:\/\/i0.wp.com\/naillycosmetics.com\/wp-content\/uploads\/2026\/02\/all-in-line-1-1.webp?fit=200%2C267&#038;ssl=1\" alt=\"All In Line\" width=\"200\" height=\"\" srcset=\"https:\/\/i0.wp.com\/naillycosmetics.com\/wp-content\/uploads\/2026\/02\/all-in-line-1-1.webp?w=750&amp;ssl=1 750w, https:\/\/i0.wp.com\/naillycosmetics.com\/wp-content\/uploads\/2026\/02\/all-in-line-1-1.webp?resize=225%2C300&amp;ssl=1 225w, https:\/\/i0.wp.com\/naillycosmetics.com\/wp-content\/uploads\/2026\/02\/all-in-line-1-1.webp?resize=9%2C12&amp;ssl=1 9w, https:\/\/i0.wp.com\/naillycosmetics.com\/wp-content\/uploads\/2026\/02\/all-in-line-1-1.webp?resize=441%2C588&amp;ssl=1 441w, https:\/\/i0.wp.com\/naillycosmetics.com\/wp-content\/uploads\/2026\/02\/all-in-line-1-1.webp?resize=200%2C267&amp;ssl=1 200w, https:\/\/i0.wp.com\/naillycosmetics.com\/wp-content\/uploads\/2026\/02\/all-in-line-1-1.webp?resize=150%2C200&amp;ssl=1 150w, https:\/\/i0.wp.com\/naillycosmetics.com\/wp-content\/uploads\/2026\/02\/all-in-line-1-1.webp?resize=64%2C85&amp;ssl=1 64w\" sizes=\"(max-width: 200px) 100vw, 200px\" \/><\/span>\t\t<h2 class=\"woocommerce-loop-category__title\">\n\t\t\tTous en ligne <mark class=\"count\">(12)<\/mark>\t\t<\/h2>\n\t\t<\/a><\/li>\n<li class=\"product-category product\">\n\t<a aria-label=\"Acc\u00e9der \u00e0 la cat\u00e9gorie de produits Colostrum Line\" href=\"https:\/\/naillycosmetics.com\/fr\/category\/pharm-foot\/colostrum-line\/\" data-no-translation-aria-label=\"\"><span class=\"cat-image-wrapper\"><img decoding=\"async\" src=\"https:\/\/i0.wp.com\/naillycosmetics.com\/wp-content\/uploads\/2026\/02\/colostrum-line-.webp?fit=200%2C267&#038;ssl=1\" alt=\"Colostrum Line\" width=\"200\" height=\"\" srcset=\"https:\/\/i0.wp.com\/naillycosmetics.com\/wp-content\/uploads\/2026\/02\/colostrum-line-.webp?w=750&amp;ssl=1 750w, https:\/\/i0.wp.com\/naillycosmetics.com\/wp-content\/uploads\/2026\/02\/colostrum-line-.webp?resize=225%2C300&amp;ssl=1 225w, https:\/\/i0.wp.com\/naillycosmetics.com\/wp-content\/uploads\/2026\/02\/colostrum-line-.webp?resize=9%2C12&amp;ssl=1 9w, https:\/\/i0.wp.com\/naillycosmetics.com\/wp-content\/uploads\/2026\/02\/colostrum-line-.webp?resize=441%2C588&amp;ssl=1 441w, https:\/\/i0.wp.com\/naillycosmetics.com\/wp-content\/uploads\/2026\/02\/colostrum-line-.webp?resize=200%2C267&amp;ssl=1 200w, https:\/\/i0.wp.com\/naillycosmetics.com\/wp-content\/uploads\/2026\/02\/colostrum-line-.webp?resize=150%2C200&amp;ssl=1 150w, https:\/\/i0.wp.com\/naillycosmetics.com\/wp-content\/uploads\/2026\/02\/colostrum-line-.webp?resize=64%2C85&amp;ssl=1 64w\" sizes=\"(max-width: 200px) 100vw, 200px\" \/><\/span>\t\t<h2 class=\"woocommerce-loop-category__title\">\n\t\t\tLigne Colostrum <mark class=\"count\">(5)<\/mark>\t\t<\/h2>\n\t\t<\/a><\/li>\n<li class=\"product-category product\">\n\t<a aria-label=\"Acc\u00e9der \u00e0 la cat\u00e9gorie de produits Manuka Line\" href=\"https:\/\/naillycosmetics.com\/fr\/category\/pharm-foot\/manuka-line\/\" data-no-translation-aria-label=\"\"><span class=\"cat-image-wrapper\"><img decoding=\"async\" src=\"https:\/\/i0.wp.com\/naillycosmetics.com\/wp-content\/uploads\/2026\/02\/585x628_manuka.png.webp?fit=200%2C215&#038;ssl=1\" alt=\"Manuka Line\" width=\"200\" height=\"\" srcset=\"https:\/\/i0.wp.com\/naillycosmetics.com\/wp-content\/uploads\/2026\/02\/585x628_manuka.png.webp?w=585&amp;ssl=1 585w, https:\/\/i0.wp.com\/naillycosmetics.com\/wp-content\/uploads\/2026\/02\/585x628_manuka.png.webp?resize=279%2C300&amp;ssl=1 279w, https:\/\/i0.wp.com\/naillycosmetics.com\/wp-content\/uploads\/2026\/02\/585x628_manuka.png.webp?resize=11%2C12&amp;ssl=1 11w, https:\/\/i0.wp.com\/naillycosmetics.com\/wp-content\/uploads\/2026\/02\/585x628_manuka.png.webp?resize=441%2C473&amp;ssl=1 441w, https:\/\/i0.wp.com\/naillycosmetics.com\/wp-content\/uploads\/2026\/02\/585x628_manuka.png.webp?resize=200%2C215&amp;ssl=1 200w, https:\/\/i0.wp.com\/naillycosmetics.com\/wp-content\/uploads\/2026\/02\/585x628_manuka.png.webp?resize=150%2C161&amp;ssl=1 150w, https:\/\/i0.wp.com\/naillycosmetics.com\/wp-content\/uploads\/2026\/02\/585x628_manuka.png.webp?resize=64%2C69&amp;ssl=1 64w\" sizes=\"(max-width: 200px) 100vw, 200px\" \/><\/span>\t\t<h2 class=\"woocommerce-loop-category__title\">\n\t\t\tLigne Manuka <mark class=\"count\">(5)<\/mark>\t\t<\/h2>\n\t\t<\/a><\/li>\n<li class=\"product-category product\">\n\t<a aria-label=\"Acc\u00e9der \u00e0 la cat\u00e9gorie de produits Microsilver Line\" href=\"https:\/\/naillycosmetics.com\/fr\/category\/pharm-foot\/microsilver-line\/\" data-no-translation-aria-label=\"\"><span class=\"cat-image-wrapper\"><img decoding=\"async\" src=\"https:\/\/i0.wp.com\/naillycosmetics.com\/wp-content\/uploads\/2026\/02\/microsilver-line-.webp?fit=200%2C267&#038;ssl=1\" alt=\"Microsilver Line\" width=\"200\" height=\"\" srcset=\"https:\/\/i0.wp.com\/naillycosmetics.com\/wp-content\/uploads\/2026\/02\/microsilver-line-.webp?w=750&amp;ssl=1 750w, https:\/\/i0.wp.com\/naillycosmetics.com\/wp-content\/uploads\/2026\/02\/microsilver-line-.webp?resize=225%2C300&amp;ssl=1 225w, https:\/\/i0.wp.com\/naillycosmetics.com\/wp-content\/uploads\/2026\/02\/microsilver-line-.webp?resize=9%2C12&amp;ssl=1 9w, https:\/\/i0.wp.com\/naillycosmetics.com\/wp-content\/uploads\/2026\/02\/microsilver-line-.webp?resize=441%2C588&amp;ssl=1 441w, https:\/\/i0.wp.com\/naillycosmetics.com\/wp-content\/uploads\/2026\/02\/microsilver-line-.webp?resize=200%2C267&amp;ssl=1 200w, https:\/\/i0.wp.com\/naillycosmetics.com\/wp-content\/uploads\/2026\/02\/microsilver-line-.webp?resize=150%2C200&amp;ssl=1 150w, https:\/\/i0.wp.com\/naillycosmetics.com\/wp-content\/uploads\/2026\/02\/microsilver-line-.webp?resize=64%2C85&amp;ssl=1 64w\" sizes=\"(max-width: 200px) 100vw, 200px\" \/><\/span>\t\t<h2 class=\"woocommerce-loop-category__title\">\n\t\t\tLigne Microsilver <mark class=\"count\">(6)<\/mark>\t\t<\/h2>\n\t\t<\/a><\/li>\n<li class=\"product-category product\">\n\t<a aria-label=\"Acc\u00e9der \u00e0 la cat\u00e9gorie de produits Ozone Oil &amp; Herbs Line\" href=\"https:\/\/naillycosmetics.com\/fr\/category\/pharm-foot\/ozone-oil-herbs-line\/\" data-no-translation-aria-label=\"\"><span class=\"cat-image-wrapper\"><img decoding=\"async\" src=\"https:\/\/i0.wp.com\/naillycosmetics.com\/wp-content\/uploads\/2026\/02\/ozone-oil-and-herbs.webp?fit=200%2C267&#038;ssl=1\" alt=\"Ozone Oil &amp; Herbs Line\" width=\"200\" height=\"\" srcset=\"https:\/\/i0.wp.com\/naillycosmetics.com\/wp-content\/uploads\/2026\/02\/ozone-oil-and-herbs.webp?w=750&amp;ssl=1 750w, https:\/\/i0.wp.com\/naillycosmetics.com\/wp-content\/uploads\/2026\/02\/ozone-oil-and-herbs.webp?resize=225%2C300&amp;ssl=1 225w, https:\/\/i0.wp.com\/naillycosmetics.com\/wp-content\/uploads\/2026\/02\/ozone-oil-and-herbs.webp?resize=9%2C12&amp;ssl=1 9w, https:\/\/i0.wp.com\/naillycosmetics.com\/wp-content\/uploads\/2026\/02\/ozone-oil-and-herbs.webp?resize=441%2C588&amp;ssl=1 441w, https:\/\/i0.wp.com\/naillycosmetics.com\/wp-content\/uploads\/2026\/02\/ozone-oil-and-herbs.webp?resize=200%2C267&amp;ssl=1 200w, https:\/\/i0.wp.com\/naillycosmetics.com\/wp-content\/uploads\/2026\/02\/ozone-oil-and-herbs.webp?resize=150%2C200&amp;ssl=1 150w, https:\/\/i0.wp.com\/naillycosmetics.com\/wp-content\/uploads\/2026\/02\/ozone-oil-and-herbs.webp?resize=64%2C85&amp;ssl=1 64w\" sizes=\"(max-width: 200px) 100vw, 200px\" \/><\/span>\t\t<h2 class=\"woocommerce-loop-category__title\">\n\t\t\tLigne Ozone Oil &amp; Herbs <mark class=\"count\">(5)<\/mark>\t\t<\/h2>\n\t\t<\/a><\/li>\n<li class=\"product-category product last\">\n\t<a aria-label=\"Acc\u00e9der \u00e0 la cat\u00e9gorie de produits Ozone Oil Line\" href=\"https:\/\/naillycosmetics.com\/fr\/category\/pharm-foot\/ozone-oil-line\/\" data-no-translation-aria-label=\"\"><span class=\"cat-image-wrapper\"><img decoding=\"async\" src=\"https:\/\/i0.wp.com\/naillycosmetics.com\/wp-content\/uploads\/2026\/02\/ozone-oil-line-.webp?fit=200%2C267&#038;ssl=1\" alt=\"Ozone Oil Line\" width=\"200\" height=\"\" srcset=\"https:\/\/i0.wp.com\/naillycosmetics.com\/wp-content\/uploads\/2026\/02\/ozone-oil-line-.webp?w=750&amp;ssl=1 750w, https:\/\/i0.wp.com\/naillycosmetics.com\/wp-content\/uploads\/2026\/02\/ozone-oil-line-.webp?resize=225%2C300&amp;ssl=1 225w, https:\/\/i0.wp.com\/naillycosmetics.com\/wp-content\/uploads\/2026\/02\/ozone-oil-line-.webp?resize=9%2C12&amp;ssl=1 9w, https:\/\/i0.wp.com\/naillycosmetics.com\/wp-content\/uploads\/2026\/02\/ozone-oil-line-.webp?resize=441%2C588&amp;ssl=1 441w, https:\/\/i0.wp.com\/naillycosmetics.com\/wp-content\/uploads\/2026\/02\/ozone-oil-line-.webp?resize=200%2C267&amp;ssl=1 200w, https:\/\/i0.wp.com\/naillycosmetics.com\/wp-content\/uploads\/2026\/02\/ozone-oil-line-.webp?resize=150%2C200&amp;ssl=1 150w, https:\/\/i0.wp.com\/naillycosmetics.com\/wp-content\/uploads\/2026\/02\/ozone-oil-line-.webp?resize=64%2C85&amp;ssl=1 64w\" sizes=\"(max-width: 200px) 100vw, 200px\" \/><\/span>\t\t<h2 class=\"woocommerce-loop-category__title\">\n\t\t\tLigne d'huile d'ozone <mark class=\"count\">(10)<\/mark>\t\t<\/h2>\n\t\t<\/a><\/li>\n<li class=\"product-category product first\">\n\t<a aria-label=\"Acc\u00e9der \u00e0 la cat\u00e9gorie de produits Pharm Foot Sets\" href=\"https:\/\/naillycosmetics.com\/fr\/category\/pharm-foot\/pharm-foot-sets\/\" data-no-translation-aria-label=\"\"><span class=\"cat-image-wrapper\"><img decoding=\"async\" src=\"https:\/\/i0.wp.com\/naillycosmetics.com\/wp-content\/uploads\/2026\/02\/rendy_800x800_ple_pack.png-1.webp?fit=200%2C200&#038;ssl=1\" alt=\"Pharm Foot Sets\" width=\"200\" height=\"\" srcset=\"https:\/\/i0.wp.com\/naillycosmetics.com\/wp-content\/uploads\/2026\/02\/rendy_800x800_ple_pack.png-1.webp?w=800&amp;ssl=1 800w, https:\/\/i0.wp.com\/naillycosmetics.com\/wp-content\/uploads\/2026\/02\/rendy_800x800_ple_pack.png-1.webp?resize=300%2C300&amp;ssl=1 300w, https:\/\/i0.wp.com\/naillycosmetics.com\/wp-content\/uploads\/2026\/02\/rendy_800x800_ple_pack.png-1.webp?resize=150%2C150&amp;ssl=1 150w, https:\/\/i0.wp.com\/naillycosmetics.com\/wp-content\/uploads\/2026\/02\/rendy_800x800_ple_pack.png-1.webp?resize=768%2C768&amp;ssl=1 768w, https:\/\/i0.wp.com\/naillycosmetics.com\/wp-content\/uploads\/2026\/02\/rendy_800x800_ple_pack.png-1.webp?resize=12%2C12&amp;ssl=1 12w, https:\/\/i0.wp.com\/naillycosmetics.com\/wp-content\/uploads\/2026\/02\/rendy_800x800_ple_pack.png-1.webp?resize=32%2C32&amp;ssl=1 32w, https:\/\/i0.wp.com\/naillycosmetics.com\/wp-content\/uploads\/2026\/02\/rendy_800x800_ple_pack.png-1.webp?resize=441%2C441&amp;ssl=1 441w, https:\/\/i0.wp.com\/naillycosmetics.com\/wp-content\/uploads\/2026\/02\/rendy_800x800_ple_pack.png-1.webp?resize=200%2C200&amp;ssl=1 200w, https:\/\/i0.wp.com\/naillycosmetics.com\/wp-content\/uploads\/2026\/02\/rendy_800x800_ple_pack.png-1.webp?resize=750%2C750&amp;ssl=1 750w, https:\/\/i0.wp.com\/naillycosmetics.com\/wp-content\/uploads\/2026\/02\/rendy_800x800_ple_pack.png-1.webp?resize=50%2C50&amp;ssl=1 50w, https:\/\/i0.wp.com\/naillycosmetics.com\/wp-content\/uploads\/2026\/02\/rendy_800x800_ple_pack.png-1.webp?resize=100%2C100&amp;ssl=1 100w, https:\/\/i0.wp.com\/naillycosmetics.com\/wp-content\/uploads\/2026\/02\/rendy_800x800_ple_pack.png-1.webp?resize=64%2C64&amp;ssl=1 64w\" sizes=\"(max-width: 200px) 100vw, 200px\" \/><\/span>\t\t<h2 class=\"woocommerce-loop-category__title\">\n\t\t\tPharm Foot Sets <mark class=\"count\">(3)<\/mark>\t\t<\/h2>\n\t\t<\/a><\/li>\n<li class=\"product-category product\">\n\t<a aria-label=\"Acc\u00e9der \u00e0 la cat\u00e9gorie de produits Pharm Foot Tools &amp; Accessories\" href=\"https:\/\/naillycosmetics.com\/fr\/category\/pharm-foot\/pharm-foot-tools-accessories\/\" data-no-translation-aria-label=\"\"><span class=\"cat-image-wrapper\"><img decoding=\"async\" src=\"https:\/\/i0.wp.com\/naillycosmetics.com\/wp-content\/uploads\/2026\/02\/accessories.pfwebp.webp?fit=200%2C267&#038;ssl=1\" alt=\"Pharm Foot Tools &amp; Accessories\" width=\"200\" height=\"\" srcset=\"https:\/\/i0.wp.com\/naillycosmetics.com\/wp-content\/uploads\/2026\/02\/accessories.pfwebp.webp?w=750&amp;ssl=1 750w, https:\/\/i0.wp.com\/naillycosmetics.com\/wp-content\/uploads\/2026\/02\/accessories.pfwebp.webp?resize=225%2C300&amp;ssl=1 225w, https:\/\/i0.wp.com\/naillycosmetics.com\/wp-content\/uploads\/2026\/02\/accessories.pfwebp.webp?resize=9%2C12&amp;ssl=1 9w, https:\/\/i0.wp.com\/naillycosmetics.com\/wp-content\/uploads\/2026\/02\/accessories.pfwebp.webp?resize=441%2C588&amp;ssl=1 441w, https:\/\/i0.wp.com\/naillycosmetics.com\/wp-content\/uploads\/2026\/02\/accessories.pfwebp.webp?resize=200%2C267&amp;ssl=1 200w, https:\/\/i0.wp.com\/naillycosmetics.com\/wp-content\/uploads\/2026\/02\/accessories.pfwebp.webp?resize=150%2C200&amp;ssl=1 150w, https:\/\/i0.wp.com\/naillycosmetics.com\/wp-content\/uploads\/2026\/02\/accessories.pfwebp.webp?resize=64%2C85&amp;ssl=1 64w\" sizes=\"(max-width: 200px) 100vw, 200px\" \/><\/span>\t\t<h2 class=\"woocommerce-loop-category__title\">\n\t\t\tOutils et accessoires pour le pied Pharm <mark class=\"count\">(10)<\/mark>\t\t<\/h2>\n\t\t<\/a><\/li>\n<li class=\"product-category product\">\n\t<a aria-label=\"Acc\u00e9der \u00e0 la cat\u00e9gorie de produits SPA Ritual Paradise Touch\" href=\"https:\/\/naillycosmetics.com\/fr\/category\/pharm-foot\/spa-ritual-paradise-touch\/\" data-no-translation-aria-label=\"\"><span class=\"cat-image-wrapper\"><img decoding=\"async\" src=\"https:\/\/i0.wp.com\/naillycosmetics.com\/wp-content\/uploads\/2026\/02\/spa-ritual-1.webp?fit=200%2C267&#038;ssl=1\" alt=\"SPA Ritual Paradise Touch\" width=\"200\" height=\"\" srcset=\"https:\/\/i0.wp.com\/naillycosmetics.com\/wp-content\/uploads\/2026\/02\/spa-ritual-1.webp?w=750&amp;ssl=1 750w, https:\/\/i0.wp.com\/naillycosmetics.com\/wp-content\/uploads\/2026\/02\/spa-ritual-1.webp?resize=225%2C300&amp;ssl=1 225w, https:\/\/i0.wp.com\/naillycosmetics.com\/wp-content\/uploads\/2026\/02\/spa-ritual-1.webp?resize=9%2C12&amp;ssl=1 9w, https:\/\/i0.wp.com\/naillycosmetics.com\/wp-content\/uploads\/2026\/02\/spa-ritual-1.webp?resize=441%2C588&amp;ssl=1 441w, https:\/\/i0.wp.com\/naillycosmetics.com\/wp-content\/uploads\/2026\/02\/spa-ritual-1.webp?resize=200%2C267&amp;ssl=1 200w, https:\/\/i0.wp.com\/naillycosmetics.com\/wp-content\/uploads\/2026\/02\/spa-ritual-1.webp?resize=150%2C200&amp;ssl=1 150w, https:\/\/i0.wp.com\/naillycosmetics.com\/wp-content\/uploads\/2026\/02\/spa-ritual-1.webp?resize=64%2C85&amp;ssl=1 64w\" sizes=\"(max-width: 200px) 100vw, 200px\" \/><\/span>\t\t<h2 class=\"woocommerce-loop-category__title\">\n\t\t\tSPA Rituel Paradise Touch <mark class=\"count\">(9)<\/mark>\t\t<\/h2>\n\t\t<\/a><\/li>\n<li class=\"product-category product\">\n\t<a aria-label=\"Acc\u00e9der \u00e0 la cat\u00e9gorie de produits Urea Line\" href=\"https:\/\/naillycosmetics.com\/fr\/category\/pharm-foot\/urea-line\/\" data-no-translation-aria-label=\"\"><span class=\"cat-image-wrapper\"><img decoding=\"async\" src=\"https:\/\/i0.wp.com\/naillycosmetics.com\/wp-content\/uploads\/2026\/02\/ure-line.webp?fit=200%2C267&#038;ssl=1\" alt=\"Urea Line\" width=\"200\" height=\"\" srcset=\"https:\/\/i0.wp.com\/naillycosmetics.com\/wp-content\/uploads\/2026\/02\/ure-line.webp?w=750&amp;ssl=1 750w, https:\/\/i0.wp.com\/naillycosmetics.com\/wp-content\/uploads\/2026\/02\/ure-line.webp?resize=225%2C300&amp;ssl=1 225w, https:\/\/i0.wp.com\/naillycosmetics.com\/wp-content\/uploads\/2026\/02\/ure-line.webp?resize=9%2C12&amp;ssl=1 9w, https:\/\/i0.wp.com\/naillycosmetics.com\/wp-content\/uploads\/2026\/02\/ure-line.webp?resize=441%2C588&amp;ssl=1 441w, https:\/\/i0.wp.com\/naillycosmetics.com\/wp-content\/uploads\/2026\/02\/ure-line.webp?resize=200%2C267&amp;ssl=1 200w, https:\/\/i0.wp.com\/naillycosmetics.com\/wp-content\/uploads\/2026\/02\/ure-line.webp?resize=150%2C200&amp;ssl=1 150w, https:\/\/i0.wp.com\/naillycosmetics.com\/wp-content\/uploads\/2026\/02\/ure-line.webp?resize=64%2C85&amp;ssl=1 64w\" sizes=\"(max-width: 200px) 100vw, 200px\" \/><\/span>\t\t<h2 class=\"woocommerce-loop-category__title\">\n\t\t\tLigne Ur\u00e9e <mark class=\"count\">(6)<\/mark>\t\t<\/h2>\n\t\t<\/a><\/li>\n<\/ul>\n<\/div>","protected":false},"excerpt":{"rendered":"<p>Perfectly composed recipes&nbsp;in the care about your feet Pharm Foot dermo-cosmetics for your feet support the podiatry treatments in the field of professional care and reach the source of problems to prevent them in the future. The quality, effectiveness and safety of recipes are an absolute priority for the creators of the brand. The above-average [&hellip;]<\/p>\n","protected":false},"author":1,"featured_media":0,"parent":0,"menu_order":0,"comment_status":"closed","ping_status":"closed","template":"","meta":{"jetpack_post_was_ever_published":false,"footnotes":""},"class_list":["post-11016","page","type-page","status-publish","hentry"],"jetpack-related-posts":[{"id":11034,"url":"https:\/\/naillycosmetics.com\/fr\/pharm-foot\/pharm-foot-sets\/","url_meta":{"origin":11016,"position":0},"title":"Pharm Foot Sets","author":"Serge Sahakian","date":"mars 9, 2023","format":false,"excerpt":"Gift Sets for Professional Care Pharm Foot dermo-cosmetics for professional care, treatment and prevention of healthy and beautiful feet. Sets are packed in elegant boxes. New Pharm Foot Sets Coming Out Soon!","rel":"","context":"Article similaire","block_context":{"text":"Article similaire","link":""},"img":{"alt_text":"","src":"https:\/\/i0.wp.com\/naillycosmetics.com\/wp-content\/uploads\/2023\/03\/RENDY_800x800_PLE_pack.png.webp?resize=350%2C200&ssl=1","width":350,"height":200,"srcset":"https:\/\/i0.wp.com\/naillycosmetics.com\/wp-content\/uploads\/2023\/03\/RENDY_800x800_PLE_pack.png.webp?resize=350%2C200&ssl=1 1x, https:\/\/i0.wp.com\/naillycosmetics.com\/wp-content\/uploads\/2023\/03\/RENDY_800x800_PLE_pack.png.webp?resize=525%2C300&ssl=1 1.5x, https:\/\/i0.wp.com\/naillycosmetics.com\/wp-content\/uploads\/2023\/03\/RENDY_800x800_PLE_pack.png.webp?resize=700%2C400&ssl=1 2x"},"classes":[]},{"id":11025,"url":"https:\/\/naillycosmetics.com\/fr\/pharm-foot\/colostrum-line\/","url_meta":{"origin":11016,"position":1},"title":"Ligne Pharm Foot Colostrum","author":"Serge Sahakian","date":"mars 9, 2023","format":false,"excerpt":"With the innovative Colostrum ingredient Colostrum (bovine colostrum) is a natural, valuable and bioactive raw material found in nature. It has strong regenerative, nourishing and protective properties. Especially recommended for the care of a diabetic foot. COLOSTRUM COLOSTRUM\u00a0(bovine colostrum) is a natural, valuable and bioactive raw material found in nature.\u2026","rel":"","context":"Article similaire","block_context":{"text":"Article similaire","link":""},"img":{"alt_text":"","src":"https:\/\/i0.wp.com\/naillycosmetics.com\/wp-content\/uploads\/2023\/03\/img84.png.webp?resize=350%2C200&ssl=1","width":350,"height":200,"srcset":"https:\/\/i0.wp.com\/naillycosmetics.com\/wp-content\/uploads\/2023\/03\/img84.png.webp?resize=350%2C200&ssl=1 1x, https:\/\/i0.wp.com\/naillycosmetics.com\/wp-content\/uploads\/2023\/03\/img84.png.webp?resize=525%2C300&ssl=1 1.5x"},"classes":[]},{"id":11031,"url":"https:\/\/naillycosmetics.com\/fr\/pharm-foot\/pharm-foot-tools-accessories\/","url_meta":{"origin":11016,"position":2},"title":"Outils et accessoires pour le pied Pharm","author":"Serge Sahakian","date":"mars 9, 2023","format":false,"excerpt":"Essential Tools & Accessories for Pedicure Treatment New Tools & Accessories Coming Out Soon!","rel":"","context":"Article similaire","block_context":{"text":"Article similaire","link":""},"img":{"alt_text":"","src":"https:\/\/i0.wp.com\/naillycosmetics.com\/wp-content\/uploads\/2023\/03\/Accessories.PFwebp.webp?resize=350%2C200&ssl=1","width":350,"height":200,"srcset":"https:\/\/i0.wp.com\/naillycosmetics.com\/wp-content\/uploads\/2023\/03\/Accessories.PFwebp.webp?resize=350%2C200&ssl=1 1x, https:\/\/i0.wp.com\/naillycosmetics.com\/wp-content\/uploads\/2023\/03\/Accessories.PFwebp.webp?resize=525%2C300&ssl=1 1.5x, https:\/\/i0.wp.com\/naillycosmetics.com\/wp-content\/uploads\/2023\/03\/Accessories.PFwebp.webp?resize=700%2C400&ssl=1 2x"},"classes":[]},{"id":11022,"url":"https:\/\/naillycosmetics.com\/fr\/pharm-foot\/microsilver-line\/","url_meta":{"origin":11016,"position":3},"title":"Pharm Foot Microsilver Line","author":"Serge Sahakian","date":"mars 9, 2023","format":false,"excerpt":"Enriched with strong antibacterial properties Microsilver Microsilver (silver ions) strengthens and Protects the skin of the feet, effectively eliminates bacteria and fungi. It is safe in skin therapies due to the particle size that does not penetrate into the deeper layers of the epidermis. MICROSILVER MICROSILVER\u00a0(silver ions) is safe in\u2026","rel":"","context":"Article similaire","block_context":{"text":"Article similaire","link":""},"img":{"alt_text":"","src":"https:\/\/i0.wp.com\/naillycosmetics.com\/wp-content\/uploads\/2023\/03\/img75.png.webp?resize=350%2C200&ssl=1","width":350,"height":200,"srcset":"https:\/\/i0.wp.com\/naillycosmetics.com\/wp-content\/uploads\/2023\/03\/img75.png.webp?resize=350%2C200&ssl=1 1x, https:\/\/i0.wp.com\/naillycosmetics.com\/wp-content\/uploads\/2023\/03\/img75.png.webp?resize=525%2C300&ssl=1 1.5x"},"classes":[]},{"id":11028,"url":"https:\/\/naillycosmetics.com\/fr\/pharm-foot\/all-in-line\/","url_meta":{"origin":11016,"position":4},"title":"Pharm Foot All In Line","author":"Serge Sahakian","date":"mars 9, 2023","format":false,"excerpt":"Combination of the wealth of unique active ingredients ALL IN is a line rich in active ingredients such as: collagen, tea tree oil, clove oil, panthenol, shea butter, pot marigold extract, AHA acids and many others. ALL IN ALL\u00a0IN is a combination of the most effective active ingredients used in\u2026","rel":"","context":"Article similaire","block_context":{"text":"Article similaire","link":""},"img":{"alt_text":"","src":"https:\/\/i0.wp.com\/naillycosmetics.com\/wp-content\/uploads\/2023\/03\/linia_all_in.png.webp?resize=350%2C200&ssl=1","width":350,"height":200,"srcset":"https:\/\/i0.wp.com\/naillycosmetics.com\/wp-content\/uploads\/2023\/03\/linia_all_in.png.webp?resize=350%2C200&ssl=1 1x, https:\/\/i0.wp.com\/naillycosmetics.com\/wp-content\/uploads\/2023\/03\/linia_all_in.png.webp?resize=525%2C300&ssl=1 1.5x"},"classes":[]}],"jetpack_sharing_enabled":true,"_links":{"self":[{"href":"https:\/\/naillycosmetics.com\/fr\/wp-json\/wp\/v2\/pages\/11016","targetHints":{"allow":["GET"]}}],"collection":[{"href":"https:\/\/naillycosmetics.com\/fr\/wp-json\/wp\/v2\/pages"}],"about":[{"href":"https:\/\/naillycosmetics.com\/fr\/wp-json\/wp\/v2\/types\/page"}],"author":[{"embeddable":true,"href":"https:\/\/naillycosmetics.com\/fr\/wp-json\/wp\/v2\/users\/1"}],"replies":[{"embeddable":true,"href":"https:\/\/naillycosmetics.com\/fr\/wp-json\/wp\/v2\/comments?post=11016"}],"version-history":[{"count":0,"href":"https:\/\/naillycosmetics.com\/fr\/wp-json\/wp\/v2\/pages\/11016\/revisions"}],"wp:attachment":[{"href":"https:\/\/naillycosmetics.com\/fr\/wp-json\/wp\/v2\/media?parent=11016"}],"curies":[{"name":"wp","href":"https:\/\/api.w.org\/{rel}","templated":true}]}}